{"id":209,"date":"2013-02-08T10:54:32","date_gmt":"2013-02-08T09:54:32","guid":{"rendered":"http:\/\/tuzoltoklinika.semmelweis.hu\/?page_id=209"},"modified":"2026-02-24T16:10:09","modified_gmt":"2026-02-24T15:10:09","slug":"haematologia","status":"publish","type":"page","link":"https:\/\/semmelweis.hu\/tuzoltoklinika\/betegellatas\/ambulanciak-es-fekvobeteg-osztalyaink\/haematologia\/","title":{"rendered":"Haemato-Onkol\u00f3gia"},"content":{"rendered":"<h1>HAEMATO-ONKOL\u00d3GIA<\/h1>\n<p><strong>Oszt\u00e1lyvezet\u0151 f\u0151orvos: <\/strong>Dr. Kov\u00e1cs G\u00e1bor, tansz\u00e9kvezet\u0151, egyetemi tan\u00e1r, az MTA doktora<\/p>\n<div class=\"keretes w-100\">\n<p><span style=\"color: #ff0000\"><strong>Bejelentkez\u00e9s:<\/strong><\/span> <a href=\"mailto:hematologia.ambulancia@gyerekklinika.com\">hematologia.ambulancia@gyerekklinika.com<\/a><br \/>\n<strong>V\u00e9rv\u00e9tel ideje:<\/strong> h\u00e9tf\u0151t\u0151l-p\u00e9ntekig 08:30-12:00 \u00f3r\u00e1ig<\/p>\n<\/div>\n<table style=\"border-collapse: collapse;width: 93.5367%;height: 165px\">\n<tbody>\n<tr style=\"height: 33px\">\n<td style=\"width: 17.5197%;height: 33px\">H\u00c9TF\u0150<\/td>\n<td style=\"width: 15.5111%;text-align: center;height: 165px\" rowspan=\"5\">10:00-13:00<\/td>\n<td style=\"width: 65.7552%;height: 33px\">Dr. Kov\u00e1cs G\u00e1bor, Dr. Garami Mikl\u00f3s,\u00a0<\/td>\n<\/tr>\n<tr style=\"height: 33px\">\n<td style=\"width: 17.5197%;height: 33px\">KEDD<\/td>\n<td style=\"width: 65.7552%;height: 33px\">Dr. Cs\u00f3ka Monika, Dr. Garami Mikl\u00f3s, Dr. Erd\u00e9lyi D\u00e1niel<\/td>\n<\/tr>\n<tr style=\"height: 33px\">\n<td style=\"width: 17.5197%;height: 33px\">SZERDA<\/td>\n<td style=\"width: 65.7552%;height: 33px\">Dr. Cs\u00f3ka Monika, Dr. M\u00fcller Judit,\u00a0 Dr. Br\u00fcckner Edit<\/td>\n<\/tr>\n<tr style=\"height: 33px\">\n<td style=\"width: 17.5197%;height: 33px\">CS\u00dcT\u00d6RT\u00d6K<\/td>\n<td style=\"width: 65.7552%;height: 33px\">Dr. B\u00e9k\u00e9si Andrea, Dr. Br\u00fcckner Edit<\/td>\n<\/tr>\n<tr style=\"height: 33px\">\n<td style=\"width: 17.5197%;height: 33px\">P\u00c9NTEK<\/td>\n<td style=\"width: 65.7552%;height: 33px\">Dr. Cs\u00f3ka Monika, Dr. Br\u00fcckner Edit, Dr. Garami Mikl\u00f3s,<\/td>\n<\/tr>\n<\/tbody>\n<\/table>\n<p>&nbsp;<\/p>\n<p><span style=\"font-weight: 400\"><strong>Oszt\u00e1lyvezet\u0151 helyettesek:<\/strong> Dr. M\u00fcller Judit egyetemi docens, PhD, Dr. Erd\u00e9lyi D\u00e1niel egyetemi docens, PhD,<\/span><br \/>\n<span style=\"font-weight: 400\"><strong>Oszt\u00e1lyvezet\u0151 f\u0151n\u0151v\u00e9r:<\/strong> Major Rita<\/span><br \/>\n<span style=\"font-weight: 400\"><strong>A munkacsoport tagjai:<\/strong> Bag\u00f3 Gy\u00f6rgy klinikai szakpszichol\u00f3gus, <span data-olk-copy-source=\"MessageBody\">Zajovics Gy\u00f6ngyi<\/span> gy\u00f3gytorn\u00e1sz, Mina Katalin j\u00e1tsz\u00f3h\u00e1zi foglalkoztat\u00f3, Kiss Ildik\u00f3 szoci\u00e1lis munk\u00e1s<\/span><\/p>\n<p><span style=\"font-weight: 400\">Klinik\u00e1nk Hemato-onkol\u00f3giai oszt\u00e1lya a 2019-ben v\u00e9gzett fel\u00faj\u00edt\u00e1snak k\u00f6sz\u00f6nhet\u0151en, az orsz\u00e1g legmagasabb szint\u0171 ell\u00e1t\u00f3helyek\u00e9nt, steril k\u00f6r\u00fclm\u00e9nyek k\u00f6z\u00f6tt, bakt\u00e9riumok \u00e9s v\u00edrusok ellen is v\u00e9delmet ny\u00fajt\u00f3 speci\u00e1lis l\u00e9gtechnikai- \u00e9s nyom\u00e1sszab\u00e1lyoz\u00f3 rendszerrel kib\u0151v\u00edtetten, 51 \u00e1gyon fogadja a leuk\u00e9mi\u00e1ban, limf\u00f3m\u00e1ban \u00e9s egy\u00e9b daganatos betegs\u00e9gekben szenved\u0151 beteg gyermekeket.<\/span><\/p>\n<p><span style=\"font-weight: 400\">Orvosaink \u00e9s eg\u00e9szs\u00e9g\u00fcgyi szakdolgoz\u00f3ink havonta k\u00f6zel 80 esetet, \u00e9ves szinten 120 \u00faj gyermeket l\u00e1tnak el. <\/span><span style=\"font-weight: 400\">Az oszt\u00e1lyon els\u0151sorban leuk\u00e9mi\u00e1s \u00e9s lymphom\u00e1s betegeket kezelnek. Ezenk\u00edv\u00fcl valamennyi \u00e1ltal\u00e1nos haematol\u00f3giai betegs\u00e9g kezel\u00e9s\u00e9hez megvannak a felt\u00e9telek, \u00edgy ell\u00e1tunk anemi\u00e1s, thrombocytopeni\u00e1s, v\u00e9rz\u00e9keny, illetve feh\u00e9rv\u00e9rsejt rendelleness\u00e9gekben szenved\u0151 betegeket is. Az oszt\u00e1ly teljesen fel\u00faj\u00edtott korszer\u0171 felszerel\u00e9s\u00e9vel, intenz\u00edv oszt\u00e1lyos ell\u00e1t\u00e1st is k\u00e9pes ny\u00fajtani. A s\u00falyos betegek r\u00e9sz\u00e9re 5 db steril szoba, illetve m\u00e9g 8 \u00e1gyon k\u00fcl\u00f6n f\u00fcrd\u0151szob\u00e1s egys\u00e9g \u00e1ll rendelkez\u00e9sre.<\/span><\/p>\n<p><span style=\"font-weight: 400\">A k\u00f6zelm\u00faltban Alap\u00edtv\u00e1nyi \u00e9s egyetemi forr\u00e1sb\u00f3l megval\u00f3sul\u00f3 oszt\u00e1lyos fel\u00faj\u00edt\u00e1snak k\u00f6sz\u00f6nhet\u0151en, a betegbiztons\u00e1g is t\u00f6bb fronton meger\u0151s\u00f6d\u00f6tt. \u00cdgy ker\u00fclt be\u00e9p\u00edt\u00e9sre\/kialak\u00edt\u00e1sra:\u00a0<\/span><\/p>\n<ul style=\"text-align: justify\">\n<li style=\"font-weight: 400\"><span style=\"font-weight: 400\">speci\u00e1lis l\u00e9gtechnikai rendszer: SCHAKO ICM-RP mikroprocesszor vez\u00e9rl\u00e9s\u0171 helyis\u00e9g nyom\u00e1s szab\u00e1lyoz\u00f3val, mely teljes m\u00e9rt\u00e9kben megfelel az elk\u00fcl\u00f6n\u00edt\u0151k, leuk\u00e9miai kezel\u0151kre vonatkoz\u00f3 speci\u00e1lis szabv\u00e1nyoknak (MSZ-03-190-87), a rendszer olyan m\u0171szaki param\u00e9tereket foglal mag\u00e1ban, mint pl. a nyom\u00e1sszint, t\u00falnyom\u00e1s, fert\u0151z\u0151 beteg eset\u00e9n \u00e1t\u00e1ll\u00edthat\u00f3 depresszi\u00f3ra),<\/span><\/li>\n<li style=\"font-weight: 400\"><span style=\"font-weight: 400\">3 db + 2 db tiszta t\u00e9ri elk\u00fcl\u00f6n\u00edt\u0151 szoba (r\u00e9smentes padozattal, sav- \u00e9s l\u00fag\u00e1ll\u00f3-, antibakteri\u00e1lis tap\u00e9t\u00e1val, \u00faj z\u00e1rhat\u00f3 ny\u00edl\u00e1sz\u00e1r\u00f3kkal hozz\u00e1tartoz\u00f3 automata red\u0151nnyel),<\/span><\/li>\n<li style=\"font-weight: 400\"><span style=\"font-weight: 400\">elk\u00fcl\u00f6n\u00edt\u0151 szob\u00e1kban betegfigyel\u0151 monitorrendszer szerelt\u00fcnk fel,<\/span><\/li>\n<li style=\"font-weight: 400\"><span style=\"font-weight: 400\">zsiliprendszer\u0171 bel\u00e9ptet\u0151 kapus rendszer ker\u00fclt \u00fczembe helyez\u00e9sre,<\/span><\/li>\n<li style=\"font-weight: 400\"><span style=\"font-weight: 400\">a fel\u00faj\u00edt\u00e1s sor\u00e1n a kis betegeket k\u00f6r\u00fclvev\u0151 k\u00f6rnyezetet is gyermekbar\u00e1tt\u00e1 alak\u00edtott, a falakat antibakteri\u00e1lis tap\u00e9t\u00e1kkal \u00e9s gyermekmint\u00e1s \u00e1gys\u00e1vokkal l\u00e1ttuk el<\/span><\/li>\n<\/ul>\n<p><span style=\"font-weight: 400\">Az oszt\u00e1lyon rendelkez\u00e9sre \u00e1ll:\u00a0 hordozhat\u00f3 r\u00f6ntgenk\u00e9sz\u00fcl\u00e9k, mobilis ultrahang, EKG, EEG \u00e9s az intenz\u00edv megfigyel\u00e9shez sz\u00fcks\u00e9ges kell\u00e9kek, m\u0171szerek. Az eg\u00e9sz oszt\u00e1ly klimatiz\u00e1lt, \u00e9s korszer\u0171 n\u0151v\u00e9rh\u00edv\u00f3-rendszerrel valamint beteg\u00e1gy melletti telefonokkal felszerelt. A kellemes k\u00f6rnyezetet a falakra festett sz\u00ednes gyermekrajzok biztos\u00edtj\u00e1k. Jelenleg \u00e9vi kb. 150 daganatos beteget kezel\u00fcnk (ebb\u0151l kb. 40 az \u00faj beteg), az \u00f6sszes betegfelv\u00e9teli esetsz\u00e1m \u00e9vi 800-900. Az oszt\u00e1lyon lehet\u0151s\u00e9g van a klinika ter\u00fclet\u00e9n tal\u00e1lhat\u00f3 \u201ebaba (gyerek)-mama szob\u00e1k\u201d ig\u00e9nybev\u00e9tel\u00e9re, valamint tudunk seg\u00edteni abban, hogy a sz\u00fcl\u0151k (\u00e9s esetenk\u00e9nt a csal\u00e1dtagok) elhelyez\u00e9st nyerhessenek a klinik\u00e1val szomsz\u00e9dos h\u00e1zakban l\u00e9v\u0151 \u00f6sszkomfortos mama-lak\u00e1sokban.<\/span><\/p>\n<p><strong>Rehabilit\u00e1ci\u00f3s tev\u00e9kenys\u00e9g<\/strong><br \/>\n<span style=\"font-weight: 400\">A daganatos gyermekek kezel\u00e9se k\u00f6zel egy \u00e9vet vesz ig\u00e9nybe, amely id\u0151szak alatt, alkalmank\u00e9nt heteken kereszt\u00fcl folyamatos k\u00f3rh\u00e1zi ell\u00e1t\u00e1s sz\u00fcks\u00e9ges. Betegeinket a fel\u00e9p\u00fcl\u00e9s\u00fckben, komplex rehabilit\u00e1ci\u00f3jukban \u00e9s a t\u00e1rsadalomba t\u00f6rt\u00e9n\u0151 min\u00e9l t\u00f6k\u00e9letesebb visszailleszked\u00e9s\u00fck megval\u00f3sul\u00e1s\u00e1ban pszichol\u00f3gusok \u00e9s gy\u00f3gytorn\u00e1szok seg\u00edtik. A gyermekek sz\u00e1m\u00e1ra ezen t\u00falmen\u0151en is sz\u00e1mtalan programot szervez\u00fcnk, illetve k\u00fcl\u00f6nb\u00f6z\u0151 t\u00e1borokban biztos\u00edtunk kikapcsol\u00f3d\u00e1si lehet\u0151s\u00e9get. Alap\u00edtv\u00e1nyi seg\u00edts\u00e9ggel egy\u00e9b k\u00fclf\u00f6ldi \u00e9s belf\u00f6ldi programok sz\u00ednes\u00edtik betegeink \u00e9let\u00e9t. Audio-vizu\u00e1lis \u00e9s egy\u00e9b technikai felszerel\u00e9sek, sz\u00e1m\u00edt\u00f3g\u00e9pek, internet is rendelkez\u00e9sre \u00e1llnak. A klinika ter\u00fclet\u00e9n \u201eJ\u00e1tsz\u00f3h\u00e1z\u201d \u00e1ll a gyermekek rendelkez\u00e9s\u00e9re, ahol diplom\u00e1s foglalkoztat\u00f3nk, Mina Katalin seg\u00edts\u00e9g\u00e9vel a k\u00f3rh\u00e1zban elt\u00f6lt\u00f6tt id\u0151 alatt is zajlik a betegek akt\u00edv foglalkoztat\u00e1sa. <\/span><\/p>\n\r\n        [slb_exclude]\r\n        <div class=\"row galeria-wrapper mx-0 h-auto\">\r\n            <div class=\"col-9 pl-0 pr-2\">\r\n            <span class=\"gallery-item frame\">\r\n\t\t\t\t<div class=\"galeria-left-img\"><a href=\"https:\/\/semmelweis.hu\/tuzoltoklinika\/files\/2020\/09\/Hema-1.jpg\"><img src=https:\/\/semmelweis.hu\/tuzoltoklinika\/files\/2020\/09\/Hema-1.jpg  \r\n                            alt=\"\" \r\n                            class=\"attachment-sote-gallery-big size-sote-gallery-big\" \r\n                            srcset=\"https:\/\/semmelweis.hu\/tuzoltoklinika\/files\/2020\/09\/Hema-1-267x400.jpg 267w, https:\/\/semmelweis.hu\/tuzoltoklinika\/files\/2020\/09\/Hema-1.jpg 400w\" ><\/a><\/div>\r\n            <\/span>\r\n\r\n            <\/div>\r\n\r\n\t\t\t<div class=\"col-3 pl-0 pr-0\">\r\n\t\t\t\t<div class=\"galeria-right-img d-flex justify-content-between flex-column h-100 w-100 px-0 mx-0 \">\r\n                <div class=\"galeria-box\">\r\n\t\t\t\t\t<h3 class=\"galeria-title\">Gal\u00e9ria<\/h3>\r\n\t\t\t\t\t<div class=\"galeria-subtitle\">\r\n\r\n\t\t\t\t\t\t<div class=\"galeria-page-counter\"><span>5<\/span>k\u00e9p<\/div>\r\n                    <\/div> <\/div>\r\n                    <span class=\"gallery-item frame d-none d-md-flex\">\r\n\t\t\t\t\t<div class=\"galeria-small-img mt-0\"><a href=\"https:\/\/semmelweis.hu\/tuzoltoklinika\/files\/2020\/09\/Hema-2.jpg\"><img src=https:\/\/semmelweis.hu\/tuzoltoklinika\/files\/2020\/09\/Hema-2.jpg \r\n                                alt=\"\"  \r\n                                class=\"attachment-sote-gallery-small size-sote-gallery-small\" \r\n                                srcset=\"https:\/\/semmelweis.hu\/tuzoltoklinika\/files\/2020\/09\/Hema-2-400x267.jpg 400w, https:\/\/semmelweis.hu\/tuzoltoklinika\/files\/2020\/09\/Hema-2-768x512.jpg 768w, https:\/\/semmelweis.hu\/tuzoltoklinika\/files\/2020\/09\/Hema-2-753x502.jpg 753w, https:\/\/semmelweis.hu\/tuzoltoklinika\/files\/2020\/09\/Hema-2-203x135.jpg 203w, https:\/\/semmelweis.hu\/tuzoltoklinika\/files\/2020\/09\/Hema-2.jpg 1024w\" ><\/a><\/div>\r\n                    <\/span>\r\n                    <span class=\"gallery-item frame d-none d-md-flex\">\r\n\t\t\t\t\t<div class=\"galeria-small-img mt-0\"><a href=\"https:\/\/semmelweis.hu\/tuzoltoklinika\/files\/2020\/09\/Hema-3.jpg\"><img src=https:\/\/semmelweis.hu\/tuzoltoklinika\/files\/2020\/09\/Hema-3.jpg \r\n                                alt=\"\" \r\n                                class=\"attachment-sote-gallery-small size-sote-gallery-small\" \r\n                                srcset=\"https:\/\/semmelweis.hu\/tuzoltoklinika\/files\/2020\/09\/Hema-3-267x400.jpg 267w, https:\/\/semmelweis.hu\/tuzoltoklinika\/files\/2020\/09\/Hema-3.jpg 467w\" ><\/a><\/div>\r\n                    <\/span>\r\n\r\n                <\/div>\r\n\r\n            <\/div>\r\n\r\n            <span class=\"gallery-item\"><div class=\"hidden\"><a href=\"https:\/\/semmelweis.hu\/tuzoltoklinika\/files\/2020\/09\/Hema-4.jpg\">\r\n        <img src=https:\/\/semmelweis.hu\/tuzoltoklinika\/files\/2020\/09\/Hema-4.jpg alt=\"\" class=\"attachment-sote-gallery-big size-sote-gallery-big\" srcset=\"https:\/\/semmelweis.hu\/tuzoltoklinika\/files\/2020\/09\/Hema-4-400x267.jpg 400w, https:\/\/semmelweis.hu\/tuzoltoklinika\/files\/2020\/09\/Hema-4-1024x682.jpg 1024w, https:\/\/semmelweis.hu\/tuzoltoklinika\/files\/2020\/09\/Hema-4-768x512.jpg 768w, https:\/\/semmelweis.hu\/tuzoltoklinika\/files\/2020\/09\/Hema-4-753x502.jpg 753w, https:\/\/semmelweis.hu\/tuzoltoklinika\/files\/2020\/09\/Hema-4-203x135.jpg 203w, https:\/\/semmelweis.hu\/tuzoltoklinika\/files\/2020\/09\/Hema-4.jpg 1280w\" >\r\n        <\/a><\/div><\/span><span class=\"gallery-item\"><div class=\"hidden\"><a href=\"https:\/\/semmelweis.hu\/tuzoltoklinika\/files\/2020\/09\/Hema-5.jpg\">\r\n        <img src=https:\/\/semmelweis.hu\/tuzoltoklinika\/files\/2020\/09\/Hema-5.jpg alt=\"\" class=\"attachment-sote-gallery-big size-sote-gallery-big\" srcset=\"https:\/\/semmelweis.hu\/tuzoltoklinika\/files\/2020\/09\/Hema-5-400x267.jpg 400w, https:\/\/semmelweis.hu\/tuzoltoklinika\/files\/2020\/09\/Hema-5-1024x682.jpg 1024w, https:\/\/semmelweis.hu\/tuzoltoklinika\/files\/2020\/09\/Hema-5-768x512.jpg 768w, https:\/\/semmelweis.hu\/tuzoltoklinika\/files\/2020\/09\/Hema-5-753x502.jpg 753w, https:\/\/semmelweis.hu\/tuzoltoklinika\/files\/2020\/09\/Hema-5-203x135.jpg 203w, https:\/\/semmelweis.hu\/tuzoltoklinika\/files\/2020\/09\/Hema-5.jpg 1280w\" >\r\n        <\/a><\/div><\/span>\r\n            <\/div>\r\n\r\n            [\/slb_exclude]\r\n\t\n","protected":false},"excerpt":{"rendered":"<p>HAEMATO-ONKOL\u00d3GIA Oszt\u00e1lyvezet\u0151 f\u0151orvos: Dr. Kov\u00e1cs G\u00e1bor, tansz\u00e9kvezet\u0151, egyetemi tan\u00e1r, az MTA doktora Bejelentkez\u00e9s: <a href=\"mailto:hematologia.ambulancia@gyerekklinika.com\">hematologia.ambulancia@gyerekklinika.com<\/a> V\u00e9rv\u00e9tel ideje: h\u00e9tf\u0151t\u0151l-p\u00e9ntekig 08:30-12:00 \u00f3r\u00e1ig H\u00c9TF\u0150 10:00-13:00 Dr. Kov\u00e1cs G\u00e1bor, Dr. Garami Mikl\u00f3s,\u00a0 KEDD Dr. Cs\u00f3ka Monika, Dr. Garami Mikl\u00f3s, Dr. Erd\u00e9lyi D\u00e1niel SZERDA Dr. Cs\u00f3ka Monika, Dr. M\u00fcller Judit,\u00a0 Dr. Br\u00fcckner Edit CS\u00dcT\u00d6RT\u00d6K Dr. B\u00e9k\u00e9si Andrea, Dr. Br\u00fcckner Edit P\u00c9NTEK Dr. &hellip;<\/p>\n","protected":false},"author":158,"featured_media":0,"parent":3986,"menu_order":0,"comment_status":"closed","ping_status":"closed","template":"","meta":{"_acf_changed":false,"footnotes":""},"categories":[],"tags":[],"class_list":["post-209","page","type-page","status-publish","hentry"],"acf":[],"_links":{"self":[{"href":"https:\/\/semmelweis.hu\/tuzoltoklinika\/wp-json\/wp\/v2\/pages\/209","targetHints":{"allow":["GET"]}}],"collection":[{"href":"https:\/\/semmelweis.hu\/tuzoltoklinika\/wp-json\/wp\/v2\/pages"}],"about":[{"href":"https:\/\/semmelweis.hu\/tuzoltoklinika\/wp-json\/wp\/v2\/types\/page"}],"author":[{"embeddable":true,"href":"https:\/\/semmelweis.hu\/tuzoltoklinika\/wp-json\/wp\/v2\/users\/158"}],"replies":[{"embeddable":true,"href":"https:\/\/semmelweis.hu\/tuzoltoklinika\/wp-json\/wp\/v2\/comments?post=209"}],"version-history":[{"count":10,"href":"https:\/\/semmelweis.hu\/tuzoltoklinika\/wp-json\/wp\/v2\/pages\/209\/revisions"}],"predecessor-version":[{"id":12060,"href":"https:\/\/semmelweis.hu\/tuzoltoklinika\/wp-json\/wp\/v2\/pages\/209\/revisions\/12060"}],"up":[{"embeddable":true,"href":"https:\/\/semmelweis.hu\/tuzoltoklinika\/wp-json\/wp\/v2\/pages\/3986"}],"wp:attachment":[{"href":"https:\/\/semmelweis.hu\/tuzoltoklinika\/wp-json\/wp\/v2\/media?parent=209"}],"wp:term":[{"taxonomy":"category","embeddable":true,"href":"https:\/\/semmelweis.hu\/tuzoltoklinika\/wp-json\/wp\/v2\/categories?post=209"},{"taxonomy":"post_tag","embeddable":true,"href":"https:\/\/semmelweis.hu\/tuzoltoklinika\/wp-json\/wp\/v2\/tags?post=209"}],"curies":[{"name":"wp","href":"https:\/\/api.w.org\/{rel}","templated":true}]}}