{"id":11362,"date":"2025-09-05T10:13:41","date_gmt":"2025-09-05T08:13:41","guid":{"rendered":"https:\/\/semmelweis.hu\/tuzoltoklinika\/?page_id=11362"},"modified":"2026-01-12T10:48:41","modified_gmt":"2026-01-12T09:48:41","slug":"klinikai-munka","status":"publish","type":"page","link":"https:\/\/semmelweis.hu\/tuzoltoklinika\/oktatas\/klinikai-munka\/","title":{"rendered":"Klinikai munka"},"content":{"rendered":"<p><span data-olk-copy-source=\"MessageBody\">Kedves Hallgat\u00f3k!<\/span><\/p>\n<p><span data-olk-copy-source=\"MessageBody\">Klinikai munk\u00e1ra III. \u00e9vt\u0151l tudunk fogadni hallgat\u00f3kat. A gyakorlat megkezd\u00e9s\u00e9hez \u00e9rv\u00e9nyes eg\u00e9szs\u00e9g\u00fcgyi alkalmass\u00e1gi kisk\u00f6nyv \u00e9s sz\u00e9klet bakteriol\u00f3giai vizsg\u00e1lat sz\u00fcks\u00e9ges. A kurzust felvett hallgat\u00f3knak a f\u00e9l\u00e9v elej\u00e9n eligaz\u00edt\u00e1st tartunk, melynek id\u0151pontj\u00e1r\u00f3l Neptun \u00fczenetet k\u00fcld\u00fcnk, illetve a Neptunban a t\u00e1rgy le\u00edr\u00e1sban is szerepelni fog.<\/span><\/p>\n<p><span data-olk-copy-source=\"MessageBody\">F\u00e9l\u00e9venk\u00e9nt 1 kreditpont szerezhet\u0151 heti rendszeress\u00e9ggel elv\u00e9gzett, eredm\u00e9nyes klinikai munk\u00e1val (min. 80 \u00f3ra\/f\u00e9l\u00e9v).<\/span><\/p>\n<p><span data-olk-copy-source=\"MessageBody\">Az \u00e9rdemjegy \u00e9s al\u00e1\u00edr\u00e1s Neptunba t\u00f6rt\u00e9n\u0151 be\u00edr\u00e1s\u00e1hoz a kit\u00f6lt\u00f6tt, tutor \u00e1ltal al\u00e1\u00edrt leckek\u00f6nyvet legk\u00e9s\u0151bb a f\u00e9l\u00e9v v\u00e9g\u00e9ig le kell adni a klinika oktat\u00e1si titk\u00e1rs\u00e1g\u00e1n.<\/span><\/p>\n<p><span data-olk-copy-source=\"MessageBody\">T\u00e1rgyfelel\u0151s: Dr. P\u00e1sztor Borb\u00e1la (<a href=\"mailto:pasztor.borbala@gyerekklinika.com\">pasztor.borbala@gyerekklinika.com<\/a>)<\/span><\/p>\n","protected":false},"excerpt":{"rendered":"<p>Kedves Hallgat\u00f3k! Klinikai munk\u00e1ra III. \u00e9vt\u0151l tudunk fogadni hallgat\u00f3kat. A gyakorlat megkezd\u00e9s\u00e9hez \u00e9rv\u00e9nyes eg\u00e9szs\u00e9g\u00fcgyi alkalmass\u00e1gi kisk\u00f6nyv \u00e9s sz\u00e9klet bakteriol\u00f3giai vizsg\u00e1lat sz\u00fcks\u00e9ges. A kurzust felvett hallgat\u00f3knak a f\u00e9l\u00e9v elej\u00e9n eligaz\u00edt\u00e1st tartunk, melynek id\u0151pontj\u00e1r\u00f3l Neptun \u00fczenetet k\u00fcld\u00fcnk, illetve a Neptunban a t\u00e1rgy le\u00edr\u00e1sban is szerepelni fog. F\u00e9l\u00e9venk\u00e9nt 1 kreditpont szerezhet\u0151 heti rendszeress\u00e9ggel elv\u00e9gzett, eredm\u00e9nyes klinikai munk\u00e1val (min. &hellip;<\/p>\n","protected":false},"author":102391,"featured_media":0,"parent":2298,"menu_order":5,"comment_status":"closed","ping_status":"closed","template":"","meta":{"_acf_changed":false,"footnotes":""},"categories":[],"tags":[],"class_list":["post-11362","page","type-page","status-publish","hentry"],"acf":[],"_links":{"self":[{"href":"https:\/\/semmelweis.hu\/tuzoltoklinika\/wp-json\/wp\/v2\/pages\/11362","targetHints":{"allow":["GET"]}}],"collection":[{"href":"https:\/\/semmelweis.hu\/tuzoltoklinika\/wp-json\/wp\/v2\/pages"}],"about":[{"href":"https:\/\/semmelweis.hu\/tuzoltoklinika\/wp-json\/wp\/v2\/types\/page"}],"author":[{"embeddable":true,"href":"https:\/\/semmelweis.hu\/tuzoltoklinika\/wp-json\/wp\/v2\/users\/102391"}],"replies":[{"embeddable":true,"href":"https:\/\/semmelweis.hu\/tuzoltoklinika\/wp-json\/wp\/v2\/comments?post=11362"}],"version-history":[{"count":4,"href":"https:\/\/semmelweis.hu\/tuzoltoklinika\/wp-json\/wp\/v2\/pages\/11362\/revisions"}],"predecessor-version":[{"id":11371,"href":"https:\/\/semmelweis.hu\/tuzoltoklinika\/wp-json\/wp\/v2\/pages\/11362\/revisions\/11371"}],"up":[{"embeddable":true,"href":"https:\/\/semmelweis.hu\/tuzoltoklinika\/wp-json\/wp\/v2\/pages\/2298"}],"wp:attachment":[{"href":"https:\/\/semmelweis.hu\/tuzoltoklinika\/wp-json\/wp\/v2\/media?parent=11362"}],"wp:term":[{"taxonomy":"category","embeddable":true,"href":"https:\/\/semmelweis.hu\/tuzoltoklinika\/wp-json\/wp\/v2\/categories?post=11362"},{"taxonomy":"post_tag","embeddable":true,"href":"https:\/\/semmelweis.hu\/tuzoltoklinika\/wp-json\/wp\/v2\/tags?post=11362"}],"curies":[{"name":"wp","href":"https:\/\/api.w.org\/{rel}","templated":true}]}}