{"id":11210,"date":"2025-05-21T13:37:20","date_gmt":"2025-05-21T11:37:20","guid":{"rendered":"https:\/\/semmelweis.hu\/tuzoltoklinika\/?page_id=11210"},"modified":"2025-05-21T13:37:20","modified_gmt":"2025-05-21T11:37:20","slug":"gyermekdietetikai-tanacsadas","status":"publish","type":"page","link":"https:\/\/semmelweis.hu\/tuzoltoklinika\/betegellatas\/diagnosztikai-reszlegek\/gyermekdietetikai-tanacsadas\/","title":{"rendered":"Gyermekdietetikai tan\u00e1csad\u00e1s"},"content":{"rendered":"<p><b>Gyermekdietetikus seg\u00edts\u00e9ge minden olyan esetben javasolt, amikor a gyermek t\u00e1pl\u00e1lkoz\u00e1s\u00e1val kapcsolatban tart\u00f3san fenn\u00e1ll\u00f3 neh\u00e9zs\u00e9g, visszat\u00e9r\u0151 k\u00e9rd\u00e9s vagy valamilyen eg\u00e9szs\u00e9g\u00fcgyi probl\u00e9ma mer\u00fcl fel. Ilyenkor a szakember t\u00e1mogat\u00e1sa seg\u00edthet a helyes ir\u00e1ny megtal\u00e1l\u00e1s\u00e1ban, legyen sz\u00f3 ak\u00e1r a mindennapi \u00e9tkez\u00e9si szok\u00e1sok alak\u00edt\u00e1s\u00e1r\u00f3l, ak\u00e1r betegs\u00e9ghez kapcsol\u00f3d\u00f3 speci\u00e1lis \u00e9trendr\u0151l.<\/b><\/p>\n<figure id=\"attachment_11216\" aria-describedby=\"caption-attachment-11216\" style=\"width: 319px\" class=\"wp-caption alignright\"><img loading=\"lazy\" decoding=\"async\" class=\"wp-image-11216 size-medium\" src=\"https:\/\/semmelweis.hu\/tuzoltoklinika\/files\/2025\/05\/Czuppon-Krisztina-Viola-319x400.jpeg\" alt=\"\" width=\"319\" height=\"400\" srcset=\"https:\/\/semmelweis.hu\/tuzoltoklinika\/files\/2025\/05\/Czuppon-Krisztina-Viola-319x400.jpeg 319w, https:\/\/semmelweis.hu\/tuzoltoklinika\/files\/2025\/05\/Czuppon-Krisztina-Viola.jpeg 637w\" sizes=\"auto, (max-width: 319px) 100vw, 319px\" \/><figcaption id=\"caption-attachment-11216\" class=\"wp-caption-text\"><em>Czuppon Krisztina &#8211; vezet\u0151 dietetikus<\/em><\/figcaption><\/figure>\n<p><b>Speci\u00e1lis \u00e9trendet ig\u00e9nyl\u0151 \u00e1llapotok<\/b><\/p>\n<p><span style=\"font-weight: 400\">Bizonyos \u00e1llapotok k\u00fcl\u00f6nleges odafigyel\u00e9st ig\u00e9nyelnek a gyermek \u00e9trendj\u00e9ben. Ilyenek p\u00e9ld\u00e1ul az \u00e9telallergi\u00e1k, a lakt\u00f3zintolerancia, a c\u00f6li\u00e1kia (liszt\u00e9rz\u00e9kenys\u00e9g), valamint a cukorbetegs\u00e9g. Ezekben az esetekben a dietetikus feladata, hogy biztons\u00e1gos, ugyanakkor t\u00e1panyagban gazdag \u00e9s kiegyens\u00falyozott \u00e9trendet alak\u00edtson ki, amely figyelembe veszi a gyermek egy\u00e9ni sz\u00fcks\u00e9gleteit \u00e9s korl\u00e1tait is.<\/span><\/p>\n<p><b>\u00c9letm\u00f3dbeli c\u00e9lok el\u00e9r\u00e9se dietetikai t\u00e1mogat\u00e1ssal<\/b><\/p>\n<p><span style=\"font-weight: 400\">Nemcsak betegs\u00e9g eset\u00e9n lehet indokolt dietetikust felkeresni. Olyan \u00e9letm\u00f3dbeli c\u00e9lok eset\u00e9n is hasznos lehet a tan\u00e1csad\u00e1s, mint p\u00e9ld\u00e1ul az eg\u00e9szs\u00e9ges csal\u00e1di \u00e9trend kialak\u00edt\u00e1sa, vagy ha a gyermek sportol, \u00e9s ehhez igaz\u00edtott, megfelel\u0151 t\u00e1pl\u00e1lkoz\u00e1sra van sz\u00fcks\u00e9ge. A szakember ilyenkor is szem\u00e9lyre szabott javaslatokkal seg\u00edti a sz\u00fcl\u0151ket \u00e9s a gyermeket.<\/span><\/p>\n<p><b>A korai beavatkoz\u00e1s szerepe<\/b><\/p>\n<p><span style=\"font-weight: 400\">Fontos tudni, hogy a t\u00e1pl\u00e1lkoz\u00e1si probl\u00e9m\u00e1k id\u0151ben t\u00f6rt\u00e9n\u0151 felismer\u00e9se \u00e9s kezel\u00e9se sok esetben megel\u0151zheti a k\u00e9s\u0151bbi, s\u00falyosabb k\u00f6vetkezm\u00e9nyeket. A dietetikai beavatkoz\u00e1s r\u00e9v\u00e9n hat\u00e9konyan t\u00e1mogathat\u00f3 a gyermek fejl\u0151d\u00e9se, testi-lelki j\u00f3l\u00e9te, \u00e9s elker\u00fclhet\u0151k a t\u00e1pl\u00e1lkoz\u00e1si zavarokb\u00f3l fakad\u00f3 hosszabb t\u00e1v\u00fa eg\u00e9szs\u00e9g\u00fcgyi probl\u00e9m\u00e1k.<\/span><\/p>\n\r\n        [slb_exclude]\r\n        <div class=\"row galeria-wrapper mx-0 h-auto\">\r\n            <div class=\"col-9 pl-0 pr-2\">\r\n            <span class=\"gallery-item frame\">\r\n\t\t\t\t<div class=\"galeria-left-img\"><a href=\"https:\/\/semmelweis.hu\/tuzoltoklinika\/files\/2025\/05\/ATD_077-scaled.jpg\"><img src=https:\/\/semmelweis.hu\/tuzoltoklinika\/files\/2025\/05\/ATD_077-scaled.jpg  \r\n                            alt=\"\" \r\n                            class=\"attachment-sote-gallery-big size-sote-gallery-big\" \r\n                            srcset=\"https:\/\/semmelweis.hu\/tuzoltoklinika\/files\/2025\/05\/ATD_077-267x400.jpg 267w, https:\/\/semmelweis.hu\/tuzoltoklinika\/files\/2025\/05\/ATD_077-683x1024.jpg 683w, https:\/\/semmelweis.hu\/tuzoltoklinika\/files\/2025\/05\/ATD_077-768x1152.jpg 768w, https:\/\/semmelweis.hu\/tuzoltoklinika\/files\/2025\/05\/ATD_077-1024x1536.jpg 1024w, https:\/\/semmelweis.hu\/tuzoltoklinika\/files\/2025\/05\/ATD_077-1365x2048.jpg 1365w, https:\/\/semmelweis.hu\/tuzoltoklinika\/files\/2025\/05\/ATD_077-753x1130.jpg 753w, https:\/\/semmelweis.hu\/tuzoltoklinika\/files\/2025\/05\/ATD_077-scaled.jpg 1707w\" ><\/a><\/div>\r\n            <\/span>\r\n\r\n            <\/div>\r\n\r\n\t\t\t<div class=\"col-3 pl-0 pr-0\">\r\n\t\t\t\t<div class=\"galeria-right-img d-flex justify-content-between flex-column h-100 w-100 px-0 mx-0 \">\r\n                <div class=\"galeria-box\">\r\n\t\t\t\t\t<h3 class=\"galeria-title\">Gal\u00e9ria<\/h3>\r\n\t\t\t\t\t<div class=\"galeria-subtitle\">\r\n\r\n\t\t\t\t\t\t<div class=\"galeria-page-counter\"><span>3<\/span>k\u00e9p<\/div>\r\n                    <\/div> <\/div>\r\n                    <span class=\"gallery-item frame d-none d-md-flex\">\r\n\t\t\t\t\t<div class=\"galeria-small-img mt-0\"><a href=\"https:\/\/semmelweis.hu\/tuzoltoklinika\/files\/2025\/05\/ATD_081-scaled.jpg\"><img src=https:\/\/semmelweis.hu\/tuzoltoklinika\/files\/2025\/05\/ATD_081-scaled.jpg \r\n                                alt=\"\"  \r\n                                class=\"attachment-sote-gallery-small size-sote-gallery-small\" \r\n                                srcset=\"https:\/\/semmelweis.hu\/tuzoltoklinika\/files\/2025\/05\/ATD_081-267x400.jpg 267w, https:\/\/semmelweis.hu\/tuzoltoklinika\/files\/2025\/05\/ATD_081-683x1024.jpg 683w, https:\/\/semmelweis.hu\/tuzoltoklinika\/files\/2025\/05\/ATD_081-768x1152.jpg 768w, https:\/\/semmelweis.hu\/tuzoltoklinika\/files\/2025\/05\/ATD_081-1024x1536.jpg 1024w, https:\/\/semmelweis.hu\/tuzoltoklinika\/files\/2025\/05\/ATD_081-1365x2048.jpg 1365w, https:\/\/semmelweis.hu\/tuzoltoklinika\/files\/2025\/05\/ATD_081-753x1129.jpg 753w, https:\/\/semmelweis.hu\/tuzoltoklinika\/files\/2025\/05\/ATD_081-scaled.jpg 1707w\" ><\/a><\/div>\r\n                    <\/span>\r\n                    <span class=\"gallery-item frame d-none d-md-flex\">\r\n\t\t\t\t\t<div class=\"galeria-small-img mt-0\"><a href=\"https:\/\/semmelweis.hu\/tuzoltoklinika\/files\/2025\/05\/ATD_082-scaled.jpg\"><img src=https:\/\/semmelweis.hu\/tuzoltoklinika\/files\/2025\/05\/ATD_082-scaled.jpg \r\n                                alt=\"\" \r\n                                class=\"attachment-sote-gallery-small size-sote-gallery-small\" \r\n                                srcset=\"https:\/\/semmelweis.hu\/tuzoltoklinika\/files\/2025\/05\/ATD_082-400x267.jpg 400w, https:\/\/semmelweis.hu\/tuzoltoklinika\/files\/2025\/05\/ATD_082-1024x683.jpg 1024w, https:\/\/semmelweis.hu\/tuzoltoklinika\/files\/2025\/05\/ATD_082-768x512.jpg 768w, https:\/\/semmelweis.hu\/tuzoltoklinika\/files\/2025\/05\/ATD_082-1536x1024.jpg 1536w, https:\/\/semmelweis.hu\/tuzoltoklinika\/files\/2025\/05\/ATD_082-2048x1365.jpg 2048w, https:\/\/semmelweis.hu\/tuzoltoklinika\/files\/2025\/05\/ATD_082-753x502.jpg 753w, https:\/\/semmelweis.hu\/tuzoltoklinika\/files\/2025\/05\/ATD_082-203x135.jpg 203w\" ><\/a><\/div>\r\n                    <\/span>\r\n\r\n                <\/div>\r\n\r\n            <\/div>\r\n\r\n            \r\n            <\/div>\r\n\r\n            [\/slb_exclude]\r\n\t\n<p>&nbsp;<\/p>\n<p><b>A dietetikai tan\u00e1csad\u00e1s l\u00e9p\u00e9sei<\/b><\/p>\n<ol>\n<li><b> l\u00e9p\u00e9s: R\u00e9szletes besz\u00e9lget\u00e9s a panaszokr\u00f3l \u00e9s \u00e9tkez\u00e9si szok\u00e1sokr\u00f3l<\/b><\/li>\n<\/ol>\n<p><span style=\"font-weight: 400\">A konzult\u00e1ci\u00f3 els\u0151 szakasz\u00e1ban a dietetikus r\u00e9szletesen kik\u00e9rdezi a sz\u00fcl\u0151t \u00e9s a gyermeket a felmer\u00fcl\u0151 panaszokr\u00f3l, t\u00e1pl\u00e1lkoz\u00e1si neh\u00e9zs\u00e9gekr\u0151l, valamint a jelenlegi \u00e9tkez\u00e9si szok\u00e1sokr\u00f3l. Ez az alapos besz\u00e9lget\u00e9s elengedhetetlen ahhoz, hogy pontos k\u00e9pet kapjunk a gyermek t\u00e1pl\u00e1lkoz\u00e1si helyzet\u00e9r\u0151l \u00e9s a sz\u00fcks\u00e9ges beavatkoz\u00e1si ter\u00fcletekr\u0151l.<\/span><\/p>\n<ol start=\"2\">\n<li><b> l\u00e9p\u00e9s: T\u00e1pl\u00e1lts\u00e1gi \u00e1llapot felm\u00e9r\u00e9se<\/b><\/li>\n<\/ol>\n<figure id=\"attachment_11227\" aria-describedby=\"caption-attachment-11227\" style=\"width: 267px\" class=\"wp-caption alignright\"><img loading=\"lazy\" decoding=\"async\" class=\"wp-image-11227 size-medium\" src=\"https:\/\/semmelweis.hu\/tuzoltoklinika\/files\/2025\/05\/ATD_084-267x400.jpg\" alt=\"\" width=\"267\" height=\"400\" srcset=\"https:\/\/semmelweis.hu\/tuzoltoklinika\/files\/2025\/05\/ATD_084-267x400.jpg 267w, https:\/\/semmelweis.hu\/tuzoltoklinika\/files\/2025\/05\/ATD_084-683x1024.jpg 683w, https:\/\/semmelweis.hu\/tuzoltoklinika\/files\/2025\/05\/ATD_084-768x1152.jpg 768w, https:\/\/semmelweis.hu\/tuzoltoklinika\/files\/2025\/05\/ATD_084-1024x1536.jpg 1024w, https:\/\/semmelweis.hu\/tuzoltoklinika\/files\/2025\/05\/ATD_084-1365x2048.jpg 1365w, https:\/\/semmelweis.hu\/tuzoltoklinika\/files\/2025\/05\/ATD_084-753x1130.jpg 753w, https:\/\/semmelweis.hu\/tuzoltoklinika\/files\/2025\/05\/ATD_084-scaled.jpg 1707w\" sizes=\"auto, (max-width: 267px) 100vw, 267px\" \/><figcaption id=\"caption-attachment-11227\" class=\"wp-caption-text\"><em>InBody k\u00e9sz\u00fcl\u00e9k<\/em><\/figcaption><\/figure>\n<p><span style=\"font-weight: 400\">A k\u00f6vetkez\u0151 l\u00e9p\u00e9sben a dietetikus k\u00fcl\u00f6nb\u00f6z\u0151 m\u00e9r\u00e9seket v\u00e9gez a gyermek t\u00e1pl\u00e1lts\u00e1gi \u00e1llapot\u00e1nak objekt\u00edv felm\u00e9r\u00e9se \u00e9rdek\u00e9ben. Ezek k\u00f6z\u00e9 tartozik a test\u00f6sszet\u00e9tel m\u00e9r\u00e9se (InBody 970, illetve S10 k\u00e9sz\u00fcl\u00e9kkel), a nyugalmi anyagcsere meghat\u00e1roz\u00e1sa speci\u00e1lis anyagcsere monitor seg\u00edts\u00e9g\u00e9vel, valamint a kor\u00e1bban vezetett t\u00e1pl\u00e1lkoz\u00e1si napl\u00f3 r\u00e9szletes ki\u00e9rt\u00e9kel\u00e9se. Ezek az adatok seg\u00edtenek a val\u00f3s \u00e1llapot felt\u00e9rk\u00e9pez\u00e9s\u00e9ben \u00e9s a szem\u00e9lyre szabott tan\u00e1csad\u00e1s megalapoz\u00e1s\u00e1ban.<\/span><\/p>\n<ol start=\"3\">\n<li><b> l\u00e9p\u00e9s: T\u00e1pl\u00e1lkoz\u00e1si javaslatok megbesz\u00e9l\u00e9se<\/b><\/li>\n<\/ol>\n<p><span style=\"font-weight: 400\">A harmadik l\u00e9p\u00e9s sor\u00e1n a dietetikus az orvosi diagn\u00f3zis, a kik\u00e9rdez\u00e9s sor\u00e1n elhangzott inform\u00e1ci\u00f3k, valamint a m\u00e9rt eredm\u00e9nyek alapj\u00e1n t\u00e1pl\u00e1lkoz\u00e1si javaslatokat fogalmaz meg. Ezeket r\u00e9szletesen \u00e1tbesz\u00e9li a sz\u00fcl\u0151kkel \u00e9s a gyermekkel, figyelembe v\u00e9ve az \u00e9letkornak, \u00e9letm\u00f3dnak \u00e9s egy\u00e9ni sz\u00fcks\u00e9gleteknek megfelel\u0151 megold\u00e1sokat.<\/span><\/p>\n<p><b>Ut\u00e1nk\u00f6vet\u00e9s \u00e9s szakmai egy\u00fcttm\u0171k\u00f6d\u00e9s<\/b><\/p>\n<p><span style=\"font-weight: 400\">Sz\u00fcks\u00e9g eset\u00e9n kontrollvizsg\u00e1latokat v\u00e9gz\u00fcnk, hogy nyomon k\u00f6vethess\u00fck a fejl\u0151d\u00e9st \u00e9s a v\u00e1ltoz\u00e1sokat. A dietetikus \u00edr\u00e1sos seg\u00e9danyagokat is biztos\u00edt, amelyek megk\u00f6nny\u00edtik az \u00e9trendi javaslatok gyakorlati megval\u00f3s\u00edt\u00e1s\u00e1t. Emellett kiemelten fontos a szoros szakmai egy\u00fcttm\u0171k\u00f6d\u00e9s: a dietetikus rendszeresen konzult\u00e1l szakorvosokkal, pszichol\u00f3gusokkal, valamint gy\u00f3gytorn\u00e1szokkal is, hogy a gyermek a lehet\u0151 legsz\u00e9lesebb k\u00f6r\u0171 \u00e9s leghat\u00e9konyabb t\u00e1mogat\u00e1st kapja.<\/span><\/p>\n<p><strong>Tan\u00e1csad\u00e1st v\u00e9gz\u0151 szakemberek<\/strong><\/p>\n<p><strong data-start=\"729\" data-end=\"750\">Czuppon Krisztina<\/strong> \u2013 vezet\u0151 dietetikus<br \/>\n<strong data-start=\"624\" data-end=\"639\">Gangl Kinga<\/strong> \u2013 dietetikus, gasztroenterol\u00f3giai szakdietetikus<br \/>\n<strong data-start=\"693\" data-end=\"711\">V\u00e1gv\u00f6lgyi Anna<\/strong> \u2013 dietetikus<\/p>\n","protected":false},"excerpt":{"rendered":"<p>Gyermekdietetikus seg\u00edts\u00e9ge minden olyan esetben javasolt, amikor a gyermek t\u00e1pl\u00e1lkoz\u00e1s\u00e1val kapcsolatban tart\u00f3san fenn\u00e1ll\u00f3 neh\u00e9zs\u00e9g, visszat\u00e9r\u0151 k\u00e9rd\u00e9s vagy valamilyen eg\u00e9szs\u00e9g\u00fcgyi probl\u00e9ma mer\u00fcl fel. Ilyenkor a szakember t\u00e1mogat\u00e1sa seg\u00edthet a helyes ir\u00e1ny megtal\u00e1l\u00e1s\u00e1ban, legyen sz\u00f3 ak\u00e1r a mindennapi \u00e9tkez\u00e9si szok\u00e1sok alak\u00edt\u00e1s\u00e1r\u00f3l, ak\u00e1r betegs\u00e9ghez kapcsol\u00f3d\u00f3 speci\u00e1lis \u00e9trendr\u0151l. Speci\u00e1lis \u00e9trendet ig\u00e9nyl\u0151 \u00e1llapotok Bizonyos \u00e1llapotok k\u00fcl\u00f6nleges odafigyel\u00e9st ig\u00e9nyelnek a gyermek &hellip;<\/p>\n","protected":false},"author":102391,"featured_media":0,"parent":1570,"menu_order":0,"comment_status":"closed","ping_status":"closed","template":"","meta":{"_acf_changed":false,"footnotes":""},"categories":[],"tags":[],"class_list":["post-11210","page","type-page","status-publish","hentry"],"acf":[],"_links":{"self":[{"href":"https:\/\/semmelweis.hu\/tuzoltoklinika\/wp-json\/wp\/v2\/pages\/11210","targetHints":{"allow":["GET"]}}],"collection":[{"href":"https:\/\/semmelweis.hu\/tuzoltoklinika\/wp-json\/wp\/v2\/pages"}],"about":[{"href":"https:\/\/semmelweis.hu\/tuzoltoklinika\/wp-json\/wp\/v2\/types\/page"}],"author":[{"embeddable":true,"href":"https:\/\/semmelweis.hu\/tuzoltoklinika\/wp-json\/wp\/v2\/users\/102391"}],"replies":[{"embeddable":true,"href":"https:\/\/semmelweis.hu\/tuzoltoklinika\/wp-json\/wp\/v2\/comments?post=11210"}],"version-history":[{"count":10,"href":"https:\/\/semmelweis.hu\/tuzoltoklinika\/wp-json\/wp\/v2\/pages\/11210\/revisions"}],"predecessor-version":[{"id":11235,"href":"https:\/\/semmelweis.hu\/tuzoltoklinika\/wp-json\/wp\/v2\/pages\/11210\/revisions\/11235"}],"up":[{"embeddable":true,"href":"https:\/\/semmelweis.hu\/tuzoltoklinika\/wp-json\/wp\/v2\/pages\/1570"}],"wp:attachment":[{"href":"https:\/\/semmelweis.hu\/tuzoltoklinika\/wp-json\/wp\/v2\/media?parent=11210"}],"wp:term":[{"taxonomy":"category","embeddable":true,"href":"https:\/\/semmelweis.hu\/tuzoltoklinika\/wp-json\/wp\/v2\/categories?post=11210"},{"taxonomy":"post_tag","embeddable":true,"href":"https:\/\/semmelweis.hu\/tuzoltoklinika\/wp-json\/wp\/v2\/tags?post=11210"}],"curies":[{"name":"wp","href":"https:\/\/api.w.org\/{rel}","templated":true}]}}