{"id":10926,"date":"2025-02-06T13:27:10","date_gmt":"2025-02-06T12:27:10","guid":{"rendered":"https:\/\/semmelweis.hu\/tuzoltoklinika\/?page_id=10926"},"modified":"2026-03-16T08:35:59","modified_gmt":"2026-03-16T07:35:59","slug":"1-felajanlas","status":"publish","type":"page","link":"https:\/\/semmelweis.hu\/tuzoltoklinika\/1-felajanlas\/","title":{"rendered":"1% felaj\u00e1nl\u00e1s"},"content":{"rendered":"<p data-start=\"81\" data-end=\"133\"><strong data-start=\"81\" data-end=\"131\">Seg\u00edtsen, hogy m\u00e9g t\u00f6bbet seg\u00edthess\u00fcnk!<\/strong><\/p>\n<p data-start=\"135\" data-end=\"452\">A Semmelweis Gyermekgy\u00f3gy\u00e1szati Klinika k\u00f6zel k\u00e9tsz\u00e1z \u00e9ve azon dolgozik, hogy a legmodernebb technol\u00f3gi\u00e1val biztos\u00edtsa a legjobb ell\u00e1t\u00e1st a beteg gyermekek sz\u00e1m\u00e1ra. Adom\u00e1nygy\u0171jt\u00e9seinken kereszt\u00fcl olyan technol\u00f3giai fejleszt\u00e9seket val\u00f3s\u00edtunk meg, amelyek lehet\u0151v\u00e9 teszik, hogy a gyermekek a legkorszer\u0171bb \u00e9s leggyeng\u00e9debb diagnosztikai \u00e9s ter\u00e1pi\u00e1s lehet\u0151s\u00e9gekhez jussanak.<\/p>\n<p data-start=\"135\" data-end=\"452\">J\u00f6vedelemad\u00f3ja 1%-a rem\u00e9nyt \u00e9s lehet\u0151s\u00e9get jelent a Semmelweis Gyermekgy\u00f3gy\u00e1szati Klinika T\u0171zolt\u00f3 utcai r\u00e9szleg\u00e9n kezelt kis betegek sz\u00e1m\u00e1ra. Az ad\u00f3 1%-\u00e1t a Klinika hivatalos alap\u00edtv\u00e1nyain kereszt\u00fcl aj\u00e1nlhatja fel:<\/p>\n<h2 data-start=\"135\" data-end=\"452\"><img loading=\"lazy\" decoding=\"async\" class=\"piktogram wp-image-2606 size-thumbnail alignnone\" src=\"https:\/\/semmelweis.hu\/tuzoltoklinika\/files\/2016\/02\/orzok_logo-150x150.png\" alt=\"\" width=\"150\" height=\"150\" srcset=\"https:\/\/semmelweis.hu\/tuzoltoklinika\/files\/2016\/02\/orzok_logo-150x150.png 150w, https:\/\/semmelweis.hu\/tuzoltoklinika\/files\/2016\/02\/orzok_logo-300x300.png 300w, https:\/\/semmelweis.hu\/tuzoltoklinika\/files\/2016\/02\/orzok_logo.png 500w\" sizes=\"auto, (max-width: 150px) 100vw, 150px\" \/>\u0150rz\u0151k K\u00f6zhaszn\u00fa Alap\u00edtv\u00e1ny a T\u0171zolt\u00f3 utcai Daganatos \u00e9s Leuk\u00e9mi\u00e1s Gyermekek\u00e9rt<\/h2>\n<div class=\"fontos_div w-100\">\n<p><strong>Tov\u00e1bbi inform\u00e1ci\u00f3:<\/strong> <a href=\"https:\/\/orzok.hu\/1-szazalek\/\" target=\"_blank\" rel=\"noopener\">https:\/\/orzok.hu\/1-szazalek\/<\/a><\/p>\n<p><strong>Ad\u00f3sz\u00e1m:<\/strong> 19017808-1-43<\/p>\n<\/div>\n<div style=\"text-align: center\"><iframe loading=\"lazy\" src=\"https:\/\/www.youtube.com\/embed\/wFTxJbHtiF4\" width=\"315\" height=\"560\"><br \/>\n  <\/iframe><\/div>\n<h2><img loading=\"lazy\" decoding=\"async\" class=\"piktogram wp-image-1029 size-full alignnone\" src=\"https:\/\/semmelweis.hu\/tuzoltoklinika\/files\/2013\/09\/tugyermalap1.jpg\" alt=\"\" width=\"150\" height=\"150\" \/>A T\u0171zolt\u00f3 utcai Gyermekklinika Betegei\u00e9rt Alap\u00edtv\u00e1ny<\/h2>\n<div class=\"fontos_div w-100\">\n<p><strong>Tov\u00e1bbi inform\u00e1ci\u00f3:<\/strong> <a href=\"https:\/\/www.facebook.com\/tuzoltoutcaigyermekklinika\" target=\"_blank\" rel=\"noopener\">https:\/\/www.facebook.com\/tuzoltoutcaigyermekklinika<\/a><\/p>\n<p><strong>Ad\u00f3sz\u00e1m: <\/strong>18252422-1-43<\/p>\n<\/div>\n","protected":false},"excerpt":{"rendered":"<p>Seg\u00edtsen, hogy m\u00e9g t\u00f6bbet seg\u00edthess\u00fcnk! A Semmelweis Gyermekgy\u00f3gy\u00e1szati Klinika k\u00f6zel k\u00e9tsz\u00e1z \u00e9ve azon dolgozik, hogy a legmodernebb technol\u00f3gi\u00e1val biztos\u00edtsa a legjobb ell\u00e1t\u00e1st a beteg gyermekek sz\u00e1m\u00e1ra. Adom\u00e1nygy\u0171jt\u00e9seinken kereszt\u00fcl olyan technol\u00f3giai fejleszt\u00e9seket val\u00f3s\u00edtunk meg, amelyek lehet\u0151v\u00e9 teszik, hogy a gyermekek a legkorszer\u0171bb \u00e9s leggyeng\u00e9debb diagnosztikai \u00e9s ter\u00e1pi\u00e1s lehet\u0151s\u00e9gekhez jussanak. J\u00f6vedelemad\u00f3ja 1%-a rem\u00e9nyt \u00e9s lehet\u0151s\u00e9get jelent a &hellip;<\/p>\n","protected":false},"author":102391,"featured_media":0,"parent":0,"menu_order":0,"comment_status":"closed","ping_status":"closed","template":"","meta":{"_acf_changed":false,"footnotes":""},"categories":[],"tags":[],"class_list":["post-10926","page","type-page","status-publish","hentry"],"acf":[],"_links":{"self":[{"href":"https:\/\/semmelweis.hu\/tuzoltoklinika\/wp-json\/wp\/v2\/pages\/10926","targetHints":{"allow":["GET"]}}],"collection":[{"href":"https:\/\/semmelweis.hu\/tuzoltoklinika\/wp-json\/wp\/v2\/pages"}],"about":[{"href":"https:\/\/semmelweis.hu\/tuzoltoklinika\/wp-json\/wp\/v2\/types\/page"}],"author":[{"embeddable":true,"href":"https:\/\/semmelweis.hu\/tuzoltoklinika\/wp-json\/wp\/v2\/users\/102391"}],"replies":[{"embeddable":true,"href":"https:\/\/semmelweis.hu\/tuzoltoklinika\/wp-json\/wp\/v2\/comments?post=10926"}],"version-history":[{"count":6,"href":"https:\/\/semmelweis.hu\/tuzoltoklinika\/wp-json\/wp\/v2\/pages\/10926\/revisions"}],"predecessor-version":[{"id":12165,"href":"https:\/\/semmelweis.hu\/tuzoltoklinika\/wp-json\/wp\/v2\/pages\/10926\/revisions\/12165"}],"wp:attachment":[{"href":"https:\/\/semmelweis.hu\/tuzoltoklinika\/wp-json\/wp\/v2\/media?parent=10926"}],"wp:term":[{"taxonomy":"category","embeddable":true,"href":"https:\/\/semmelweis.hu\/tuzoltoklinika\/wp-json\/wp\/v2\/categories?post=10926"},{"taxonomy":"post_tag","embeddable":true,"href":"https:\/\/semmelweis.hu\/tuzoltoklinika\/wp-json\/wp\/v2\/tags?post=10926"}],"curies":[{"name":"wp","href":"https:\/\/api.w.org\/{rel}","templated":true}]}}