{"id":10868,"date":"2025-01-28T10:10:50","date_gmt":"2025-01-28T09:10:50","guid":{"rendered":"https:\/\/semmelweis.hu\/tuzoltoklinika\/?page_id=10868"},"modified":"2025-01-28T10:10:50","modified_gmt":"2025-01-28T09:10:50","slug":"tuzolto-keddek-2024","status":"publish","type":"page","link":"https:\/\/semmelweis.hu\/tuzoltoklinika\/akkreditalt-rendezvenyeink\/ha-kedd-akkor-tuzolto-utca\/tuzolto-keddek-2024\/","title":{"rendered":"T\u0171zolt\u00f3 keddek &#8211; 2024"},"content":{"rendered":"<p style=\"text-align: justify\"><strong>2024.\u00a0<\/strong><\/p>\n<ol>\n<li style=\"text-align: justify\">Hematol\u00f3gia \u2013 2024. janu\u00e1r 16. (<a href=\"https:\/\/semmelweis.hu\/tuzoltoklinika\/2024\/01\/17\/a-gyermekkori-verkepzesi-zavarok-alltak-kozeppontban-tegnapi-szakmai-konferenciankon\/\" target=\"_blank\" rel=\"noopener\">https:\/\/semmelweis.hu\/tuzoltoklinika\/2024\/01\/17\/a-gyermekkori-verkepzesi-zavarok-alltak-kozeppontban-tegnapi-szakmai-konferenciankon\/<\/a>)<\/li>\n<li style=\"text-align: justify\">Hepatol\u00f3gia \u2013 2024. febru\u00e1r 20. (<a href=\"https:\/\/semmelweis.hu\/tuzoltoklinika\/2024\/02\/21\/gyermekkori-majproblemak-es-kezelesuk-alltak-fokuszban-tegnapi-tovabbkepzo-rendezvenyunkon\/\" target=\"_blank\" rel=\"noopener\">https:\/\/semmelweis.hu\/tuzoltoklinika\/2024\/02\/21\/gyermekkori-majproblemak-es-kezelesuk-alltak-fokuszban-tegnapi-tovabbkepzo-rendezvenyunkon\/<\/a>)<\/li>\n<li style=\"text-align: justify\">Onkol\u00f3gia \u2013 2024. m\u00e1rcius 19. (<a href=\"https:\/\/semmelweis.hu\/tuzoltoklinika\/2024\/03\/19\/kulonleges-esetekrol-es-diagnozisokrol-hallhattunk-tegnapi-szakmai-rendezvenyunkon\/\" target=\"_blank\" rel=\"noopener\">https:\/\/semmelweis.hu\/tuzoltoklinika\/2024\/03\/19\/kulonleges-esetekrol-es-diagnozisokrol-hallhattunk-tegnapi-szakmai-rendezvenyunkon\/<\/a>)<\/li>\n<li style=\"text-align: justify\">Sportorvostan \u2013 2024. \u00e1prilis 16. (<em>a rendezv\u00e9ny 2025. I. f\u00e9l\u00e9v\u00e9ben ker\u00fcl megtart\u00e1sra<\/em>)<\/li>\n<li style=\"text-align: justify\">Toxikol\u00f3gia \u2013 2024. m\u00e1jus 14. (<a href=\"https:\/\/semmelweis.hu\/tuzoltoklinika\/2024\/05\/15\/ha-kedd-akkor-tuzolto-utca-mindent-a-gyermekkorban-bekovetkezo-mergezesekrol\/\" target=\"_blank\" rel=\"noopener\">https:\/\/semmelweis.hu\/tuzoltoklinika\/2024\/05\/15\/ha-kedd-akkor-tuzolto-utca-mindent-a-gyermekkorban-bekovetkezo-mergezesekrol\/<\/a>)<\/li>\n<li style=\"text-align: justify\">Pszichi\u00e1tria \u2013 2024. okt\u00f3ber 8. (<a href=\"https:\/\/semmelweis.hu\/tuzoltoklinika\/2024\/10\/09\/fokuszban-a-lelki-eredetu-problemak-es-azok-gyogyitasa-a-felev-elso-tuzolto-keddjen\/\" target=\"_blank\" rel=\"noopener\">https:\/\/semmelweis.hu\/tuzoltoklinika\/2024\/10\/09\/fokuszban-a-lelki-eredetu-problemak-es-azok-gyogyitasa-a-felev-elso-tuzolto-keddjen\/<\/a>)<\/li>\n<li style=\"text-align: justify\">Neonatol\u00f3gia \u2013 2024. november 5. (<a href=\"https:\/\/semmelweis.hu\/tuzoltoklinika\/2024\/11\/06\/biztonsagban-a-nulladik-perctol-mindent-a-korszeru-kora-es-ujszulottkori-ellatasrol\/\" target=\"_blank\" rel=\"noopener\">https:\/\/semmelweis.hu\/tuzoltoklinika\/2024\/11\/06\/biztonsagban-a-nulladik-perctol-mindent-a-korszeru-kora-es-ujszulottkori-ellatasrol\/<\/a>)<\/li>\n<li style=\"text-align: justify\">Allergol\u00f3gia, pulmonol\u00f3gia \u2013 2024. december 3. (<a href=\"https:\/\/semmelweis.hu\/tuzoltoklinika\/2024\/12\/03\/gyermekkori-pulmonologiai-betegsegek-kivalto-okai-es-gyogyitasuk-ujabb-sikeres-tovabbkepzo-rendezvenyt-tartottunk\/\" target=\"_blank\" rel=\"noopener\">https:\/\/semmelweis.hu\/tuzoltoklinika\/2024\/12\/03\/gyermekkori-pulmonologiai-betegsegek-kivalto-okai-es-gyogyitasuk-ujabb-sikeres-tovabbkepzo-rendezvenyt-tartottunk\/<\/a>)<\/li>\n<\/ol>\n","protected":false},"excerpt":{"rendered":"<p>2024.\u00a0 Hematol\u00f3gia \u2013 2024. janu\u00e1r 16. ( <a href=\"https:\/\/semmelweis.hu\/tuzoltoklinika\/2024\/01\/17\/a-gyermekkori-verkepzesi-zavarok-alltak-kozeppontban-tegnapi-szakmai-konferenciankon\/\" target=\"_blank\" rel=\"noopener\">https:\/\/semmelweis.hu\/tuzoltoklinika\/2024\/01\/17\/a-gyermekkori-verkepzesi-zavarok-alltak-kozeppontban-tegnapi-szakmai-konferenciankon\/<\/a> ) Hepatol\u00f3gia \u2013 2024. febru\u00e1r 20. ( <a href=\"https:\/\/semmelweis.hu\/tuzoltoklinika\/2024\/02\/21\/gyermekkori-majproblemak-es-kezelesuk-alltak-fokuszban-tegnapi-tovabbkepzo-rendezvenyunkon\/\" target=\"_blank\" rel=\"noopener\">https:\/\/semmelweis.hu\/tuzoltoklinika\/2024\/02\/21\/gyermekkori-majproblemak-es-kezelesuk-alltak-fokuszban-tegnapi-tovabbkepzo-rendezvenyunkon\/<\/a> ) Onkol\u00f3gia \u2013 2024. m\u00e1rcius 19. ( <a href=\"https:\/\/semmelweis.hu\/tuzoltoklinika\/2024\/03\/19\/kulonleges-esetekrol-es-diagnozisokrol-hallhattunk-tegnapi-szakmai-rendezvenyunkon\/\" target=\"_blank\" rel=\"noopener\">https:\/\/semmelweis.hu\/tuzoltoklinika\/2024\/03\/19\/kulonleges-esetekrol-es-diagnozisokrol-hallhattunk-tegnapi-szakmai-rendezvenyunkon\/<\/a> ) Sportorvostan \u2013 2024. \u00e1prilis 16. (a rendezv\u00e9ny 2025. I. f\u00e9l\u00e9v\u00e9ben ker\u00fcl megtart\u00e1sra) Toxikol\u00f3gia \u2013 2024. m\u00e1jus 14. ( <a href=\"https:\/\/semmelweis.hu\/tuzoltoklinika\/2024\/05\/15\/ha-kedd-akkor-tuzolto-utca-mindent-a-gyermekkorban-bekovetkezo-mergezesekrol\/\" target=\"_blank\" rel=\"noopener\">https:\/\/semmelweis.hu\/tuzoltoklinika\/2024\/05\/15\/ha-kedd-akkor-tuzolto-utca-mindent-a-gyermekkorban-bekovetkezo-mergezesekrol\/<\/a> ) Pszichi\u00e1tria \u2013 2024. okt\u00f3ber 8. ( <a href=\"https:\/\/semmelweis.hu\/tuzoltoklinika\/2024\/10\/09\/fokuszban-a-lelki-eredetu-problemak-es-azok-gyogyitasa-a-felev-elso-tuzolto-keddjen\/\" target=\"_blank\" rel=\"noopener\">https:\/\/semmelweis.hu\/tuzoltoklinika\/2024\/10\/09\/fokuszban-a-lelki-eredetu-problemak-es-azok-gyogyitasa-a-felev-elso-tuzolto-keddjen\/<\/a> ) Neonatol\u00f3gia \u2013 2024. november 5. ( <a href=\"https:\/\/semmelweis.hu\/tuzoltoklinika\/2024\/11\/06\/biztonsagban-a-nulladik-perctol-mindent-a-korszeru-kora-es-ujszulottkori-ellatasrol\/\" target=\"_blank\" rel=\"noopener\">https:\/\/semmelweis.hu\/tuzoltoklinika\/2024\/11\/06\/biztonsagban-a-nulladik-perctol-mindent-a-korszeru-kora-es-ujszulottkori-ellatasrol\/<\/a> ) &hellip;<\/p>\n","protected":false},"author":101602,"featured_media":0,"parent":7855,"menu_order":0,"comment_status":"closed","ping_status":"closed","template":"","meta":{"_acf_changed":false,"footnotes":""},"categories":[],"tags":[],"class_list":["post-10868","page","type-page","status-publish","hentry"],"acf":[],"_links":{"self":[{"href":"https:\/\/semmelweis.hu\/tuzoltoklinika\/wp-json\/wp\/v2\/pages\/10868","targetHints":{"allow":["GET"]}}],"collection":[{"href":"https:\/\/semmelweis.hu\/tuzoltoklinika\/wp-json\/wp\/v2\/pages"}],"about":[{"href":"https:\/\/semmelweis.hu\/tuzoltoklinika\/wp-json\/wp\/v2\/types\/page"}],"author":[{"embeddable":true,"href":"https:\/\/semmelweis.hu\/tuzoltoklinika\/wp-json\/wp\/v2\/users\/101602"}],"replies":[{"embeddable":true,"href":"https:\/\/semmelweis.hu\/tuzoltoklinika\/wp-json\/wp\/v2\/comments?post=10868"}],"version-history":[{"count":1,"href":"https:\/\/semmelweis.hu\/tuzoltoklinika\/wp-json\/wp\/v2\/pages\/10868\/revisions"}],"predecessor-version":[{"id":10869,"href":"https:\/\/semmelweis.hu\/tuzoltoklinika\/wp-json\/wp\/v2\/pages\/10868\/revisions\/10869"}],"up":[{"embeddable":true,"href":"https:\/\/semmelweis.hu\/tuzoltoklinika\/wp-json\/wp\/v2\/pages\/7855"}],"wp:attachment":[{"href":"https:\/\/semmelweis.hu\/tuzoltoklinika\/wp-json\/wp\/v2\/media?parent=10868"}],"wp:term":[{"taxonomy":"category","embeddable":true,"href":"https:\/\/semmelweis.hu\/tuzoltoklinika\/wp-json\/wp\/v2\/categories?post=10868"},{"taxonomy":"post_tag","embeddable":true,"href":"https:\/\/semmelweis.hu\/tuzoltoklinika\/wp-json\/wp\/v2\/tags?post=10868"}],"curies":[{"name":"wp","href":"https:\/\/api.w.org\/{rel}","templated":true}]}}