{"id":10865,"date":"2025-01-28T10:07:52","date_gmt":"2025-01-28T09:07:52","guid":{"rendered":"https:\/\/semmelweis.hu\/tuzoltoklinika\/?page_id=10865"},"modified":"2025-01-28T10:07:52","modified_gmt":"2025-01-28T09:07:52","slug":"tuzolto-keddek-2023","status":"publish","type":"page","link":"https:\/\/semmelweis.hu\/tuzoltoklinika\/akkreditalt-rendezvenyeink\/ha-kedd-akkor-tuzolto-utca\/tuzolto-keddek-2023\/","title":{"rendered":"T\u0171zolt\u00f3 keddek &#8211; 2023"},"content":{"rendered":"<p><strong>2023.<\/strong><\/p>\n<ol>\n<li style=\"text-align: justify\">Reumatol\u00f3gia \u2013 2023. janu\u00e1r 17. (<a href=\"https:\/\/semmelweis.hu\/tuzoltoklinika\/2023\/01\/18\/ha-kedd-akkor-tuzolto-utca-tegnap-delutan-ujabb-sikeres-akkreditalt-rendezvenyt-tartottunk-2\/\" target=\"_blank\" rel=\"noopener\">https:\/\/semmelweis.hu\/tuzoltoklinika\/2023\/01\/18\/ha-kedd-akkor-tuzolto-utca-tegnap-delutan-ujabb-sikeres-akkreditalt-rendezvenyt-tartottunk-2\/<\/a>)<\/li>\n<li style=\"text-align: justify\">Endokrinol\u00f3gia: k\u00fcl\u00f6nleges k\u00f3rk\u00e9pek a gyermekorvosi gyakorlatban \u2013 2023. febru\u00e1r 21. (<a href=\"https:\/\/semmelweis.hu\/tuzoltoklinika\/2023\/02\/22\/ha-kedd-akkor-tuzolto-utca-tegnap-delutan-ujabb-sikeres-tovabbkepzo-rendezvenyt-tartottunk-2\/\" target=\"_blank\" rel=\"noopener\">https:\/\/semmelweis.hu\/tuzoltoklinika\/2023\/02\/22\/ha-kedd-akkor-tuzolto-utca-tegnap-delutan-ujabb-sikeres-tovabbkepzo-rendezvenyt-tartottunk-2\/<\/a>)<\/li>\n<li style=\"text-align: justify\">Gasztroenterol\u00f3gia: Gyermek-gasztroenterol\u00f3giai kih\u00edv\u00e1sok \u2013 2023. m\u00e1rcius 21. (<a href=\"https:\/\/semmelweis.hu\/tuzoltoklinika\/2023\/03\/22\/gyermek-gasztroenterologiai-kihivasok-alltak-kozeppontban-tegnapi-szakmai-delutanunkon\/\" target=\"_blank\" rel=\"noopener\">https:\/\/semmelweis.hu\/tuzoltoklinika\/2023\/03\/22\/gyermek-gasztroenterologiai-kihivasok-alltak-kozeppontban-tegnapi-szakmai-delutanunkon\/<\/a>)<\/li>\n<li style=\"text-align: justify\">Intenz\u00edv ter\u00e1pia \u2013 2023. \u00e1prilis 18. (<a href=\"https:\/\/semmelweis.hu\/tuzoltoklinika\/2023\/04\/19\/a-gyermek-intenziv-ellatas-reszleteire-fokuszalt-tegnapi-szakmai-rendezvenyunk\/\" target=\"_blank\" rel=\"noopener\">https:\/\/semmelweis.hu\/tuzoltoklinika\/2023\/04\/19\/a-gyermek-intenziv-ellatas-reszleteire-fokuszalt-tegnapi-szakmai-rendezvenyunk\/<\/a>)<\/li>\n<li style=\"text-align: justify\">\u00daj ter\u00e1pi\u00e1s lehet\u0151s\u00e9gek a gyermekgy\u00f3gy\u00e1szatban \u2013 2023. m\u00e1jus 16. (<a href=\"https:\/\/semmelweis.hu\/tuzoltoklinika\/2023\/05\/16\/klinikankon-alkalmazott-uj-terapias-lehetosegekre-fokuszalt-tegnapi-szakmai-rendezvenyunk\/\" target=\"_blank\" rel=\"noopener\">https:\/\/semmelweis.hu\/tuzoltoklinika\/2023\/05\/16\/klinikankon-alkalmazott-uj-terapias-lehetosegekre-fokuszalt-tegnapi-szakmai-rendezvenyunk\/<\/a>)<\/li>\n<li style=\"text-align: justify\">Genetika a gy\u00f3gy\u00edt\u00e1s\u00e9rt: 2023. okt\u00f3ber 3.\u00a0 (<a href=\"https:\/\/semmelweis.hu\/tuzoltoklinika\/2023\/10\/04\/ha-kedd-akkor-tuzolto-utca-genetikai-eloadasokkal-indult-ujra-idei-feleves-tovabbkepzesi-programsorozatunk\/\" target=\"_blank\" rel=\"noopener\">https:\/\/semmelweis.hu\/tuzoltoklinika\/2023\/10\/04\/ha-kedd-akkor-tuzolto-utca-genetikai-eloadasokkal-indult-ujra-idei-feleves-tovabbkepzesi-programsorozatunk\/<\/a>)<\/li>\n<li style=\"text-align: justify\">Neurol\u00f3gia: 2023. november 7. (<a href=\"https:\/\/semmelweis.hu\/tuzoltoklinika\/2023\/11\/08\/gyermekneurologiai-ujdonsagokkal-folytatodott-tovabbkepzesi-sorozatunk-2\/\" target=\"_blank\" rel=\"noopener\">https:\/\/semmelweis.hu\/tuzoltoklinika\/2023\/11\/08\/gyermekneurologiai-ujdonsagokkal-folytatodott-tovabbkepzesi-sorozatunk-2\/<\/a>)<\/li>\n<li style=\"text-align: justify\">Endokrinol\u00f3gia: 2023. december 5. (<a href=\"https:\/\/semmelweis.hu\/tuzoltoklinika\/2023\/12\/06\/a-gyermekendokrinologia-erdekessegeire-fokuszalt-tegnapi-szakmai-rendezvenyunk-2\/\" target=\"_blank\" rel=\"noopener\">https:\/\/semmelweis.hu\/tuzoltoklinika\/2023\/12\/06\/a-gyermekendokrinologia-erdekessegeire-fokuszalt-tegnapi-szakmai-rendezvenyunk-2\/<\/a>)<\/li>\n<\/ol>\n","protected":false},"excerpt":{"rendered":"<p>2023. Reumatol\u00f3gia \u2013 2023. janu\u00e1r 17. ( <a href=\"https:\/\/semmelweis.hu\/tuzoltoklinika\/2023\/01\/18\/ha-kedd-akkor-tuzolto-utca-tegnap-delutan-ujabb-sikeres-akkreditalt-rendezvenyt-tartottunk-2\/\" target=\"_blank\" rel=\"noopener\">https:\/\/semmelweis.hu\/tuzoltoklinika\/2023\/01\/18\/ha-kedd-akkor-tuzolto-utca-tegnap-delutan-ujabb-sikeres-akkreditalt-rendezvenyt-tartottunk-2\/<\/a> ) Endokrinol\u00f3gia: k\u00fcl\u00f6nleges k\u00f3rk\u00e9pek a gyermekorvosi gyakorlatban \u2013 2023. febru\u00e1r 21. ( <a href=\"https:\/\/semmelweis.hu\/tuzoltoklinika\/2023\/02\/22\/ha-kedd-akkor-tuzolto-utca-tegnap-delutan-ujabb-sikeres-tovabbkepzo-rendezvenyt-tartottunk-2\/\" target=\"_blank\" rel=\"noopener\">https:\/\/semmelweis.hu\/tuzoltoklinika\/2023\/02\/22\/ha-kedd-akkor-tuzolto-utca-tegnap-delutan-ujabb-sikeres-tovabbkepzo-rendezvenyt-tartottunk-2\/<\/a> ) Gasztroenterol\u00f3gia: Gyermek-gasztroenterol\u00f3giai kih\u00edv\u00e1sok \u2013 2023. m\u00e1rcius 21. ( <a href=\"https:\/\/semmelweis.hu\/tuzoltoklinika\/2023\/03\/22\/gyermek-gasztroenterologiai-kihivasok-alltak-kozeppontban-tegnapi-szakmai-delutanunkon\/\" target=\"_blank\" rel=\"noopener\">https:\/\/semmelweis.hu\/tuzoltoklinika\/2023\/03\/22\/gyermek-gasztroenterologiai-kihivasok-alltak-kozeppontban-tegnapi-szakmai-delutanunkon\/<\/a> ) Intenz\u00edv ter\u00e1pia \u2013 2023. \u00e1prilis 18. ( <a href=\"https:\/\/semmelweis.hu\/tuzoltoklinika\/2023\/04\/19\/a-gyermek-intenziv-ellatas-reszleteire-fokuszalt-tegnapi-szakmai-rendezvenyunk\/\" target=\"_blank\" rel=\"noopener\">https:\/\/semmelweis.hu\/tuzoltoklinika\/2023\/04\/19\/a-gyermek-intenziv-ellatas-reszleteire-fokuszalt-tegnapi-szakmai-rendezvenyunk\/<\/a> ) \u00daj ter\u00e1pi\u00e1s lehet\u0151s\u00e9gek a gyermekgy\u00f3gy\u00e1szatban \u2013 2023. m\u00e1jus 16. ( <a href=\"https:\/\/semmelweis.hu\/tuzoltoklinika\/2023\/05\/16\/klinikankon-alkalmazott-uj-terapias-lehetosegekre-fokuszalt-tegnapi-szakmai-rendezvenyunk\/\" target=\"_blank\" rel=\"noopener\">https:\/\/semmelweis.hu\/tuzoltoklinika\/2023\/05\/16\/klinikankon-alkalmazott-uj-terapias-lehetosegekre-fokuszalt-tegnapi-szakmai-rendezvenyunk\/<\/a> ) Genetika a gy\u00f3gy\u00edt\u00e1s\u00e9rt: 2023. okt\u00f3ber 3.\u00a0 ( <a href=\"https:\/\/semmelweis.hu\/tuzoltoklinika\/2023\/10\/04\/ha-kedd-akkor-tuzolto-utca-genetikai-eloadasokkal-indult-ujra-idei-feleves-tovabbkepzesi-programsorozatunk\/\" target=\"_blank\" rel=\"noopener\">https:\/\/semmelweis.hu\/tuzoltoklinika\/2023\/10\/04\/ha-kedd-akkor-tuzolto-utca-genetikai-eloadasokkal-indult-ujra-idei-feleves-tovabbkepzesi-programsorozatunk\/<\/a> &hellip;<\/p>\n","protected":false},"author":101602,"featured_media":0,"parent":7855,"menu_order":0,"comment_status":"closed","ping_status":"closed","template":"","meta":{"_acf_changed":false,"footnotes":""},"categories":[],"tags":[],"class_list":["post-10865","page","type-page","status-publish","hentry"],"acf":[],"_links":{"self":[{"href":"https:\/\/semmelweis.hu\/tuzoltoklinika\/wp-json\/wp\/v2\/pages\/10865","targetHints":{"allow":["GET"]}}],"collection":[{"href":"https:\/\/semmelweis.hu\/tuzoltoklinika\/wp-json\/wp\/v2\/pages"}],"about":[{"href":"https:\/\/semmelweis.hu\/tuzoltoklinika\/wp-json\/wp\/v2\/types\/page"}],"author":[{"embeddable":true,"href":"https:\/\/semmelweis.hu\/tuzoltoklinika\/wp-json\/wp\/v2\/users\/101602"}],"replies":[{"embeddable":true,"href":"https:\/\/semmelweis.hu\/tuzoltoklinika\/wp-json\/wp\/v2\/comments?post=10865"}],"version-history":[{"count":1,"href":"https:\/\/semmelweis.hu\/tuzoltoklinika\/wp-json\/wp\/v2\/pages\/10865\/revisions"}],"predecessor-version":[{"id":10866,"href":"https:\/\/semmelweis.hu\/tuzoltoklinika\/wp-json\/wp\/v2\/pages\/10865\/revisions\/10866"}],"up":[{"embeddable":true,"href":"https:\/\/semmelweis.hu\/tuzoltoklinika\/wp-json\/wp\/v2\/pages\/7855"}],"wp:attachment":[{"href":"https:\/\/semmelweis.hu\/tuzoltoklinika\/wp-json\/wp\/v2\/media?parent=10865"}],"wp:term":[{"taxonomy":"category","embeddable":true,"href":"https:\/\/semmelweis.hu\/tuzoltoklinika\/wp-json\/wp\/v2\/categories?post=10865"},{"taxonomy":"post_tag","embeddable":true,"href":"https:\/\/semmelweis.hu\/tuzoltoklinika\/wp-json\/wp\/v2\/tags?post=10865"}],"curies":[{"name":"wp","href":"https:\/\/api.w.org\/{rel}","templated":true}]}}