{"id":10833,"date":"2025-01-22T09:47:33","date_gmt":"2025-01-22T08:47:33","guid":{"rendered":"https:\/\/semmelweis.hu\/tuzoltoklinika\/?page_id=10833"},"modified":"2026-02-24T08:38:18","modified_gmt":"2026-02-24T07:38:18","slug":"akkreditalt-tovabbkepzeseink","status":"publish","type":"page","link":"https:\/\/semmelweis.hu\/tuzoltoklinika\/oktatas\/akkreditalt-tovabbkepzeseink\/","title":{"rendered":"Akkredit\u00e1lt tov\u00e1bbk\u00e9pz\u00e9seink"},"content":{"rendered":"<p>A Semmelweis Egyetem Gyermekgy\u00f3gy\u00e1szati Klinik\u00e1j\u00e1n \u2013 haz\u00e1nk legels\u0151, Eur\u00f3pa negyedik legr\u00e9gebbi gyermekgy\u00f3gyint\u00e9zet\u00e9ben \u2013 a tov\u00e1bbk\u00e9pz\u00e9sek k\u00f6zvetlen\u00fcl a betegell\u00e1t\u00e1s sz\u00e9les k\u00f6r\u0171 klinikai tapasztalataira \u00e9p\u00fclnek. A B\u00f3kay \u00e9s T\u0171zolt\u00f3 utcai r\u00e9szlegek \u00e9vente mintegy 230 000 j\u00e1r\u00f3beteg \u00e9s t\u00f6bb mint 20 000 fekv\u0151beteg ell\u00e1t\u00e1s\u00e1t biztos\u00edtj\u00e1k, az orsz\u00e1g gyermekbetegeinek mintegy 14%-a itt kap kezel\u00e9st. Sz\u00e1mos betegs\u00e9g orsz\u00e1gos vagy region\u00e1lis centrumak\u00e9nt az esetanyag a gyermekgy\u00f3gy\u00e1szat teljes spektrum\u00e1t lefedi.<\/p>\n<p>A nagy esetsz\u00e1m \u00e9s a speci\u00e1lis ell\u00e1t\u00e1si feladatok folyamatosan \u00faj diagnosztikai \u00e9s ter\u00e1pi\u00e1s k\u00e9rd\u00e9seket vetnek fel, amelyekre a klinika komplex oktat\u00e1si programjai naprak\u00e9sz, a gyakorlatban is alkalmazhat\u00f3 v\u00e1laszokat adnak orvosok \u00e9s szakdolgoz\u00f3k sz\u00e1m\u00e1ra egyar\u00e1nt. A k\u00e9pz\u00e9sek szil\u00e1rd szakmai alapokra \u00e9p\u00fclnek, \u00e9s a klinikai d\u00f6nt\u00e9shozatal szempontj\u00e1b\u00f3l k\u00f6zel\u00edtik meg a t\u00e9m\u00e1kat: a sz\u0171r\u00e9st\u0151l \u00e9s differenci\u00e1ldiagnosztik\u00e1t\u00f3l a korszer\u0171 ter\u00e1pi\u00e1s lehet\u0151s\u00e9gekig, valamint a szubspecialit\u00e1sok kiemelt ter\u00fcleteiig.<\/p>\n<p>Az el\u0151ad\u00e1sokat a gyermekgy\u00f3gy\u00e1szat meghat\u00e1roz\u00f3 szakemberei tartj\u00e1k, akik a hazai ell\u00e1t\u00e1s ir\u00e1nyainak form\u00e1l\u00e1s\u00e1ban is szerepet v\u00e1llalnak. A tanfolyamok \u00edgy val\u00f3di t\u00e1j\u00e9koz\u00f3d\u00e1si pontot jelentenek mindazok sz\u00e1m\u00e1ra, akik biztos, korszer\u0171 tud\u00e1ssal szeretn\u00e9k t\u00e1mogatni a gyermekek ell\u00e1t\u00e1s\u00e1t, \u00e9s a mindennapi gy\u00f3gy\u00edt\u00f3 munka sor\u00e1n azonnal hasznos\u00edthat\u00f3 szeml\u00e9letet k\u00edv\u00e1nnak elsaj\u00e1t\u00edtani.<\/p>\n<p><a href=\"https:\/\/semmelweis.hu\/tuzoltoklinika\/files\/2026\/02\/oktatasi-bros-1.pdf\" target=\"_blank\" rel=\"noopener\"><strong>Tekintse meg a 2026-os \u00e9v I. f\u00e9l\u00e9ves tanfolyamainak \u00f6sszegz\u0151 bros\u00far\u00e1j\u00e1t.<\/strong><\/a><\/p>\n<p>Tanfolyamainkra kiz\u00e1r\u00f3lag az OFTEX port\u00e1lon kereszt\u00fcl tudnak jelentkezni, tov\u00e1bbi k\u00e9rd\u00e9s eset\u00e9n a <a href=\"mailto:tanfolyamok.gyermek@semmelweis.hu\">tanfolyamok.gyermek@semmelweis.hu<\/a> c\u00edmen fordulhatnak hozz\u00e1nk.<\/p>\n<h2><span style=\"background: #232f61;color: #fff;padding: 0.25em 0.6em\"> Tov\u00e1bbk\u00e9pz\u00e9seink <\/span><\/h2>\n<style>\n           #page-grid .card-body > .line-clamp-box.excerpt{\n        width: inherit;\n        max-width: inherit;\n        display:flex;\n        min-height: 2.4em;\n        flex-direction: column;\n        justify-content: space-around;\n        background-color: #D6E4EA;\n        min-height: 3.4rem;\n        font-family: \"Montserrat\", sans-serif;\n    }\n\n    #page-grid a:hover .card-body > .line-clamp-box.excerpt {\n        background-color: #fff;\n        color: #313B40;\n    }\n\n    #page-grid .card-body .line-clamp-box.excerpt section{\n        max-width: inherit;\n        display: -webkit-box;\n        -webkit-line-clamp: 2;\n        -webkit-box-orient: vertical;\n        overflow: hidden;\n        text-overflow: ellipsis;\n        hyphens: auto;\n        margin: auto;\n        \n    }\n    .line-clamp-box.excerpt section, .line-clamp-box.excerpt section p{\n        font-size:0.8em;\n    }\n    \n<\/style>\n    <section id=\"page-grid\">\n        \n        <div class=\"row row-cols-1 row-cols-md-2 row-cols-lg-2 no-gutters mx-0 \">    <div class =\"col  mb-2 card-wrapper\">\n        <a class=\"d-flex flex-fill card-link-warapper m-md-1\" href=\"https:\/\/semmelweis.hu\/tuzoltoklinika\/oktatas\/akkreditalt-tovabbkepzeseink\/fekete-gyorgy-tovabbkepzo-sorozat\/\">\n            <div class=\"card border border-secondary se-border flex-fill\">\n                <div class=\"row no-gutters mx-0 d-flex flex-nowrap flex-md-wrap align-items-center\">\n                    <div class =\"  col-5 col-md-12   card-image justify-content-center\">\n                        <img loading=\"lazy\" decoding=\"async\" width=\"753\" height=\"502\" src=\"https:\/\/semmelweis.hu\/tuzoltoklinika\/files\/2026\/01\/fekete_gyorgy_tovabbkepzes.jpg\" class=\"landscape wp-post-image\" alt=\"\" srcset=\"https:\/\/semmelweis.hu\/tuzoltoklinika\/files\/2026\/01\/fekete_gyorgy_tovabbkepzes.jpg 950w, https:\/\/semmelweis.hu\/tuzoltoklinika\/files\/2026\/01\/fekete_gyorgy_tovabbkepzes-400x267.jpg 400w, https:\/\/semmelweis.hu\/tuzoltoklinika\/files\/2026\/01\/fekete_gyorgy_tovabbkepzes-768x512.jpg 768w, https:\/\/semmelweis.hu\/tuzoltoklinika\/files\/2026\/01\/fekete_gyorgy_tovabbkepzes-753x502.jpg 753w, https:\/\/semmelweis.hu\/tuzoltoklinika\/files\/2026\/01\/fekete_gyorgy_tovabbkepzes-203x135.jpg 203w\" sizes=\"auto, (max-width: 753px) 100vw, 753px\" \/>\n                    <\/div>\n                    <div class=\"card-body  col flex-column  col-md-12 p-0\">\n                        <div class=\"line-clamp-box p-3\">\n                            <h5 class=\"ml-0 ml-sm-1 mt-2 align-items-center\"  >Fekete Gy\u00f6rgy Gyermekgy\u00f3gy\u00e1szati Tov\u00e1bbk\u00e9pz\u0151 Sorozat<\/h5>\n                        <\/div>\n                            <div class= \"line-clamp-box excerpt m-0 p-2 pl-3\">\n        <section>\n            \nTov\u00e1bbk\u00e9pz\u0151 rendezv\u00e9nysorozatunk (kor\u00e1bban: Ha kedd, akkor T\u0171zolt\u00f3 utca\u2026!) ingyenes, akkredit\u00e1lt f\u00f3rum, amely a gyermekgy\u00f3gy\u00e1szat \u00e9s a kapcsol\u00f3d\u00f3 t\u00e1rsszakm\u00e1k k\u00e9pvisel\u0151inek k\u00edn\u00e1l rendszeres tov\u00e1bbk\u00e9pz\u00e9si lehet\u0151s\u00e9get. A program a legfrissebb aj\u00e1nl\u00e1sok \u00e9s protokollok ment\u00e9n seg\u00edt eligazodni a klinikai gyakorlat aktu\u00e1lis k\u00e9rd\u00e9seiben, \u00e9s teret ad a k\u00f6zvetlen eszmecser\u00e9nek. A betegell\u00e1t\u00e1s els\u0151 vonal\u00e1ban dolgoz\u00f3k sz\u00e1m\u00e1ra \u00e9rt\u00e9kes kapaszkod\u00f3t ny\u00fajt a ..\n        <\/section>\n    <\/div>\n                    <\/div>\n                <\/div>\n\n            <\/div>\n        <\/a>\n    <\/div>    <div class =\"col  mb-2 card-wrapper\">\n        <a class=\"d-flex flex-fill card-link-warapper m-md-1\" href=\"https:\/\/semmelweis.hu\/tuzoltoklinika\/oktatas\/akkreditalt-tovabbkepzeseink\/retinoblastoma-szakmai-napok\/\">\n            <div class=\"card border border-secondary se-border flex-fill\">\n                <div class=\"row no-gutters mx-0 d-flex flex-nowrap flex-md-wrap align-items-center\">\n                    <div class =\"  col-5 col-md-12   card-image justify-content-center\">\n                        <img loading=\"lazy\" decoding=\"async\" width=\"753\" height=\"502\" src=\"https:\/\/semmelweis.hu\/tuzoltoklinika\/files\/2026\/01\/retinoblastoma_szakmai_napok.jpg\" class=\"landscape wp-post-image\" alt=\"\" srcset=\"https:\/\/semmelweis.hu\/tuzoltoklinika\/files\/2026\/01\/retinoblastoma_szakmai_napok.jpg 950w, https:\/\/semmelweis.hu\/tuzoltoklinika\/files\/2026\/01\/retinoblastoma_szakmai_napok-400x267.jpg 400w, https:\/\/semmelweis.hu\/tuzoltoklinika\/files\/2026\/01\/retinoblastoma_szakmai_napok-768x512.jpg 768w, https:\/\/semmelweis.hu\/tuzoltoklinika\/files\/2026\/01\/retinoblastoma_szakmai_napok-753x502.jpg 753w, https:\/\/semmelweis.hu\/tuzoltoklinika\/files\/2026\/01\/retinoblastoma_szakmai_napok-203x135.jpg 203w\" sizes=\"auto, (max-width: 753px) 100vw, 753px\" \/>\n                    <\/div>\n                    <div class=\"card-body  col flex-column  col-md-12 p-0\">\n                        <div class=\"line-clamp-box p-3\">\n                            <h5 class=\"ml-0 ml-sm-1 mt-2 align-items-center\"  >Retinoblastoma Szakmai Napok<\/h5>\n                        <\/div>\n                            <div class= \"line-clamp-box excerpt m-0 p-2 pl-3\">\n        <section>\n            A 2023-ban elind\u00edtott, akkredit\u00e1lt Retinoblastoma Szakmai Napok c\u00e9lja, hogy \u00e1tfog\u00f3 \u00e9s naprak\u00e9sz szakmai ismereteket ny\u00fajtson a retinoblastom\u00e1s betegek ell\u00e1t\u00e1s\u00e1ban r\u00e9szt vev\u0151 szakemberek sz\u00e1m\u00e1ra. A rendezv\u00e9nysorozat a maga nem\u00e9ben egyed\u00fcl\u00e1ll\u00f3, hiszen a Semmelweis Egyetem Gyermekgy\u00f3gy\u00e1szati \u00e9s Szem\u00e9szeti Klinik\u00e1inak szoros egy\u00fcttm\u0171k\u00f6d\u00e9s\u00e9ben val\u00f3sul meg.\nAz int\u00e9zm\u00e9nyek k\u00f6z\u00f6tti multidiszciplin\u00e1ris szakmai \u00f6sszefog\u00e1s, valamint az elm\u00falt \u00e9vekben bevezetett \u00faj diagnosztikus \u00e9s ..\n        <\/section>\n    <\/div>\n                    <\/div>\n                <\/div>\n\n            <\/div>\n        <\/a>\n    <\/div>        <\/div>\n    <\/section>\n<h5><strong>Tov\u00e1bbi akkredit\u00e1lt szakmai esem\u00e9nyek \u2013 2026. I. f\u00e9l\u00e9v<\/strong><\/h5>\n<div class=\"fontos_div\">2026.01.16-2026.06.10. <strong><a href=\"https:\/\/oftex.hu\/project_o\/actual_prg\/system\/launch.php?pg=.\/oftex\/TANF_Adatlap.php?msgid=93136&amp;tableid=0&amp;retcode=tanflist\" target=\"_blank\" rel=\"noopener\"><em>Gyermekgy\u00f3gy\u00e1szat foly\u00f3irat kv\u00edzj\u00e1t\u00e9ka <\/em><\/a><\/strong>(akkr. pont: 6)<\/div>\n<div class=\"fontos_div\">2026.01.29. <strong><a href=\"https:\/\/oftex.hu\/project_o\/actual_prg\/system\/launch.php?pg=.\/oftex\/TANF_Adatlap.php?msgid=93853&amp;tableid=0&amp;retcode=tanflist\" target=\"_blank\" rel=\"noopener\"><em>\u00dajsz\u00fcl\u00f6ttkori sz\u0171r\u00e9s a gyakorlatban &#8211; tov\u00e1bbk\u00e9pz\u00e9si tanfolyam <\/em><\/a><\/strong>(akkr. pont: 14)<\/div>\n<div class=\"fontos_div\">2026.03.05-2026.05.07. <strong><a href=\"https:\/\/semmelweis.hu\/bokayklinika\/oktatas\/tovabbkepzes\/bokay-akademia\/\" target=\"_blank\" rel=\"noopener\"><em>B\u00f3kay Akad\u00e9mia (2026. m\u00e1rc. 5. V\u00cdRUS &#8211; ; 2026. \u00e1pr. 9. FAL &#8211; ; 2026. m\u00e1j.7. ZS\u00cdR &#8211; ) <\/em><\/a><\/strong>(akkr. pont: 8)<\/div>\n<div class=\"fontos_div\">2026.03.20-2026.03.22. <strong><a href=\"https:\/\/oftex.hu\/project_o\/actual_prg\/system\/launch.php?pg=.\/oftex\/TANF_Adatlap.php?msgid=93891&amp;tableid=0&amp;retcode=tanflist\" target=\"_blank\" rel=\"noopener\"><em>Gyermekgasztroenterol\u00f3gia \u00e9s hepatol\u00f3gia tanfolyam<\/em><\/a><\/strong> (akkr. pont: 48)<\/div>\n<div class=\"fontos_div\">2026.04.23-2026.04.24. <strong><a href=\"https:\/\/oftex.hu\/project_o\/actual_prg\/system\/launch.php?pg=.\/oftex\/TANF_Adatlap.php?msgid=93382&amp;tableid=0&amp;retcode=tanflist\" target=\"_blank\" rel=\"noopener\"><em>K\u00e9palkot\u00f3 diagnosztika gyermekkorban, -MELLKAS <\/em><\/a><\/strong>(akkr. pont: 30)<\/div>\n<div class=\"fontos_div\">2026.05.29-2026.05.30. <em><strong><a href=\"https:\/\/oftex.hu\/project_o\/actual_prg\/system\/launch.php?pg=.\/oftex\/TANF_Adatlap.php?msgid=93275&amp;tableid=0&amp;retcode=tanflist\" target=\"_blank\" rel=\"noopener\">T\u00fals\u00fallyal \u00e9l\u0151 gyermekek \u00e9letm\u00f3dv\u00e1lt\u00e1s\u00e1nak t\u00e1mogat\u00e1sa<\/a><\/strong>\u00a0<\/em>(akkr. pont: 32)<\/div>\n<h5><strong>T\u00e1j\u00e9koztat\u00f3 tanfolyamaink r\u00e9szv\u00e9teli d\u00edj\u00e1r\u00f3l<\/strong><\/h5>\n<p>Tanfolyamainkon val\u00f3 r\u00e9szv\u00e9tel d\u00edja az OFTEX port\u00e1lon, a v\u00e1lasztott tanfolyam adatlapj\u00e1n szerepel.<\/p>\n<h5><strong>A R\u00c9SZV\u00c9TELI D\u00cdJ BEFIZET\u00c9S\u00c9NEK 3 LEHETS\u00c9GES M\u00d3DJA<\/strong><\/h5>\n<ol>\n<li><strong><b><u data-olk-copy-source=\"MailCompose\">el\u0151re \u00e1tutal\u00e1ssal<\/u><\/b> \u2013 utal\u00e1s alapj\u00e1n a sz\u00e1ml\u00e1t a <b><u data-olk-copy-source=\"MailCompose\">jelentkez\u0151 r\u00e9sz\u00e9re<\/u><\/b> \u00e1ll\u00edtjuk ki\n<p><\/strong>Az egyetem banksz\u00e1mlasz\u00e1ma: OTP 11784009-22236665<\/p>\n<p>A k\u00f6zlem\u00e9nybe felt\u00e9tlen\u00fcl sz\u00fcks\u00e9ges be\u00edrni: [tanfolyam OFTEX k\u00f3dsz\u00e1ma] + saj\u00e1t n\u00e9v (pl.: <em>SE-TK\/2022.I.\/00302. Saj\u00e1t n\u00e9v<\/em>)<\/p>\n<p>Minden befizet\u00e9sr\u0151l sz\u00e1ml\u00e1t \u00e1ll\u00edtunk ki, az utal\u00e1s be\u00e9rkez\u00e9s\u00e9t k\u00f6vet\u0151en. Sz\u00e1ml\u00e1z\u00e1shoz fontos, hogy az OFTEX-ben r\u00f6gz\u00edtve legyenek a jelentkez\u0151 mag\u00e1nszem\u00e9ly pontos sz\u00e1ml\u00e1z\u00e1si adatai (jelentkez\u0151 neve, sz\u00e1ml\u00e1z\u00e1si c\u00edme, ad\u00f3azonos\u00edt\u00f3 jele).<\/p>\n<p>A befizet\u00e9sr\u0151l sz\u00f3l\u00f3 bizonylatot k\u00e9rj\u00fck szkennelten megk\u00fcldeni a <a href=\"mailto:gyermektombig.szla@semmelweis.hu\">gyermektombig.szla@semmelweis.hu<\/a> c\u00edmre.<\/p>\n<\/li>\n<li><strong><b><u data-olk-copy-source=\"MailCompose\">el\u0151re \u00e1tutal\u00e1ssal<\/u><\/b> \u2013 utal\u00e1s alapj\u00e1n a sz\u00e1ml\u00e1t <b><u data-olk-copy-source=\"MailCompose\">C\u00c9G<\/u><\/b> (Kft., Bt. egy\u00e9ni v\u00e1llalkoz\u00f3, k\u00e9pz\u0151 int\u00e9zm\u00e9ny stb.) r\u00e9sz\u00e9re \u00e1ll\u00edtjuk ki<br \/>\n<\/strong><br \/>\nEz esetekben lepecs\u00e9telt, al\u00e1\u00edrt k\u00f6lts\u00e9gv\u00e1llal\u00f3 nyilatkozatot k\u00e9r\u00fcnk e-mailben megk\u00fcldeni a <a href=\"mailto:gyermektombig.szla@semmelweis.hu\">gyermektombig.szla@semmelweis.hu<\/a> c\u00edmre. A nyilatkozatot megtal\u00e1lja a let\u00f6lthet\u0151 nyomtatv\u00e1nyok k\u00f6z\u00f6tt.<\/p>\n<p>Az egyetem banksz\u00e1mlasz\u00e1ma: OTP 11784009-22236665<\/p>\n<p>A k\u00f6zlem\u00e9nybe felt\u00e9tlen\u00fcl sz\u00fcks\u00e9ges be\u00edrni: [tanfolyam OFTEX k\u00f3dsz\u00e1ma] + jelentkez\u0151 neve (pl.: <em>SE-TK\/2022.I.\/00302. Saj\u00e1t n\u00e9v<\/em> \u2013 ez alapj\u00e1n tudjuk a r\u00e9sztvev\u0151t azonos\u00edtani.)<\/p>\n<p>Minden befizet\u00e9sr\u0151l sz\u00e1ml\u00e1t \u00e1ll\u00edtunk ki, az utal\u00e1s be\u00e9rkez\u00e9s\u00e9t k\u00f6vet\u0151en. A befizet\u00e9sr\u0151l sz\u00f3l\u00f3 bizonylatot k\u00e9rj\u00fck szkennelten megk\u00fcldeni a <a href=\"mailto:gyermektombig.szla@semmelweis.hu\">gyermektombig.szla@semmelweis.hu<\/a> c\u00edmre.<\/p>\n<p>K\u00e9rj\u00fck, hogy a t\u00e1rsegyetemek dolgoz\u00f3i saj\u00e1t banksz\u00e1ml\u00e1r\u00f3l <u data-olk-copy-source=\"MailCompose\">ne utaljanak<\/u>, ha egyetem\u00fck nev\u00e9re k\u00e9rnek sz\u00e1ml\u00e1t!<\/p>\n<\/li>\n<li><strong><b><u data-olk-copy-source=\"MailCompose\">ut\u00f3lagos \u00e1tutal\u00e1ssal<\/u><\/b> \u2013 utal\u00e1s alapj\u00e1n a sz\u00e1ml\u00e1t <b><u data-olk-copy-source=\"MailCompose\">C\u00c9G<\/u><\/b> (Kft., Bt. egy\u00e9ni v\u00e1llalkoz\u00f3, k\u00e9pz\u0151 int\u00e9zm\u00e9ny stb.) r\u00e9sz\u00e9re \u00e1ll\u00edtjuk ki<br \/>\n<\/strong><br \/>\nEz esetekben lepecs\u00e9telt, al\u00e1\u00edrt k\u00f6lts\u00e9gv\u00e1llal\u00f3 nyilatkozatot k\u00e9r\u00fcnk e-mailben megk\u00fcldeni a <a href=\"mailto:gyermektombig.szla@semmelweis.hu\">gyermektombig.szla@semmelweis.hu<\/a> c\u00edmre, melynek tartalmaznia kell a c\u00e9g nev\u00e9t, c\u00edm\u00e9t, ad\u00f3sz\u00e1m\u00e1t. Kiz\u00e1r\u00f3lag a C\u00c9G r\u00e9sz\u00e9re lehets\u00e9ges az ut\u00f3lagos teljes\u00edt\u00e9s! A nyilatkozatot megtal\u00e1lja a let\u00f6lthet\u0151 nyomtatv\u00e1nyok k\u00f6z\u00f6tt.<\/p>\n<p>Az egyetem banksz\u00e1mlasz\u00e1ma: OTP 11784009-22236665<\/p>\n<p>A k\u00f6zlem\u00e9nybe felt\u00e9tlen\u00fcl sz\u00fcks\u00e9ges be\u00edrni: [tanfolyam OFTEX k\u00f3dsz\u00e1ma] + jelentkez\u0151 neve (pl.: <em>SE-TK\/2022.I.\/00302. Saj\u00e1t n\u00e9v<\/em> \u2013 ez alapj\u00e1n tudjuk a r\u00e9sztvev\u0151t azonos\u00edtani.)<\/p>\n<p>Minden befizet\u00e9sr\u0151l sz\u00e1ml\u00e1t \u00e1ll\u00edtunk ki, az utal\u00e1s be\u00e9rkez\u00e9s\u00e9t k\u00f6vet\u0151en. A befizet\u00e9sr\u0151l sz\u00f3l\u00f3 bizonylatot k\u00e9rj\u00fck szkennelten megk\u00fcldeni a <a href=\"mailto:gyermektombig.szla@semmelweis.hu\">gyermektombig.szla@semmelweis.hu<\/a> c\u00edmre.<\/p>\n<p>K\u00e9rj\u00fck, hogy a t\u00e1rsegyetemek dolgoz\u00f3i saj\u00e1t banksz\u00e1ml\u00e1r\u00f3l <u data-olk-copy-source=\"MailCompose\">ne utaljanak<\/u>, ha egyetem\u00fck nev\u00e9re k\u00e9rnek sz\u00e1ml\u00e1t!<\/li>\n<\/ol>\n<p><strong>Amennyiben tov\u00e1bbi inform\u00e1ci\u00f3ra van sz\u00fcks\u00e9ge a sz\u00e1ml\u00e1z\u00e1ssal kapcsolatban, k\u00e9szs\u00e9ggel \u00e1llunk rendelkez\u00e9s\u00e9re a k\u00f6vetkez\u0151 e-mail c\u00edmen: <a href=\"mailto:gyermektombig.szla@semmelweis.hu\">gyermektombig.szla@semmelweis.hu<\/a><\/strong><\/p>\n<div>\n<div class=\"exp-col-content-holder\"><a class=\"expand-cnt-link\" href=\"#\">Let\u00f6lthet\u0151 nyomtatv\u00e1nyok<\/a><\/p>\n<div class=\"hidden-content\">\n<p><a href=\"https:\/\/semmelweis.hu\/tuzoltoklinika\/files\/2026\/01\/Koltsegvallalasi-nyilatkozat.docx\">K\u00f6lts\u00e9gv\u00e1llal\u00e1si nyilatkozat<\/a><\/p>\n<\/div>\n<\/div>\n<\/div>\n","protected":false},"excerpt":{"rendered":"<p>A Semmelweis Egyetem Gyermekgy\u00f3gy\u00e1szati Klinik\u00e1j\u00e1n \u2013 haz\u00e1nk legels\u0151, Eur\u00f3pa negyedik legr\u00e9gebbi gyermekgy\u00f3gyint\u00e9zet\u00e9ben \u2013 a tov\u00e1bbk\u00e9pz\u00e9sek k\u00f6zvetlen\u00fcl a betegell\u00e1t\u00e1s sz\u00e9les k\u00f6r\u0171 klinikai tapasztalataira \u00e9p\u00fclnek. A B\u00f3kay \u00e9s T\u0171zolt\u00f3 utcai r\u00e9szlegek \u00e9vente mintegy 230 000 j\u00e1r\u00f3beteg \u00e9s t\u00f6bb mint 20 000 fekv\u0151beteg ell\u00e1t\u00e1s\u00e1t biztos\u00edtj\u00e1k, az orsz\u00e1g gyermekbetegeinek mintegy 14%-a itt kap kezel\u00e9st. Sz\u00e1mos betegs\u00e9g orsz\u00e1gos vagy region\u00e1lis &hellip;<\/p>\n","protected":false},"author":101602,"featured_media":0,"parent":2298,"menu_order":2,"comment_status":"closed","ping_status":"closed","template":"","meta":{"_acf_changed":false,"footnotes":""},"categories":[],"tags":[],"class_list":["post-10833","page","type-page","status-publish","hentry"],"acf":[],"_links":{"self":[{"href":"https:\/\/semmelweis.hu\/tuzoltoklinika\/wp-json\/wp\/v2\/pages\/10833","targetHints":{"allow":["GET"]}}],"collection":[{"href":"https:\/\/semmelweis.hu\/tuzoltoklinika\/wp-json\/wp\/v2\/pages"}],"about":[{"href":"https:\/\/semmelweis.hu\/tuzoltoklinika\/wp-json\/wp\/v2\/types\/page"}],"author":[{"embeddable":true,"href":"https:\/\/semmelweis.hu\/tuzoltoklinika\/wp-json\/wp\/v2\/users\/101602"}],"replies":[{"embeddable":true,"href":"https:\/\/semmelweis.hu\/tuzoltoklinika\/wp-json\/wp\/v2\/comments?post=10833"}],"version-history":[{"count":10,"href":"https:\/\/semmelweis.hu\/tuzoltoklinika\/wp-json\/wp\/v2\/pages\/10833\/revisions"}],"predecessor-version":[{"id":12005,"href":"https:\/\/semmelweis.hu\/tuzoltoklinika\/wp-json\/wp\/v2\/pages\/10833\/revisions\/12005"}],"up":[{"embeddable":true,"href":"https:\/\/semmelweis.hu\/tuzoltoklinika\/wp-json\/wp\/v2\/pages\/2298"}],"wp:attachment":[{"href":"https:\/\/semmelweis.hu\/tuzoltoklinika\/wp-json\/wp\/v2\/media?parent=10833"}],"wp:term":[{"taxonomy":"category","embeddable":true,"href":"https:\/\/semmelweis.hu\/tuzoltoklinika\/wp-json\/wp\/v2\/categories?post=10833"},{"taxonomy":"post_tag","embeddable":true,"href":"https:\/\/semmelweis.hu\/tuzoltoklinika\/wp-json\/wp\/v2\/tags?post=10833"}],"curies":[{"name":"wp","href":"https:\/\/api.w.org\/{rel}","templated":true}]}}