{"id":10712,"date":"2024-12-18T14:03:14","date_gmt":"2024-12-18T13:03:14","guid":{"rendered":"https:\/\/semmelweis.hu\/tuzoltoklinika\/?page_id=10712"},"modified":"2024-12-18T14:17:43","modified_gmt":"2024-12-18T13:17:43","slug":"tudomanyos-kozlemenyeink-2023","status":"publish","type":"page","link":"https:\/\/semmelweis.hu\/tuzoltoklinika\/tudomanyos-kozlemenyeink\/tudomanyos-kozlemenyeink-2023\/","title":{"rendered":"Tudom\u00e1nyos k\u00f6zlem\u00e9nyeink &#8211; 2023"},"content":{"rendered":"<p>&nbsp;<\/p>\n<p>A Semmelweis Egyetem Gyermekgy\u00f3gy\u00e1szati Klinik\u00e1ja 2023 \u00e9vben megjelent Tudom\u00e1nyos k\u00f6zlem\u00e9nyeit\u00a0<a href=\"https:\/\/semmelweis.hu\/tuzoltoklinika\/files\/2024\/12\/Folyoiratcikkek-es-absztraktok-2023-DOI-1.pdf\" target=\"_blank\" rel=\"noopener\"><strong>itt olvashatj\u00e1k.<\/strong><\/a><\/p>\n","protected":false},"excerpt":{"rendered":"<p>&nbsp;<br \/>\nA Semmelweis Egyetem Gyermekgy\u00f3gy\u00e1szati Klinik\u00e1ja 2023 \u00e9vben megjelent Tudom\u00e1nyos k\u00f6zlem\u00e9nyeit\u00a0<a href=\"https:\/\/semmelweis.hu\/tuzoltoklinika\/files\/2024\/12\/Folyoiratcikkek-es-absztraktok-2023-DOI-1.pdf\" target=\"_blank\" rel=\"noopener\">itt olvashatj\u00e1k.<\/a><\/p>\n","protected":false},"author":101602,"featured_media":0,"parent":10707,"menu_order":0,"comment_status":"closed","ping_status":"closed","template":"","meta":{"_acf_changed":false,"footnotes":""},"categories":[],"tags":[],"class_list":["post-10712","page","type-page","status-publish","hentry"],"acf":[],"_links":{"self":[{"href":"https:\/\/semmelweis.hu\/tuzoltoklinika\/wp-json\/wp\/v2\/pages\/10712","targetHints":{"allow":["GET"]}}],"collection":[{"href":"https:\/\/semmelweis.hu\/tuzoltoklinika\/wp-json\/wp\/v2\/pages"}],"about":[{"href":"https:\/\/semmelweis.hu\/tuzoltoklinika\/wp-json\/wp\/v2\/types\/page"}],"author":[{"embeddable":true,"href":"https:\/\/semmelweis.hu\/tuzoltoklinika\/wp-json\/wp\/v2\/users\/101602"}],"replies":[{"embeddable":true,"href":"https:\/\/semmelweis.hu\/tuzoltoklinika\/wp-json\/wp\/v2\/comments?post=10712"}],"version-history":[{"count":2,"href":"https:\/\/semmelweis.hu\/tuzoltoklinika\/wp-json\/wp\/v2\/pages\/10712\/revisions"}],"predecessor-version":[{"id":10720,"href":"https:\/\/semmelweis.hu\/tuzoltoklinika\/wp-json\/wp\/v2\/pages\/10712\/revisions\/10720"}],"up":[{"embeddable":true,"href":"https:\/\/semmelweis.hu\/tuzoltoklinika\/wp-json\/wp\/v2\/pages\/10707"}],"wp:attachment":[{"href":"https:\/\/semmelweis.hu\/tuzoltoklinika\/wp-json\/wp\/v2\/media?parent=10712"}],"wp:term":[{"taxonomy":"category","embeddable":true,"href":"https:\/\/semmelweis.hu\/tuzoltoklinika\/wp-json\/wp\/v2\/categories?post=10712"},{"taxonomy":"post_tag","embeddable":true,"href":"https:\/\/semmelweis.hu\/tuzoltoklinika\/wp-json\/wp\/v2\/tags?post=10712"}],"curies":[{"name":"wp","href":"https:\/\/api.w.org\/{rel}","templated":true}]}}