{"id":10493,"date":"2024-11-08T13:14:33","date_gmt":"2024-11-08T12:14:33","guid":{"rendered":"https:\/\/semmelweis.hu\/tuzoltoklinika\/?page_id=10493"},"modified":"2024-11-08T13:19:22","modified_gmt":"2024-11-08T12:19:22","slug":"neurologiai-osztaly","status":"publish","type":"page","link":"https:\/\/semmelweis.hu\/tuzoltoklinika\/betegellatas\/neurologiai-osztaly\/","title":{"rendered":"Neurol\u00f3giai oszt\u00e1ly"},"content":{"rendered":"<p><strong>Oszt\u00e1lyvezet\u0151 f\u0151orvos:<\/strong> Dr. Farkas M. Krist\u00f3f, gyermekgy\u00f3gy\u00e1sz, klinikai szakorvos<br \/>\n<strong>Oszt\u00e1lyvezet\u0151 f\u0151n\u0151v\u00e9r:<\/strong> N\u00e9meth S\u00e1ndorn\u00e9 Csilla<\/p>\n<p>&nbsp;<\/p>\n<p><strong>El\u00e9rhet\u0151s\u00e9geink:<\/strong><br \/>\nGyermekgy\u00f3gy\u00e1szati Klinika (T\u0171zolt\u00f3 utcai r\u00e9szleg) Neurol\u00f3giai oszt\u00e1ly<br \/>\n1094 Budapest, T\u0171zolt\u00f3 u. 7-9., 2. emelet &#8222;C&#8221; oszt\u00e1ly<br \/>\nTelefon: 06 1 215-1380\/52836-os mell\u00e9k<\/p>\n<p>Rendel\u00e9s\u00fcnkre id\u0151pont k\u00e9rhet\u0151, Klinik\u00e1nk honlapj\u00e1n, az online id\u0151pont foglal\u00e1si rendszer\u00fcnk\u00f6n kereszt\u00fcl: <a href=\"https:\/\/elojegyzes.meditime.hu\/14\">https:\/\/elojegyzes.meditime.hu\/14<\/a> <\/p>\n<table style=\"border-collapse: collapse;width: 64.6545%\">\n<tbody>\n<tr>\n<td style=\"width: 20.4606%;text-align: center\" colspan=\"3\">Rendel\u00e9si id\u0151 az ambulanci\u00e1n<\/td>\n<\/tr>\n<tr>\n<td style=\"width: 20.4606%\">H\u00c9TF\u0150<\/td>\n<td style=\"width: 13.4787%\" rowspan=\"2\">10:00 &#8211; 12:00\u00a0<\/td>\n<td style=\"width: 30.7151%\" rowspan=\"2\">Dr. Farkas M. Krist\u00f3f<\/td>\n<\/tr>\n<tr>\n<td style=\"width: 20.4606%\">KEDD<\/td>\n<\/tr>\n<\/tbody>\n<\/table>\n","protected":false},"excerpt":{"rendered":"<p>Oszt\u00e1lyvezet\u0151 f\u0151orvos: Dr. Farkas M. Krist\u00f3f, gyermekgy\u00f3gy\u00e1sz, klinikai szakorvos Oszt\u00e1lyvezet\u0151 f\u0151n\u0151v\u00e9r: N\u00e9meth S\u00e1ndorn\u00e9 Csilla &nbsp; El\u00e9rhet\u0151s\u00e9geink: Gyermekgy\u00f3gy\u00e1szati Klinika (T\u0171zolt\u00f3 utcai r\u00e9szleg) Neurol\u00f3giai oszt\u00e1ly 1094 Budapest, T\u0171zolt\u00f3 u. 7-9., 2. emelet &#8222;C&#8221; oszt\u00e1ly Telefon: 06 1 215-1380\/52836-os mell\u00e9k Rendel\u00e9s\u00fcnkre id\u0151pont k\u00e9rhet\u0151, Klinik\u00e1nk honlapj\u00e1n, az online id\u0151pont foglal\u00e1si rendszer\u00fcnk\u00f6n kereszt\u00fcl: <a href=\"https:\/\/elojegyzes.meditime.hu\/14\">https:\/\/elojegyzes.meditime.hu\/14<\/a> Rendel\u00e9si id\u0151 az ambulanci\u00e1n H\u00c9TF\u0150 10:00 &#8211; &hellip;<\/p>\n","protected":false},"author":101602,"featured_media":0,"parent":3972,"menu_order":0,"comment_status":"closed","ping_status":"closed","template":"","meta":{"_acf_changed":false,"footnotes":""},"categories":[],"tags":[],"class_list":["post-10493","page","type-page","status-publish","hentry"],"acf":[],"_links":{"self":[{"href":"https:\/\/semmelweis.hu\/tuzoltoklinika\/wp-json\/wp\/v2\/pages\/10493","targetHints":{"allow":["GET"]}}],"collection":[{"href":"https:\/\/semmelweis.hu\/tuzoltoklinika\/wp-json\/wp\/v2\/pages"}],"about":[{"href":"https:\/\/semmelweis.hu\/tuzoltoklinika\/wp-json\/wp\/v2\/types\/page"}],"author":[{"embeddable":true,"href":"https:\/\/semmelweis.hu\/tuzoltoklinika\/wp-json\/wp\/v2\/users\/101602"}],"replies":[{"embeddable":true,"href":"https:\/\/semmelweis.hu\/tuzoltoklinika\/wp-json\/wp\/v2\/comments?post=10493"}],"version-history":[{"count":2,"href":"https:\/\/semmelweis.hu\/tuzoltoklinika\/wp-json\/wp\/v2\/pages\/10493\/revisions"}],"predecessor-version":[{"id":10496,"href":"https:\/\/semmelweis.hu\/tuzoltoklinika\/wp-json\/wp\/v2\/pages\/10493\/revisions\/10496"}],"up":[{"embeddable":true,"href":"https:\/\/semmelweis.hu\/tuzoltoklinika\/wp-json\/wp\/v2\/pages\/3972"}],"wp:attachment":[{"href":"https:\/\/semmelweis.hu\/tuzoltoklinika\/wp-json\/wp\/v2\/media?parent=10493"}],"wp:term":[{"taxonomy":"category","embeddable":true,"href":"https:\/\/semmelweis.hu\/tuzoltoklinika\/wp-json\/wp\/v2\/categories?post=10493"},{"taxonomy":"post_tag","embeddable":true,"href":"https:\/\/semmelweis.hu\/tuzoltoklinika\/wp-json\/wp\/v2\/tags?post=10493"}],"curies":[{"name":"wp","href":"https:\/\/api.w.org\/{rel}","templated":true}]}}