{"id":1027,"date":"2013-09-29T18:46:05","date_gmt":"2013-09-29T16:46:05","guid":{"rendered":"http:\/\/tuzoltoklinika.semmelweis.hu\/?page_id=1027"},"modified":"2026-03-20T17:31:31","modified_gmt":"2026-03-20T16:31:31","slug":"alapitvanyok","status":"publish","type":"page","link":"https:\/\/semmelweis.hu\/tuzoltoklinika\/alapitvanyok\/","title":{"rendered":"Alap\u00edtv\u00e1nyaink"},"content":{"rendered":"<blockquote>\n<p>Adj \u00e9s kapni fogsz, sokkal t\u00f6bbet, mint valaha gondoltad volna.&#8221;\u00a0<span style=\"font-size: 12pt\">(Anne Frank)<\/span><\/p>\n<\/blockquote>\n<p>K\u00e9rj\u00fck t\u00e1mogassa Alap\u00edtv\u00e1nyainkon kereszt\u00fcl a beteg gyermekek gy\u00f3gyul\u00e1s\u00e1t! T\u00e1mogat\u00f3ink nemes felaj\u00e1nl\u00e1sainak k\u00f6sz\u00f6nhet\u0151en, az int\u00e9zm\u00e9ny\u00fcnkben kezelt beteg gyermekek magasabb sz\u00ednvonal\u00fa ell\u00e1t\u00e1sban r\u00e9szes\u00fclhetnek: gy\u00f3gy\u00edt\u00e1sukat, k\u00f3rh\u00e1zi \u00e1pol\u00e1sukat \u00e9s gondoz\u00e1si k\u00f6r\u00fclm\u00e9nyeiket jav\u00edt\u00f3 beruh\u00e1z\u00e1sokat tudunk megval\u00f3s\u00edtani t\u00e1mogat\u00f3ink seg\u00edts\u00e9g\u00e9vel. K\u00e9rj\u00fck, ha ezen c\u00e9lokat fontosnak tartja, befizet\u00e9ssel, vagy szem\u00e9lyi j\u00f6vedelemad\u00f3ja 1%-nak felaj\u00e1nl\u00e1s\u00e1val seg\u00edtsen nek\u00fcnk azok megval\u00f3s\u00edt\u00e1s\u00e1ban.<\/p>\n<p>H\u00e1l\u00e1san k\u00f6sz\u00f6nj\u00fck!<\/p>\n<p>&nbsp;<\/p>\n<h2><strong>\u0150rz\u0151k K\u00f6zhaszn\u00fa Alap\u00edtv\u00e1ny a T\u0171zolt\u00f3 utcai <\/strong><strong>Daganatos \u00e9s Leuk\u00e9mi\u00e1s Gyermekek\u00e9rt<\/strong><\/h2>\n<p><img loading=\"lazy\" decoding=\"async\" class=\"alignleft wp-image-2606 size-thumbnail\" src=\"https:\/\/semmelweis.hu\/tuzoltoklinika\/files\/2016\/02\/orzok_logo-150x150.png\" alt=\"orzok_logo\" width=\"150\" height=\"150\" srcset=\"https:\/\/semmelweis.hu\/tuzoltoklinika\/files\/2016\/02\/orzok_logo-150x150.png 150w, https:\/\/semmelweis.hu\/tuzoltoklinika\/files\/2016\/02\/orzok_logo-300x300.png 300w, https:\/\/semmelweis.hu\/tuzoltoklinika\/files\/2016\/02\/orzok_logo.png 500w\" sizes=\"auto, (max-width: 150px) 100vw, 150px\" \/> Az \u0150RZ\u0150K K\u00f6zhaszn\u00fa Alap\u00edtv\u00e1ny a T\u0171zolt\u00f3 utcai Daganatos \u00e9s Leuk\u00e9mi\u00e1s Gyermekek\u00e9rt, r\u00e9gi nev\u00e9n \u201eTumor Leuk\u00e9mi\u00e1s Gyermekek\u00e9rt Alap\u00edtv\u00e1ny\u201d-t 1989-ben alap\u00edtott\u00e1k. Az egyetlen olyan alap\u00edtv\u00e1ny, melynek alap\u00edt\u00f3i k\u00f6z\u00f6tt, maga a Semmelweis Egyetem Gyermekgy\u00f3gy\u00e1szati Klinika T\u0171zolt\u00f3 utcai r\u00e9szleg (a kor\u00e1bbi II.sz. Gyermekgy\u00f3gy\u00e1szati Klinika) is jelen van. Az Alap\u00edtv\u00e1ny m\u00e1r t\u00f6bb, mint 30 \u00e9ve a Gyermekgy\u00f3gy\u00e1szati Klinika T\u0171zolt\u00f3 utcai r\u00e9szleg\u00e9nek t\u00e1mogat\u00e1sa \u00e9rdek\u00e9ben tev\u00e9kenykedik. M\u0171k\u00f6d\u00e9s\u00e9nek f\u0151 ter\u00fclete a gyermekek megfelel\u0151 gy\u00f3gy\u00edt\u00e1si k\u00f6r\u00fclm\u00e9nyeinek kialak\u00edt\u00e1sa \u00e9s fenntart\u00e1sa, a legmodernebb kezel\u00e9si \u00e9s diagnosztikai elj\u00e1r\u00e1sok biztos\u00edt\u00e1sa, szakszem\u00e9lyzet folyamatos magas sz\u00ednvonal\u00fa k\u00e9pz\u00e9se \u00e9s a gyermekek hat\u00e9kony rehabilit\u00e1ci\u00f3j\u00e1nak el\u0151seg\u00edt\u00e9se.\u00a0<\/p>\n<div class=\"keretes w-100\">\n<p><strong>Weboldal:\u00a0<\/strong><a href=\"https:\/\/orzok.hu\/\" target=\"_blank\" rel=\"noopener\">https:\/\/orzok.hu\/<\/a><br \/>\n<strong>E-mail:<\/strong>\u00a0<a href=\"mailto:orzok@orzokalapitvany.org\">orzok@orzok.hu<\/a>\u00a0<br \/>\n<strong>Telefonsz\u00e1m: <\/strong>36 20 663-2275 <br \/>\n<strong>C\u00edm:\u00a0<\/strong>1094 Budapest, T\u0171zolt\u00f3 u. 7-9.<br \/>\n<strong>Sz\u00e1mlasz\u00e1m:<\/strong>\u00a0OTP 11709002-20065829 <br \/>\n<strong>Ad\u00f3sz\u00e1m:<\/strong>\u00a019017808-1-43 \u00a0<\/p>\n<\/div>\n<p>&nbsp;<\/p>\n<h2><strong>A T\u0171zolt\u00f3 utcai Gyermekklinika Betegei\u00e9rt Alap\u00edtv\u00e1ny<\/strong><\/h2>\n<p><img loading=\"lazy\" decoding=\"async\" class=\"alignleft\" src=\"https:\/\/semmelweis.hu\/tuzoltoklinika\/files\/2013\/09\/tugyermalap1.jpg\" alt=\"\" width=\"150\" height=\"150\" \/><\/p>\n<p>A T\u0171zolt\u00f3 utcai Gyermekklinika Betegei\u00e9rt Alap\u00edtv\u00e1ny kiz\u00e1r\u00f3lag azon munk\u00e1lkodik, hogy a Semmelweis Egyetem Gyermekgy\u00f3gy\u00e1szati Klinika T\u0171zolt\u00f3 utcai r\u00e9szleg\u00e9n (a kor\u00e1bbi II. sz. Gyermekklinika) \u00e1polt valamennyi beteg gy\u00f3gyul\u00e1s\u00e1nak \u00e9rdek\u00e9ben olyan seg\u00edt\u0151k\u00e9sz embereket tal\u00e1ljon, akik j\u00f3t\u00e9tem\u00e9ny\u00fckkel kieg\u00e9sz\u00edtik a b\u0151s\u00e9gesnek nem nevezhet\u0151 \u2013 n\u00e9ha m\u00e9g el\u00e9gs\u00e9gesnek is alig mondhat\u00f3 \u2013 \u00e1llami forr\u00e1sainkat. Az eg\u00e9szs\u00e9g semmivel sem p\u00f3tolhat\u00f3 \u00e9rt\u00e9k\u00e9t igaz\u00e1n csak akkor \u00e9rz\u00e9kelj\u00fck, ha hi\u00e1ny\u00e1t\u00f3l szenved\u00fcnk. M\u00e9g ink\u00e1bb \u00edgy van ez, ha gyermekek betegs\u00e9g\u00e9vel kell megbirk\u00f3zni. Ezt a feladatot ma haz\u00e1nkban adom\u00e1nyoz\u00f3k seg\u00edts\u00e9ge n\u00e9lk\u00fcl megval\u00f3s\u00edtani nem lehet.<\/p>\n<p>Az Alap\u00edtv\u00e1ny c\u00e9lja, hogy a Gyermekklinika T\u0171zolt\u00f3 utcai r\u00e9szleg\u00e9n kezel\u00e9sre szorul\u00f3 betegek gy\u00f3gy\u00edt\u00e1suk sor\u00e1n a legmagasabb sz\u00ednvonal\u00fa ell\u00e1t\u00e1sban r\u00e9szes\u00fclhessenek, amihez a leg\u00fajabb diagnosztikus \u00e9s ter\u00e1pi\u00e1s elj\u00e1r\u00e1sok alkalmaz\u00e1sa, korszer\u0171 m\u0171szerek, kultur\u00e1lt k\u00f6rnyezet \u00e9s megfelel\u0151en k\u00e9pzett, elhivatott szakemberg\u00e1rda sz\u00fcks\u00e9ges. Ezen nemes c\u00e9lhoz k\u00e9rj\u00fck k\u00f6zhaszn\u00fa Alap\u00edtv\u00e1nyunk t\u00e1mogat\u00e1s\u00e1t.<\/p>\n<p>2023. \u00e9vi besz\u00e1mol\u00f3<span style=\"color: #ffff00\">\u00a0<a href=\"https:\/\/semmelweis.hu\/tuzoltoklinika\/files\/2024\/06\/751_Tuzolto-beszamolo_2023-mod.pdf\" target=\"_blank\" rel=\"noopener\"><span style=\"color: #3366ff\">el\u00e9rhet\u0151 itt<\/span><\/a><\/span> 22KOZ nyomtatv\u00e1ny <a href=\"https:\/\/semmelweis.hu\/tuzoltoklinika\/files\/2024\/06\/751_Tuzolto_22KOZ.pdf\" target=\"_blank\" rel=\"noopener\"><span style=\"color: #0000ff\">el\u00e9rhet\u0151 itt<\/span><\/a><br \/>\n2024. \u00e9vi besz\u00e1mol\u00f3<span style=\"color: #ffff00\">\u00a0<a href=\"https:\/\/semmelweis.hu\/tuzoltoklinika\/files\/2025\/06\/2024.-evi-penzugyi-beszamolo.pdf\" target=\"_blank\" rel=\"noopener\"><span style=\"color: #3366ff\">el\u00e9rhet\u0151 itt<\/span><\/a><\/span> 23KOZ nyomtatv\u00e1ny <a href=\"https:\/\/semmelweis.hu\/tuzoltoklinika\/files\/2025\/06\/751_Tuzolto_23KOZ.pdf\" target=\"_blank\" rel=\"noopener\"><span style=\"color: #0000ff\">el\u00e9rhet\u0151 itt<\/span><\/a><\/p>\n<div class=\"keretes w-100\">\n<p><strong>E-mail:<\/strong>\u00a0<a href=\"mailto:tuzoltoklin.alapitvany@gmail.com\">tuzoltoklin.alapitvany@gmail.com<\/a> <br \/>\n<strong>Telefonsz\u00e1m\/Fax: <\/strong>36 20 825-9484<br \/>\n<strong>C\u00edm:\u00a0<\/strong>1094 Budapest, T\u0171zolt\u00f3 u. 7-9.<br \/>\n<strong>Sz\u00e1mlasz\u00e1m:<\/strong> MBH Bank 10300002-20210658-00003285<br \/>\n<strong>Ad\u00f3sz\u00e1m:<\/strong>\u00a018252422-1-43 \u00a0<\/p>\n<\/div>\n<p style=\"text-align: center\"><span style=\"color: #ff0000\"><strong>FIGYELEM! <\/strong><\/span><strong><span style=\"color: #ff0000\">A T\u0171zolt\u00f3 utcai Gyermekklinika Betegei\u00e9rt Alap\u00edtv\u00e1ny szem\u00e9lyes gy\u0171jt\u00e9sre, (p\u00e9nz \u00e9s t\u00e1rgyi adom\u00e1nyok beszed\u00e9s\u00e9re) megb\u00edz\u00e1st soha nem adott senkinek, \u00e9s ezt a j\u00f6v\u0151ben sem tervezi! <\/span><\/strong><strong style=\"font-size: 1rem\"><span style=\"color: #ff0000\">Sz\u00edves felaj\u00e1nl\u00e1saikat tov\u00e1bbra is k\u00f6sz\u00f6nettel fogadjuk,\u00a0<\/span><\/strong><span style=\"font-size: 18pt\"><strong><span style=\"color: #ff0000\">KIZ\u00c1R\u00d3LAG <\/span><\/strong><\/span><strong style=\"font-size: 1rem\"><span style=\"color: #ff0000\">az<br \/>\n<\/span><\/strong><strong><span style=\"color: #ff0000\">MKB 10300002-20210658-00003285 sz\u00e1m\u00fa banksz\u00e1mla sz\u00e1munkra.\u00a0<br \/>\n<\/span><\/strong><strong><span style=\"color: #ff0000\">K\u00e9rj\u00fck, \u00f3vakodjanak az illet\u00e9ktelenek megkeres\u00e9seit\u0151l!\u00a0<\/span><\/strong><\/p>\n<p>&nbsp;<\/p>\n<h2><strong>J\u00e1tsz\u00f3h\u00e1z Alap\u00edtv\u00e1ny\u00a0<\/strong><\/h2>\n<p><img loading=\"lazy\" decoding=\"async\" class=\"wp-image-6794 alignleft\" src=\"https:\/\/semmelweis.hu\/tuzoltoklinika\/files\/2020\/11\/logo-sotej\u00e1tsz\u00f3h\u00e1z.jpg\" alt=\"\" width=\"116\" height=\"108\" \/><\/p>\n<p><span style=\"font-size: 1rem;text-align: justify\">Alap\u00edt\u00f3: <\/span><strong style=\"font-size: 1rem;text-align: justify\">Peremartoni Krisztina,\u00a0<\/strong><span style=\"font-size: 1rem;text-align: justify\">sz\u00ednm\u0171v\u00e9sz<\/span><br \/>\n<span style=\"font-size: 1rem;text-align: justify\">Az int\u00e9zm\u00e9ny\u00fcnkben fekv\u0151betegk\u00e9nt tart\u00f3zkod\u00f3 gyermekek foglalkoztat\u00e1s\u00e1nak megteremt\u00e9s\u00e9re j\u00f6tt l\u00e9tre a J\u00c1TSZ\u00d3H\u00c1Z\u00a0 Alap\u00edtv\u00e1ny. Az \u00e9p\u00fcletben m\u0171k\u00f6d\u0151 j\u00e1tsz\u00f3h\u00e1z hivatott a kis betegek klinik\u00e1nkon t\u00f6lt\u00f6tt idej\u00e9nek jobb\u00e1, hasznosabb\u00e1 t\u00e9tel\u00e9re egy k\u00fcl\u00f6n erre a c\u00e9lra alkalmazott munkat\u00e1rs k\u00f6zrem\u0171k\u00f6d\u00e9s\u00e9vel. A j\u00e1tsz\u00f3h\u00e1zban k\u00e9t j\u00f3l felszerelt sz\u00e1m\u00edt\u00f3g\u00e9p \u00e9s k\u00fcl\u00f6nb\u00f6z\u0151 j\u00e1t\u00e9kok, k\u00f6nyvek, k\u00e9zimunk\u00e1z\u00e1shoz sz\u00fcks\u00e9ges kell\u00e9kek \u00e1llnak a gyermekek rendelkez\u00e9s\u00e9re. A foglalkoz\u00e1sokhoz \u00e9s a helyis\u00e9g fenntart\u00e1s\u00e1hoz az Alap\u00edtv\u00e1ny j\u00e1rul hozz\u00e1. T\u00e1rgyi, \u00e9s anyagi felaj\u00e1nl\u00e1saik igen nagy seg\u00edts\u00e9get jelentenek kis betegeink oszt\u00e1lyainkon val\u00f3 tart\u00f3zkod\u00e1s\u00e1nak k\u00f6nnyebb\u00e9 t\u00e9tele \u00e9rdek\u00e9ben. Legfontosabb c\u00e9lunk, hogy a gyermekek k\u00f3rh\u00e1zi tart\u00f3zkod\u00e1sa idej\u00e9n &#8211; amennyire csak lehets\u00e9ges &#8211; pr\u00f3b\u00e1ljuk figyelm\u00fcket, saj\u00e1t betegs\u00e9g\u00fckr\u0151l elterelni, melyre egy j\u00f3l felszerelt j\u00e1tsz\u00f3h\u00e1z kiv\u00e1l\u00f3 terep lehet. <\/span><span style=\"font-size: 1rem;text-align: justify\">Felaj\u00e1nl\u00e1saikat h\u00e1l\u00e1san k\u00f6sz\u00f6nj\u00fck! <\/span><\/p>\n<div class=\"keretes w-100\">\n<p><strong style=\"font-size: 1rem;text-align: justify\">Weboldal: <\/strong><a href=\"http:\/\/sotejatszohaz.hu\/\" target=\"_blank\" rel=\"noopener noreferrer\">http:\/\/sotejatszohaz.hu\/<\/a><strong style=\"font-size: 1rem;text-align: justify\"> <br \/>\nE-mail:<\/strong><span style=\"font-size: 1rem;text-align: justify\">\u00a0<\/span><a href=\"mailto:info@sotejatszohaz.hu\">info@sotejatszohaz.hu<\/a><span style=\"font-size: 1rem;text-align: justify\"> <br \/>\n<\/span><strong style=\"font-size: 1rem;text-align: justify\">Telefonsz\u00e1m: <\/strong><span style=\"font-size: 1rem;text-align: justify\">36 (1) 215-1380\/ 52804 <br \/>\n<\/span><strong style=\"font-size: 1rem;text-align: justify\">C\u00edm:\u00a0<\/strong><span style=\"font-size: 1rem;text-align: justify\">1094 Budapest, T\u0171zolt\u00f3 u. 7-9.<br \/>\n<\/span><strong style=\"font-size: 1rem;text-align: justify\">Sz\u00e1mlasz\u00e1m:<\/strong><span style=\"font-size: 1rem;text-align: justify\">\u00a0OTB Bank Rt. 11701004-20152264-00000000 <br \/>\n<\/span><strong style=\"font-size: 1rem;text-align: justify\">Ad\u00f3sz\u00e1m:<\/strong><span style=\"font-size: 1rem;text-align: justify\">\u00a018056996-1-43\u00a0<\/span><\/p>\n<\/div>\n<p>&nbsp;<\/p>\n<h2><strong><img decoding=\"async\" src=\"https:\/\/semmelweis.hu\/tuzoltoklinika\/files\/2021\/01\/dgy-3.jpg\" \/>Egy\u00fctt a Daganatos Gyermekek\u00e9rt<\/strong><\/h2>\n<p>Az &#8222;Egy\u00fctt a Daganatos Gyermekek\u00e9rt &#8211; kiemelked\u0151en k\u00f6zhaszn\u00fa \u2013 Alap\u00edtv\u00e1ny&#8221; 1999-ben azzal a c\u00e9llal alakult, hogy seg\u00edtse a Magyar Gyermekonkol\u00f3giai H\u00e1l\u00f3zat munk\u00e1j\u00e1t, valamint a Semmelweis Egyetem Gyermekgy\u00f3gy\u00e1szati Klinika T\u0171zolt\u00f3 utcai r\u00e9szleg\u00e9n (a kor\u00e1bbi II. sz. Gyermekgy\u00f3gy\u00e1szati Klinika) kezelt s\u00falyos tumoros, daganatos, leuk\u00e9mi\u00e1s betegs\u00e9gben szenved\u0151 gyermekek gy\u00f3gy\u00edt\u00e1s\u00e1t. Az Alap\u00edtv\u00e1ny feladatai k\u00f6z\u00f6tt kiemelt szerepet kapott a T\u0171zolt\u00f3 utcai r\u00e9szleg t\u00e1mogat\u00e1sa. Jelent\u0151s \u00f6sszeg\u0171 eszk\u00f6zv\u00e1s\u00e1rl\u00e1ssal seg\u00edtik a Gyermekonkol\u00f3giai H\u00e1l\u00f3zat tov\u00e1bbi centrumait is. Folyamatosan \u00faj\u00edtj\u00e1k a Gyermekgy\u00f3gy\u00e1szati Klinika T\u0171zolt\u00f3 utcai r\u00e9szleg\u00e9nek eszk\u00f6zparkj\u00e1t, ezzel is t\u00e1mogatj\u00e1k a magas szint\u0171 gy\u00f3gy\u00edt\u00f3 munk\u00e1t.\u00a0\u00a0Minden szolg\u00e1ltat\u00e1s (betegsz\u00e1ll\u00edt\u00e1s, baba-mama lak\u00e1s, gy\u00f3gytorna, Kisk\u0151r\u00f6si Rehabilit\u00e1ci\u00f3s H\u00e1z, szabadid\u0151s programok) t\u00e9r\u00edt\u00e9smentesen ig\u00e9nybevehet\u0151 a daganatos \u00e9s leuk\u00e9mi\u00e1s betegs\u00e9gben szenved\u0151 gyermekeknek, akik \u00e9rintett betegk\u00e9nt m\u00e1s szemsz\u00f6gb\u0151l l\u00e1tj\u00e1k betegs\u00e9g\u00fcket, \u00e9s a gy\u00f3gyul\u00e1shoz vezet\u0151 utat. Fontos, hogy t\u00e1mogassuk \u0151ket ezen az \u00faton, seg\u00edts\u00fck \u0151ket, t\u00fcrelmet, er\u0151t, hitet, kitart\u00e1st mutassunk. A programok \u00f6ssze\u00e1ll\u00edt\u00e1sa is ezt t\u00fckr\u00f6zi, azokat \u00fagy \u00e1ll\u00edtottuk \u00f6ssze, <span class=\"d2edcug0\">\u00a0hogy seg\u00edts\u00e9k a gyermekek \u00e9letmin\u0151s\u00e9g\u00e9nek jav\u00edt\u00e1s\u00e1t \u00e9s a gy\u00f3gy\u00edt\u00e1s ide\u00e1lis felt\u00e9teleinek megteremt\u00e9s\u00e9t.\u00a0<\/span><\/p>\n<div class=\"keretes w-100\">\n<p><strong>Weboldal: <\/strong><a href=\"https:\/\/dgy.hu\/\" target=\"_blank\" rel=\"noopener noreferrer\">https:\/\/dgy.hu\/<\/a><strong> <br \/>\nE-mail:<\/strong>\u00a0<a href=\"mailto:stalter@dgy.hu\">stalter@dgy.hu<\/a> <br \/>\n<strong>Telefonsz\u00e1m:\u00a0<\/strong>36 (1) 299-0422 <br \/>\n<strong>C\u00edm:<\/strong>\u00a01094 Budapest, Angyal u. 36. fszt. <br \/>\n<strong>Sz\u00e1mlasz\u00e1m:\u00a0<\/strong>K&amp;H Bank 10400621-06201821-00000000 <br \/>\n<strong>Ad\u00f3sz\u00e1m:\u00a0<\/strong>18356076-1-03<\/p>\n<\/div>\n<p>\u00a0 <strong>Klinik\u00e1nkat t\u00e1mogat\u00f3 tov\u00e1bbi alap\u00edtv\u00e1nyok<\/strong><\/p>\n<ul>\n<li><a href=\"http:\/\/www.szcsa.hu\/kapcsolat.html\" target=\"_blank\" rel=\"noopener noreferrer\">Sz\u00edvbeteg Csecsem\u0151k\u00e9rt Alap\u00edtv\u00e1ny<\/a><\/li>\n<li><a href=\"https:\/\/remenytado.hu\/\" target=\"_blank\" rel=\"noopener noreferrer\">Rem\u00e9nytad\u00f3 Alap\u00edtv\u00e1ny<\/a><\/li>\n<li><a href=\"http:\/\/barsonysziv.hu\/\">B\u00e1rsonysz\u00edv Alap\u00edtv\u00e1ny<\/a><\/li>\n<li><a href=\"http:\/\/segitoszivvel.hu\/\" target=\"_blank\" rel=\"noopener noreferrer\">Seg\u00edt\u0151 Sz\u00edvvel, J\u00f3 Sz\u00e1nd\u00e9kkal K\u00f6zhaszn\u00fa Alap\u00edtv\u00e1ny<\/a><\/li>\n<li><a href=\"http:\/\/www.remenysugar.hu\/\">Rem\u00e9nysug\u00e1r Alap\u00edtv\u00e1ny<\/a><\/li>\n<li><a href=\"https:\/\/www.facebook.com\/segitsetekgyogyitani\/\" target=\"_blank\" rel=\"noopener noreferrer\">Seg\u00edtsetek Gy\u00f3gy\u00edtani Alap\u00edtv\u00e1ny<\/a><\/li>\n<li><a href=\"https:\/\/mozgasszabadsaga.hu\/rosszcsont-alapitvany\/\" target=\"_blank\" rel=\"noopener noreferrer\">Rosszcsont Alap\u00edtv\u00e1ny<\/a><\/li>\n<li><a href=\"http:\/\/www.endoped.shp.hu\/hpc\/web.php?a=endoped\" target=\"_blank\" rel=\"noopener noreferrer\">Endoped Alap\u00edtv\u00e1ny<\/a><\/li>\n<li><a href=\"http:\/\/www.onkentes.hu\/szervezetek\/mentooev-gyermekeinkert-2002-alapitvany\" target=\"_blank\" rel=\"noopener noreferrer\">Ment\u0151\u00d6v Alap\u00edtv\u00e1ny<\/a><\/li>\n<li><a href=\"http:\/\/www.tunderkertalapitvany.hu\/\" target=\"_blank\" rel=\"noopener noreferrer\">T\u00fcnd\u00e9rkert Alap\u00edtv\u00e1ny<\/a><\/li>\n<li><a href=\"https:\/\/eletmentoabeteggyermekekert.hu\/\" target=\"_blank\" rel=\"noopener noreferrer\">\u00c9letment\u0151 a Beteg Gyermekek\u00e9rt \u00e9s a Nagycsal\u00e1dosok\u00e9rt Alap\u00edtv\u00e1ny<\/a><\/li>\n<\/ul>\n","protected":false},"excerpt":{"rendered":"<p>Adj \u00e9s kapni fogsz, sokkal t\u00f6bbet, mint valaha gondoltad volna.&#8221;\u00a0(Anne Frank) K\u00e9rj\u00fck t\u00e1mogassa Alap\u00edtv\u00e1nyainkon kereszt\u00fcl a beteg gyermekek gy\u00f3gyul\u00e1s\u00e1t! T\u00e1mogat\u00f3ink nemes felaj\u00e1nl\u00e1sainak k\u00f6sz\u00f6nhet\u0151en, az int\u00e9zm\u00e9ny\u00fcnkben kezelt beteg gyermekek magasabb sz\u00ednvonal\u00fa ell\u00e1t\u00e1sban r\u00e9szes\u00fclhetnek: gy\u00f3gy\u00edt\u00e1sukat, k\u00f3rh\u00e1zi \u00e1pol\u00e1sukat \u00e9s gondoz\u00e1si k\u00f6r\u00fclm\u00e9nyeiket jav\u00edt\u00f3 beruh\u00e1z\u00e1sokat tudunk megval\u00f3s\u00edtani t\u00e1mogat\u00f3ink seg\u00edts\u00e9g\u00e9vel. K\u00e9rj\u00fck, ha ezen c\u00e9lokat fontosnak tartja, befizet\u00e9ssel, vagy szem\u00e9lyi j\u00f6vedelemad\u00f3ja 1%-nak &hellip;<\/p>\n","protected":false},"author":158,"featured_media":0,"parent":0,"menu_order":5,"comment_status":"closed","ping_status":"closed","template":"","meta":{"_acf_changed":false,"footnotes":""},"categories":[],"tags":[],"class_list":["post-1027","page","type-page","status-publish","hentry"],"acf":[],"_links":{"self":[{"href":"https:\/\/semmelweis.hu\/tuzoltoklinika\/wp-json\/wp\/v2\/pages\/1027","targetHints":{"allow":["GET"]}}],"collection":[{"href":"https:\/\/semmelweis.hu\/tuzoltoklinika\/wp-json\/wp\/v2\/pages"}],"about":[{"href":"https:\/\/semmelweis.hu\/tuzoltoklinika\/wp-json\/wp\/v2\/types\/page"}],"author":[{"embeddable":true,"href":"https:\/\/semmelweis.hu\/tuzoltoklinika\/wp-json\/wp\/v2\/users\/158"}],"replies":[{"embeddable":true,"href":"https:\/\/semmelweis.hu\/tuzoltoklinika\/wp-json\/wp\/v2\/comments?post=1027"}],"version-history":[{"count":12,"href":"https:\/\/semmelweis.hu\/tuzoltoklinika\/wp-json\/wp\/v2\/pages\/1027\/revisions"}],"predecessor-version":[{"id":12239,"href":"https:\/\/semmelweis.hu\/tuzoltoklinika\/wp-json\/wp\/v2\/pages\/1027\/revisions\/12239"}],"wp:attachment":[{"href":"https:\/\/semmelweis.hu\/tuzoltoklinika\/wp-json\/wp\/v2\/media?parent=1027"}],"wp:term":[{"taxonomy":"category","embeddable":true,"href":"https:\/\/semmelweis.hu\/tuzoltoklinika\/wp-json\/wp\/v2\/categories?post=1027"},{"taxonomy":"post_tag","embeddable":true,"href":"https:\/\/semmelweis.hu\/tuzoltoklinika\/wp-json\/wp\/v2\/tags?post=1027"}],"curies":[{"name":"wp","href":"https:\/\/api.w.org\/{rel}","templated":true}]}}