{"id":10212,"date":"2024-07-30T08:50:28","date_gmt":"2024-07-30T06:50:28","guid":{"rendered":"https:\/\/semmelweis.hu\/tuzoltoklinika\/?page_id=10212"},"modified":"2026-02-19T14:26:01","modified_gmt":"2026-02-19T13:26:01","slug":"szuloi-tajekoztatok","status":"publish","type":"page","link":"https:\/\/semmelweis.hu\/tuzoltoklinika\/szuloi-tajekoztatok\/","title":{"rendered":"Sz\u00fcl\u0151i t\u00e1j\u00e9koztat\u00f3k"},"content":{"rendered":"<p><a href=\"https:\/\/e-egeszsegugy.gov.hu\/meghatalmazasok-az-eeszt-ben?fbclid=IwAR3BiMsPgxdSibjFHnypxLhQ-9B1c8kig1ddF7ti6ySv7LRsJson7J-BWEQ\" target=\"_blank\" rel=\"noopener\"><strong><span style=\"font-size: 14pt\">EESZT t\u00e1j\u00e9koztat\u00f3 sz\u00fcl\u0151knek<\/span><\/strong><\/a><\/p>\n<p><span style=\"font-size: 14pt\"><a href=\"https:\/\/www.allamkincstar.gov.hu\/egeszsegbiztositas\/Betegseg\/utazasi-koltsegteritesi-tamogatas\" target=\"_blank\" rel=\"noopener\"><strong>T\u00e1j\u00e9koztat\u00f3 az utaz\u00e1si k\u00f6lts\u00e9gt\u00e9r\u00edt\u00e9sr\u0151l<\/strong><\/a><\/span><\/p>\n<p><span style=\"font-size: 14pt\"><a href=\"https:\/\/nav.gov.hu\/ado\/szja\/Magasabb_osszegu_csaladi_kedvezmeny_a_beteg_gyermek_utan\"><strong>Magasabb \u00f6sszeg\u0171 csal\u00e1di kedvezm\u00e9ny a tart\u00f3s beteg gyermek ut\u00e1n<\/strong><\/a><\/span><\/p>\n<p><span style=\"font-size: 14pt\"><strong><a href=\"https:\/\/semmelweis.hu\/tuzoltoklinika\/files\/2024\/07\/Mit-tegyek-ha-beteg-a-gyermekem.pdf\" target=\"_blank\" rel=\"noopener\">&#8222;Mit tegyek, ha beteg a gyermekem?&#8221;<\/a><\/strong><\/span><\/p>\n<p><a href=\"https:\/\/semmelweis.hu\/tuzoltoklinika\/files\/2026\/02\/Tajekoztato-az-ujszulottkori-cisztas-fibrozis-szuresrol.pdf\" target=\"_blank\" rel=\"noopener\"><strong>T\u00e1j\u00e9koztat\u00f3 a ciszt\u00e1s fibr\u00f3zis \u00fajsz\u00fcl\u00f6ttkori sz\u0171r\u00e9sr\u0151l sz\u00fcl\u0151knek<\/strong><\/a><\/p>\n<p><a href=\"https:\/\/semmelweis.hu\/tuzoltoklinika\/files\/2026\/02\/Aramtamogatas.pdf\" target=\"_blank\" rel=\"noopener\"><span style=\"font-size: 14pt\"><strong>T\u00e1j\u00e9koztat\u00e1s Otthonl\u00e9legeztet\u00e9si Programban r\u00e9sztvev\u0151knek <\/strong><\/span><\/a><\/p>\n<p><span style=\"font-size: 14pt\"><strong><a href=\"https:\/\/semmelweis.hu\/tuzoltoklinika\/files\/2024\/07\/Ugyeleti-tajekoztato-2024-februar-Pest-megye_01_02.pdf\" target=\"_blank\" rel=\"noopener\">A h\u00e1ziorvosi \u00fcgyeleti rendszer v\u00e1ltoz\u00e1sa 2024. 02. 01-t\u0151l<\/a><\/strong><\/span><\/p>\n","protected":false},"excerpt":{"rendered":"<p><a href=\"https:\/\/e-egeszsegugy.gov.hu\/meghatalmazasok-az-eeszt-ben?fbclid=IwAR3BiMsPgxdSibjFHnypxLhQ-9B1c8kig1ddF7ti6ySv7LRsJson7J-BWEQ\" target=\"_blank\" rel=\"noopener\">EESZT t\u00e1j\u00e9koztat\u00f3 sz\u00fcl\u0151knek<\/a><br \/>\n<a href=\"https:\/\/www.allamkincstar.gov.hu\/egeszsegbiztositas\/Betegseg\/utazasi-koltsegteritesi-tamogatas\" target=\"_blank\" rel=\"noopener\">T\u00e1j\u00e9koztat\u00f3 az utaz\u00e1si k\u00f6lts\u00e9gt\u00e9r\u00edt\u00e9sr\u0151l<\/a><br \/>\n<a href=\"https:\/\/nav.gov.hu\/ado\/szja\/Magasabb_osszegu_csaladi_kedvezmeny_a_beteg_gyermek_utan\">Magasabb \u00f6sszeg\u0171 csal\u00e1di kedvezm\u00e9ny a tart\u00f3s beteg gyermek ut\u00e1n<\/a><br \/>\n<a href=\"https:\/\/semmelweis.hu\/tuzoltoklinika\/files\/2024\/07\/Mit-tegyek-ha-beteg-a-gyermekem.pdf\" target=\"_blank\" rel=\"noopener\">&#8222;Mit tegyek, ha beteg a gyermekem?&#8221;<\/a><br \/>\n<a href=\"https:\/\/semmelweis.hu\/tuzoltoklinika\/files\/2026\/02\/Tajekoztato-az-ujszulottkori-cisztas-fibrozis-szuresrol.pdf\" target=\"_blank\" rel=\"noopener\">T\u00e1j\u00e9koztat\u00f3 a ciszt\u00e1s fibr\u00f3zis \u00fajsz\u00fcl\u00f6ttkori sz\u0171r\u00e9sr\u0151l sz\u00fcl\u0151knek<\/a><br \/>\n<a href=\"https:\/\/semmelweis.hu\/tuzoltoklinika\/files\/2026\/02\/Aramtamogatas.pdf\" target=\"_blank\" rel=\"noopener\">T\u00e1j\u00e9koztat\u00e1s Otthonl\u00e9legeztet\u00e9si Programban r\u00e9sztvev\u0151knek <\/a><br \/>\n<a href=\"https:\/\/semmelweis.hu\/tuzoltoklinika\/files\/2024\/07\/Ugyeleti-tajekoztato-2024-februar-Pest-megye_01_02.pdf\" target=\"_blank\" rel=\"noopener\">A h\u00e1ziorvosi \u00fcgyeleti rendszer v\u00e1ltoz\u00e1sa 2024. 02. 01-t\u0151l<\/a><\/p>\n","protected":false},"author":101602,"featured_media":0,"parent":0,"menu_order":0,"comment_status":"closed","ping_status":"closed","template":"","meta":{"_acf_changed":false,"footnotes":""},"categories":[],"tags":[],"class_list":["post-10212","page","type-page","status-publish","hentry"],"acf":[],"_links":{"self":[{"href":"https:\/\/semmelweis.hu\/tuzoltoklinika\/wp-json\/wp\/v2\/pages\/10212","targetHints":{"allow":["GET"]}}],"collection":[{"href":"https:\/\/semmelweis.hu\/tuzoltoklinika\/wp-json\/wp\/v2\/pages"}],"about":[{"href":"https:\/\/semmelweis.hu\/tuzoltoklinika\/wp-json\/wp\/v2\/types\/page"}],"author":[{"embeddable":true,"href":"https:\/\/semmelweis.hu\/tuzoltoklinika\/wp-json\/wp\/v2\/users\/101602"}],"replies":[{"embeddable":true,"href":"https:\/\/semmelweis.hu\/tuzoltoklinika\/wp-json\/wp\/v2\/comments?post=10212"}],"version-history":[{"count":9,"href":"https:\/\/semmelweis.hu\/tuzoltoklinika\/wp-json\/wp\/v2\/pages\/10212\/revisions"}],"predecessor-version":[{"id":11989,"href":"https:\/\/semmelweis.hu\/tuzoltoklinika\/wp-json\/wp\/v2\/pages\/10212\/revisions\/11989"}],"wp:attachment":[{"href":"https:\/\/semmelweis.hu\/tuzoltoklinika\/wp-json\/wp\/v2\/media?parent=10212"}],"wp:term":[{"taxonomy":"category","embeddable":true,"href":"https:\/\/semmelweis.hu\/tuzoltoklinika\/wp-json\/wp\/v2\/categories?post=10212"},{"taxonomy":"post_tag","embeddable":true,"href":"https:\/\/semmelweis.hu\/tuzoltoklinika\/wp-json\/wp\/v2\/tags?post=10212"}],"curies":[{"name":"wp","href":"https:\/\/api.w.org\/{rel}","templated":true}]}}