{"id":9,"date":"2025-01-06T11:47:54","date_gmt":"2025-01-06T10:47:54","guid":{"rendered":"https:\/\/semmelweis.hu\/tunderhegy\/?page_id=9"},"modified":"2025-02-23T14:57:47","modified_gmt":"2025-02-23T13:57:47","slug":"tunderhegyrol","status":"publish","type":"page","link":"https:\/\/semmelweis.hu\/tunderhegy\/tunderhegyrol\/","title":{"rendered":"T\u00fcnd\u00e9rhegyr\u0151l"},"content":{"rendered":"<h4>Szeretettel \u00fcdv\u00f6z\u00f6lj\u00fck a <strong>T\u00fcnd\u00e9rhegyi Pszichoszomatikus \u00e9s Pszichoter\u00e1pi\u00e1s Rehabilit\u00e1ci\u00f3s Oszt\u00e1ly<\/strong> honlapj\u00e1n.<\/h4>\n<p>\u201eT\u00fcnd\u00e9rhegy\u201d <a href=\"https:\/\/semmelweis.hu\/tunderhegy\/tunderhegyrol\/osztalyunk-tortenete\/\" target=\"_blank\" rel=\"noopener\">t\u00f6bb \u00e9vtizede fenn\u00e1ll\u00f3<\/a>, pszichoter\u00e1pi\u00e1s rezsimben<span style=\"color: #ff0000\">*<\/span> (azaz rendszerben<span style=\"font-size: 1rem\">) <\/span><span style=\"font-size: 1rem\">m\u0171k\u00f6d\u0151, csoporthangs\u00faly\u00fa pszichoter\u00e1pi\u00e1s oszt\u00e1ly, amely a p\u00e1ciensek kezel\u00e9se mellett k\u00fcl\u00f6nb\u00f6z\u0151 oktat\u00e1si tev\u00e9kenys\u00e9geket is ell\u00e1t. A <\/span><a href=\"https:\/\/semmelweis.hu\/\" target=\"_blank\" rel=\"noopener\">Semmelweis Egyetem (SE)<\/a><span style=\"font-size: 1rem\"> \u00f6n\u00e1ll\u00f3 klinikai t\u00f6mbjek\u00e9nt m\u0171k\u00f6d\u0151, <\/span><a href=\"https:\/\/semmelweis.hu\/rehabilitaciosklinika\/\" target=\"_blank\" rel=\"noopener\">Rehabilit\u00e1ci\u00f3s Klinika<\/a><span style=\"font-size: 1rem\"> r\u00e9sze.\u00a0<\/span><\/p>\n<h5>M\u0171k\u00f6d\u00e9s\u00fcnkr\u0151l<\/h5>\n<p>Rezsimjelleg\u0171 m\u00f3don, csoporthangs\u00fallyal, pszichodinamikus felt\u00e1r\u00f3 m\u00f3don zajlik a kezel\u00e9s. (<a href=\"https:\/\/semmelweis.hu\/tunderhegy\/betegellatas\/modszer\/\" target=\"_blank\" rel=\"noopener\">b\u0151vebben ld. M\u00f3dszer<\/a>)<\/p>\n<div class=\"fontos_div\">\n<p><span style=\"color: #ff0000\">*<\/span>A <strong>pszichoter\u00e1pi\u00e1s rezsim<\/strong> egy komplex strukt\u00fara, aminek r\u00e9sze (1) a kezel\u0151k \u00e9s a p\u00e1ciensek k\u00f6z\u00f6s ter\u00e1pi\u00e1s munk\u00e1ja, (2) a k\u00f6ztes terekben a p\u00e1ciensek egym\u00e1ssal zajl\u00f3 kapcsol\u00f3d\u00e1sai, \u00e9s (3) r\u00e9sze a ter\u00e1pi\u00e1s teamen bel\u00fcli szoros egy\u00fcttm\u0171k\u00f6d\u00e9s, a k\u00fcl\u00f6nb\u00f6z\u0151 terekben zajl\u00f3 folyamatok integr\u00e1l\u00e1sa.<\/p>\n<\/div>\n<p>A ter\u00e1pi\u00e1s id\u0151 d\u00f6nt\u0151 t\u00f6bbs\u00e9ge csoportokban zajlik (nagycsoport \u00e9s k\u00e9tf\u00e9le kiscsoport), ezen fel\u00fcl egy\u00e9ni betegvezet\u00e9s is r\u00e9sz\u00e9t k\u00e9pezi a folyamatnak. Sz\u00fcks\u00e9g eset\u00e9n gy\u00f3gyszeres kezel\u00e9st is alkalmazunk.<\/p>\n<p>Ha szeretne beker\u00fclni T\u00fcnd\u00e9rhegyre (<a href=\"https:\/\/semmelweis.hu\/tunderhegy\/betegellatas\/fekvobeteg-ellatas\/\" target=\"_blank\" rel=\"noopener\">oszt\u00e1lyos ell\u00e1t\u00e1s<\/a>, <a href=\"https:\/\/semmelweis.hu\/tunderhegy\/betegellatas\/nappali-korhaz\/\" target=\"_blank\" rel=\"noopener\">Nappali k\u00f3rh\u00e1z<\/a>, vagy <a href=\"https:\/\/semmelweis.hu\/tunderhegy\/betegellatas\/ambulans-rovidterapia\/\" target=\"_blank\" rel=\"noopener\">20-alkalmas ambul\u00e1ns r\u00f6vidter\u00e1pia<\/a>), el\u0151sz\u00f6r egy szombati ambul\u00e1ns vizsg\u00e1latra kell elj\u00f6nnie (ld. <a href=\"https:\/\/semmelweis.hu\/tunderhegy\/betegellatas\/betegfelvetel\/\" target=\"_blank\" rel=\"noopener\">Betegfelv\u00e9tel<\/a>).\u00a0<\/p>\n<h5>Oktat\u00e1si tev\u00e9kenys\u00e9g\u00fcnkr\u0151l<\/h5>\n<p>T\u00fcnd\u00e9rhegy k\u00e9pz\u0151- \u00e9s oktat\u00f3hely is, ahol t\u00f6bbf\u00e9le elm\u00e9leti \u00e9s gyakorlati <a href=\"https:\/\/semmelweis.hu\/tunderhegy\/kepzesek\/\" target=\"_blank\" rel=\"noopener\">k\u00e9pz\u00e9s<\/a> is zajlik.\u00a0A gradu\u00e1lis oktat\u00e1s r\u00e9szek\u00e9nt gyakorlatot biztos\u00edtunk az ELTE, valamint a K\u00e1roli G\u00e1sp\u00e1r Reform\u00e1tus Egyetem MA-s pszichol\u00f3gus hallgat\u00f3i sz\u00e1m\u00e1ra. A posztgradu\u00e1lis oktat\u00e1s r\u00e9szek\u00e9nt a P\u00e9csi Tudom\u00e1nyegyetem klinikai \u00e9s ment\u00e1lhigi\u00e9n\u00e9s szakpszichol\u00f3gus k\u00e9pz\u00e9s\u00e9ben vesz\u00fcnk r\u00e9szt: b\u00e1zisgyakorlatokat, ill. alap-pszichoter\u00e1pi\u00e1s gyakorlatokat biztos\u00edtunk.<\/p>\n<p>A <a href=\"https:\/\/semmelweis.hu\/tunderhegy\/kepzesek\/pszichoterapeuta-kepzes\/\" target=\"_blank\" rel=\"noopener\">pszichoterapeuta szakk\u00e9pz\u00e9s<\/a> m\u00e1sodik szakvizsgak\u00e9nt el\u00e9rhet\u0151 szakorvosok, valamint klinikai \u00e9s ment\u00e1lhigi\u00e9niai szakpszichol\u00f3gusok, alkalmazott eg\u00e9szs\u00e9gpszichol\u00f3giai szakpszichol\u00f3gusok \u00e9s neuropszichol\u00f3giai szakpszichol\u00f3gusok sz\u00e1m\u00e1ra. Ennek klinikai f\u00e1zis\u00e1ban vesz\u00fcnk r\u00e9szt, ill. klinikai pszichoter\u00e1pi\u00e1s gyakorlatot ny\u00fajt oszt\u00e1lyunk.<\/p>\n<h5>Kutat\u00e1s oszt\u00e1lyunkon<\/h5>\n<p>Oszt\u00e1lyunk munkat\u00e1rsai PhD-kutat\u00e1sokban vesznek r\u00e9szt (m\u0171v\u00e9szetter\u00e1pi\u00e1s, ill. pszichodiagnosztikai t\u00e9m\u00e1kban), tudom\u00e1nyos tev\u00e9kenys\u00e9g\u00fcnkr\u0151l rendszeresen besz\u00e1molunk k\u00fcl\u00f6nb\u00f6z\u0151 kongresszusokon \u00e9s konferenci\u00e1kon.<\/p>\n\r\n        [slb_exclude]\r\n        <div class=\"row galeria-wrapper mx-0 h-auto\">\r\n            <div class=\"col-9 pl-0 pr-2\">\r\n            <span class=\"gallery-item frame\">\r\n\t\t\t\t<div class=\"galeria-left-img\"><a href=\"https:\/\/semmelweis.hu\/tunderhegy\/files\/2025\/02\/RS208904_GV5A6979-scr.jpg\"><img src=https:\/\/semmelweis.hu\/tunderhegy\/files\/2025\/02\/RS208904_GV5A6979-scr.jpg  \r\n                            alt=\"\" \r\n                            class=\"attachment-sote-gallery-big size-sote-gallery-big\" \r\n                            srcset=\"https:\/\/semmelweis.hu\/tunderhegy\/files\/2025\/02\/RS208904_GV5A6979-scr-400x267.jpg 400w, https:\/\/semmelweis.hu\/tunderhegy\/files\/2025\/02\/RS208904_GV5A6979-scr-1024x683.jpg 1024w, https:\/\/semmelweis.hu\/tunderhegy\/files\/2025\/02\/RS208904_GV5A6979-scr-768x512.jpg 768w, https:\/\/semmelweis.hu\/tunderhegy\/files\/2025\/02\/RS208904_GV5A6979-scr-753x502.jpg 753w, https:\/\/semmelweis.hu\/tunderhegy\/files\/2025\/02\/RS208904_GV5A6979-scr-203x135.jpg 203w, https:\/\/semmelweis.hu\/tunderhegy\/files\/2025\/02\/RS208904_GV5A6979-scr.jpg 1200w\" ><\/a><\/div>\r\n            <\/span>\r\n\r\n            <\/div>\r\n\r\n\t\t\t<div class=\"col-3 pl-0 pr-0\">\r\n\t\t\t\t<div class=\"galeria-right-img d-flex justify-content-between flex-column h-100 w-100 px-0 mx-0 \">\r\n                <div class=\"galeria-box\">\r\n\t\t\t\t\t<h3 class=\"galeria-title\">Gal\u00e9ria<\/h3>\r\n\t\t\t\t\t<div class=\"galeria-subtitle\">\r\n\r\n\t\t\t\t\t\t<div class=\"galeria-page-counter\"><span>16<\/span>k\u00e9p<\/div>\r\n                    <\/div> <\/div>\r\n                    <span class=\"gallery-item frame d-none d-md-flex\">\r\n\t\t\t\t\t<div class=\"galeria-small-img mt-0\"><a href=\"https:\/\/semmelweis.hu\/tunderhegy\/files\/2025\/02\/RS208885_GV5A6969-scr.jpg\"><img src=https:\/\/semmelweis.hu\/tunderhegy\/files\/2025\/02\/RS208885_GV5A6969-scr.jpg \r\n                                alt=\"\"  \r\n                                class=\"attachment-sote-gallery-small size-sote-gallery-small\" \r\n                                srcset=\"https:\/\/semmelweis.hu\/tunderhegy\/files\/2025\/02\/RS208885_GV5A6969-scr-400x267.jpg 400w, https:\/\/semmelweis.hu\/tunderhegy\/files\/2025\/02\/RS208885_GV5A6969-scr-1024x683.jpg 1024w, https:\/\/semmelweis.hu\/tunderhegy\/files\/2025\/02\/RS208885_GV5A6969-scr-768x512.jpg 768w, https:\/\/semmelweis.hu\/tunderhegy\/files\/2025\/02\/RS208885_GV5A6969-scr-753x502.jpg 753w, https:\/\/semmelweis.hu\/tunderhegy\/files\/2025\/02\/RS208885_GV5A6969-scr-203x135.jpg 203w, https:\/\/semmelweis.hu\/tunderhegy\/files\/2025\/02\/RS208885_GV5A6969-scr.jpg 1200w\" ><\/a><\/div>\r\n                    <\/span>\r\n                    <span class=\"gallery-item frame d-none d-md-flex\">\r\n\t\t\t\t\t<div class=\"galeria-small-img mt-0\"><a href=\"https:\/\/semmelweis.hu\/tunderhegy\/files\/2025\/02\/RS208886_GV5A6970-scr-1.jpg\"><img src=https:\/\/semmelweis.hu\/tunderhegy\/files\/2025\/02\/RS208886_GV5A6970-scr-1.jpg \r\n                                alt=\"\" \r\n                                class=\"attachment-sote-gallery-small size-sote-gallery-small\" \r\n                                srcset=\"https:\/\/semmelweis.hu\/tunderhegy\/files\/2025\/02\/RS208886_GV5A6970-scr-1-400x267.jpg 400w, https:\/\/semmelweis.hu\/tunderhegy\/files\/2025\/02\/RS208886_GV5A6970-scr-1-1024x683.jpg 1024w, https:\/\/semmelweis.hu\/tunderhegy\/files\/2025\/02\/RS208886_GV5A6970-scr-1-768x512.jpg 768w, https:\/\/semmelweis.hu\/tunderhegy\/files\/2025\/02\/RS208886_GV5A6970-scr-1-753x502.jpg 753w, https:\/\/semmelweis.hu\/tunderhegy\/files\/2025\/02\/RS208886_GV5A6970-scr-1-203x135.jpg 203w, https:\/\/semmelweis.hu\/tunderhegy\/files\/2025\/02\/RS208886_GV5A6970-scr-1.jpg 1200w\" ><\/a><\/div>\r\n                    <\/span>\r\n\r\n                <\/div>\r\n\r\n            <\/div>\r\n\r\n            <span class=\"gallery-item\"><div class=\"hidden\"><a href=\"https:\/\/semmelweis.hu\/tunderhegy\/files\/2025\/02\/RS208884_GV5A6967-scr.jpg\">\r\n        <img src=https:\/\/semmelweis.hu\/tunderhegy\/files\/2025\/02\/RS208884_GV5A6967-scr.jpg alt=\"\" class=\"attachment-sote-gallery-big size-sote-gallery-big\" srcset=\"https:\/\/semmelweis.hu\/tunderhegy\/files\/2025\/02\/RS208884_GV5A6967-scr-400x267.jpg 400w, https:\/\/semmelweis.hu\/tunderhegy\/files\/2025\/02\/RS208884_GV5A6967-scr-1024x683.jpg 1024w, https:\/\/semmelweis.hu\/tunderhegy\/files\/2025\/02\/RS208884_GV5A6967-scr-768x512.jpg 768w, https:\/\/semmelweis.hu\/tunderhegy\/files\/2025\/02\/RS208884_GV5A6967-scr-753x502.jpg 753w, https:\/\/semmelweis.hu\/tunderhegy\/files\/2025\/02\/RS208884_GV5A6967-scr-203x135.jpg 203w, https:\/\/semmelweis.hu\/tunderhegy\/files\/2025\/02\/RS208884_GV5A6967-scr.jpg 1200w\" >\r\n        <\/a><\/div><\/span><span class=\"gallery-item\"><div class=\"hidden\"><a href=\"https:\/\/semmelweis.hu\/tunderhegy\/files\/2025\/02\/RS208900_GV5A7106-scr-2.jpg\">\r\n        <img src=https:\/\/semmelweis.hu\/tunderhegy\/files\/2025\/02\/RS208900_GV5A7106-scr-2.jpg alt=\"Analitikus kiscsoport\" class=\"attachment-sote-gallery-big size-sote-gallery-big\" srcset=\"https:\/\/semmelweis.hu\/tunderhegy\/files\/2025\/02\/RS208900_GV5A7106-scr-2-400x267.jpg 400w, https:\/\/semmelweis.hu\/tunderhegy\/files\/2025\/02\/RS208900_GV5A7106-scr-2-1024x683.jpg 1024w, https:\/\/semmelweis.hu\/tunderhegy\/files\/2025\/02\/RS208900_GV5A7106-scr-2-768x512.jpg 768w, https:\/\/semmelweis.hu\/tunderhegy\/files\/2025\/02\/RS208900_GV5A7106-scr-2-753x502.jpg 753w, https:\/\/semmelweis.hu\/tunderhegy\/files\/2025\/02\/RS208900_GV5A7106-scr-2-203x135.jpg 203w, https:\/\/semmelweis.hu\/tunderhegy\/files\/2025\/02\/RS208900_GV5A7106-scr-2.jpg 1200w\" >\r\n        <\/a><\/div><\/span><span class=\"gallery-item\"><div class=\"hidden\"><a href=\"https:\/\/semmelweis.hu\/tunderhegy\/files\/2025\/02\/RS208896_GV5A7056-scr-1.jpg\">\r\n        <img src=https:\/\/semmelweis.hu\/tunderhegy\/files\/2025\/02\/RS208896_GV5A7056-scr-1.jpg alt=\"M\u0171v\u00e9szetter\u00e1pia\" class=\"attachment-sote-gallery-big size-sote-gallery-big\" srcset=\"https:\/\/semmelweis.hu\/tunderhegy\/files\/2025\/02\/RS208896_GV5A7056-scr-1-400x267.jpg 400w, https:\/\/semmelweis.hu\/tunderhegy\/files\/2025\/02\/RS208896_GV5A7056-scr-1-1024x683.jpg 1024w, https:\/\/semmelweis.hu\/tunderhegy\/files\/2025\/02\/RS208896_GV5A7056-scr-1-768x512.jpg 768w, https:\/\/semmelweis.hu\/tunderhegy\/files\/2025\/02\/RS208896_GV5A7056-scr-1-753x502.jpg 753w, https:\/\/semmelweis.hu\/tunderhegy\/files\/2025\/02\/RS208896_GV5A7056-scr-1-203x135.jpg 203w, https:\/\/semmelweis.hu\/tunderhegy\/files\/2025\/02\/RS208896_GV5A7056-scr-1.jpg 1200w\" >\r\n        <\/a><\/div><\/span><span class=\"gallery-item\"><div class=\"hidden\"><a href=\"https:\/\/semmelweis.hu\/tunderhegy\/files\/2025\/02\/RS208889_GV5A7005-scr.jpg\">\r\n        <img src=https:\/\/semmelweis.hu\/tunderhegy\/files\/2025\/02\/RS208889_GV5A7005-scr.jpg alt=\"M\u0171v\u00e9szetter\u00e1pia\" class=\"attachment-sote-gallery-big size-sote-gallery-big\" srcset=\"https:\/\/semmelweis.hu\/tunderhegy\/files\/2025\/02\/RS208889_GV5A7005-scr-400x267.jpg 400w, https:\/\/semmelweis.hu\/tunderhegy\/files\/2025\/02\/RS208889_GV5A7005-scr-1024x683.jpg 1024w, https:\/\/semmelweis.hu\/tunderhegy\/files\/2025\/02\/RS208889_GV5A7005-scr-768x512.jpg 768w, https:\/\/semmelweis.hu\/tunderhegy\/files\/2025\/02\/RS208889_GV5A7005-scr-753x502.jpg 753w, https:\/\/semmelweis.hu\/tunderhegy\/files\/2025\/02\/RS208889_GV5A7005-scr-203x135.jpg 203w, https:\/\/semmelweis.hu\/tunderhegy\/files\/2025\/02\/RS208889_GV5A7005-scr.jpg 1200w\" >\r\n        <\/a><\/div><\/span><span class=\"gallery-item\"><div class=\"hidden\"><a href=\"https:\/\/semmelweis.hu\/tunderhegy\/files\/2025\/02\/RS208897_GV5A7057-scr.jpg\">\r\n        <img src=https:\/\/semmelweis.hu\/tunderhegy\/files\/2025\/02\/RS208897_GV5A7057-scr.jpg alt=\"M\u0171v\u00e9szetter\u00e1pia\" class=\"attachment-sote-gallery-big size-sote-gallery-big\" srcset=\"https:\/\/semmelweis.hu\/tunderhegy\/files\/2025\/02\/RS208897_GV5A7057-scr-400x267.jpg 400w, https:\/\/semmelweis.hu\/tunderhegy\/files\/2025\/02\/RS208897_GV5A7057-scr-1024x683.jpg 1024w, https:\/\/semmelweis.hu\/tunderhegy\/files\/2025\/02\/RS208897_GV5A7057-scr-768x512.jpg 768w, https:\/\/semmelweis.hu\/tunderhegy\/files\/2025\/02\/RS208897_GV5A7057-scr-753x502.jpg 753w, https:\/\/semmelweis.hu\/tunderhegy\/files\/2025\/02\/RS208897_GV5A7057-scr-203x135.jpg 203w, https:\/\/semmelweis.hu\/tunderhegy\/files\/2025\/02\/RS208897_GV5A7057-scr.jpg 1200w\" >\r\n        <\/a><\/div><\/span><span class=\"gallery-item\"><div class=\"hidden\"><a href=\"https:\/\/semmelweis.hu\/tunderhegy\/files\/2025\/02\/RS208898_GV5A7059-scr.jpg\">\r\n        <img src=https:\/\/semmelweis.hu\/tunderhegy\/files\/2025\/02\/RS208898_GV5A7059-scr.jpg alt=\"M\u0171v\u00e9szetter\u00e1pia\" class=\"attachment-sote-gallery-big size-sote-gallery-big\" srcset=\"https:\/\/semmelweis.hu\/tunderhegy\/files\/2025\/02\/RS208898_GV5A7059-scr-400x267.jpg 400w, https:\/\/semmelweis.hu\/tunderhegy\/files\/2025\/02\/RS208898_GV5A7059-scr-1024x683.jpg 1024w, https:\/\/semmelweis.hu\/tunderhegy\/files\/2025\/02\/RS208898_GV5A7059-scr-768x512.jpg 768w, https:\/\/semmelweis.hu\/tunderhegy\/files\/2025\/02\/RS208898_GV5A7059-scr-753x502.jpg 753w, https:\/\/semmelweis.hu\/tunderhegy\/files\/2025\/02\/RS208898_GV5A7059-scr-203x135.jpg 203w, https:\/\/semmelweis.hu\/tunderhegy\/files\/2025\/02\/RS208898_GV5A7059-scr.jpg 1200w\" >\r\n        <\/a><\/div><\/span><span class=\"gallery-item\"><div class=\"hidden\"><a href=\"https:\/\/semmelweis.hu\/tunderhegy\/files\/2025\/02\/RS208899_GV5A7064-scr.jpg\">\r\n        <img src=https:\/\/semmelweis.hu\/tunderhegy\/files\/2025\/02\/RS208899_GV5A7064-scr.jpg alt=\"\" class=\"attachment-sote-gallery-big size-sote-gallery-big\" srcset=\"https:\/\/semmelweis.hu\/tunderhegy\/files\/2025\/02\/RS208899_GV5A7064-scr-400x267.jpg 400w, https:\/\/semmelweis.hu\/tunderhegy\/files\/2025\/02\/RS208899_GV5A7064-scr-1024x683.jpg 1024w, https:\/\/semmelweis.hu\/tunderhegy\/files\/2025\/02\/RS208899_GV5A7064-scr-768x512.jpg 768w, https:\/\/semmelweis.hu\/tunderhegy\/files\/2025\/02\/RS208899_GV5A7064-scr-753x502.jpg 753w, https:\/\/semmelweis.hu\/tunderhegy\/files\/2025\/02\/RS208899_GV5A7064-scr-203x135.jpg 203w, https:\/\/semmelweis.hu\/tunderhegy\/files\/2025\/02\/RS208899_GV5A7064-scr.jpg 1200w\" >\r\n        <\/a><\/div><\/span><span class=\"gallery-item\"><div class=\"hidden\"><a href=\"https:\/\/semmelweis.hu\/tunderhegy\/files\/2025\/02\/RS208905_GV5A7068-scr.jpg\">\r\n        <img src=https:\/\/semmelweis.hu\/tunderhegy\/files\/2025\/02\/RS208905_GV5A7068-scr.jpg alt=\"\" class=\"attachment-sote-gallery-big size-sote-gallery-big\" srcset=\"https:\/\/semmelweis.hu\/tunderhegy\/files\/2025\/02\/RS208905_GV5A7068-scr-400x267.jpg 400w, https:\/\/semmelweis.hu\/tunderhegy\/files\/2025\/02\/RS208905_GV5A7068-scr-1024x683.jpg 1024w, https:\/\/semmelweis.hu\/tunderhegy\/files\/2025\/02\/RS208905_GV5A7068-scr-768x512.jpg 768w, https:\/\/semmelweis.hu\/tunderhegy\/files\/2025\/02\/RS208905_GV5A7068-scr-753x502.jpg 753w, https:\/\/semmelweis.hu\/tunderhegy\/files\/2025\/02\/RS208905_GV5A7068-scr-203x135.jpg 203w, https:\/\/semmelweis.hu\/tunderhegy\/files\/2025\/02\/RS208905_GV5A7068-scr.jpg 1200w\" >\r\n        <\/a><\/div><\/span><span class=\"gallery-item\"><div class=\"hidden\"><a href=\"https:\/\/semmelweis.hu\/tunderhegy\/files\/2025\/02\/RS208907_GV5A7071-scr.jpg\">\r\n        <img src=https:\/\/semmelweis.hu\/tunderhegy\/files\/2025\/02\/RS208907_GV5A7071-scr.jpg alt=\"\" class=\"attachment-sote-gallery-big size-sote-gallery-big\" srcset=\"https:\/\/semmelweis.hu\/tunderhegy\/files\/2025\/02\/RS208907_GV5A7071-scr-400x267.jpg 400w, https:\/\/semmelweis.hu\/tunderhegy\/files\/2025\/02\/RS208907_GV5A7071-scr-1024x683.jpg 1024w, https:\/\/semmelweis.hu\/tunderhegy\/files\/2025\/02\/RS208907_GV5A7071-scr-768x512.jpg 768w, https:\/\/semmelweis.hu\/tunderhegy\/files\/2025\/02\/RS208907_GV5A7071-scr-753x502.jpg 753w, https:\/\/semmelweis.hu\/tunderhegy\/files\/2025\/02\/RS208907_GV5A7071-scr-203x135.jpg 203w, https:\/\/semmelweis.hu\/tunderhegy\/files\/2025\/02\/RS208907_GV5A7071-scr.jpg 1200w\" >\r\n        <\/a><\/div><\/span><span class=\"gallery-item\"><div class=\"hidden\"><a href=\"https:\/\/semmelweis.hu\/tunderhegy\/files\/2025\/02\/RS208911_GV5A7081-scr-1.jpg\">\r\n        <img src=https:\/\/semmelweis.hu\/tunderhegy\/files\/2025\/02\/RS208911_GV5A7081-scr-1.jpg alt=\"\" class=\"attachment-sote-gallery-big size-sote-gallery-big\" srcset=\"https:\/\/semmelweis.hu\/tunderhegy\/files\/2025\/02\/RS208911_GV5A7081-scr-1-400x267.jpg 400w, https:\/\/semmelweis.hu\/tunderhegy\/files\/2025\/02\/RS208911_GV5A7081-scr-1-1024x683.jpg 1024w, https:\/\/semmelweis.hu\/tunderhegy\/files\/2025\/02\/RS208911_GV5A7081-scr-1-768x512.jpg 768w, https:\/\/semmelweis.hu\/tunderhegy\/files\/2025\/02\/RS208911_GV5A7081-scr-1-753x502.jpg 753w, https:\/\/semmelweis.hu\/tunderhegy\/files\/2025\/02\/RS208911_GV5A7081-scr-1-203x135.jpg 203w, https:\/\/semmelweis.hu\/tunderhegy\/files\/2025\/02\/RS208911_GV5A7081-scr-1.jpg 1200w\" >\r\n        <\/a><\/div><\/span><span class=\"gallery-item\"><div class=\"hidden\"><a href=\"https:\/\/semmelweis.hu\/tunderhegy\/files\/2025\/02\/RS208912_GV5A7087-scr.jpg\">\r\n        <img src=https:\/\/semmelweis.hu\/tunderhegy\/files\/2025\/02\/RS208912_GV5A7087-scr.jpg alt=\"\" class=\"attachment-sote-gallery-big size-sote-gallery-big\" srcset=\"https:\/\/semmelweis.hu\/tunderhegy\/files\/2025\/02\/RS208912_GV5A7087-scr-400x267.jpg 400w, https:\/\/semmelweis.hu\/tunderhegy\/files\/2025\/02\/RS208912_GV5A7087-scr-1024x683.jpg 1024w, https:\/\/semmelweis.hu\/tunderhegy\/files\/2025\/02\/RS208912_GV5A7087-scr-768x512.jpg 768w, https:\/\/semmelweis.hu\/tunderhegy\/files\/2025\/02\/RS208912_GV5A7087-scr-753x502.jpg 753w, https:\/\/semmelweis.hu\/tunderhegy\/files\/2025\/02\/RS208912_GV5A7087-scr-203x135.jpg 203w, https:\/\/semmelweis.hu\/tunderhegy\/files\/2025\/02\/RS208912_GV5A7087-scr.jpg 1200w\" >\r\n        <\/a><\/div><\/span><span class=\"gallery-item\"><div class=\"hidden\"><a href=\"https:\/\/semmelweis.hu\/tunderhegy\/files\/2025\/02\/RS208909_GV5A7079-scr.jpg\">\r\n        <img src=https:\/\/semmelweis.hu\/tunderhegy\/files\/2025\/02\/RS208909_GV5A7079-scr.jpg alt=\"\" class=\"attachment-sote-gallery-big size-sote-gallery-big\" srcset=\"https:\/\/semmelweis.hu\/tunderhegy\/files\/2025\/02\/RS208909_GV5A7079-scr-400x267.jpg 400w, https:\/\/semmelweis.hu\/tunderhegy\/files\/2025\/02\/RS208909_GV5A7079-scr-1024x683.jpg 1024w, https:\/\/semmelweis.hu\/tunderhegy\/files\/2025\/02\/RS208909_GV5A7079-scr-768x512.jpg 768w, https:\/\/semmelweis.hu\/tunderhegy\/files\/2025\/02\/RS208909_GV5A7079-scr-753x502.jpg 753w, https:\/\/semmelweis.hu\/tunderhegy\/files\/2025\/02\/RS208909_GV5A7079-scr-203x135.jpg 203w, https:\/\/semmelweis.hu\/tunderhegy\/files\/2025\/02\/RS208909_GV5A7079-scr.jpg 1200w\" >\r\n        <\/a><\/div><\/span><span class=\"gallery-item\"><div class=\"hidden\"><a href=\"https:\/\/semmelweis.hu\/tunderhegy\/files\/2025\/02\/RS208888_GV5A6976-scr.jpg\">\r\n        <img src=https:\/\/semmelweis.hu\/tunderhegy\/files\/2025\/02\/RS208888_GV5A6976-scr.jpg alt=\"Sanyi\" class=\"attachment-sote-gallery-big size-sote-gallery-big\" srcset=\"https:\/\/semmelweis.hu\/tunderhegy\/files\/2025\/02\/RS208888_GV5A6976-scr-400x267.jpg 400w, https:\/\/semmelweis.hu\/tunderhegy\/files\/2025\/02\/RS208888_GV5A6976-scr-1024x683.jpg 1024w, https:\/\/semmelweis.hu\/tunderhegy\/files\/2025\/02\/RS208888_GV5A6976-scr-768x512.jpg 768w, https:\/\/semmelweis.hu\/tunderhegy\/files\/2025\/02\/RS208888_GV5A6976-scr-753x502.jpg 753w, https:\/\/semmelweis.hu\/tunderhegy\/files\/2025\/02\/RS208888_GV5A6976-scr-203x135.jpg 203w, https:\/\/semmelweis.hu\/tunderhegy\/files\/2025\/02\/RS208888_GV5A6976-scr.jpg 1200w\" >\r\n        <\/a><\/div><\/span>\r\n            <\/div>\r\n\r\n            [\/slb_exclude]\r\n\t\n","protected":false},"excerpt":{"rendered":"<p>Szeretettel \u00fcdv\u00f6z\u00f6lj\u00fck a T\u00fcnd\u00e9rhegyi Pszichoszomatikus \u00e9s Pszichoter\u00e1pi\u00e1s Rehabilit\u00e1ci\u00f3s Oszt\u00e1ly honlapj\u00e1n.<br \/>\n\u201eT\u00fcnd\u00e9rhegy\u201d t\u00f6bb \u00e9vtizede fenn\u00e1ll\u00f3, pszichoter\u00e1pi\u00e1s rezsimben (azaz rendszerben) m\u0171k\u00f6d\u0151, csoporthangs\u00faly\u00fa pszichoter\u00e1pi\u00e1s oszt\u00e1ly, amely a p\u00e1ciensek kezel\u00e9se mellett k\u00fcl\u00f6nb\u00f6z\u0151 oktat\u00e1si tev\u00e9kenys\u00e9geket is ell\u00e1t. A Semmelweis Egyetem (SE) \u00f6n\u00e1ll\u00f3 klinikai t\u00f6mbjek\u00e9nt m\u0171k\u00f6d\u0151, Rehabilit\u00e1ci\u00f3s Klinika r\u00e9sze.\u00a0<\/p>\n","protected":false},"author":12,"featured_media":338,"parent":0,"menu_order":0,"comment_status":"closed","ping_status":"closed","template":"","meta":{"_acf_changed":false,"footnotes":""},"categories":[],"tags":[],"class_list":["post-9","page","type-page","status-publish","has-post-thumbnail","hentry"],"acf":[],"_links":{"self":[{"href":"https:\/\/semmelweis.hu\/tunderhegy\/wp-json\/wp\/v2\/pages\/9","targetHints":{"allow":["GET"]}}],"collection":[{"href":"https:\/\/semmelweis.hu\/tunderhegy\/wp-json\/wp\/v2\/pages"}],"about":[{"href":"https:\/\/semmelweis.hu\/tunderhegy\/wp-json\/wp\/v2\/types\/page"}],"author":[{"embeddable":true,"href":"https:\/\/semmelweis.hu\/tunderhegy\/wp-json\/wp\/v2\/users\/12"}],"replies":[{"embeddable":true,"href":"https:\/\/semmelweis.hu\/tunderhegy\/wp-json\/wp\/v2\/comments?post=9"}],"version-history":[{"count":11,"href":"https:\/\/semmelweis.hu\/tunderhegy\/wp-json\/wp\/v2\/pages\/9\/revisions"}],"predecessor-version":[{"id":431,"href":"https:\/\/semmelweis.hu\/tunderhegy\/wp-json\/wp\/v2\/pages\/9\/revisions\/431"}],"wp:featuredmedia":[{"embeddable":true,"href":"https:\/\/semmelweis.hu\/tunderhegy\/wp-json\/wp\/v2\/media\/338"}],"wp:attachment":[{"href":"https:\/\/semmelweis.hu\/tunderhegy\/wp-json\/wp\/v2\/media?parent=9"}],"wp:term":[{"taxonomy":"category","embeddable":true,"href":"https:\/\/semmelweis.hu\/tunderhegy\/wp-json\/wp\/v2\/categories?post=9"},{"taxonomy":"post_tag","embeddable":true,"href":"https:\/\/semmelweis.hu\/tunderhegy\/wp-json\/wp\/v2\/tags?post=9"}],"curies":[{"name":"wp","href":"https:\/\/api.w.org\/{rel}","templated":true}]}}