{"id":71,"date":"2025-01-08T11:49:58","date_gmt":"2025-01-08T10:49:58","guid":{"rendered":"https:\/\/semmelweis.hu\/tunderhegy\/?page_id=71"},"modified":"2025-02-24T08:54:29","modified_gmt":"2025-02-24T07:54:29","slug":"egyeni-pszichodrama","status":"publish","type":"page","link":"https:\/\/semmelweis.hu\/tunderhegy\/kepzesek\/egyeni-pszichodrama\/","title":{"rendered":"Pszichodr\u00e1ma egy\u00e9ni ter\u00e1pi\u00e1s alkalmaz\u00e1sa"},"content":{"rendered":"<h2>Egy\u00e9ni ter\u00e1pi\u00e1s pszichodr\u00e1ma szemin\u00e1rium<\/h2>\n<div class=\"fontos_div\">\n<p>A T\u00fcnd\u00e9rhegyi Pszichoter\u00e1pi\u00e1s Oszt\u00e1llyal egy\u00fcttm\u0171k\u00f6d\u00e9sben\u00a0<strong>Dr. Reinhard Kr\u00fcger<\/strong>, pszichodr\u00e1ma-pszichoterapeuta, kik\u00e9pz\u0151 \u00e9s szupervizor vezet\u00e9s\u00e9vel <strong>egy\u00e9ni ter\u00e1pi\u00e1s pszichodr\u00e1ma szemin\u00e1riumot<\/strong> szervez\u00fcnk \u00e9vente.<\/p>\n<\/div>\n<p>A <a href=\"https:\/\/www.pszichodrama.hu\/\" target=\"_blank\" rel=\"noopener\">Magyar Pszichodr\u00e1ma Egyes\u00fclet<\/a>, a T\u00fcnd\u00e9rhegyi Pszichoter\u00e1pi\u00e1s Oszt\u00e1ly, valamint a <a href=\"https:\/\/www.moreno-psychodrama.de\/\" target=\"_blank\" rel=\"noopener\">Moreno Institut f\u00fcr Psychodrama, Soziometrie und Gruppenpsychotherapie gemeinn\u00fctzige GmbH<\/a> (Moreno Pszichodr\u00e1ma, Szociometria, Csoport-pszichoter\u00e1pi\u00e1s Int\u00e9zet Kft.) szervez\u00e9s\u00e9ben.<\/p>\n<h5>A k\u00e9pz\u00e9s tematik\u00e1ja:<\/h5>\n<ul>\n<li>a pszichodr\u00e1ma technik\u00e1k \u00e1ltal\u00e1nos elm\u00e9leti h\u00e1ttere<\/li>\n<li>e technik\u00e1k egy\u00e9ni ter\u00e1pi\u00e1s alkalmaz\u00e1sa gyakorlati p\u00e9ld\u00e1kkal \u00e9s szuperv\u00edzi\u00f3val<\/li>\n<li>az egyes technik\u00e1k speci\u00e1lis elm\u00e9lete zavarspecifikus alkalmaz\u00e1ssal \u00e9s szuperv\u00edzi\u00f3val.<\/li>\n<\/ul>\n<p>A tov\u00e1bbk\u00e9pz\u00e9seket a Moreno Institut f\u00fcr Psychodrama, Soziometrie und Gruppenpsychotherapie GmbH Edenkoben\/\u00dcberlingen valamint a Magyar Pszichodr\u00e1ma Egyes\u00fclet a k\u00e9pz\u00e9s v\u00e9g\u00e9n saj\u00e1t szemin\u00e1riumk\u00e9nt ismeri el, \u00e9s err\u0151l a r\u00e9sztvev\u0151knek r\u00e9szv\u00e9teli igazol\u00e1st ad.<\/p>\n<p>A tov\u00e1bbk\u00e9pz\u00e9seket a Magyar Pszichodr\u00e1ma Egyes\u00fclet elismeri \u201eKlinikai workshopk\u00e9nt\u201d 10 kreditpont.\u00a0<\/p>\n<p>A Magyar Pszichodr\u00e1ma Egyes\u00fclet az OFTEX rendszerben (CME-rendszer orvosok, pszichol\u00f3gusok \u00e9s pszichoterapeut\u00e1k sz\u00e1m\u00e1ra) akkredit\u00e1lja.<\/p>\n<p>A k\u00e9pz\u00e9s <em>n\u00e9met nyelv\u0171, magyar tolm\u00e1csol\u00e1ssal<\/em>.<\/p>\n<p><strong>A jelentkez\u00e9s felt\u00e9telei:<\/strong><\/p>\n<ul>\n<li>Pszichodr\u00e1ma vezet\u0151, pszichodr\u00e1ma pszichoterapeuta c\u00edm vagy fels\u0151fok\u00fa pszichodr\u00e1ma k\u00e9pz\u00e9sben val\u00f3 r\u00e9szv\u00e9tel.<\/li>\n<li>Pszichoterapeuta c\u00edm vagy pszichoterapeuta k\u00e9pz\u00e9sben val\u00f3 r\u00e9szv\u00e9tel.<\/li>\n<li>Egy\u00e9ni ter\u00e1pi\u00e1k vezet\u00e9se.<\/li>\n<\/ul>\n<p><strong>Helysz\u00edn<\/strong>: <a href=\"https:\/\/semmelweis.hu\/tunderhegy\/elerhetoseg\/\" target=\"_blank\" rel=\"noopener\">T\u00fcnd\u00e9rhegyi Pszichoter\u00e1pi\u00e1s Oszt\u00e1ly<\/a><\/p>\n<p><strong>\u00c9rdekl\u0151d\u00e9s<\/strong>:\u00a0Dr. Ternov\u00e1n Szilvia,\u00a0<a href=\"mailto:ternovan.szilvia@gmail.com\">ternovan.szilvia@gmail.com<\/a><\/p>\n","protected":false},"excerpt":{"rendered":"<p>Egy\u00e9ni ter\u00e1pi\u00e1s pszichodr\u00e1ma szemin\u00e1rium A T\u00fcnd\u00e9rhegyi Pszichoter\u00e1pi\u00e1s Oszt\u00e1llyal egy\u00fcttm\u0171k\u00f6d\u00e9sben\u00a0Dr. Reinhard Kr\u00fcger, pszichodr\u00e1ma-pszichoterapeuta, kik\u00e9pz\u0151 \u00e9s szupervizor vezet\u00e9s\u00e9vel egy\u00e9ni ter\u00e1pi\u00e1s pszichodr\u00e1ma szemin\u00e1riumot szervez\u00fcnk \u00e9vente. A <a href=\"https:\/\/www.pszichodrama.hu\/\" target=\"_blank\" rel=\"noopener\">Magyar Pszichodr\u00e1ma Egyes\u00fclet<\/a> , a T\u00fcnd\u00e9rhegyi Pszichoter\u00e1pi\u00e1s Oszt\u00e1ly, valamint a <a href=\"https:\/\/www.moreno-psychodrama.de\/\" target=\"_blank\" rel=\"noopener\">Moreno Institut f\u00fcr Psychodrama, Soziometrie und Gruppenpsychotherapie gemeinn\u00fctzige GmbH<\/a> (Moreno Pszichodr\u00e1ma, Szociometria, Csoport-pszichoter\u00e1pi\u00e1s Int\u00e9zet Kft.) szervez\u00e9s\u00e9ben. A k\u00e9pz\u00e9s tematik\u00e1ja: a pszichodr\u00e1ma technik\u00e1k \u00e1ltal\u00e1nos elm\u00e9leti h\u00e1ttere e technik\u00e1k egy\u00e9ni ter\u00e1pi\u00e1s alkalmaz\u00e1sa gyakorlati p\u00e9ld\u00e1kkal \u00e9s szuperv\u00edzi\u00f3val &hellip;<\/p>\n","protected":false},"author":102160,"featured_media":0,"parent":40,"menu_order":6,"comment_status":"closed","ping_status":"closed","template":"template-fullwidth.php","meta":{"_acf_changed":false,"footnotes":""},"categories":[],"tags":[],"class_list":["post-71","page","type-page","status-publish","hentry"],"acf":[],"_links":{"self":[{"href":"https:\/\/semmelweis.hu\/tunderhegy\/wp-json\/wp\/v2\/pages\/71","targetHints":{"allow":["GET"]}}],"collection":[{"href":"https:\/\/semmelweis.hu\/tunderhegy\/wp-json\/wp\/v2\/pages"}],"about":[{"href":"https:\/\/semmelweis.hu\/tunderhegy\/wp-json\/wp\/v2\/types\/page"}],"author":[{"embeddable":true,"href":"https:\/\/semmelweis.hu\/tunderhegy\/wp-json\/wp\/v2\/users\/102160"}],"replies":[{"embeddable":true,"href":"https:\/\/semmelweis.hu\/tunderhegy\/wp-json\/wp\/v2\/comments?post=71"}],"version-history":[{"count":11,"href":"https:\/\/semmelweis.hu\/tunderhegy\/wp-json\/wp\/v2\/pages\/71\/revisions"}],"predecessor-version":[{"id":449,"href":"https:\/\/semmelweis.hu\/tunderhegy\/wp-json\/wp\/v2\/pages\/71\/revisions\/449"}],"up":[{"embeddable":true,"href":"https:\/\/semmelweis.hu\/tunderhegy\/wp-json\/wp\/v2\/pages\/40"}],"wp:attachment":[{"href":"https:\/\/semmelweis.hu\/tunderhegy\/wp-json\/wp\/v2\/media?parent=71"}],"wp:term":[{"taxonomy":"category","embeddable":true,"href":"https:\/\/semmelweis.hu\/tunderhegy\/wp-json\/wp\/v2\/categories?post=71"},{"taxonomy":"post_tag","embeddable":true,"href":"https:\/\/semmelweis.hu\/tunderhegy\/wp-json\/wp\/v2\/tags?post=71"}],"curies":[{"name":"wp","href":"https:\/\/api.w.org\/{rel}","templated":true}]}}