{"id":7,"date":"2025-01-06T11:42:28","date_gmt":"2025-01-06T10:42:28","guid":{"rendered":"https:\/\/semmelweis.hu\/tunderhegy\/?page_id=7"},"modified":"2025-02-24T08:44:25","modified_gmt":"2025-02-24T07:44:25","slug":"ambulans-rovidterapia","status":"publish","type":"page","link":"https:\/\/semmelweis.hu\/tunderhegy\/betegellatas\/ambulans-rovidterapia\/","title":{"rendered":"Ambul\u00e1ns r\u00f6vidter\u00e1pia"},"content":{"rendered":"<h2>Az ambul\u00e1ns pszichoter\u00e1pi\u00e1r\u00f3l oszt\u00e1lyunkon<\/h2>\n<p>Az ambul\u00e1ns pszichoter\u00e1pia\u00a0<span style=\"font-size: 1rem;\">a<\/span><span style=\"font-size: 1rem;\">\u00a0<\/span><a style=\"font-size: 1rem; color: white; background-color: #00597b;\" href=\"https:\/\/semmelweis.hu\/tunderhegy\/elerhetoseg\/\" target=\"_blank\" rel=\"noopener\">T\u00fcnd\u00e9rhegyi Pszichoter\u00e1pi\u00e1s Oszt\u00e1lyon<\/a> <span style=\"font-size: 1rem;\">heti 1 alkalommal \u00e9rhet\u0151 el <\/span><span style=\"font-size: 1rem;\">\u00f6sszesen 20 \u00fcl\u00e9sben <\/span><span style=\"font-size: 1rem;\">azok sz\u00e1m\u00e1ra, akiknek ez az ell\u00e1t\u00e1si forma illeszkedik aktu\u00e1lis probl\u00e9m\u00e1jukhoz (l\u00e1sd <a href=\"https:\/\/semmelweis.hu\/tunderhegy\/betegellatas\/betegfelvetel\/\">betegfelv\u00e9tel<\/a>).<\/span><\/p>\n<p>A ter\u00e1pia <em><strong>t\u00e1rsadalombiztos\u00edt\u00e1s terh\u00e9re<\/strong><\/em> zajlik, vagyis <em><strong>\u00e9rv\u00e9nyes TAJ k\u00e1rty\u00e1val k\u00f6lts\u00e9gt\u00e9r\u00edt\u00e9s n\u00e9lk\u00fcl<\/strong><\/em> ig\u00e9nybe vehet\u0151.<\/p>\n<h5>Kiket v\u00e1runk?<\/h5>\n<ul>\n<li>olyan p\u00e1cienseket, akiknek j\u00f3l megfoghat\u00f3, aktu\u00e1lis probl\u00e9m\u00e1juk van<\/li>\n<li>a probl\u00e9m\u00e1nak l\u00e9lektani term\u00e9szete (is) van<\/li>\n<li>vagyis a r\u00f6vidter\u00e1pia alkalmas az elakad\u00e1s kezel\u00e9s\u00e9re<\/li>\n<\/ul>\n<h5>Nem tudjuk fogadni azokat<\/h5>\n<ul>\n<li>akik jelentkez\u00e9s\u00fck idej\u00e9n pszichotikus \u00e1llapotban vannak<\/li>\n<li>akik jelentkez\u00e9s\u00fck idej\u00e9n szerhaszn\u00e1l\u00f3k (alkohol, drog, gy\u00f3gyszerf\u00fcgg\u00e9s)<\/li>\n<li>akiknek a probl\u00e9m\u00e1ja \u00f6sszetettebb ann\u00e1l, hogy r\u00f6vid ter\u00e1pi\u00e1ba belef\u00e9rjen<\/li>\n<li>akiknek a probl\u00e9m\u00e1ja nem l\u00e9lektani term\u00e9szet\u0171<\/li>\n<\/ul>\n<h5>Jelentkez\u00e9s<\/h5>\n<p>A t\u00f6bbi ter\u00e1pi\u00e1s form\u00e1hoz hasonl\u00f3an b\u00e1rmely <a href=\"https:\/\/semmelweis.hu\/tunderhegy\/betegellatas\/betegfelvetel\/\" target=\"_blank\" rel=\"noopener\">szombati ambulanci\u00e1nkon<\/a> (\u00e9rkez\u00e9s 8 \u00e9s 11 \u00f3ra k\u00f6z\u00f6tt), ahol az aktu\u00e1lis koll\u00e9ga felm\u00e9ri az alkalmass\u00e1got. Szeretn\u00e9nk hangs\u00falyozni, hogy <em>annak eld\u00f6nt\u00e9se, hogy javasolhat\u00f3-e ez az ell\u00e1t\u00e1si forma, vagy m\u00e1st tartunk indokoltnak, az interj\u00fat v\u00e9gz\u0151 szakember feladata \u00e9s felel\u0151ss\u00e9ge.<\/em> Tov\u00e1bbi inform\u00e1ci\u00f3: <a href=\"https:\/\/semmelweis.hu\/tunderhegy\/betegellatas\/betegfelvetel\/\" target=\"_blank\" rel=\"noopener\">Betegfelv\u00e9tel<\/a>.<\/p>\n","protected":false},"excerpt":{"rendered":"<p>Az ambul\u00e1ns pszichoter\u00e1pi\u00e1r\u00f3l oszt\u00e1lyunkon Az ambul\u00e1ns pszichoter\u00e1pia\u00a0a\u00a0 <a style=\"font-size: 1rem; color: white; background-color: #00597b;\" href=\"https:\/\/semmelweis.hu\/tunderhegy\/elerhetoseg\/\" target=\"_blank\" rel=\"noopener\">T\u00fcnd\u00e9rhegyi Pszichoter\u00e1pi\u00e1s Oszt\u00e1lyon<\/a> heti 1 alkalommal \u00e9rhet\u0151 el \u00f6sszesen 20 \u00fcl\u00e9sben azok sz\u00e1m\u00e1ra, akiknek ez az ell\u00e1t\u00e1si forma illeszkedik aktu\u00e1lis probl\u00e9m\u00e1jukhoz (l\u00e1sd <a href=\"https:\/\/semmelweis.hu\/tunderhegy\/betegellatas\/betegfelvetel\/\">betegfelv\u00e9tel<\/a> ). A ter\u00e1pia t\u00e1rsadalombiztos\u00edt\u00e1s terh\u00e9re zajlik, vagyis \u00e9rv\u00e9nyes TAJ k\u00e1rty\u00e1val k\u00f6lts\u00e9gt\u00e9r\u00edt\u00e9s n\u00e9lk\u00fcl ig\u00e9nybe vehet\u0151. Kiket v\u00e1runk? olyan p\u00e1cienseket, akiknek j\u00f3l megfoghat\u00f3, aktu\u00e1lis probl\u00e9m\u00e1juk van a probl\u00e9m\u00e1nak l\u00e9lektani term\u00e9szete (is) &hellip;<\/p>\n","protected":false},"author":12,"featured_media":0,"parent":6,"menu_order":3,"comment_status":"closed","ping_status":"closed","template":"","meta":{"_acf_changed":false,"footnotes":""},"categories":[],"tags":[],"class_list":["post-7","page","type-page","status-publish","hentry"],"acf":[],"_links":{"self":[{"href":"https:\/\/semmelweis.hu\/tunderhegy\/wp-json\/wp\/v2\/pages\/7","targetHints":{"allow":["GET"]}}],"collection":[{"href":"https:\/\/semmelweis.hu\/tunderhegy\/wp-json\/wp\/v2\/pages"}],"about":[{"href":"https:\/\/semmelweis.hu\/tunderhegy\/wp-json\/wp\/v2\/types\/page"}],"author":[{"embeddable":true,"href":"https:\/\/semmelweis.hu\/tunderhegy\/wp-json\/wp\/v2\/users\/12"}],"replies":[{"embeddable":true,"href":"https:\/\/semmelweis.hu\/tunderhegy\/wp-json\/wp\/v2\/comments?post=7"}],"version-history":[{"count":10,"href":"https:\/\/semmelweis.hu\/tunderhegy\/wp-json\/wp\/v2\/pages\/7\/revisions"}],"predecessor-version":[{"id":441,"href":"https:\/\/semmelweis.hu\/tunderhegy\/wp-json\/wp\/v2\/pages\/7\/revisions\/441"}],"up":[{"embeddable":true,"href":"https:\/\/semmelweis.hu\/tunderhegy\/wp-json\/wp\/v2\/pages\/6"}],"wp:attachment":[{"href":"https:\/\/semmelweis.hu\/tunderhegy\/wp-json\/wp\/v2\/media?parent=7"}],"wp:term":[{"taxonomy":"category","embeddable":true,"href":"https:\/\/semmelweis.hu\/tunderhegy\/wp-json\/wp\/v2\/categories?post=7"},{"taxonomy":"post_tag","embeddable":true,"href":"https:\/\/semmelweis.hu\/tunderhegy\/wp-json\/wp\/v2\/tags?post=7"}],"curies":[{"name":"wp","href":"https:\/\/api.w.org\/{rel}","templated":true}]}}