{"id":66,"date":"2025-01-08T11:13:00","date_gmt":"2025-01-08T10:13:00","guid":{"rendered":"https:\/\/semmelweis.hu\/tunderhegy\/?page_id=66"},"modified":"2025-02-24T08:50:31","modified_gmt":"2025-02-24T07:50:31","slug":"tfp-kepzes","status":"publish","type":"page","link":"https:\/\/semmelweis.hu\/tunderhegy\/kepzesek\/tfp-kepzes\/","title":{"rendered":"TFP &#8211; \u00c1tt\u00e9tel f\u00f3kusz\u00fa pszichoter\u00e1pia"},"content":{"rendered":"<h2>\u00c1tt\u00e9tel f\u00f3kusz\u00fa pszichoter\u00e1pia &#8211; 2025<\/h2>\n<h5>A T\u00fcnd\u00e9rhegyi Pszichoter\u00e1pi\u00e1s Oszt\u00e1llyal egy\u00fcttm\u0171k\u00f6d\u00e9sben TFP-k\u00e9pz\u00e9s indul 2025-ben<\/h5>\n<p>Az \u00e1tt\u00e9tel f\u00f3kusz\u00fa pszichoter\u00e1pia (transference focused psychotherapy \u2013 TFP) m\u00f3dszer kidolgoz\u00e1sa az Otto F. Kernberg \u00e1ltal vezetett munkacsoporthoz f\u0171z\u0151dik. Struktur\u00e1lis zavarok, ezen bel\u00fcl is kiemelten a borderline szem\u00e9lyis\u00e9gzavar, n\u00e1rcisztikus szem\u00e9lyis\u00e9gzavar kezel\u00e9s\u00e9re kifejlesztett pszichoter\u00e1pi\u00e1s m\u00f3dszer.<\/p>\n<p>C\u00e9lja nem egyszer\u0171en a t\u00fcnetek kezel\u00e9se, hanem a p\u00e1ciens szem\u00e9lyis\u00e9g\u00e9nek \u00e9s \u00e9letmin\u0151s\u00e9g\u00e9nek megv\u00e1ltoztat\u00e1sa. A k\u00e9pz\u00e9s gyakorlat-orient\u00e1lt, kifejezetten a fenti betegs\u00e9gek jellegzetes kezel\u00e9si neh\u00e9zs\u00e9geit emeli f\u00f3kuszba, az elm\u00e9leti ismeretek mellett praktikus, a ter\u00e1pia vezet\u00e9s\u00e9hez sz\u00fcks\u00e9ges tud\u00e1st k\u00edn\u00e1l. Emellett szuperv\u00edzi\u00f3t biztos\u00edt, \u00e9s a m\u00e1r gyakorl\u00f3 szakemberek sz\u00e1m\u00e1ra is \u00fajszer\u0171 szaktud\u00e1st, valamint nemzetk\u00f6zi tan\u00fas\u00edtv\u00e1nyt ad.<\/p>\n<p>A <a href=\"https:\/\/www.tfp-institut-muenchen.de\/home.html\" target=\"_blank\" rel=\"noopener\">TFP Int\u00e9zet M\u00fcnchen<\/a> \u00e9s az <a href=\"https:\/\/istfp.org\/\" target=\"_blank\" rel=\"noopener\">ISTFP <\/a>a k\u00e9pz\u00e9st elismeri, ennek elv\u00e9gz\u00e9s\u00e9r\u0151l tan\u00fas\u00edtv\u00e1nyt ad. <br \/>\nA k\u00e9pz\u00e9s az <a href=\"https:\/\/oftex.hu\" target=\"_blank\" rel=\"noopener\">OFTEX rendszerben<\/a> akkredit\u00e1lt.<\/p>\n<h5>A k\u00e9pz\u00e9s r\u00e9szei:<\/h5>\n<p>A k\u00e9pz\u00e9s <strong>elm\u00e9leti r\u00e9sz<\/strong>b\u0151l \u00e9s <strong>szuperv\u00edzi\u00f3<\/strong>b\u00f3l \u00e1ll.<\/p>\n<p><strong>Elm\u00e9leti r\u00e9sz:<\/strong> Az elm\u00e9leti r\u00e9sz els\u0151 \u00e9vben 4, m\u00e1sodik \u00e9vben 4, p\u00e9ntek d\u00e9lut\u00e1nt\u00f3l szombat estig tart\u00f3 blokkban t\u00f6rt\u00e9nik \u00e9s magyar illetve n\u00e9met nyelven, tolm\u00e1csol\u00e1ssal folyik. <em>(Teh\u00e1t k\u00e9t \u00e9v alatt \u00f6sszesen nyolc blokkban zajlik a k\u00e9pz\u00e9s.)<\/em><\/p>\n<p><strong>Kik\u00e9pz\u0151k:\u00a0<\/strong>A k\u00e9pz\u00e9sben a m\u00fcncheni, New York-i, a b\u00e9csi \u00e9s a budapesti TFP Int\u00e9zet munkat\u00e1rsai vesznek r\u00e9szt, \u0151k tartj\u00e1k az elm\u00e9leti k\u00e9pz\u00e9st \u00e9s a skype-szuperv\u00edzi\u00f3t.<\/p>\n<p>Jelenleg 3 magyar \u00e9s 5 k\u00fclf\u00f6ldi kik\u00e9pz\u0151vel dolgozunk. Magyar kik\u00e9pz\u0151ink: Cs\u00e1ky-Pallavicini Krisztina, Fekete Karolina, M\u00f3ra L\u00e1szl\u00f3 Xav\u00e9r. K\u00fclf\u00f6ldi kik\u00e9pz\u0151ink: Corinna Wernz \u00e9s Mathias Lohmer a M\u00fcncheni TFP int\u00e9zet kik\u00e9pz\u0151i, Bernhard Br\u00f6mmel \u00e9s George Brownstone, a b\u00e9csi TFP Int\u00e9zet munkat\u00e1rsai, Lendvay Judit a New York-i TFP Int\u00e9zet kik\u00e9pz\u0151je.<\/p>\n<p><strong>Szuperv\u00edzi\u00f3:<\/strong> Az elm\u00e9leti oktat\u00e1ssal p\u00e1rhuzamosan a kik\u00e9pz\u0151k vezet\u00e9s\u00e9vel skype-szuperv\u00edzi\u00f3 is zajlik. Ez hat f\u0151s kiscsoportokban t\u00f6rt\u00e9nik.<\/p>\n<h5>Helysz\u00edn<\/h5>\n<p>Semmelweis Egyetem, Rehabilit\u00e1ci\u00f3s Klinika,\u00a0<a href=\"https:\/\/semmelweis.hu\/tunderhegy\/elerhetoseg\/\" target=\"_blank\" rel=\"noopener\"><strong>T\u00fcnd\u00e9rhegyi Pszichoter\u00e1pi\u00e1s Oszt\u00e1ly<\/strong><\/a><\/p>\n<h5>Inform\u00e1ci\u00f3k<\/h5>\n<p>A r\u00e9szletekr\u0151l\u00a0a <a href=\"http:\/\/tfp-group-budapest.hu\/\" target=\"_blank\" rel=\"noopener\">http:\/\/tfp-group-budapest.hu\/<\/a> oldalon t\u00e1j\u00e9koz\u00f3dhatnak az \u00e9rdekl\u0151d\u0151k.<\/p>\n<p>A legk\u00f6zelebbi k\u00e9pz\u00e9s 2025 febru\u00e1rj\u00e1ban indul.\u00a0<\/p>\n<h5>Jelentkez\u00e9s<\/h5>\n<p>Jelentkezni az al\u00e1bbi email c\u00edmen lehet: <br \/>\n<a href=\"mailto:milakpiroskamarta@gmail.com\" target=\"_blank\" rel=\"noopener\">milakpiroskamarta@gmail.com<\/a>\u00a0<\/p>\n","protected":false},"excerpt":{"rendered":"<p>\u00c1tt\u00e9tel f\u00f3kusz\u00fa pszichoter\u00e1pia &#8211; 2025 A T\u00fcnd\u00e9rhegyi Pszichoter\u00e1pi\u00e1s Oszt\u00e1llyal egy\u00fcttm\u0171k\u00f6d\u00e9sben TFP-k\u00e9pz\u00e9s indul 2025-ben Az \u00e1tt\u00e9tel f\u00f3kusz\u00fa pszichoter\u00e1pia (transference focused psychotherapy \u2013 TFP) m\u00f3dszer kidolgoz\u00e1sa az Otto F. Kernberg \u00e1ltal vezetett munkacsoporthoz f\u0171z\u0151dik. Struktur\u00e1lis zavarok, ezen bel\u00fcl is kiemelten a borderline szem\u00e9lyis\u00e9gzavar, n\u00e1rcisztikus szem\u00e9lyis\u00e9gzavar kezel\u00e9s\u00e9re kifejlesztett pszichoter\u00e1pi\u00e1s m\u00f3dszer. C\u00e9lja nem egyszer\u0171en a t\u00fcnetek kezel\u00e9se, hanem a &hellip;<\/p>\n","protected":false},"author":102160,"featured_media":0,"parent":40,"menu_order":4,"comment_status":"closed","ping_status":"closed","template":"template-fullwidth.php","meta":{"_acf_changed":false,"footnotes":""},"categories":[],"tags":[],"class_list":["post-66","page","type-page","status-publish","hentry"],"acf":[],"_links":{"self":[{"href":"https:\/\/semmelweis.hu\/tunderhegy\/wp-json\/wp\/v2\/pages\/66","targetHints":{"allow":["GET"]}}],"collection":[{"href":"https:\/\/semmelweis.hu\/tunderhegy\/wp-json\/wp\/v2\/pages"}],"about":[{"href":"https:\/\/semmelweis.hu\/tunderhegy\/wp-json\/wp\/v2\/types\/page"}],"author":[{"embeddable":true,"href":"https:\/\/semmelweis.hu\/tunderhegy\/wp-json\/wp\/v2\/users\/102160"}],"replies":[{"embeddable":true,"href":"https:\/\/semmelweis.hu\/tunderhegy\/wp-json\/wp\/v2\/comments?post=66"}],"version-history":[{"count":10,"href":"https:\/\/semmelweis.hu\/tunderhegy\/wp-json\/wp\/v2\/pages\/66\/revisions"}],"predecessor-version":[{"id":444,"href":"https:\/\/semmelweis.hu\/tunderhegy\/wp-json\/wp\/v2\/pages\/66\/revisions\/444"}],"up":[{"embeddable":true,"href":"https:\/\/semmelweis.hu\/tunderhegy\/wp-json\/wp\/v2\/pages\/40"}],"wp:attachment":[{"href":"https:\/\/semmelweis.hu\/tunderhegy\/wp-json\/wp\/v2\/media?parent=66"}],"wp:term":[{"taxonomy":"category","embeddable":true,"href":"https:\/\/semmelweis.hu\/tunderhegy\/wp-json\/wp\/v2\/categories?post=66"},{"taxonomy":"post_tag","embeddable":true,"href":"https:\/\/semmelweis.hu\/tunderhegy\/wp-json\/wp\/v2\/tags?post=66"}],"curies":[{"name":"wp","href":"https:\/\/api.w.org\/{rel}","templated":true}]}}