{"id":61,"date":"2025-01-08T11:00:57","date_gmt":"2025-01-08T10:00:57","guid":{"rendered":"https:\/\/semmelweis.hu\/tunderhegy\/?page_id=61"},"modified":"2025-03-13T05:19:26","modified_gmt":"2025-03-13T04:19:26","slug":"opd-2","status":"publish","type":"page","link":"https:\/\/semmelweis.hu\/tunderhegy\/kepzesek\/opd-2\/","title":{"rendered":"Operacionaliz\u00e1lt Pszichodinamikai Diagnosztika (OPD-2) Tanfolyam"},"content":{"rendered":"<p><strong>A Semmelweis Egyetem, Rehabilit\u00e1ci\u00f3s Klinika, Pszichoszomatikus \u00e9s Pszichoter\u00e1pi\u00e1s Rehabilit\u00e1ci\u00f3s Oszt\u00e1ly (T\u00fcnd\u00e9rhegy)<\/strong> mint a Nemzetk\u00f6zi OPD-munkacsoport \u00e1ltal akkredit\u00e1lt k\u00e9pz\u0151hely rendez\u00e9s\u00e9ben, a <strong>Magyar Pszichi\u00e1triai T\u00e1rsas\u00e1g sz\u00e9khely\u00e9n<\/strong> (1021 Budapest, H\u0171v\u00f6sv\u00f6lgyi \u00fat 75\/A, illetve aut\u00f3val 1021 Budapest, Versec sor 5.)<\/p>\n<h5>Inform\u00e1ci\u00f3k<\/h5>\n<ul>\n<li><span style=\"color: #ff6600\"><span style=\"color: #000000\">D\u00e1tum: 2025. november 29-30.<\/span> <\/span><\/li>\n<li>A tanfolyam szombaton 09.00-18.00, vas\u00e1rnap 09.00-17.00 \u00f3r\u00e1ig tart.<\/li>\n<li>R\u00e9szv\u00e9teli d\u00edja 28.000,- Ft<\/li>\n<li>A tanfolyam 32 CME-pontot \u00e9r.<\/li>\n<\/ul>\n<h5>K\u00e9pz\u0151k<\/h5>\n<ul>\n<li>Dr. Harmatta J\u00e1nos (PhD, ECP)<\/li>\n<li>Bagotai Tam\u00e1s (ECP)<\/li>\n<li>Kiss Tibor Cece<\/li>\n<\/ul>\n<p>A tanfolyam c\u00e9lja az <strong>OPD-2 pszichoter\u00e1pi\u00e1s diagnosztikus rendszer<\/strong> &#8211; melynek k\u00e9zik\u00f6nyve magyarul is megjelent &#8211; fel\u00e9p\u00edt\u00e9s\u00e9nek, kateg\u00f3ri\u00e1inak megismer\u00e9se, kezel\u00e9s\u00e9nek elsaj\u00e1t\u00edt\u00e1sa \u00e9s <strong>video esetp\u00e9ld\u00e1kon t\u00f6rt\u00e9n\u0151 gyakorl\u00e1sa.<\/strong> <br \/>\nIg\u00e9ny szerint ind\u00edtunk <strong>alapoz\u00f3 \u00e9s fel\u00e9p\u00edt\u0151 csoportot<\/strong> is azok sz\u00e1m\u00e1ra, akik az alapoz\u00e1st m\u00e1r elv\u00e9gezt\u00e9k. <br \/>\nAz OPD diagnosztika seg\u00edt a pszichoter\u00e1pia indik\u00e1ci\u00f3j\u00e1ban, a munka ir\u00e1ny\u00e1nak meghat\u00e1roz\u00e1s\u00e1ban, a ter\u00e1pia effektivit\u00e1s\u00e1nak n\u00f6vel\u00e9s\u00e9ben. Sz\u00e1mos pszichoter\u00e1pi\u00e1s m\u00f3dszerhez kapcsolhat\u00f3.<\/p>\n<h5>Irodalom<\/h5>\n<p>OPD Munkacsoport: Operacionaliz\u00e1lt Pszichodinamikus Diagnosztika 2. (L\u00e9lekben Otthon, Budapest, 2007. <a href=\"http:\/\/www.lelekbenotthon.hu\" target=\"_blank\" rel=\"noopener\">www.lelekbenotthon.hu<\/a>) \/ A k\u00f6nyvre a munk\u00e1hoz sz\u00fcks\u00e9g van, <em>k\u00e9rj\u00fck el\u0151re beszerezni \u00e9s elhozni a k\u00e9pz\u00e9sre<\/em>. E-book: <a href=\"http:\/\/www.orioldbooks.com\" target=\"_blank\" rel=\"noopener\">www.orioldbooks.com<\/a><\/p>\n<p>A tanfolyam elv\u00e9gz\u00e9s\u00e9hez klinikai pszichoter\u00e1pi\u00e1s alapismeretek sz\u00fcks\u00e9gesek.<\/p>\n<h5>Jelentkez\u00e9s<\/h5>\n<p>Jelentkezhetnek: orvosok, pszichol\u00f3gusok, szakorvosok, szakpszichol\u00f3gusok.<br \/>\nA jelentkez\u00e9s e-mailen t\u00f6rt\u00e9nik. K\u00e9rj\u00fck, \u00edrj\u00e1k meg el\u00e9rhet\u0151s\u00e9g\u00fcket, ill. el\u0151zetes k\u00e9pzetts\u00e9g\u00fcket, valamint m\u0171k\u00f6d\u00e9si enged\u00e9lysz\u00e1mukat.<\/p>\n<p><strong>Jelentkez\u00e9s: <\/strong><br \/>\nDr. Harmatta J\u00e1nos <br \/>\n1121 Bp., Szanat\u00f3rium u. 19.<br \/>\nEmail: <a href=\"mailto:janos.harmatta@gmail.com\" target=\"_blank\" rel=\"noopener\">janos.harmatta@gmail.com<\/a>, (k\u00e9rj\u00fck, mell\u00e9kelj\u00e9k Bagotai Tam\u00e1snak is: <a href=\"mailto:bagotait@gmail.com\" target=\"_blank\" rel=\"noopener\">bagotait@gmail.com<\/a>)<\/p>\n<p><strong>Inform\u00e1ci\u00f3: <\/strong><br \/>\nBagotai Tam\u00e1s<br \/>\n+36 30 390 3418<br \/>\nEmail: <a href=\"mailto:bagotait@gmail.com\" target=\"_blank\" rel=\"noopener\">bagotait@gmail.com<\/a><\/p>\n<p>A tanfolyam r\u00e9szv\u00e9teli d\u00edja a helysz\u00ednen, k\u00e9szp\u00e9nzben fizetend\u0151.<\/p>\n","protected":false},"excerpt":{"rendered":"<p>A Semmelweis Egyetem, Rehabilit\u00e1ci\u00f3s Klinika, Pszichoszomatikus \u00e9s Pszichoter\u00e1pi\u00e1s Rehabilit\u00e1ci\u00f3s Oszt\u00e1ly (T\u00fcnd\u00e9rhegy) mint a Nemzetk\u00f6zi OPD-munkacsoport \u00e1ltal akkredit\u00e1lt k\u00e9pz\u0151hely rendez\u00e9s\u00e9ben, a Magyar Pszichi\u00e1triai T\u00e1rsas\u00e1g sz\u00e9khely\u00e9n (1021 Budapest, H\u0171v\u00f6sv\u00f6lgyi \u00fat 75\/A, illetve aut\u00f3val 1021 Budapest, Versec sor 5.) Inform\u00e1ci\u00f3k D\u00e1tum: 2025. november 29-30. A tanfolyam szombaton 09.00-18.00, vas\u00e1rnap 09.00-17.00 \u00f3r\u00e1ig tart. R\u00e9szv\u00e9teli d\u00edja 28.000,- Ft A tanfolyam &hellip;<\/p>\n","protected":false},"author":102160,"featured_media":0,"parent":40,"menu_order":3,"comment_status":"closed","ping_status":"closed","template":"template-fullwidth.php","meta":{"_acf_changed":false,"footnotes":""},"categories":[],"tags":[],"class_list":["post-61","page","type-page","status-publish","hentry"],"acf":[],"_links":{"self":[{"href":"https:\/\/semmelweis.hu\/tunderhegy\/wp-json\/wp\/v2\/pages\/61","targetHints":{"allow":["GET"]}}],"collection":[{"href":"https:\/\/semmelweis.hu\/tunderhegy\/wp-json\/wp\/v2\/pages"}],"about":[{"href":"https:\/\/semmelweis.hu\/tunderhegy\/wp-json\/wp\/v2\/types\/page"}],"author":[{"embeddable":true,"href":"https:\/\/semmelweis.hu\/tunderhegy\/wp-json\/wp\/v2\/users\/102160"}],"replies":[{"embeddable":true,"href":"https:\/\/semmelweis.hu\/tunderhegy\/wp-json\/wp\/v2\/comments?post=61"}],"version-history":[{"count":7,"href":"https:\/\/semmelweis.hu\/tunderhegy\/wp-json\/wp\/v2\/pages\/61\/revisions"}],"predecessor-version":[{"id":508,"href":"https:\/\/semmelweis.hu\/tunderhegy\/wp-json\/wp\/v2\/pages\/61\/revisions\/508"}],"up":[{"embeddable":true,"href":"https:\/\/semmelweis.hu\/tunderhegy\/wp-json\/wp\/v2\/pages\/40"}],"wp:attachment":[{"href":"https:\/\/semmelweis.hu\/tunderhegy\/wp-json\/wp\/v2\/media?parent=61"}],"wp:term":[{"taxonomy":"category","embeddable":true,"href":"https:\/\/semmelweis.hu\/tunderhegy\/wp-json\/wp\/v2\/categories?post=61"},{"taxonomy":"post_tag","embeddable":true,"href":"https:\/\/semmelweis.hu\/tunderhegy\/wp-json\/wp\/v2\/tags?post=61"}],"curies":[{"name":"wp","href":"https:\/\/api.w.org\/{rel}","templated":true}]}}