{"id":59,"date":"2025-01-08T09:55:59","date_gmt":"2025-01-08T08:55:59","guid":{"rendered":"https:\/\/semmelweis.hu\/tunderhegy\/?page_id=59"},"modified":"2026-03-18T15:20:40","modified_gmt":"2026-03-18T14:20:40","slug":"fokuszalt-pszichodinamikus-pszichoterapia-modszerspecifikus-kepzes","status":"publish","type":"page","link":"https:\/\/semmelweis.hu\/tunderhegy\/kepzesek\/fokuszalt-pszichodinamikus-pszichoterapia-modszerspecifikus-kepzes\/","title":{"rendered":"F\u00f3kusz\u00e1lt Pszichodinamikus Pszichoter\u00e1pia m\u00f3dszerspecifikus k\u00e9pz\u00e9s"},"content":{"rendered":"<h2>A Semmelweis Egyetemn\u00e9l akkredit\u00e1lt m\u00f3dszerspecifikus k\u00e9pz\u00e9s indul a 2026\/2027-es tan\u00e9vben<\/h2>\n<p>A Pszichoanalitikusan Orient\u00e1lt K\u00e9pz\u0151 Egyes\u00fclet (POPKE) F\u00f3kusz\u00e1lt Pszichodinamikus Pszichoter\u00e1pia M\u00f3dszerspecifikus K\u00e9pz\u00e9st ind\u00edt 2026 szeptember\u00e9ben a <a href=\"https:\/\/semmelweis.hu\/tunderhegy\/kepzesek\/pszichoterapeuta-kepzes\/\" target=\"_blank\" rel=\"noopener\">Semmelweis Egyetem szakvizsg\u00e1ra felk\u00e9sz\u00edt\u0151 T\u00fcnd\u00e9rhegyi Pszichoter\u00e1pi\u00e1s K\u00e9pz\u00e9ssel<\/a> k\u00f6z\u00f6sen. A k\u00e9pz\u00e9s a <a href=\"https:\/\/semmelweis.hu\/tunderhegy\/kepzesek\/pszichoterapeuta-kepzes\/\" target=\"_blank\" rel=\"noopener\">szakvizsg\u00e1ra felk\u00e9sz\u00edt\u0151 pszichoter\u00e1pi\u00e1s k\u00e9pz\u00e9s<\/a> m\u00f3dszerspecifikus f\u00e1zisa. A teljes k\u00e9pz\u00e9s elv\u00e9gz\u00e9se a szakvizsga let\u00e9tel\u00e9hez sz\u00fcks\u00e9ges. A szakvizsg\u00e1n a jel\u00f6lt a POPKE t\u00e9telsor (3.13) alapj\u00e1n vizsg\u00e1zik, mely el\u00e9rhet\u0151 <a href=\"https:\/\/www.enkk.hu\/index.php\/hun\/nemzeti-vizsgabizottsag-2\/ogyfk-vizsganaptar\/552-szakorvosi-szakgyogyszereszi-szakfogorvosi-es-klinikai-szakpszichologusi-szakvizsga\">az OKF\u0150 honlapj\u00e1n<\/a>. A k\u00e9pz\u00e9s mint m\u00f3dszer v\u00e1laszthat\u00f3, a klinikai k\u00e9pz\u00e9ssel p\u00e1rhuzamosan indul. A <a href=\"https:\/\/semmelweis.hu\/tunderhegy\/kepzesek\/pszichoterapeuta-kepzes\/\" target=\"_blank\" rel=\"noopener\">T\u00fcnd\u00e9rhegyi Pszichoter\u00e1pi\u00e1s K\u00e9pz\u00e9s<\/a> klinikai f\u00e1zis\u00e1hoz b\u00e1rmely akkredit\u00e1lt m\u00f3dszer t\u00e1rs\u00edthat\u00f3.<\/p>\n<h3>A k\u00e9pz\u00e9s c\u00e9lja:<\/h3>\n<p>K\u00e9pz\u00e9s\u00fcnk a propedeutikai f\u00e1zisra \u00e9p\u00fcl, illetve a klinikai f\u00e1zisokkal p\u00e1rhuzamosan zajlik. C\u00e9lunk a pszichodinamikai elm\u00e9leti h\u00e1tt\u00e9ren alapul\u00f3 f\u00f3kusz\u00e1lt egy\u00e9ni pszichoter\u00e1pia elm\u00e9let\u00e9nek \u00e9s gyakorlat\u00e1nak elsaj\u00e1t\u00edt\u00e1sa; korszer\u0171 elm\u00e9leti ismeretek \u00e9s ter\u00e1pi\u00e1s gyakorlat k\u00f6zvet\u00edt\u00e9se. A k\u00e9pz\u00e9s nagy hangs\u00falyt helyez a r\u00f6vidter\u00e1pi\u00e1k diagnosztikai, indik\u00e1ci\u00f3s \u00e9s ter\u00e1pi\u00e1s el\u0151k\u00e9sz\u00edt\u00e9s\u00e9t biztos\u00edt\u00f3 <strong>pszichoter\u00e1pi\u00e1s els\u0151 interj\u00fa<\/strong> gyakorlat\u00e1nak elsaj\u00e1t\u00edt\u00e1s\u00e1ra. A m\u00e1sodik \u00e9v gyakorlati k\u00f6vetelm\u00e9nyek\u00e9nt a hallgat\u00f3k szuperv\u00edzi\u00f3 mellett <strong>r\u00f6vid pszichoter\u00e1pi\u00e1s eseteket<\/strong> visznek.\u00a0<\/p>\n<h3>A k\u00e9pz\u00e9s r\u00e9szei:<\/h3>\n<p>saj\u00e1t\u00e9lm\u00e9ny, elm\u00e9let, gyakorlat szuperv\u00edzi\u00f3 mellett.<\/p>\n<p><strong>Saj\u00e1t\u00e9lm\u00e9ny<\/strong>:<\/p>\n<ul>\n<li>250 \u00f3ra egy\u00e9ni saj\u00e1t\u00e9lm\u00e9ny a TH k\u00e9pz\u00e9s \u00e1ltal elfogadott saj\u00e1t\u00e9lm\u00e9ny kik\u00e9pz\u0151 terapeut\u00e1n\u00e1l, vagy<\/li>\n<li>150 \u00f3ra (hozott) csoport- vagy egy\u00e9ni saj\u00e1t\u00e9lm\u00e9ny \u00e9s<\/li>\n<li>100 \u00f3ra egy\u00e9ni saj\u00e1t\u00e9lm\u00e9ny a TH k\u00e9pz\u00e9s \u00e1ltal elfogadott saj\u00e1t\u00e9lm\u00e9ny terapeut\u00e1n\u00e1l.<\/li>\n<\/ul>\n<p>A Pszichoter\u00e1pi\u00e1s Tan\u00e1cs tags\u00e1g\u00e1val \u00e9s a Tan\u00e1csn\u00e1l elfogadott k\u00e9pz\u00e9si programmal rendelkez\u0151 m\u00f3dszerspecifikus szakegyes\u00fcletek csoport- vagy egy\u00e9ni saj\u00e1t\u00e9lm\u00e9ny\u00e9t 150 \u00f3r\u00e1ban elfogadjuk abban az esetben, ha folyamatosan \u00e9s kik\u00e9pz\u0151 terapeut\u00e1n\u00e1l t\u00f6rt\u00e9nt \u00e9s az illet\u0151 egyes\u00fclet tanulm\u00e1nyi szab\u00e1lyzata szerint is befejezett saj\u00e1t\u00e9lm\u00e9nynek sz\u00e1m\u00edt. A m\u00f3dszerhez legink\u00e1bb aj\u00e1nlott a csoportanalitikus (CSAKIT)-saj\u00e1t\u00e9lm\u00e9ny csoport.<\/p>\n<p><span style=\"font-size: 1rem\">A<\/span><span style=\"font-size: 1rem\">\u00a0<\/span><strong style=\"font-size: 1rem\">saj\u00e1t\u00e9lm\u00e9ny<\/strong><span style=\"font-size: 1rem\">\u00a0<\/span><span style=\"font-size: 1rem\">a Propedeutikai \u00e9s Klinikai f\u00e1zissal p\u00e1rhuzamosan v\u00e9gezhet\u0151, melyre a T\u00fcnd\u00e9rhegyi pszichoter\u00e1pi\u00e1s k\u00e9pz\u00e9s \u00e1ltal elfogadott kik\u00e9pz\u0151 terapeut\u00e1n\u00e1l lehet jelentkezni.<\/span><\/p>\n<p><strong>Elm\u00e9leti k\u00e9pz\u00e9s<\/strong>:\u00a0150 \u00f3ra elm\u00e9let<\/p>\n<p>A <strong>F\u00f3kusz\u00e1lt Pszichodinamikus Pszichoter\u00e1pi\u00e1s m\u00f3dszerspecifikus k\u00e9pz\u00e9s<\/strong> k\u00e9thetente, p\u00e9nteki napokon 10.30 \u2013 16.00 \u00f3ra k\u00f6z\u00f6tt zajlik.<\/p>\n<p>A k\u00e9pz\u00e9si napok elm\u00e9leti el\u0151ad\u00e1sokb\u00f3l, szemin\u00e1riumokb\u00f3l \u00e9s esetmegbesz\u00e9l\u0151 csoportokb\u00f3l \u00e9p\u00fclnek fel.<\/p>\n<p><strong>Szuperv\u00edzi\u00f3<\/strong>: 160 \u00f3ra csoportos szuperv\u00edzi\u00f3<\/p>\n<p>A k\u00e9pz\u00e9s sor\u00e1n \u00e9vente minimum <strong>2 eset<\/strong> folyamatos p\u00e1rhuzamos vezet\u00e9se sz\u00fcks\u00e9ges, ezeket esetmegbesz\u00e9l\u0151 csoportban dolgozzuk fel. A k\u00e9pz\u00e9s esetv\u00e9d\u00e9ses vizsg\u00e1val z\u00e1rul.<\/p>\n<p>A pszichoterapeuta szakvizsg\u00e1hoz sz\u00fcks\u00e9ges szint el\u00e9r\u00e9s\u00e9hez a k\u00e9pz\u00e9s <strong>6 f\u00e9l\u00e9vet<\/strong> vesz ig\u00e9nybe (kiv\u00e9ve a saj\u00e1t\u00e9lm\u00e9ny r\u00e9szt), \u00e9s a klinikai f\u00e1zissal p\u00e1rhuzamosan fut. A k\u00e9pz\u00e9s teljes id\u0151tartama, amely az \u00f6n\u00e1ll\u00f3 m\u00f3dszerspecifikus pszichoter\u00e1pi\u00e1s munk\u00e1hoz sz\u00fcks\u00e9ges, 3 tan\u00e9v. <em>A k\u00e9pz\u00e9s egyes elemei id\u0151ben eltol\u00f3dhatnak, a kezd\u00e9s a klinikai f\u00e1zis kezdet\u00e9hez k\u00f6t\u00f6tt.<\/em><\/p>\n<p>A klinikai f\u00e1zisra t\u00f6rt\u00e9n\u0151 beiratkoz\u00e1ssal egyidej\u0171leg kell beiratkozni a F\u00f3kusz\u00e1lt Pszichodinamikus m\u00f3dszerspecifikus k\u00e9pz\u00e9sbe, vagy m\u00e1s v\u00e1lasztott m\u00f3dszerspecifikus k\u00e9pz\u00e9sbe is. A m\u00f3dszerspecifikus k\u00e9pz\u00e9s a klinikai k\u00e9pz\u00e9ssel p\u00e1rhuzamosan t\u00f6rt\u00e9nik.<\/p>\n<p><strong>A kik\u00e9pz\u0151k<\/strong>: A <a href=\"https:\/\/psychoanalysis.hu\/\" target=\"_blank\" rel=\"noopener\">Magyar Pszichoanalitikus Egyes\u00fclet (MPE)<\/a>, a Pszichoanalitikusan Orient\u00e1lt Pszichoter\u00e1pi\u00e1s \u00e9s Kik\u00e9pz\u0151 Egyes\u00fclet (POPKE) \u00e9s a T\u00fcnd\u00e9rhegyi Eur\u00f3pai Pszichoter\u00e1pi\u00e1s K\u00e9pz\u00e9s (TEPKI) kik\u00e9pz\u0151i.<\/p>\n<p>A k\u00e9pz\u00e9st kell\u0151 sz\u00e1m\u00fa jelentkez\u00e9s eset\u00e9n ind\u00edtjuk.<\/p>\n<h5>Jelentkez\u00e9s<\/h5>\n<p>R\u00f6vid szakmai \u00f6n\u00e9letrajzzal, dr. Harmatta J\u00e1nosn\u00e1l.<\/p>\n<p>Dr. Harmatta J\u00e1nos<br \/>\n<a href=\"http:\/\/janos.harmatta@gmail.com.\/\">janos.harmatta@gmail.com.<\/a><\/p>\n<h5>Inform\u00e1ci\u00f3<\/h5>\n<p>Bagotai Tam\u00e1s<br \/>\n<a href=\"mailto:bagotait@gmail.com\">bagotait@gmail.com<\/a><br \/>\n+36 30 390 3418<\/p>\n","protected":false},"excerpt":{"rendered":"<p>A Semmelweis Egyetemn\u00e9l akkredit\u00e1lt m\u00f3dszerspecifikus k\u00e9pz\u00e9s indul a 2026\/2027-es tan\u00e9vben A Pszichoanalitikusan Orient\u00e1lt K\u00e9pz\u0151 Egyes\u00fclet (POPKE) F\u00f3kusz\u00e1lt Pszichodinamikus Pszichoter\u00e1pia M\u00f3dszerspecifikus K\u00e9pz\u00e9st ind\u00edt 2026 szeptember\u00e9ben a <a href=\"https:\/\/semmelweis.hu\/tunderhegy\/kepzesek\/pszichoterapeuta-kepzes\/\" target=\"_blank\" rel=\"noopener\">Semmelweis Egyetem szakvizsg\u00e1ra felk\u00e9sz\u00edt\u0151 T\u00fcnd\u00e9rhegyi Pszichoter\u00e1pi\u00e1s K\u00e9pz\u00e9ssel<\/a> k\u00f6z\u00f6sen. A k\u00e9pz\u00e9s a <a href=\"https:\/\/semmelweis.hu\/tunderhegy\/kepzesek\/pszichoterapeuta-kepzes\/\" target=\"_blank\" rel=\"noopener\">szakvizsg\u00e1ra felk\u00e9sz\u00edt\u0151 pszichoter\u00e1pi\u00e1s k\u00e9pz\u00e9s<\/a> m\u00f3dszerspecifikus f\u00e1zisa. A teljes k\u00e9pz\u00e9s elv\u00e9gz\u00e9se a szakvizsga let\u00e9tel\u00e9hez sz\u00fcks\u00e9ges. A szakvizsg\u00e1n a jel\u00f6lt a POPKE t\u00e9telsor (3.13) alapj\u00e1n vizsg\u00e1zik, mely el\u00e9rhet\u0151 <a href=\"https:\/\/www.enkk.hu\/index.php\/hun\/nemzeti-vizsgabizottsag-2\/ogyfk-vizsganaptar\/552-szakorvosi-szakgyogyszereszi-szakfogorvosi-es-klinikai-szakpszichologusi-szakvizsga\">az OKF\u0150 honlapj\u00e1n<\/a> . A k\u00e9pz\u00e9s mint &hellip;<\/p>\n","protected":false},"author":102160,"featured_media":0,"parent":40,"menu_order":2,"comment_status":"closed","ping_status":"closed","template":"template-fullwidth.php","meta":{"_acf_changed":false,"footnotes":""},"categories":[],"tags":[],"class_list":["post-59","page","type-page","status-publish","hentry"],"acf":[],"_links":{"self":[{"href":"https:\/\/semmelweis.hu\/tunderhegy\/wp-json\/wp\/v2\/pages\/59","targetHints":{"allow":["GET"]}}],"collection":[{"href":"https:\/\/semmelweis.hu\/tunderhegy\/wp-json\/wp\/v2\/pages"}],"about":[{"href":"https:\/\/semmelweis.hu\/tunderhegy\/wp-json\/wp\/v2\/types\/page"}],"author":[{"embeddable":true,"href":"https:\/\/semmelweis.hu\/tunderhegy\/wp-json\/wp\/v2\/users\/102160"}],"replies":[{"embeddable":true,"href":"https:\/\/semmelweis.hu\/tunderhegy\/wp-json\/wp\/v2\/comments?post=59"}],"version-history":[{"count":10,"href":"https:\/\/semmelweis.hu\/tunderhegy\/wp-json\/wp\/v2\/pages\/59\/revisions"}],"predecessor-version":[{"id":556,"href":"https:\/\/semmelweis.hu\/tunderhegy\/wp-json\/wp\/v2\/pages\/59\/revisions\/556"}],"up":[{"embeddable":true,"href":"https:\/\/semmelweis.hu\/tunderhegy\/wp-json\/wp\/v2\/pages\/40"}],"wp:attachment":[{"href":"https:\/\/semmelweis.hu\/tunderhegy\/wp-json\/wp\/v2\/media?parent=59"}],"wp:term":[{"taxonomy":"category","embeddable":true,"href":"https:\/\/semmelweis.hu\/tunderhegy\/wp-json\/wp\/v2\/categories?post=59"},{"taxonomy":"post_tag","embeddable":true,"href":"https:\/\/semmelweis.hu\/tunderhegy\/wp-json\/wp\/v2\/tags?post=59"}],"curies":[{"name":"wp","href":"https:\/\/api.w.org\/{rel}","templated":true}]}}