{"id":50,"date":"2025-01-08T09:47:14","date_gmt":"2025-01-08T08:47:14","guid":{"rendered":"https:\/\/semmelweis.hu\/tunderhegy\/?page_id=50"},"modified":"2026-03-27T08:15:10","modified_gmt":"2026-03-27T07:15:10","slug":"pszichoterapeuta-kepzes","status":"publish","type":"page","link":"https:\/\/semmelweis.hu\/tunderhegy\/kepzesek\/pszichoterapeuta-kepzes\/","title":{"rendered":"Pszichoterapeuta szakvizsg\u00e1ra felk\u00e9sz\u00edt\u0151 k\u00e9pz\u00e9s"},"content":{"rendered":"<h2>Pszichoterapeuta szakvizsg\u00e1ra felk\u00e9sz\u00edt\u0151 k\u00e9pz\u00e9s<\/h2>\n<div class=\"keretes w-100\">\n<h4><strong>K\u00e9pz\u00e9seink <\/strong><em>(navig\u00e1ci\u00f3 ezen az oldalon bel\u00fcl):<\/em><\/h4>\n<ul>\n<li><a href=\"#a\">Pszichoter\u00e1pia II. k\u00e9pz\u00e9s (36 h\u00f3) &#8211; propedeutikai f\u00e1zissal<\/a><\/li>\n<li><a href=\"#b\">Pszichoter\u00e1pia I. k\u00e9pz\u00e9s (24 h\u00f3) &#8211; propedeutika n\u00e9lk\u00fcl<\/a><\/li>\n<li><a href=\"#c\">Pszichoter\u00e1pi\u00e1s alapismeretek tanfolyam<\/a><\/li>\n<\/ul>\n<\/div>\n<h3>T\u00fcnd\u00e9rhegyi Pszichoterapi\u00e1s K\u00e9pz\u00e9s (TEPKI), Budapest, 2026. szeptember<\/h3>\n<p><strong>Pszichoter\u00e1pia I k\u00e9pz\u00e9s<\/strong> (Klinikai f\u00e1zis, 24 h\u00f3) \u00e9s <a href=\"https:\/\/semmelweis.hu\/tunderhegy\/kepzesek\/fokuszalt-pszichodinamikus-pszichoterapia-modszerspecifikus-kepzes\/\" target=\"_blank\" rel=\"noopener\"><strong>F\u00f3kusz\u00e1lt Pszichodinamikus M\u00f3dszerspecifikus k\u00e9pz\u00e9s<\/strong><\/a> (24 h\u00f3, p\u00e1rhuzamosan).\u00a0<br \/>\nA Semmelweis Egyetem \u00e1ltal meghat\u00e1rozott <strong><em>tand\u00edj tartalmazza a m\u00f3dszerspecifikus k\u00e9pz\u00e9s tand\u00edj\u00e1t is<\/em><\/strong>.<\/p>\n<p>A k\u00e9pz\u00e9s a\u00a0<a href=\"https:\/\/semmelweis.hu\/szak-es-tovabbkepzes\/egyeb-kepzes\/pszichoterapia-szakkepzes\/\" target=\"_blank\" rel=\"noopener\">Semmelweis Egyetem<\/a> keret\u00e9ben folyik.<\/p>\n<h5>A k\u00e9pz\u00e9s c\u00e9lja:\u00a0<\/h5>\n<ol>\n<li>A pszichoter\u00e1pi\u00e1s elm\u00e9leti alapok \u00e9s a gyakorlati klinikai munka elsaj\u00e1t\u00edt\u00e1s\u00e1nak biztos\u00edt\u00e1sa.<\/li>\n<li>A r\u00e9sztvev\u0151k felk\u00e9sz\u00edt\u00e9se a pszichoterapeuta szakvizsga let\u00e9tel\u00e9re.<\/li>\n<li>Az \u00f6n\u00e1ll\u00f3 pszichoter\u00e1pi\u00e1s munka, illetve praxis kialak\u00edt\u00e1s\u00e1hoz sz\u00fcks\u00e9ges kompetenci\u00e1k fejleszt\u00e9se \u00e9s a gyakorlati tapasztalat megszerz\u00e9se.<\/li>\n<\/ol>\n<p>A k\u00e9pz\u00e9s sor\u00e1n elsaj\u00e1t\u00edthat\u00f3k a dinamikus pszichoter\u00e1pia elm\u00e9leti \u00e9s m\u00f3dszertani alapjai, a pszichoter\u00e1pi\u00e1s ir\u00e1ny\u00fa kivizsg\u00e1l\u00e1s, valamint a dinamikus tan\u00e1csad\u00e1s \u00e9s betegvezet\u00e9s gyakorlata.<\/p>\n<p><span style=\"color: #ffffff\">.<\/span><a id=\"a\"><\/a><\/p>\n<h3>A) Pszichoter\u00e1pia II. k\u00e9pz\u00e9s (36 h\u00f3)<\/h3>\n<p><em>A Pszichoter\u00e1pia I. k\u00e9pz\u00e9s a Propedeutika f\u00e1zisb\u00f3l (12 h\u00f3) \u00e9s a Klinikai I. \u00e9s II. f\u00e1zisb\u00f3l (24 h\u00f3) \u00e1ll. Ez ut\u00f3bbi megfelel a Pszichoter\u00e1pia II. k\u00e9pz\u00e9snek, ennek r\u00e9szleteir\u0151l al\u00e1bb olvashatnak.<\/em><\/p>\n<p><strong>Propedeutikai f\u00e1zis (12 h\u00f3)<\/strong><\/p>\n<p>Az <strong>egy \u00e9ves (12 h\u00f3) propedeutikai f\u00e1zis<\/strong> a szakvizsga-k\u00e9pz\u00e9s r\u00e9szek\u00e9nt tartalmazza az elm\u00e9leti \u00e9s gyakorlati k\u00f6vetelm\u00e9nyeket <strong>szakorvosok, valamint neuro- szakpszichol\u00f3gusok \u00e9s alkalmazott eg\u00e9szs\u00e9gpszichol\u00f3gusok<\/strong> sz\u00e1m\u00e1ra, bele\u00e9rtve a pszichopatol\u00f3giai ismereteket is.<\/p>\n<p>A k\u00e9pz\u00e9s betekint\u00e9st ny\u00fajt a <strong>pszichoter\u00e1pia elm\u00e9leti \u00e9s m\u00f3dszertani alapt\u00e9teleibe<\/strong> \u00e9s bevezet a <strong>dinamikus pszichoter\u00e1pi\u00e1s<\/strong> ir\u00e1ny\u00fa kivizsg\u00e1l\u00e1s, valamint a pszichoter\u00e1pi\u00e1s tan\u00e1csad\u00e1s \u00e9s betegvezet\u00e9s gyakorlat\u00e1ba. A tan\u00e9v v\u00e9g\u00e9re a hallgat\u00f3k elsaj\u00e1t\u00edtj\u00e1k a pszichoter\u00e1pi\u00e1s ir\u00e1ny\u00fa explor\u00e1ci\u00f3 gyakorlat\u00e1t is. A propedeutika sikeres v\u00e9gz\u00e9se ut\u00e1n a k\u00e9pz\u00e9s a Klinikai F\u00e1zis I.-II. \u00e9v\u00e9vel (24 h\u00f3) folytathat\u00f3.<\/p>\n<p><span style=\"color: #ffffff\">.<\/span><a id=\"b\"><\/a><\/p>\n<h3>B) Pszichoter\u00e1pia I. k\u00e9pz\u00e9s (24 h\u00f3)<\/h3>\n<p><strong>Klinikai f\u00e1zis I.-II.<\/strong><\/p>\n<p><strong>A k\u00e9pz\u00e9s k\u00fcldet\u00e9se<\/strong>, hogy szakmailag magas szint\u0171 pszichoter\u00e1pi\u00e1s tud\u00e1st \u00e9s kompetenci\u00e1kat biztos\u00edtson.<\/p>\n<ul>\n<li><strong>Els\u0151 \u00e9v<\/strong>: az els\u0151 interj\u00fa gyakorlat\u00e1n kereszt\u00fcl bevezet a pszichoter\u00e1pia ir\u00e1ny\u00e1ba t\u00f6rt\u00e9n\u0151 kivizsg\u00e1l\u00e1sba (diagnosztika, indik\u00e1ci\u00f3), a dinamikus tan\u00e1csad\u00e1s \u00e9s betegvezet\u00e9s gyakorlat\u00e1ba.<\/li>\n<li><strong>M\u00e1sodik \u00e9v<\/strong>: az elm\u00e9let \u00e9s a klinikai gyakorlat m\u00f3dszertan\u00e1nak elsaj\u00e1t\u00edt\u00e1s\u00e1n kereszt\u00fcl a pszichoter\u00e1pi\u00e1s folyamat kialak\u00edt\u00e1s\u00e1nak alapjait tan\u00edtja meg.<br \/>\nA gyakorlati k\u00f6vetelm\u00e9ny szuperv\u00edzi\u00f3 mellett v\u00e9gzett r\u00f6vid pszichoter\u00e1pi\u00e1s esetek vezet\u00e9se.<\/li>\n<\/ul>\n<h5>Jelentkezhetnek<\/h5>\n<ul>\n<li><strong>pszichi\u00e1ter szakorvosok, <\/strong><\/li>\n<li><strong>klinikai szakpszichol\u00f3gusok, illetve <\/strong><\/li>\n<li><strong>a propedeutikai f\u00e1zist sikeresen elv\u00e9gzett szakorvosok, neuropszichol\u00f3giai szakpszichol\u00f3gusok \u00e9s alkalmazott eg\u00e9szs\u00e9gpszichol\u00f3gusok a 36 h\u00f3napos Pszichoter\u00e1pia I. k\u00e9pz\u00e9s\u00fck r\u00e9szek\u00e9nt.<\/strong><\/li>\n<\/ul>\n<p>A tematika kiterjed a pszichopatol\u00f3gia, a pszichodinamika \u00e9s a felt\u00e1r\u00f3 pszichoter\u00e1pi\u00e1k alapismereteire. A k\u00e9pz\u00e9s keret\u00e9ben elsaj\u00e1t\u00edtand\u00f3 k\u00fcl\u00f6n kurzusk\u00e9nt az <a href=\"https:\/\/semmelweis.hu\/tunderhegy\/kepzesek\/opd-2\/\" target=\"_blank\" rel=\"noopener\">Operacionaliz\u00e1lt Pszichodinamikus Diagnosztika<\/a>, az egyes k\u00f3rk\u00e9pek speci\u00e1lis ter\u00e1pi\u00e1s megold\u00e1sai, valamint a gy\u00f3gyszeres ter\u00e1pia \u00e9s pszichoter\u00e1pia kombin\u00e1l\u00e1s\u00e1nak k\u00e9rd\u00e9sei.<\/p>\n<p>A pszichoter\u00e1pi\u00e1s ismeretanyag <strong>dinamikus szeml\u00e9let\u0171 r\u00f6vid pszichoter\u00e1pi\u00e1ra<\/strong> k\u00e9sz\u00edt fel \u00e9s a k\u00e9pz\u00e9ssel p\u00e1rhuzamosan \u00f6nismereti saj\u00e1t\u00e9lm\u00e9ny\u0171 egy\u00e9ni ter\u00e1pi\u00e1val \u00e9s szuperv\u00edzi\u00f3val a Pszichoanalitikusan Orient\u00e1lt Pszichoter\u00e1pi\u00e1s \u00e9s Kik\u00e9pz\u0151 Egyes\u00fclet (POPKE) keret\u00e9ben a <strong><a href=\"https:\/\/semmelweis.hu\/tunderhegy\/kepzesek\/fokuszalt-pszichodinamikus-pszichoterapia-modszerspecifikus-kepzes\/\" target=\"_blank\" rel=\"noopener\">F\u00f3kusz\u00e1lt Pszichodinamikus Pszichoter\u00e1pi\u00e1s m\u00f3dszerspecifikus k\u00e9pz\u00e9s<\/a> is elv\u00e9gezhet\u0151.<\/strong><\/p>\n<p>A klinikai f\u00e1zis <em>b\u00e1rmely m\u00f3dszerspecifikus pszichoter\u00e1pi\u00e1s ir\u00e1nyzattal kombin\u00e1lhat\u00f3<\/em>.<\/p>\n<p>A k\u00e9pz\u00e9s havonta egy p\u00e9nteki napot (10.30 \u2013 16.00 \u00f3ra k\u00f6z\u00f6tt) vesz ig\u00e9nybe. A <a href=\"https:\/\/semmelweis.hu\/tunderhegy\/kepzesek\/fokuszalt-pszichodinamikus-pszichoterapia-modszerspecifikus-kepzes\/\" target=\"_blank\" rel=\"noopener\"><strong>F\u00f3kusz\u00e1lt Pszichodinamikus Pszichoter\u00e1pi\u00e1s m\u00f3dszerspecifikus k\u00e9pz\u00e9s<\/strong><\/a> k\u00e9thetente, p\u00e9nteki napokon 10.30 \u2013 16.00 \u00f3ra k\u00f6z\u00f6tt zajlik.<\/p>\n<p>A k\u00e9pz\u00e9si napok elm\u00e9leti el\u0151ad\u00e1sokb\u00f3l, m\u00f3dszerspecifikus szemin\u00e1riumokb\u00f3l \u00e9s esetmegbesz\u00e9l\u0151 csoportokb\u00f3l \u00e9p\u00fclnek fel.<\/p>\n<p>A k\u00e9pz\u00e9s f\u00e9l\u00e9vente vizsg\u00e1val, a k\u00e9pz\u00e9s v\u00e9g\u00e9n esettanulm\u00e1ny megv\u00e9d\u00e9s\u00e9vel z\u00e1rul. A tand\u00edjat a Semmelweis Egyetem hat\u00e1rozza meg \u00e9s hozz\u00e1juk fizetend\u0151. <em>A tand\u00edj tartalmazza a m\u00f3dszerspecifikus k\u00e9pz\u00e9s d\u00edj\u00e1t is.<\/em><\/p>\n<p><span style=\"color: #ffffff\">.<\/span><a id=\"c\"><\/a><\/p>\n<h3>C.) Pszichoter\u00e1pi\u00e1s alapismeretek tanfolyam<\/h3>\n<p>Egy \u00e9ves tanfolyam &#8211; \u00f6n\u00e1ll\u00f3 tov\u00e1bbk\u00e9pz\u00e9sk\u00e9nt &#8211; orvosok, pszichol\u00f3gusok \u00e9s m\u00e1s diplom\u00e1val rendelkez\u0151 seg\u00edt\u0151 foglalkoz\u00e1s\u00fa szakemberek (gy\u00f3gypedag\u00f3gusok, szoci\u00e1lis munk\u00e1sok, v\u00e9d\u0151n\u0151k, ment\u00e1lhigi\u00e9n\u00e9s szakemberek) sz\u00e1m\u00e1ra, akiknek munk\u00e1j\u00e1ban hangs\u00falyos szerepet kap a kapcsolati folyamatok meg\u00e9rt\u00e9se \u00e9s kezel\u00e9se.<\/p>\n<p>A k\u00e9pz\u00e9s betekint\u00e9st ny\u00fajt <strong>a pszichoter\u00e1pia elm\u00e9leti \u00e9s m\u00f3dszertani alapt\u00e9teleibe<\/strong> \u00e9s bevezet a kapcsolati folyamatok szem\u00e9lyk\u00f6zi helyzetekben t\u00f6rt\u00e9n\u0151 felismer\u00e9s\u00e9be, meg\u00e9rt\u00e9s\u00e9be, kezel\u00e9s\u00e9be.<\/p>\n<p>&nbsp;<\/p>\n<h5>Tov\u00e1bbi inform\u00e1ci\u00f3k<\/h5>\n<p>A pszichoterapeuta k\u00e9pz\u00e9sbe jelentkez\u00e9shez <strong>pszichoter\u00e1pi\u00e1s munkahely<\/strong> sz\u00fcks\u00e9ges. Akik nem akkredit\u00e1lt munkahelyen dolgoznak, heti 2&#215;4 \u00f3r\u00e1s ter\u00e1pi\u00e1s tev\u00e9kenys\u00e9get (ebb\u0151l 2 \u00f3ra szuperv\u00edzi\u00f3) kell v\u00e9gezni\u00fck <strong>pszichoter\u00e1pi\u00e1s gyakorlatra<\/strong> akkredit\u00e1lt k\u00e9pz\u0151helyen <strong><a href=\"https:\/\/semmelweis.hu\/tunderhegy\/kepzesek\/21-honapos-gyakorlat\/\" target=\"_blank\" rel=\"noopener\">21 h\u00f3napon<\/a><\/strong> \u00e1t.<\/p>\n<p>A k\u00e9pz\u00e9shez tartozik m\u00e9g <strong>3 h\u00f3 oszt\u00e1lyos hospit\u00e1l\u00e1s<\/strong> akkredit\u00e1lt pszichoter\u00e1pi\u00e1s oszt\u00e1lyon.<\/p>\n<p><strong>A k\u00e9pz\u00e9s helysz\u00edne:<\/strong><\/p>\n<p><strong>Budapest:<\/strong> <a href=\"https:\/\/semmelweis.hu\/tunderhegy\/elerhetoseg\/\" target=\"_blank\" rel=\"noopener\">Semmelweis Egyetem, Rehabilit\u00e1ci\u00f3s Klinika, Pszichoszomatikus \u00e9s Pszichoter\u00e1pi\u00e1s Rehabilit\u00e1ci\u00f3s Oszt\u00e1ly (<strong>T\u00fcnd\u00e9rhegy<\/strong>)<\/a>, 1121 Budapest\/Budakeszi, Szanat\u00f3rium u. 19. \u00e9s a <strong>Magyar Pszichi\u00e1triai T\u00e1rsas\u00e1g sz\u00e9khelye<\/strong>, 1021 Bp., H\u0171v\u00f6sv\u00f6lgyi \u00fat 75\/A.<\/p>\n<p>Az <strong>oktat\u00f3k<\/strong> a T\u00fcnd\u00e9rhegyi Pszichoterapeuta K\u00e9pz\u00e9s kik\u00e9pz\u0151i.<\/p>\n<p><strong>Jelentkez\u00e9s <\/strong>szakmai \u00f6n\u00e9letrajzzal \u00e9s a diplom\u00e1k beszkennelt m\u00e1solat\u00e1val:<br \/>\nDr. Mil\u00e1k Piroska, <a href=\"milak.piroska.dr@rehabint.hu\">milak.piroska.dr@rehabint.hu<\/a><\/p>\n<p><strong>Tov\u00e1bbi inform\u00e1ci\u00f3:<\/strong> dr. Boros Edit, <a href=\"drborosedit@gmail.com\">drborosedit@gmail.com<\/a>, +36 20 823 01 75<\/p>\n<p>A k\u00e9pz\u00e9sre a v\u00e9gzett szakorvosoknak \u00e9s klinikai, alkalmazott eg\u00e9szs\u00e9gpszichol\u00f3giai, valamint neuro-szakpszichol\u00f3gusoknak egyidej\u0171leg a Semmelweis Egyetem Szak- \u00e9s Tov\u00e1bbk\u00e9pz\u00e9si Igazgat\u00f3s\u00e1g\u00e1n is be kell iratkozniuk k\u00e9pz\u00e9si tervvel. Felv\u00e9teli besz\u00e9lget\u00e9sre a Semmelweis Egyetemen ker\u00fcl sor. A SE tand\u00edj\u00e1r\u00f3l a <a href=\"https:\/\/semmelweis.hu\/szak-es-tovabbkepzes\/egyeb-kepzes\/pszichoterapia-szakkepzes\/\" target=\"_blank\" rel=\"noopener\">Szak- \u00e9s Tov\u00e1bbk\u00e9pz\u00e9si Igazgat\u00f3s\u00e1g honlapj\u00e1n<\/a> lehet t\u00e1j\u00e9koz\u00f3dni. <em>A tand\u00edj tartalmazza a m\u00f3dszerspecifikus k\u00e9pz\u00e9s d\u00edj\u00e1t is.<\/em><\/p>\n<p><strong>A jelentkez\u00e9s hat\u00e1rideje:<\/strong>\u00a0<\/p>\n<p><strong style=\"font-size: 1rem\">Felv\u00e9teli besz\u00e9lget\u00e9s<\/strong><span style=\"font-size: 1rem\">\u00a0<\/span><span style=\"font-size: 1rem\">a<\/span><span style=\"font-size: 1rem\">\u00a0<\/span><a href=\"https:\/\/semmelweis.hu\/tunderhegy\/elerhetoseg\/\" target=\"_blank\" rel=\"noopener\">T\u00fcnd\u00e9rhegyi Pszichoter\u00e1pi\u00e1s Oszt\u00e1lyon<\/a><span style=\"font-size: 1rem\">\u00a0<\/span><span style=\"font-size: 1rem\">(T2 \u00e9p\u00fclet) k\u00e9s\u0151bb pontos\u00edtott id\u0151pontban<\/span><span style=\"font-size: 1rem\">.<\/span><\/p>\n<p>A jelentkez\u00e9si dokumentumokat k\u00e9rj\u00fck elk\u00fcldeni a\u00a0c\u00edmre<strong>.<\/strong><\/p>\n<p><strong>Jelentkez\u00e9s a SE Szak- \u00e9s Tov\u00e1bbk\u00e9pz\u00e9si Igazgat\u00f3s\u00e1g\u00e1n is sz\u00fcks\u00e9ges<\/strong> dokumentumokkal. Felv\u00e9teli besz\u00e9lget\u00e9s id\u0151pontja az egyetemen: <span style=\"font-size: 1rem\">k\u00e9s\u0151bb pontos\u00edtott id\u0151pontban<\/span>.\u200b <a href=\"https:\/\/semmelweis.hu\/szak-es-tovabbkepzes\/egyeb-kepzes\/pszichoterapia-szakkepzes\/\" target=\"_blank\" rel=\"noopener\">B\u0151vebb inform\u00e1ci\u00f3 el\u00e9rhet\u0151 itt.<\/a><\/p>\n<p>A jelentkez\u0151nek <strong>egyidej\u0171leg a POPKE <a href=\"https:\/\/semmelweis.hu\/tunderhegy\/kepzesek\/fokuszalt-pszichodinamikus-pszichoterapia-modszerspecifikus-kepzes\/\" target=\"_blank\" rel=\"noopener\">F\u00f3kusz\u00e1lt Pszichodinamikus Pszichoter\u00e1pi\u00e1s k\u00e9pz\u00e9s\u00e9be<\/a>, vagy m\u00e1s m\u00f3dszerspecifikus pszichoter\u00e1pi\u00e1s k\u00e9pz\u00e9sbe is be kell iratkozni.<\/strong> Az Egyetem \u00e1ltal elfogadott k\u00e9pz\u00e9si terv beszkennelt m\u00e1solat\u00e1t k\u00e9rj\u00fck elk\u00fcldeni dr. Boros Edit k\u00e9pz\u00e9si felel\u0151snek: <a href=\"drborosedit@gmail.com\">drborosedit@gmail.com<\/a>, +36 20 823 01 75<\/p>\n<p>A jelentkez\u00e9s ut\u00e1n \u00e9rtes\u00edt\u00e9st k\u00fcld\u00fcnk a felv\u00e9teli teend\u0151kr\u0151l.<\/p>\n<p>&nbsp;<\/p>\n<h5>Kapcsol\u00f3d\u00f3 dokumentumok<\/h5>\n<ul>\n<li><a href=\"https:\/\/net.jogtar.hu\/jogszabaly?docid=a1200022.emm\" target=\"_blank\" rel=\"noopener\">22\/2012. (IX. 14.) EMMI rendelet az eg\u00e9szs\u00e9g\u00fcgyi fels\u0151fok\u00fa szakir\u00e1ny\u00fa szakk\u00e9pes\u00edt\u00e9s megszerz\u00e9s\u00e9r\u0151l<\/a><\/li>\n<li><a href=\"https:\/\/semmelweis.hu\/szak-es-tovabbkepzes\/files\/2020\/07\/1_U%CC%88GYMENET-pszichotera%CC%81pia-v%C3%A9gleges-2017-10-25.pdf\" target=\"_blank\" rel=\"noopener\">PSZICHOTER\u00c1PIA r\u00e1\u00e9p\u00edtett eg\u00e9szs\u00e9g\u00fcgyi fels\u0151fok\u00fa szakir\u00e1ny\u00fa szakk\u00e9pz\u00e9s \u00fcgymenete (22\/2012. (IX. 14.) EMMI rendelet)<\/a><\/li>\n<li><a href=\"https:\/\/www.mentalport.hu\/pszichoterapias-szaknevsor\/etikai-kodex\/\" target=\"_blank\" rel=\"noopener\">A pszichoterapeut\u00e1k etikai k\u00f3dexe \u00c9rv\u00e9nyes: 2021. j\u00fanius 3.<\/a><\/li>\n<li><a href=\"https:\/\/semmelweis.hu\/tunderhegy\/files\/2025\/01\/Adatkezelesi-es-Adatvedelmi-Szabalyzat-TEPKI.pdf\">A TEPKI k\u00e9pz\u00e9s Adatv\u00e9delmi \u00e9s adatkezel\u00e9si t\u00e1j\u00e9koztat\u00f3ja<\/a><\/li>\n<li><a href=\"https:\/\/semmelweis.hu\/szak-es-tovabbkepzes\/egyeb-kepzes\/pszichoterapia-szakkepzes\/\" target=\"_blank\" rel=\"noopener\">A Semmelweis Egyetem k\u00e9pz\u00e9si hirdetm\u00e9nye<\/a><\/li>\n<\/ul>\n","protected":false},"excerpt":{"rendered":"<p>Pszichoterapeuta szakvizsg\u00e1ra felk\u00e9sz\u00edt\u0151 k\u00e9pz\u00e9s K\u00e9pz\u00e9seink (navig\u00e1ci\u00f3 ezen az oldalon bel\u00fcl): <a href=\"#a\">Pszichoter\u00e1pia II. k\u00e9pz\u00e9s (36 h\u00f3) &#8211; propedeutikai f\u00e1zissal<\/a> <a href=\"#b\">Pszichoter\u00e1pia I. k\u00e9pz\u00e9s (24 h\u00f3) &#8211; propedeutika n\u00e9lk\u00fcl<\/a> <a href=\"#c\">Pszichoter\u00e1pi\u00e1s alapismeretek tanfolyam<\/a> T\u00fcnd\u00e9rhegyi Pszichoterapi\u00e1s K\u00e9pz\u00e9s (TEPKI), Budapest, 2026. szeptember Pszichoter\u00e1pia I k\u00e9pz\u00e9s (Klinikai f\u00e1zis, 24 h\u00f3) \u00e9s <a href=\"https:\/\/semmelweis.hu\/tunderhegy\/kepzesek\/fokuszalt-pszichodinamikus-pszichoterapia-modszerspecifikus-kepzes\/\" target=\"_blank\" rel=\"noopener\">F\u00f3kusz\u00e1lt Pszichodinamikus M\u00f3dszerspecifikus k\u00e9pz\u00e9s<\/a> (24 h\u00f3, p\u00e1rhuzamosan).\u00a0 A Semmelweis Egyetem \u00e1ltal meghat\u00e1rozott tand\u00edj tartalmazza a m\u00f3dszerspecifikus k\u00e9pz\u00e9s tand\u00edj\u00e1t is. A k\u00e9pz\u00e9s a\u00a0 <a href=\"https:\/\/semmelweis.hu\/szak-es-tovabbkepzes\/egyeb-kepzes\/pszichoterapia-szakkepzes\/\" target=\"_blank\" rel=\"noopener\">Semmelweis Egyetem<\/a> keret\u00e9ben folyik. A k\u00e9pz\u00e9s c\u00e9lja:\u00a0 A pszichoter\u00e1pi\u00e1s elm\u00e9leti alapok \u00e9s a gyakorlati &hellip;<\/p>\n","protected":false},"author":102160,"featured_media":0,"parent":40,"menu_order":1,"comment_status":"closed","ping_status":"closed","template":"template-fullwidth.php","meta":{"_acf_changed":false,"footnotes":""},"categories":[],"tags":[],"class_list":["post-50","page","type-page","status-publish","hentry"],"acf":[],"_links":{"self":[{"href":"https:\/\/semmelweis.hu\/tunderhegy\/wp-json\/wp\/v2\/pages\/50","targetHints":{"allow":["GET"]}}],"collection":[{"href":"https:\/\/semmelweis.hu\/tunderhegy\/wp-json\/wp\/v2\/pages"}],"about":[{"href":"https:\/\/semmelweis.hu\/tunderhegy\/wp-json\/wp\/v2\/types\/page"}],"author":[{"embeddable":true,"href":"https:\/\/semmelweis.hu\/tunderhegy\/wp-json\/wp\/v2\/users\/102160"}],"replies":[{"embeddable":true,"href":"https:\/\/semmelweis.hu\/tunderhegy\/wp-json\/wp\/v2\/comments?post=50"}],"version-history":[{"count":11,"href":"https:\/\/semmelweis.hu\/tunderhegy\/wp-json\/wp\/v2\/pages\/50\/revisions"}],"predecessor-version":[{"id":562,"href":"https:\/\/semmelweis.hu\/tunderhegy\/wp-json\/wp\/v2\/pages\/50\/revisions\/562"}],"up":[{"embeddable":true,"href":"https:\/\/semmelweis.hu\/tunderhegy\/wp-json\/wp\/v2\/pages\/40"}],"wp:attachment":[{"href":"https:\/\/semmelweis.hu\/tunderhegy\/wp-json\/wp\/v2\/media?parent=50"}],"wp:term":[{"taxonomy":"category","embeddable":true,"href":"https:\/\/semmelweis.hu\/tunderhegy\/wp-json\/wp\/v2\/categories?post=50"},{"taxonomy":"post_tag","embeddable":true,"href":"https:\/\/semmelweis.hu\/tunderhegy\/wp-json\/wp\/v2\/tags?post=50"}],"curies":[{"name":"wp","href":"https:\/\/api.w.org\/{rel}","templated":true}]}}