{"id":44,"date":"2025-01-08T09:28:55","date_gmt":"2025-01-08T08:28:55","guid":{"rendered":"https:\/\/semmelweis.hu\/tunderhegy\/?page_id=44"},"modified":"2025-02-23T14:39:01","modified_gmt":"2025-02-23T13:39:01","slug":"21-honapos-gyakorlat","status":"publish","type":"page","link":"https:\/\/semmelweis.hu\/tunderhegy\/kepzesek\/21-honapos-gyakorlat\/","title":{"rendered":"21 h\u00f3napos Klinikai pszichoter\u00e1pi\u00e1s gyakorlat"},"content":{"rendered":"<h3 style=\"text-align: center\">Klinikai pszichoter\u00e1pi\u00e1s gyakorlat akkredit\u00e1lt j\u00e1r\u00f3beteg ell\u00e1t\u00e1sban (21 h\u00f3nap)<\/h3>\n<p>A Pszichoterapeuta szakvizsg\u00e1hoz el\u0151felt\u00e9tel \u2013 <em>a <a href=\"https:\/\/semmelweis.hu\/tunderhegy\/kepzesek\/pszichoterapeuta-kepzes\/\" target=\"_blank\" rel=\"noopener\">Pszichoterapeuta szakvizsg\u00e1ra felk\u00e9sz\u00edt\u0151 k\u00e9pz\u00e9s<\/a> k\u00e9t \u00e9ves Klinikai f\u00e1zis\u00e1val p\u00e1rhuzamosan<\/em> v\u00e9gzett \u2013 <strong>24 h\u00f3nap Klinikai pszichoter\u00e1pi\u00e1s gyakorlat<\/strong>, ebb\u0151l<\/p>\n<ul>\n<li>21 h\u00f3nap akkredit\u00e1lt j\u00e1r\u00f3beteg ell\u00e1t\u00e1sban heti 2&#215;4 \u00f3ra,<\/li>\n<li>3 h\u00f3nap hospit\u00e1l\u00e1s akkredit\u00e1lt pszichoter\u00e1pi\u00e1s (rezsim\u0171) oszt\u00e1lyon \u2013 klinikai f\u00e1zissal p\u00e1rhuzamosan)<\/li>\n<\/ul>\n<p><span style=\"font-weight: 400\">A pszichoter\u00e1pia szakvizsg\u00e1hoz sz\u00fcks\u00e9ges 21 h\u00f3napos ambul\u00e1ns gyakorlat abban az esetben sz\u00fcks\u00e9ges, ha a jel\u00f6lt nem rendelkezik akkredit\u00e1lt pszichoter\u00e1pi\u00e1s munkahellyel, ahol munkaidej\u00e9nek legal\u00e1bb 1\/3-\u00e1ban pszichoter\u00e1pi\u00e1s tev\u00e9kenys\u00e9get v\u00e9gez.\u00a0<\/span><\/p>\n<p><span style=\"font-weight: 400\">Ilyen esetben a 21 h\u00f3napos gyakorlat teljes\u00edthet\u0151 oszt\u00e1lyunk szervez\u00e9s\u00e9ben. A gyakorlat felt\u00e9tele r\u00e9szv\u00e9tel a pszichoterapeuta szakvizsg\u00e1ra felk\u00e9sz\u00edt\u0151 k\u00e9pz\u00e9sben. A gyakorlat k\u00f6vetelm\u00e9nye n\u00e9gy r\u00f6vid pszichoter\u00e1pi\u00e1s eset teljes\u00edt\u00e9se a T\u00fcnd\u00e9rhegyi ambulancia keretei k\u00f6z\u00f6tt. A r\u00f6vidter\u00e1pi\u00e1kat csoportos szuperv\u00edzi\u00f3 k\u00eds\u00e9ri heti 3&#215;45 percben. Tov\u00e1bbi felt\u00e9tel a heti egyszeri r\u00e9szv\u00e9tel az oszt\u00e1lyos nagycsoporton (p\u00e9ntekenk\u00e9nt 9.00-10.10).\u00a0<\/span><\/p>\n<p><span style=\"font-weight: 400\">K\u00e9rj\u00fck, hogy a befogad\u00f3 nyilatkozat \u00fcgy\u00e9ben keress\u00e9k dr. Boros Editet vagy dr. Mil\u00e1k Pirosk\u00e1t!<\/span><\/p>\n<p><span style=\"font-weight: 400\">Email: <a href=\"mailto:tunderhegy@semmelweis.hu\">tunderhegy@semmelweis.hu<\/a><\/span><\/p>\n<p><span style=\"font-weight: 400\">Telefon: +36 1 \/ 200-8719, +36 1 \/ 200-8720<\/span><\/p>\n","protected":false},"excerpt":{"rendered":"<p>Klinikai pszichoter\u00e1pi\u00e1s gyakorlat akkredit\u00e1lt j\u00e1r\u00f3beteg ell\u00e1t\u00e1sban (21 h\u00f3nap) A Pszichoterapeuta szakvizsg\u00e1hoz el\u0151felt\u00e9tel \u2013 a <a href=\"https:\/\/semmelweis.hu\/tunderhegy\/kepzesek\/pszichoterapeuta-kepzes\/\" target=\"_blank\" rel=\"noopener\">Pszichoterapeuta szakvizsg\u00e1ra felk\u00e9sz\u00edt\u0151 k\u00e9pz\u00e9s<\/a> k\u00e9t \u00e9ves Klinikai f\u00e1zis\u00e1val p\u00e1rhuzamosan v\u00e9gzett \u2013 24 h\u00f3nap Klinikai pszichoter\u00e1pi\u00e1s gyakorlat, ebb\u0151l 21 h\u00f3nap akkredit\u00e1lt j\u00e1r\u00f3beteg ell\u00e1t\u00e1sban heti 2&#215;4 \u00f3ra, 3 h\u00f3nap hospit\u00e1l\u00e1s akkredit\u00e1lt pszichoter\u00e1pi\u00e1s (rezsim\u0171) oszt\u00e1lyon \u2013 klinikai f\u00e1zissal p\u00e1rhuzamosan) A pszichoter\u00e1pia szakvizsg\u00e1hoz sz\u00fcks\u00e9ges 21 h\u00f3napos ambul\u00e1ns gyakorlat abban &hellip;<\/p>\n","protected":false},"author":102160,"featured_media":0,"parent":40,"menu_order":0,"comment_status":"closed","ping_status":"closed","template":"template-fullwidth.php","meta":{"_acf_changed":false,"footnotes":""},"categories":[],"tags":[],"class_list":["post-44","page","type-page","status-publish","hentry"],"acf":[],"_links":{"self":[{"href":"https:\/\/semmelweis.hu\/tunderhegy\/wp-json\/wp\/v2\/pages\/44","targetHints":{"allow":["GET"]}}],"collection":[{"href":"https:\/\/semmelweis.hu\/tunderhegy\/wp-json\/wp\/v2\/pages"}],"about":[{"href":"https:\/\/semmelweis.hu\/tunderhegy\/wp-json\/wp\/v2\/types\/page"}],"author":[{"embeddable":true,"href":"https:\/\/semmelweis.hu\/tunderhegy\/wp-json\/wp\/v2\/users\/102160"}],"replies":[{"embeddable":true,"href":"https:\/\/semmelweis.hu\/tunderhegy\/wp-json\/wp\/v2\/comments?post=44"}],"version-history":[{"count":8,"href":"https:\/\/semmelweis.hu\/tunderhegy\/wp-json\/wp\/v2\/pages\/44\/revisions"}],"predecessor-version":[{"id":429,"href":"https:\/\/semmelweis.hu\/tunderhegy\/wp-json\/wp\/v2\/pages\/44\/revisions\/429"}],"up":[{"embeddable":true,"href":"https:\/\/semmelweis.hu\/tunderhegy\/wp-json\/wp\/v2\/pages\/40"}],"wp:attachment":[{"href":"https:\/\/semmelweis.hu\/tunderhegy\/wp-json\/wp\/v2\/media?parent=44"}],"wp:term":[{"taxonomy":"category","embeddable":true,"href":"https:\/\/semmelweis.hu\/tunderhegy\/wp-json\/wp\/v2\/categories?post=44"},{"taxonomy":"post_tag","embeddable":true,"href":"https:\/\/semmelweis.hu\/tunderhegy\/wp-json\/wp\/v2\/tags?post=44"}],"curies":[{"name":"wp","href":"https:\/\/api.w.org\/{rel}","templated":true}]}}