{"id":4,"date":"2025-01-06T11:37:40","date_gmt":"2025-01-06T10:37:40","guid":{"rendered":"https:\/\/semmelweis.hu\/tunderhegy\/?page_id=4"},"modified":"2025-02-23T15:00:57","modified_gmt":"2025-02-23T14:00:57","slug":"osztalyunk-tortenete","status":"publish","type":"page","link":"https:\/\/semmelweis.hu\/tunderhegy\/tunderhegyrol\/osztalyunk-tortenete\/","title":{"rendered":"Oszt\u00e1lyunk t\u00f6rt\u00e9nete"},"content":{"rendered":"<div class=\"keretes w-100\">\n<p>A Budapest XII. ker\u00fclet\u00e9ben, a zugligeti <strong>T\u00fcnd\u00e9rhegyen<\/strong> \u00e1ll\u00f3 <a href=\"https:\/\/fortepan.hu\/hu\/photos\/?q=pszichoter%C3%A1pia\" target=\"_blank\" rel=\"noopener\">Preisich Vill\u00e1ban 1929 \u00f3ta szanat\u00f3rium<\/a> m\u0171k\u00f6d\u00f6tt. Kezdetben t\u00fcd\u0151beteg gyerekeket, majd 1958-t\u00f3l m\u00e1r pszichi\u00e1triai betegeket is kezeltek itt. 1978-ban a kor\u00e1bbi int\u00e9zm\u00e9ny bez\u00e1rt, de egy \u00e9vvel k\u00e9s\u0151bb, 1979-ben indult oszt\u00e1lyunk m\u0171k\u00f6d\u00e9se <em>Pszichoter\u00e1pi\u00e1s \u00e9s Pszichoszomatikus-Rehabilit\u00e1ci\u00f3s Oszt\u00e1ly<\/em> n\u00e9ven \u00e9s kezdt\u00fck el depresszi\u00f3val, szorong\u00e1ssal \u00e9s p\u00e1nikbetegs\u00e9ggel k\u00fczd\u0151 p\u00e1ciensek pszichoter\u00e1pi\u00e1s kezel\u00e9s\u00e9t. B\u00e1r oszt\u00e1lyunk k\u00e9s\u0151bb t\u00f6bb int\u00e9zm\u00e9ny r\u00e9sz\u00e9v\u00e9 v\u00e1lt \u00e9s \u00faj helyre is k\u00f6lt\u00f6z\u00f6tt, azonban az kezdeteket jelz\u0151 <strong>T\u00fcnd\u00e9rhegy n\u00e9v<\/strong> az\u00f3ta is vel\u00fcnk maradt.<\/p>\n<\/div>\n<h2>A kezdetek<\/h2>\n<p>A hetvenes \u00e9vekben, a politikai viszonyok enyh\u00fcl\u00e9s\u00e9vel p\u00e1rhuzamosan, az akkor uralkod\u00f3 biol\u00f3giai pszichi\u00e1triai szeml\u00e9let mellett egyre ink\u00e1bb teret nyert a pszichoter\u00e1pia is. Az akkoriban j\u00f3l ismert \u201eh\u00e1rom T\u201d (tilt\u00e1s, t\u0171r\u00e9s, t\u00e1mogat\u00e1s) sk\u00e1l\u00e1n a mutat\u00f3 a t\u00e1mogat\u00e1s fel\u00e9 mozdult . Ez tette lehet\u0151v\u00e9 a T\u00fcnd\u00e9rhegyi Pszichoter\u00e1pi\u00e1s \u00e9s Pszichoszomatikus Rehabilit\u00e1ci\u00f3s Oszt\u00e1ly megalakul\u00e1s\u00e1t. 1979-ben a T\u00fcnd\u00e9rhegyen, a <a href=\"https:\/\/fortepan.hu\/hu\/photos\/?q=pszichoter%C3%A1pia\" target=\"_blank\" rel=\"noopener\">Szilassy \u00fat 6 sz. alatt<\/a> fekv\u0151, elhanyagolt \u00e1llapotban l\u00e9v\u0151 kis k\u00f3rh\u00e1zban alakult meg \u2013 el\u0151sz\u00f6r csak ambulanciak\u00e9nt.<\/p>\n<h2>Az \u00e9p\u00fclet el\u0151t\u00f6rt\u00e9nete is \u00e9rdekes:<\/h2>\n<blockquote>\n<p>A pazar panor\u00e1m\u00e1val rendelkez\u0151 villa a m\u00falt sz\u00e1zadban sokkal komolyabb funkci\u00f3kat t\u00f6lt\u00f6tt be. A <a href=\"https:\/\/fortepan.hu\/hu\/photos\/?q=pszichoter%C3%A1pia\" target=\"_blank\" rel=\"noopener\">szanat\u00f3rium<\/a> n\u00e9vad\u00f3ja, Preisich Korn\u00e9l, a Szent L\u00e1szl\u00f3 K\u00f3rh\u00e1z kor\u00e1bbi elismert f\u0151orvosa, az 1920-as \u00e9vek elej\u00e9n v\u00e1s\u00e1rolta meg a T\u00fcnd\u00e9rhegy oldal\u00e1ban \u00e9p\u00fclt vill\u00e1t, hogy benne saj\u00e1t gy\u00f3gyint\u00e9zm\u00e9nyt alap\u00edtson. A szanat\u00f3rium 1929-ben nyitotta meg kapuit, \u00e9s eg\u00e9szen a m\u00e1sodik vil\u00e1gh\u00e1bor\u00faig Preisich Korn\u00e9l vezette, f\u0151k\u00e9nt t\u00fcd\u0151beteg gyermekeket kezelve. A h\u00e1bor\u00fa ut\u00e1n a vill\u00e1t az \u00c1VH \u00e1llamos\u00edtotta \u00e9s m\u0171k\u00f6dtette. Ekkoriban az ingatlan tov\u00e1bbra is eg\u00e9szs\u00e9g\u00fcgyi int\u00e9zm\u00e9nyk\u00e9nt funkcion\u00e1lt, ahol tbc-s \u00e9s ment\u00e1lis probl\u00e9m\u00e1kkal k\u00fczd\u0151 p\u00e1cienseket kezeltek. 1978-ban bez\u00e1rt\u00e1k a szanat\u00f3riumot, majd egy \u00e9vvel k\u00e9s\u0151bb \u00fajranyitott\u00e1k \u201eT\u00fcnd\u00e9rhegyi Pszichoter\u00e1pi\u00e1s \u00e9s Pszichoszomatikus Rehabilit\u00e1ci\u00f3s Oszt\u00e1ly\u201d n\u00e9ven, j\u00e1r\u00f3beteg-ambulanci\u00e1val. (Pozsgai Rebeka, Magyar Hang, 2024. 08. 31.)<\/p>\n<\/blockquote>\n<h2>Folyamatos v\u00e1ltoz\u00e1sok mellett is \u00e1lland\u00f3 szakmai sz\u00ednvonal<\/h2>\n<p>A l\u00e9trehozott oszt\u00e1lyt az Orsz\u00e1gos Orvosi Rehabilit\u00e1ci\u00f3s Int\u00e9zethez integr\u00e1lt\u00e1k. 1979-1984-ig az \u00e9p\u00fcletet r\u00e9szlegesen fel\u00faj\u00edtott\u00e1k. Az \u00e1t\u00e9p\u00edt\u00e9s \u00e9vei alatt az oszt\u00e1ly kiz\u00e1r\u00f3lagosan ambulancia form\u00e1j\u00e1ban m\u0171k\u00f6d\u00f6tt, a fekv\u0151beteg r\u00e9szlegek 1984-ben ny\u00edltak. Az oszt\u00e1ly vezet\u0151i g\u00e1rd\u00e1ja: <a href=\"https:\/\/hu.wikipedia.org\/wiki\/Hidas_Gy%C3%B6rgy\" target=\"_blank\" rel=\"noopener\">Hidas Gy\u00f6rgy<\/a> oszt\u00e1lyvezet\u0151 f\u0151orvos, Harmatta J\u00e1nos f\u0151orvos, Sz\u0151nyi G\u00e1bor f\u0151orvos \u00e9s Ajkay Kl\u00e1ra vezet\u0151 pszichol\u00f3gus voltak. Valamennyien pszichoter\u00e1pi\u00e1s k\u00e9pzetts\u00e9ggel \u00e9s gyakorlattal, <a href=\"https:\/\/semmelweis.hu\/tunderhegy\/betegellatas\/modszer\/\" target=\"_blank\" rel=\"noopener\">pszichodinamikus szeml\u00e9lettel<\/a> rendelkeztek. E mag k\u00f6r\u00e9 szervez\u0151d\u00f6tt a munkat\u00e1rsi g\u00e1rda. 1994. janu\u00e1r 1-t\u0151l az oszt\u00e1ly az Orsz\u00e1gos Pszichi\u00e1triai \u00e9s Neurol\u00f3giai Int\u00e9zet (OPNI) fel\u00fcgyelete al\u00e1 ker\u00fclt \u00e1t, 1994 november\u00e9t\u0151l \u2013 Hidas f\u0151orvos nyugd\u00edjba menetel\u00e9vel \u2013 Harmatta J\u00e1nos f\u0151orvos vezet\u00e9s\u00e9vel. \u0150 2022 augusztus\u00e1ig vezette az oszt\u00e1lyt.<\/p>\n<p>Az OPNI megsz\u0171n\u00e9se ut\u00e1n az oszt\u00e1ly ism\u00e9t az Orsz\u00e1gos Orvosi Rehabilit\u00e1ci\u00f3s Int\u00e9zet r\u00e9szek\u00e9nt m\u0171k\u00f6d\u00f6tt tov\u00e1bb, 2009. j\u00falius 1-t\u0151l helyileg is \u00e1tk\u00f6lt\u00f6z\u00f6tt az OORI-ba (1121 Budapest, Szanat\u00f3rium u. 19.). Ez azt is jelentette, hogy a nagym\u00falt\u00fa \u201eLip\u00f3t\u201d-nak ez volt az egyetlen olyan oszt\u00e1lya, ami t\u00fal\u00e9lte az OPNI megsz\u0171nt\u00e9t.<\/p>\n<p>2021. \u00e1prilis 1-t\u0151l a t\u00f6bb eg\u00e9szs\u00e9g\u00fcgyi int\u00e9zet \u00f6sszevon\u00e1s\u00e1val l\u00e9tes\u00fclt Orsz\u00e1gos Mozg\u00e1sszervi Int\u00e9zet r\u00e9sz\u00e9v\u00e9 v\u00e1lt az OORI, \u00e9s ezzel egy\u00fctt oszt\u00e1lyunk is.<\/p>\n<p>Alig 3 \u00e9v m\u00falva \u00fajabb v\u00e1ltoz\u00e1s k\u00f6vetkezett: 2024. m\u00e1rcius 1-\u00e9n j\u00f6tt l\u00e9tre az OORI \u00e1ltal\u00e1nos jogut\u00f3djak\u00e9nt a <a href=\"https:\/\/semmelweis.hu\/rehabilitaciosklinika\/\" target=\"_blank\" rel=\"noopener\">Semmelweis Egyetem Rehabilit\u00e1ci\u00f3s Klinik\u00e1ja<\/a>, oszt\u00e1lyunk ennek r\u00e9szek\u00e9nt a Semmelweis Egyetem \u00e9gisze al\u00e1 ker\u00fclt.<\/p>\n<p><img loading=\"lazy\" decoding=\"async\" class=\"aligncenter wp-image-432 size-large\" src=\"https:\/\/semmelweis.hu\/tunderhegy\/files\/2025\/02\/preisich-szanatorium-1024x664.jpg\" alt=\"\" width=\"753\" height=\"488\" srcset=\"https:\/\/semmelweis.hu\/tunderhegy\/files\/2025\/02\/preisich-szanatorium-1024x664.jpg 1024w, https:\/\/semmelweis.hu\/tunderhegy\/files\/2025\/02\/preisich-szanatorium-400x260.jpg 400w, https:\/\/semmelweis.hu\/tunderhegy\/files\/2025\/02\/preisich-szanatorium-768x498.jpg 768w, https:\/\/semmelweis.hu\/tunderhegy\/files\/2025\/02\/preisich-szanatorium-1536x996.jpg 1536w, https:\/\/semmelweis.hu\/tunderhegy\/files\/2025\/02\/preisich-szanatorium-753x489.jpg 753w, https:\/\/semmelweis.hu\/tunderhegy\/files\/2025\/02\/preisich-szanatorium.jpg 1600w\" sizes=\"auto, (max-width: 753px) 100vw, 753px\" \/><\/p>\n","protected":false},"excerpt":{"rendered":"<p>A Budapest XII. ker\u00fclet\u00e9ben, a zugligeti T\u00fcnd\u00e9rhegyen \u00e1ll\u00f3 <a href=\"https:\/\/fortepan.hu\/hu\/photos\/?q=pszichoter%C3%A1pia\" target=\"_blank\" rel=\"noopener\">Preisich Vill\u00e1ban 1929 \u00f3ta szanat\u00f3rium<\/a> m\u0171k\u00f6d\u00f6tt. Kezdetben t\u00fcd\u0151beteg gyerekeket, majd 1958-t\u00f3l m\u00e1r pszichi\u00e1triai betegeket is kezeltek itt. 1978-ban a kor\u00e1bbi int\u00e9zm\u00e9ny bez\u00e1rt, de egy \u00e9vvel k\u00e9s\u0151bb, 1979-ben indult oszt\u00e1lyunk m\u0171k\u00f6d\u00e9se Pszichoter\u00e1pi\u00e1s \u00e9s Pszichoszomatikus-Rehabilit\u00e1ci\u00f3s Oszt\u00e1ly n\u00e9ven \u00e9s kezdt\u00fck el depresszi\u00f3val, szorong\u00e1ssal \u00e9s p\u00e1nikbetegs\u00e9ggel k\u00fczd\u0151 p\u00e1ciensek pszichoter\u00e1pi\u00e1s kezel\u00e9s\u00e9t. B\u00e1r oszt\u00e1lyunk k\u00e9s\u0151bb t\u00f6bb int\u00e9zm\u00e9ny r\u00e9sz\u00e9v\u00e9 &hellip;<\/p>\n","protected":false},"author":12,"featured_media":0,"parent":9,"menu_order":0,"comment_status":"closed","ping_status":"closed","template":"","meta":{"_acf_changed":false,"footnotes":""},"categories":[],"tags":[],"class_list":["post-4","page","type-page","status-publish","hentry"],"acf":[],"_links":{"self":[{"href":"https:\/\/semmelweis.hu\/tunderhegy\/wp-json\/wp\/v2\/pages\/4","targetHints":{"allow":["GET"]}}],"collection":[{"href":"https:\/\/semmelweis.hu\/tunderhegy\/wp-json\/wp\/v2\/pages"}],"about":[{"href":"https:\/\/semmelweis.hu\/tunderhegy\/wp-json\/wp\/v2\/types\/page"}],"author":[{"embeddable":true,"href":"https:\/\/semmelweis.hu\/tunderhegy\/wp-json\/wp\/v2\/users\/12"}],"replies":[{"embeddable":true,"href":"https:\/\/semmelweis.hu\/tunderhegy\/wp-json\/wp\/v2\/comments?post=4"}],"version-history":[{"count":10,"href":"https:\/\/semmelweis.hu\/tunderhegy\/wp-json\/wp\/v2\/pages\/4\/revisions"}],"predecessor-version":[{"id":434,"href":"https:\/\/semmelweis.hu\/tunderhegy\/wp-json\/wp\/v2\/pages\/4\/revisions\/434"}],"up":[{"embeddable":true,"href":"https:\/\/semmelweis.hu\/tunderhegy\/wp-json\/wp\/v2\/pages\/9"}],"wp:attachment":[{"href":"https:\/\/semmelweis.hu\/tunderhegy\/wp-json\/wp\/v2\/media?parent=4"}],"wp:term":[{"taxonomy":"category","embeddable":true,"href":"https:\/\/semmelweis.hu\/tunderhegy\/wp-json\/wp\/v2\/categories?post=4"},{"taxonomy":"post_tag","embeddable":true,"href":"https:\/\/semmelweis.hu\/tunderhegy\/wp-json\/wp\/v2\/tags?post=4"}],"curies":[{"name":"wp","href":"https:\/\/api.w.org\/{rel}","templated":true}]}}