{"id":30,"date":"2025-01-07T13:29:46","date_gmt":"2025-01-07T12:29:46","guid":{"rendered":"https:\/\/semmelweis.hu\/tunderhegy\/?page_id=30"},"modified":"2025-02-24T08:31:25","modified_gmt":"2025-02-24T07:31:25","slug":"orvosoknak","status":"publish","type":"page","link":"https:\/\/semmelweis.hu\/tunderhegy\/orvosoknak\/","title":{"rendered":"Bek\u00fcld\u0151 orvosoknak sz\u00f3l\u00f3 inform\u00e1ci\u00f3k"},"content":{"rendered":"<div class=\"fontos_div\">\n<p>A T\u00fcnd\u00e9rhegyi Pszichoter\u00e1pi\u00e1s Oszt\u00e1ly tov\u00e1bbra is v\u00e1rja, mint <strong>orsz\u00e1gos ell\u00e1t\u00f3 int\u00e9zm\u00e9ny<\/strong>, ter\u00fcleti elhelyezked\u00e9st\u0151l f\u00fcggetlen\u00fcl, az eg\u00e9sz orsz\u00e1g ter\u00fclet\u00e9r\u0151l a p\u00e1cienseket, akikn\u00e9l oszt\u00e1lyos pszichoter\u00e1pi\u00e1s kezel\u00e9s javasolhat\u00f3.<\/p>\n<\/div>\n<p><strong>18 \u00e9vet bet\u00f6lt\u00f6tt \u00e9s 65 \u00e9ves kor alatti,<\/strong> beutal\u00f3val \u00e9rkez\u0151 p\u00e1ciensek kezel\u00e9s\u00e9t tudjuk v\u00e1llalni a\u00a0<a href=\"https:\/\/semmelweis.hu\/tunderhegy\/betegellatas\/betegfelvetel\/\" target=\"_blank\" rel=\"noopener\">felv\u00e9teli ambulanci\u00e1nkon<\/a> t\u00f6rt\u00e9n\u0151 el\u0151zetes vizsg\u00e1lat alapj\u00e1n! A kezel\u00e9shez elengedhetetlen, hogy a p\u00e1ciens <strong>saj\u00e1t pszichoter\u00e1pi\u00e1s motiv\u00e1ci\u00f3val<\/strong>, azaz v\u00e1ltoz\u00e1si sz\u00e1nd\u00e9kkal rendelkezzen.<\/p>\n<p>Oszt\u00e1lyunk <strong>ambul\u00e1ns k\u00f3dja: 01H7T1802<\/strong> (\u00e9rv\u00e9nyes: 2024. 03. 01-t\u0151l)<\/p>\n<h5>V\u00e1rjuk p\u00e1ciensek jelentkez\u00e9s\u00e9t a k\u00f6vetkez\u0151 probl\u00e9m\u00e1kkal:<\/h5>\n<ul>\n<li>depresszi\u00f3s, szorong\u00e1sos t\u00fcnetek<\/li>\n<li>p\u00e1nik, f\u00f3bi\u00e1k<\/li>\n<li>lelki eredet\u0171 testi betegs\u00e9gek<\/li>\n<li>p\u00e1rkapcsolati, csal\u00e1di probl\u00e9m\u00e1k<\/li>\n<li>\u00e9lethelyzeti kr\u00edzisek, lelki traum\u00e1k<\/li>\n<li>teljes\u00edtm\u00e9nyzavarok<\/li>\n<li>\u00e9letviteli zavarok<\/li>\n<li>munkahelyi stressz-zavarok<\/li>\n<li>alkalmazkod\u00e1si, beilleszked\u00e9si zavarok<\/li>\n<li>szem\u00e9lyis\u00e9gzavarok<\/li>\n<li>k\u00e9nyszer gondolatok, cselekedetek<\/li>\n<li>\u00e9tkez\u00e9si zavarok (anorexia, bulimia)<\/li>\n<\/ul>\n<h5>Nem tudunk seg\u00edteni:<\/h5>\n<ul>\n<li>pszichotikus \u00e1llapotok<\/li>\n<li>addiktol\u00f3giai probl\u00e9m\u00e1k<\/li>\n<li>szuicid vesz\u00e9lyeztet\u0151 \u00e1llapot<\/li>\n<li>organikus (\u00e9rtelmi k\u00e9pess\u00e9geket \u00e9rint\u0151) betegs\u00e9gek \u00e9s id\u0151skori le\u00e9p\u00fcl\u00e9sek, demencia eset\u00e9ben.<\/li>\n<\/ul>\n<div class=\"keretes w-100\">\n<p><a href=\"https:\/\/semmelweis.hu\/tunderhegy\/betegellatas\/betegfelvetel\/\" target=\"_blank\" rel=\"noopener\">Felv\u00e9teli ambulanci\u00e1nkon<\/a> el\u0151zetes vizsg\u00e1lat t\u00f6rt\u00e9nik b\u00e1rmely <strong>szombati napon 8 \u00e9s 11 \u00f3ra k\u00f6z\u00f6tt<\/strong>. Itt egy r\u00f6vid t\u00e1j\u00e9koz\u00f3d\u00f3 besz\u00e9lget\u00e9st k\u00f6vet\u0151en tesz javaslatot koll\u00e9g\u00e1nk a tov\u00e1bbi kezel\u00e9st illet\u0151en. A felv\u00e9tel r\u00f6vid el\u0151jegyz\u00e9ssel t\u00f6rt\u00e9nik. K\u00e9rj\u00fck, hogy a p\u00e1ciensek <strong>h\u00e1ziorvosi vagy szakorvosi beutal\u00f3va<\/strong>l \u00e9rkezzenek \u00e9s az <strong>\u00f6sszes kor\u00e1bbi orvosi dokument\u00e1ci\u00f3jukat<\/strong> is hozz\u00e1k magukkal!\u00a0<\/p>\n<p>T\u00e1j\u00e9koztatjuk a koll\u00e9g\u00e1kat, hogy amennyiben a szombati ambul\u00e1ns vizsg\u00e1latra \u00e9rkez\u0151 p\u00e1ciens m\u00e9g oszt\u00e1lyos kezel\u00e9s alatt \u00e1ll, abban az esetben a kezel\u0151 oszt\u00e1lyr\u00f3l z\u00e1r\u00f3jelent\u00e9ssel val\u00f3 t\u00e1voz\u00e1st k\u00f6vet\u0151en 2 h\u00e9t otthoni tart\u00f3zkod\u00e1st k\u00e9r\u00fcnk a felv\u00e9telre jelentkez\u0151 p\u00e1cienst\u0151l, miel\u0151tt T\u00fcnd\u00e9rhegyre felv\u00e9telre ker\u00fcl.<\/p>\n<\/div>\n<p>&nbsp;<\/p>\n","protected":false},"excerpt":{"rendered":"<p>A T\u00fcnd\u00e9rhegyi Pszichoter\u00e1pi\u00e1s Oszt\u00e1ly tov\u00e1bbra is v\u00e1rja, mint orsz\u00e1gos ell\u00e1t\u00f3 int\u00e9zm\u00e9ny, ter\u00fcleti elhelyezked\u00e9st\u0151l f\u00fcggetlen\u00fcl, az eg\u00e9sz orsz\u00e1g ter\u00fclet\u00e9r\u0151l a p\u00e1cienseket, akikn\u00e9l oszt\u00e1lyos pszichoter\u00e1pi\u00e1s kezel\u00e9s javasolhat\u00f3. 18 \u00e9vet bet\u00f6lt\u00f6tt \u00e9s 65 \u00e9ves kor alatti, beutal\u00f3val \u00e9rkez\u0151 p\u00e1ciensek kezel\u00e9s\u00e9t tudjuk v\u00e1llalni a\u00a0 <a href=\"https:\/\/semmelweis.hu\/tunderhegy\/betegellatas\/betegfelvetel\/\" target=\"_blank\" rel=\"noopener\">felv\u00e9teli ambulanci\u00e1nkon<\/a> t\u00f6rt\u00e9n\u0151 el\u0151zetes vizsg\u00e1lat alapj\u00e1n! A kezel\u00e9shez elengedhetetlen, hogy a p\u00e1ciens saj\u00e1t pszichoter\u00e1pi\u00e1s motiv\u00e1ci\u00f3val, azaz v\u00e1ltoz\u00e1si &hellip;<\/p>\n","protected":false},"author":12,"featured_media":0,"parent":0,"menu_order":3,"comment_status":"closed","ping_status":"closed","template":"","meta":{"_acf_changed":false,"footnotes":""},"categories":[],"tags":[],"class_list":["post-30","page","type-page","status-publish","hentry"],"acf":[],"_links":{"self":[{"href":"https:\/\/semmelweis.hu\/tunderhegy\/wp-json\/wp\/v2\/pages\/30","targetHints":{"allow":["GET"]}}],"collection":[{"href":"https:\/\/semmelweis.hu\/tunderhegy\/wp-json\/wp\/v2\/pages"}],"about":[{"href":"https:\/\/semmelweis.hu\/tunderhegy\/wp-json\/wp\/v2\/types\/page"}],"author":[{"embeddable":true,"href":"https:\/\/semmelweis.hu\/tunderhegy\/wp-json\/wp\/v2\/users\/12"}],"replies":[{"embeddable":true,"href":"https:\/\/semmelweis.hu\/tunderhegy\/wp-json\/wp\/v2\/comments?post=30"}],"version-history":[{"count":10,"href":"https:\/\/semmelweis.hu\/tunderhegy\/wp-json\/wp\/v2\/pages\/30\/revisions"}],"predecessor-version":[{"id":437,"href":"https:\/\/semmelweis.hu\/tunderhegy\/wp-json\/wp\/v2\/pages\/30\/revisions\/437"}],"wp:attachment":[{"href":"https:\/\/semmelweis.hu\/tunderhegy\/wp-json\/wp\/v2\/media?parent=30"}],"wp:term":[{"taxonomy":"category","embeddable":true,"href":"https:\/\/semmelweis.hu\/tunderhegy\/wp-json\/wp\/v2\/categories?post=30"},{"taxonomy":"post_tag","embeddable":true,"href":"https:\/\/semmelweis.hu\/tunderhegy\/wp-json\/wp\/v2\/tags?post=30"}],"curies":[{"name":"wp","href":"https:\/\/api.w.org\/{rel}","templated":true}]}}