{"id":184,"date":"2025-01-09T11:08:14","date_gmt":"2025-01-09T10:08:14","guid":{"rendered":"https:\/\/semmelweis.hu\/tunderhegy\/?page_id=184"},"modified":"2025-05-20T04:10:45","modified_gmt":"2025-05-20T02:10:45","slug":"betegfelvetel","status":"publish","type":"page","link":"https:\/\/semmelweis.hu\/tunderhegy\/betegellatas\/betegfelvetel\/","title":{"rendered":"Betegfelv\u00e9tel \u2013 szombati felv\u00e9teli ambulancia"},"content":{"rendered":"<h2>Betegfelv\u00e9tel menete<\/h2>\n<p><span style=\"font-size: 1rem\">A T\u00fcnd\u00e9rhegyi Pszichoter\u00e1pi\u00e1s Oszt\u00e1ly szombati felv\u00e9teli ambulanci\u00e1j\u00e1n <strong>beutal\u00f3val tudunk p\u00e1cienseket fogadni<\/strong>, \u00e9s kiz\u00e1r\u00f3lag az <a href=\"https:\/\/semmelweis.hu\/tunderhegy\/betegellatas\/fekvobeteg-ellatas\/\">oszt\u00e1lyos<\/a>, <a href=\"https:\/\/semmelweis.hu\/tunderhegy\/betegellatas\/nappali-korhaz\/\">nappali k\u00f3rh\u00e1zi<\/a>, ill. <a href=\"https:\/\/semmelweis.hu\/tunderhegy\/betegellatas\/ambulans-rovidterapia\/\">ambul\u00e1ns (heti rendszeress\u00e9g\u0171) pszichoter\u00e1pi\u00e1val<\/a> kapcsolatos felv\u00e9teli besz\u00e9lget\u00e9sekre van lehet\u0151s\u00e9g, \u00edgy <strong>s\u00fcrg\u0151s ell\u00e1t\u00e1s, receptfel\u00edr\u00e1s, szakv\u00e9lem\u00e9ny ki\u00e1ll\u00edt\u00e1sa nem \u00e1ll m\u00f3dunkban!\u00a0<\/strong><\/span><\/p>\n<p><strong><em>Nem tudunk seg\u00edteni addiktol\u00f3giai probl\u00e9m\u00e1k, a ment\u00e1lis k\u00e9pess\u00e9gek \u00e9rintetts\u00e9ge (ment\u00e1lis retard\u00e1ci\u00f3, demencia), k\u00f6zvetlen \u00f6ngyilkoss\u00e1gi vesz\u00e9lyeztetetts\u00e9g, ill. szkizofr\u00e9nia eset\u00e9ben.<\/em><\/strong><\/p>\n<p><span style=\"font-size: 1rem\"><strong>18 \u00e9vet bet\u00f6lt\u00f6tt \u00e9s 65 \u00e9ves kor alatti<\/strong> p\u00e1ciensek kezel\u00e9s\u00e9t tudjuk v\u00e1llalni! <\/span><\/p>\n<div class=\"keretes w-100\">\n<p><strong>\u00c9rkez\u00e9s:<\/strong> az \u00e9v <strong><em>b\u00e1rmely<\/em> szombatj\u00e1n<\/strong> (ha \u00fcnnepnapra esik, akkor is) <strong>8 \u00e9s 11 \u00f3ra k\u00f6z\u00f6tt a <a href=\"https:\/\/semmelweis.hu\/tunderhegy\/elerhetoseg\/\" target=\"_blank\" rel=\"noopener\">T1-es pavilonba<\/a>.<\/strong><\/p>\n<p><strong>Figyelem:<\/strong> <em>A vizsg\u00e1lat \u00e9rkez\u00e9si sorrendben t\u00f6rt\u00e9nik, \u00edgy l\u00e9tsz\u00e1mt\u00f3l f\u00fcgg\u0151en a k\u00e9s\u0151bb \u00e9rkez\u0151knek ak\u00e1r hosszabb v\u00e1rakoz\u00e1sra is \u00e9rdemes sz\u00e1m\u00edtani.<\/em><\/p>\n<p>A vizsg\u00e1lat sor\u00e1n szakk\u00e9pzett terapeuta v\u00e1rja a vizsg\u00e1latra jelentkez\u0151ket, aki seg\u00edts\u00e9g\u00e9re lesz, hogy megtal\u00e1lja az <strong>\u00d6n sz\u00e1m\u00e1ra legmegfelel\u0151bb kezel\u00e9st, vagy kezel\u0151helyet<\/strong>.<\/p>\n<\/div>\n<p>A felv\u00e9teli interj\u00fan eld\u0151l, hogy <a href=\"https:\/\/semmelweis.hu\/tunderhegy\/betegellatas\/fekvobeteg-ellatas\/\" target=\"_blank\" rel=\"noopener\">oszt\u00e1lyos kezel\u00e9st<\/a>, vagy <a href=\"https:\/\/semmelweis.hu\/tunderhegy\/betegellatas\/nappali-korhaz\/\" target=\"_blank\" rel=\"noopener\">Nappali k\u00f3rh\u00e1zat<\/a>, vagy <a href=\"https:\/\/semmelweis.hu\/tunderhegy\/betegellatas\/ambulans-rovidterapia\/\" target=\"_blank\" rel=\"noopener\">20-alkalmas ambul\u00e1ns f\u00f3kuszter\u00e1pi\u00e1t<\/a> javasol-e az ambul\u00e1ns vizsg\u00e1latot v\u00e9gz\u0151 terapeuta, esetleg indokolt esetben egy m\u00e1sik int\u00e9zm\u00e9nybe ir\u00e1ny\u00edtja. Felv\u00e9tel eset\u00e9n el\u0151jegyz\u00e9si id\u0151pontot adunk. Amennyiben ezt nem tudunk adni, mert esetleg hosszabb a v\u00e1rakoz\u00e1s, akkor telefonon \u00e9rtes\u00edtj\u00fck a befekv\u00e9s id\u0151pontj\u00e1r\u00f3l.<\/p>\n<h5>Honnan \u00e9rkezhetnek hozz\u00e1nk?<\/h5>\n<p>Oszt\u00e1lyunk <strong>az orsz\u00e1g eg\u00e9sz ter\u00fclet\u00e9r\u0151l<\/strong> tud p\u00e1cienseket fogadni. Amennyiben a szombati felv\u00e9teli ambulanci\u00e1n az \u00d6n sz\u00e1m\u00e1ra a saj\u00e1t oszt\u00e1lyunk kezel\u00e9s\u00e9t tal\u00e1ljuk a legmegfelel\u0151bbnek, akkor a terapeut\u00e1val id\u0151pontot egyeztet. <em>A szombati vizsg\u00e1latra m\u00e9g semmilyen csomagot ne hozzon mag\u00e1val!<\/em><\/p>\n<h5>Milyen dokumentumokat hozzon mag\u00e1val?<\/h5>\n<ul>\n<li>minden kor\u00e1bbi kezel\u00e9s\u00e9nek dokument\u00e1ci\u00f3ja \u2013 ak\u00e1r pszichi\u00e1triai, ak\u00e1r belszervi orvosi kezel\u00e9sr\u0151l sz\u00f3l \u2013, illetve<\/li>\n<li>szakorvosi, vagy h\u00e1ziorvosi beutal\u00f3 &#8211; ambulanci\u00e1nk beutal\u00f3 k\u00f3dja: 01H7T1802<\/li>\n<\/ul>\n<p>A tov\u00e1bbiakban seg\u00edts\u00e9get k\u00edv\u00e1nunk ny\u00fajtani, hogy megismerje a pszichoter\u00e1pi\u00e1s ell\u00e1t\u00e1s milyen ter\u00fcleteivel foglalkozunk oszt\u00e1lyunkon.<\/p>\n<h5>Seg\u00edts\u00e9get k\u00edn\u00e1lunk azoknak<\/h5>\n<ul>\n<li>akik \u00fagy \u00e9rzik, hogy komoly \u00e9letvezet\u00e9si elakad\u00e1suk miatt egyed\u00fcl nem tudnak \u00farr\u00e1 lenni a kapcsolataikban, az \u00e9letteljes\u00edtm\u00e9ny\u00fckben, vagy az \u00e9let b\u00e1rmely ter\u00fclet\u00e9n tapasztalt neh\u00e9zs\u00e9geiken.<\/li>\n<li><span style=\"font-size: 1rem\">akik esetleg m\u00e1r megel\u0151z\u0151en kezel\u00e9sben r\u00e9szes\u00fcltek valamilyen pszichi\u00e1triai oszt\u00e1lyon, de \u2013 esetleges gy\u00f3gyszeres kezel\u00e9s\u00fck mellett \u2013 pszichoter\u00e1pi\u00e1s ell\u00e1t\u00e1st javasoltak sz\u00e1mukra, vagy \u0151k maguk szeretn\u00e9nek ilyen jelleg\u0171 kezel\u00e9sben r\u00e9szes\u00fclni.<\/span><\/li>\n<li><span style=\"font-size: 1rem\">a szem\u00e9lyis\u00e9gzavarral \u00e9l\u0151 p\u00e1cienseket, akik k\u00e9szek pszichoter\u00e1pi\u00e1s keretben keresni az \u00e9letvezet\u00e9si elakad\u00e1suk \u00fagynevezett \u201esaj\u00e1t r\u00e9sz\u00e9t\u201d: Viselked\u00e9s\u00fck, kapcsolati poz\u00edci\u00f3juk azon elemeit, amin alak\u00edtani tudnak, \u00e9s ami \u00e1ltal jelent\u0151sen jav\u00edthatnak mindennapi \u00e9letmin\u0151s\u00e9g\u00fck\u00f6n.<\/span><\/li>\n<li><span style=\"font-size: 1rem\">Gyakori k\u00f3rk\u00e9pek oszt\u00e1lyunkon: szorong\u00e1s, p\u00e1nik jelleg\u0171 megbeteged\u00e9sek, depresszi\u00f3, borderline \u00e9s egy\u00e9b szem\u00e9lyis\u00e9gzavarok, pszichoszomatikus megbeteged\u00e9sek; az \u00e9letciklus k\u00fcl\u00f6nb\u00f6z\u0151 kr\u00edzisei: sz\u00fcl\u0151kr\u0151l val\u00f3 lev\u00e1l\u00e1s, gyermekek elenged\u00e9se, munkahelyi konfliktusok, v\u00e1l\u00e1s \u00e9s gy\u00e1sz feldolgoz\u00e1s.<br \/>\n<\/span><\/li>\n<\/ul>\n<h5>Oszt\u00e1lyunk nem foglalkozik<\/h5>\n<ul>\n<li>addiktol\u00f3giai k\u00f3rk\u00e9pben szenved\u0151 p\u00e1ciensekkel. Ha teh\u00e1t jelenleg is fenn\u00e1ll\u00f3 f\u00fcgg\u0151s\u00e9gben szenved, el\u0151sz\u00f6r addiktol\u00f3giai kezel\u00e9st tan\u00e1csolunk, \u00e9s amennyiben t\u00f6bb h\u00f3napos absztinenci\u00e1ra m\u00e1r k\u00e9pess\u00e9 v\u00e1lt, akkor abban tudjuk seg\u00edteni, hogy a f\u00fcgg\u0151s\u00e9g kialakul\u00e1s\u00e1nak h\u00e1tter\u00e9ben felt\u00e9telezhet\u0151 lelki okokkal szembe tudjon n\u00e9zni, azokon v\u00e1ltoztatni tudjon. Felv\u00e9teli ambulanci\u00e1nkra minimum 3 h\u00f3napos absztinens id\u0151szakot k\u00f6vet\u0151en \u00e9rdemes jelentkezni.<\/li>\n<li>az \u00fagynevezett nagy klinikai k\u00f3rk\u00e9pekkel, szkizofr\u00e9nia spektrumba es\u0151 megbeteged\u00e9sekkel \u00e9l\u0151 p\u00e1ciensek eset\u00e9ben az a tapasztalat, hogy nem tudj\u00e1k hasznos\u00edtani a felt\u00e1r\u00f3 pszichoter\u00e1pi\u00e1s ell\u00e1t\u00e1st.<\/li>\n<li>az \u00e9vtizedek \u00f3ta kezelt p\u00e1ciensek k\u00f6z\u00f6tt vannak olyanok, akiknek eset\u00e9ben a ter\u00fcletileg illet\u00e9kes pszichi\u00e1triai rehabilit\u00e1ci\u00f3s oszt\u00e1lyt javasoljuk.<\/li>\n<li>organikus probl\u00e9m\u00e1kkal, id\u0151skori szellemi teljes\u00edtm\u00e9nycs\u00f6kken\u00e9st\u0151l szenved\u0151kkel.<\/li>\n<\/ul>\n","protected":false},"excerpt":{"rendered":"<p>Betegfelv\u00e9tel menete A T\u00fcnd\u00e9rhegyi Pszichoter\u00e1pi\u00e1s Oszt\u00e1ly szombati felv\u00e9teli ambulanci\u00e1j\u00e1n beutal\u00f3val tudunk p\u00e1cienseket fogadni, \u00e9s kiz\u00e1r\u00f3lag az <a href=\"https:\/\/semmelweis.hu\/tunderhegy\/betegellatas\/fekvobeteg-ellatas\/\">oszt\u00e1lyos<\/a> , <a href=\"https:\/\/semmelweis.hu\/tunderhegy\/betegellatas\/nappali-korhaz\/\">nappali k\u00f3rh\u00e1zi<\/a> , ill. <a href=\"https:\/\/semmelweis.hu\/tunderhegy\/betegellatas\/ambulans-rovidterapia\/\">ambul\u00e1ns (heti rendszeress\u00e9g\u0171) pszichoter\u00e1pi\u00e1val<\/a> kapcsolatos felv\u00e9teli besz\u00e9lget\u00e9sekre van lehet\u0151s\u00e9g, \u00edgy s\u00fcrg\u0151s ell\u00e1t\u00e1s, receptfel\u00edr\u00e1s, szakv\u00e9lem\u00e9ny ki\u00e1ll\u00edt\u00e1sa nem \u00e1ll m\u00f3dunkban!\u00a0 Nem tudunk seg\u00edteni addiktol\u00f3giai probl\u00e9m\u00e1k, a ment\u00e1lis k\u00e9pess\u00e9gek \u00e9rintetts\u00e9ge (ment\u00e1lis retard\u00e1ci\u00f3, demencia), k\u00f6zvetlen \u00f6ngyilkoss\u00e1gi vesz\u00e9lyeztetetts\u00e9g, ill. szkizofr\u00e9nia eset\u00e9ben. 18 \u00e9vet bet\u00f6lt\u00f6tt \u00e9s &hellip;<\/p>\n","protected":false},"author":12,"featured_media":0,"parent":6,"menu_order":0,"comment_status":"closed","ping_status":"closed","template":"","meta":{"_acf_changed":false,"footnotes":""},"categories":[],"tags":[],"class_list":["post-184","page","type-page","status-publish","hentry"],"acf":[],"_links":{"self":[{"href":"https:\/\/semmelweis.hu\/tunderhegy\/wp-json\/wp\/v2\/pages\/184","targetHints":{"allow":["GET"]}}],"collection":[{"href":"https:\/\/semmelweis.hu\/tunderhegy\/wp-json\/wp\/v2\/pages"}],"about":[{"href":"https:\/\/semmelweis.hu\/tunderhegy\/wp-json\/wp\/v2\/types\/page"}],"author":[{"embeddable":true,"href":"https:\/\/semmelweis.hu\/tunderhegy\/wp-json\/wp\/v2\/users\/12"}],"replies":[{"embeddable":true,"href":"https:\/\/semmelweis.hu\/tunderhegy\/wp-json\/wp\/v2\/comments?post=184"}],"version-history":[{"count":10,"href":"https:\/\/semmelweis.hu\/tunderhegy\/wp-json\/wp\/v2\/pages\/184\/revisions"}],"predecessor-version":[{"id":519,"href":"https:\/\/semmelweis.hu\/tunderhegy\/wp-json\/wp\/v2\/pages\/184\/revisions\/519"}],"up":[{"embeddable":true,"href":"https:\/\/semmelweis.hu\/tunderhegy\/wp-json\/wp\/v2\/pages\/6"}],"wp:attachment":[{"href":"https:\/\/semmelweis.hu\/tunderhegy\/wp-json\/wp\/v2\/media?parent=184"}],"wp:term":[{"taxonomy":"category","embeddable":true,"href":"https:\/\/semmelweis.hu\/tunderhegy\/wp-json\/wp\/v2\/categories?post=184"},{"taxonomy":"post_tag","embeddable":true,"href":"https:\/\/semmelweis.hu\/tunderhegy\/wp-json\/wp\/v2\/tags?post=184"}],"curies":[{"name":"wp","href":"https:\/\/api.w.org\/{rel}","templated":true}]}}