{"id":173,"date":"2025-01-08T15:48:27","date_gmt":"2025-01-08T14:48:27","guid":{"rendered":"https:\/\/semmelweis.hu\/tunderhegy\/?page_id=173"},"modified":"2025-03-10T08:33:20","modified_gmt":"2025-03-10T07:33:20","slug":"fekvobeteg-ellatas","status":"publish","type":"page","link":"https:\/\/semmelweis.hu\/tunderhegy\/betegellatas\/fekvobeteg-ellatas\/","title":{"rendered":"Fekv\u0151beteg ell\u00e1t\u00e1s"},"content":{"rendered":"<h2>Fekv\u0151beteg oszt\u00e1lyunkr\u00f3l<\/h2>\n<p>Oszt\u00e1lyunkon csoporthangs\u00faly\u00fa pszichoter\u00e1pi\u00e1s rendszerben dolgozunk pszichodinamikus szeml\u00e9lettel. R\u00e9szletesebben a <a href=\"https:\/\/semmelweis.hu\/tunderhegy\/betegellatas\/modszer\/\" target=\"_blank\" rel=\"noopener\">M\u00f3dszer<\/a> f\u00fcl alatt lehet olvasni err\u0151l. Fekv\u0151beteg ell\u00e1t\u00e1sunk 64 \u00e1ggyal m\u0171k\u00f6dik. Orsz\u00e1gosan vesz\u00fcnk fel p\u00e1cienseket.\u00a0 Kezel\u00e9s\u00fcnk <strong>\u00f6nk\u00e9ntes alap\u00fa<\/strong>, vagyis olyan p\u00e1cienseket tudunk felvenni, akik k\u00e9pesek \u00e9s hajland\u00f3ak az oszt\u00e1lyos keretrendszert elfogadni \u00e9s betartani.<\/p>\n<div class=\"fontos_div\">\n<p>Az oszt\u00e1lyra t\u00f6rt\u00e9n\u0151 felv\u00e9tel kiz\u00e1r\u00f3lag <strong><a href=\"https:\/\/semmelweis.hu\/tunderhegy\/betegellatas\/betegfelvetel\/\" target=\"_blank\" rel=\"noopener\">Szombati felv\u00e9teli ambulanci\u00e1nkon<\/a><\/strong> kereszt\u00fcl t\u00f6rt\u00e9nik. Akikn\u00e9l azt \u00e1llap\u00edtjuk meg, hogy tudunk seg\u00edteni probl\u00e9m\u00e1jukon, \u0151ket v\u00e1r\u00f3lista alapj\u00e1n h\u00edvjuk be (ide\u00e1lis esetben 1-2 h\u00e9ten bel\u00fcl, terheltebb id\u0151szakban 1-2 h\u00f3nap is lehet).<\/p>\n<\/div>\n<h5>A felv\u00e9tel napj\u00e1nak menetrendje:<\/h5>\n<p><strong>A felv\u00e9tel <\/strong>(befekv\u00e9s)<strong> napj\u00e1n<\/strong> a <a href=\"https:\/\/semmelweis.hu\/tunderhegy\/elerhetoseg\/\" target=\"_blank\" rel=\"noopener\">T1 pavilonba<\/a> sz\u00fcks\u00e9ges \u00e9rkezni, itt a p\u00e1ciens r\u00f6vid t\u00e1j\u00e9koztat\u00f3t kap. Ezut\u00e1n a terapeut\u00e1val k\u00f6vetkezik a felv\u00e9teli besz\u00e9lget\u00e9s, majd orvosi vizsg\u00e1lat \u00e9s tesztfelv\u00e9telek k\u00f6vetkeznek, v\u00e9g\u00fcl p\u00e1ciens a n\u0151v\u00e9rek vezet\u00e9s\u00e9vel \u00fan. szocializ\u00e1ci\u00f3s, kiscsoportos foglalkoz\u00e1son vesz r\u00e9szt, ahol ismertetik az oszt\u00e1ly szab\u00e1lyait, kereteit, \u00e1ltal\u00e1nos \u00e9s speci\u00e1lis tudnival\u00f3kat.<\/p>\n<p>A p\u00e1ciensek a felv\u00e9telt k\u00f6vet\u0151en a T1 \u00e9s T2 pavilon valamelyik\u00e9be, 4-5 \u00e1gyas f\u00fcrd\u0151szob\u00e1s szob\u00e1kba ker\u00fclnek elhelyez\u00e9sre.<\/p>\n\r\n        [slb_exclude]\r\n        <div class=\"row galeria-wrapper mx-0 h-auto\">\r\n            <div class=\"col-9 pl-0 pr-2\">\r\n            <span class=\"gallery-item frame\">\r\n\t\t\t\t<div class=\"galeria-left-img\"><a href=\"https:\/\/semmelweis.hu\/tunderhegy\/files\/2025\/02\/RS208903_GV5A7141-scr.jpg\"><img src=https:\/\/semmelweis.hu\/tunderhegy\/files\/2025\/02\/RS208903_GV5A7141-scr.jpg  \r\n                            alt=\"\" \r\n                            class=\"attachment-sote-gallery-big size-sote-gallery-big\" \r\n                            srcset=\"https:\/\/semmelweis.hu\/tunderhegy\/files\/2025\/02\/RS208903_GV5A7141-scr-400x267.jpg 400w, https:\/\/semmelweis.hu\/tunderhegy\/files\/2025\/02\/RS208903_GV5A7141-scr-1024x683.jpg 1024w, https:\/\/semmelweis.hu\/tunderhegy\/files\/2025\/02\/RS208903_GV5A7141-scr-768x512.jpg 768w, https:\/\/semmelweis.hu\/tunderhegy\/files\/2025\/02\/RS208903_GV5A7141-scr-753x502.jpg 753w, https:\/\/semmelweis.hu\/tunderhegy\/files\/2025\/02\/RS208903_GV5A7141-scr-203x135.jpg 203w, https:\/\/semmelweis.hu\/tunderhegy\/files\/2025\/02\/RS208903_GV5A7141-scr.jpg 1200w\" ><\/a><\/div>\r\n            <\/span>\r\n\r\n            <\/div>\r\n\r\n\t\t\t<div class=\"col-3 pl-0 pr-0\">\r\n\t\t\t\t<div class=\"galeria-right-img d-flex justify-content-between flex-column h-100 w-100 px-0 mx-0 \">\r\n                <div class=\"galeria-box\">\r\n\t\t\t\t\t<h3 class=\"galeria-title\">Gal\u00e9ria<\/h3>\r\n\t\t\t\t\t<div class=\"galeria-subtitle\">\r\n\r\n\t\t\t\t\t\t<div class=\"galeria-page-counter\"><span>5<\/span>k\u00e9p<\/div>\r\n                    <\/div> <\/div>\r\n                    <span class=\"gallery-item frame d-none d-md-flex\">\r\n\t\t\t\t\t<div class=\"galeria-small-img mt-0\"><a href=\"https:\/\/semmelweis.hu\/tunderhegy\/files\/2025\/02\/RS208902_GV5A7116-scr.jpg\"><img src=https:\/\/semmelweis.hu\/tunderhegy\/files\/2025\/02\/RS208902_GV5A7116-scr.jpg \r\n                                alt=\"\"  \r\n                                class=\"attachment-sote-gallery-small size-sote-gallery-small\" \r\n                                srcset=\"https:\/\/semmelweis.hu\/tunderhegy\/files\/2025\/02\/RS208902_GV5A7116-scr-400x267.jpg 400w, https:\/\/semmelweis.hu\/tunderhegy\/files\/2025\/02\/RS208902_GV5A7116-scr-1024x683.jpg 1024w, https:\/\/semmelweis.hu\/tunderhegy\/files\/2025\/02\/RS208902_GV5A7116-scr-768x512.jpg 768w, https:\/\/semmelweis.hu\/tunderhegy\/files\/2025\/02\/RS208902_GV5A7116-scr-753x502.jpg 753w, https:\/\/semmelweis.hu\/tunderhegy\/files\/2025\/02\/RS208902_GV5A7116-scr-203x135.jpg 203w, https:\/\/semmelweis.hu\/tunderhegy\/files\/2025\/02\/RS208902_GV5A7116-scr.jpg 1200w\" ><\/a><\/div>\r\n                    <\/span>\r\n                    <span class=\"gallery-item frame d-none d-md-flex\">\r\n\t\t\t\t\t<div class=\"galeria-small-img mt-0\"><a href=\"https:\/\/semmelweis.hu\/tunderhegy\/files\/2025\/02\/RS208909_GV5A7079-scr.jpg\"><img src=https:\/\/semmelweis.hu\/tunderhegy\/files\/2025\/02\/RS208909_GV5A7079-scr.jpg \r\n                                alt=\"\" \r\n                                class=\"attachment-sote-gallery-small size-sote-gallery-small\" \r\n                                srcset=\"https:\/\/semmelweis.hu\/tunderhegy\/files\/2025\/02\/RS208909_GV5A7079-scr-400x267.jpg 400w, https:\/\/semmelweis.hu\/tunderhegy\/files\/2025\/02\/RS208909_GV5A7079-scr-1024x683.jpg 1024w, https:\/\/semmelweis.hu\/tunderhegy\/files\/2025\/02\/RS208909_GV5A7079-scr-768x512.jpg 768w, https:\/\/semmelweis.hu\/tunderhegy\/files\/2025\/02\/RS208909_GV5A7079-scr-753x502.jpg 753w, https:\/\/semmelweis.hu\/tunderhegy\/files\/2025\/02\/RS208909_GV5A7079-scr-203x135.jpg 203w, https:\/\/semmelweis.hu\/tunderhegy\/files\/2025\/02\/RS208909_GV5A7079-scr.jpg 1200w\" ><\/a><\/div>\r\n                    <\/span>\r\n\r\n                <\/div>\r\n\r\n            <\/div>\r\n\r\n            <span class=\"gallery-item\"><div class=\"hidden\"><a href=\"https:\/\/semmelweis.hu\/tunderhegy\/files\/2025\/02\/RS208910_GV5A7083-scr.jpg\">\r\n        <img src=https:\/\/semmelweis.hu\/tunderhegy\/files\/2025\/02\/RS208910_GV5A7083-scr.jpg alt=\"\" class=\"attachment-sote-gallery-big size-sote-gallery-big\" srcset=\"https:\/\/semmelweis.hu\/tunderhegy\/files\/2025\/02\/RS208910_GV5A7083-scr-400x267.jpg 400w, https:\/\/semmelweis.hu\/tunderhegy\/files\/2025\/02\/RS208910_GV5A7083-scr-1024x683.jpg 1024w, https:\/\/semmelweis.hu\/tunderhegy\/files\/2025\/02\/RS208910_GV5A7083-scr-768x512.jpg 768w, https:\/\/semmelweis.hu\/tunderhegy\/files\/2025\/02\/RS208910_GV5A7083-scr-753x502.jpg 753w, https:\/\/semmelweis.hu\/tunderhegy\/files\/2025\/02\/RS208910_GV5A7083-scr-203x135.jpg 203w, https:\/\/semmelweis.hu\/tunderhegy\/files\/2025\/02\/RS208910_GV5A7083-scr.jpg 1200w\" >\r\n        <\/a><\/div><\/span><span class=\"gallery-item\"><div class=\"hidden\"><a href=\"https:\/\/semmelweis.hu\/tunderhegy\/files\/2025\/02\/RS208901_GV5A7115-scr.jpg\">\r\n        <img src=https:\/\/semmelweis.hu\/tunderhegy\/files\/2025\/02\/RS208901_GV5A7115-scr.jpg alt=\"\" class=\"attachment-sote-gallery-big size-sote-gallery-big\" srcset=\"https:\/\/semmelweis.hu\/tunderhegy\/files\/2025\/02\/RS208901_GV5A7115-scr-400x267.jpg 400w, https:\/\/semmelweis.hu\/tunderhegy\/files\/2025\/02\/RS208901_GV5A7115-scr-1024x683.jpg 1024w, https:\/\/semmelweis.hu\/tunderhegy\/files\/2025\/02\/RS208901_GV5A7115-scr-768x512.jpg 768w, https:\/\/semmelweis.hu\/tunderhegy\/files\/2025\/02\/RS208901_GV5A7115-scr-753x502.jpg 753w, https:\/\/semmelweis.hu\/tunderhegy\/files\/2025\/02\/RS208901_GV5A7115-scr-203x135.jpg 203w, https:\/\/semmelweis.hu\/tunderhegy\/files\/2025\/02\/RS208901_GV5A7115-scr.jpg 1200w\" >\r\n        <\/a><\/div><\/span>\r\n            <\/div>\r\n\r\n            [\/slb_exclude]\r\n\t\n<h5>A kezel\u00e9s oszt\u00e1lyunkon<\/h5>\n<p><strong>A felv\u00e9teli napj\u00e1t k\u00f6vet\u0151en <\/strong>a\u00a0reggeli team megbesz\u00e9l\u00e9sen t\u00f6rt\u00e9nik az \u00faj p\u00e1ciensek <strong>d\u00e9lel\u0151tti \u00e9s d\u00e9lut\u00e1ni csoportok<\/strong>ba val\u00f3 beoszt\u00e1sa. A T1 \u00e9s a T2 pavilonokban <span style=\"font-size: 1rem\">zajlanak a csoportos \u00e9s egy\u00e9ni ter\u00e1pi\u00e1s foglalkoz\u00e1sok is, m\u00edg a T3-as pavilon a nagycsoport tere.<\/span><\/p>\n<p>A kezel\u00e9s r\u00e9sze tov\u00e1bb\u00e1: <strong>heti h\u00e1romszori nagycsoport<\/strong>\u00a0(a T3-as pavilonban), ahol minden p\u00e1ciens \u00e9s aktu\u00e1lisan dolgoz\u00f3 team tag \u00e9s k\u00e9pz\u00e9sben l\u00e9v\u0151 koll\u00e9ga r\u00e9szt vesz, illetve <strong>heti k\u00e9tszer egy\u00e9ni \u00fcl\u00e9s<\/strong> a terapeut\u00e1val, melynek els\u0151sorban integr\u00e1l\u00f3 funkci\u00f3ja van. Mindezt sz\u00fcks\u00e9g eset\u00e9n <strong>gy\u00f3gyszeres ter\u00e1pi\u00e1val<\/strong> eg\u00e9sz\u00edtj\u00fck ki, mely r\u00e9sze a kezel\u00e9s\u00fcnknek. \u00cdgy, ha sz\u00fcks\u00e9ges, gy\u00f3gyszert \u00e1ll\u00edtunk be, vagy v\u00e1ltoztatunk, a megfelel\u0151 t\u00e1j\u00e9koztat\u00e1s mellett. <em>Aki nem tudja a gy\u00f3gyszeres kezel\u00e9s lehet\u0151s\u00e9g\u00e9t elfogadni, azt nem tudjuk kezelni T\u00fcnd\u00e9rhegyen.<\/em><\/p>\n<h3>A kezel\u00e9s id\u0151tartama<\/h3>\n<p>Oszt\u00e1lyos kezel\u00e9s\u00fcnk eset\u00e9n 3 h\u00f3nappal \u00e9rdemes sz\u00e1molni, mely sor\u00e1n <em>az els\u0151 hetet \u00e9s az els\u0151 h\u00e9tv\u00e9g\u00e9t az oszt\u00e1lyon kell t\u00f6lteni, annak ter\u00fclet\u00e9t nem hagyhatj\u00e1k el<\/em>. Ennek megfelel\u0151en \u00e9rdemes k\u00e9sz\u00fclni pl. ruh\u00e1val, tiszt\u00e1lkod\u00f3 szerrel. Az els\u0151 bent t\u00f6lt\u00f6tt h\u00e9tv\u00e9ge ut\u00e1n a t\u00f6bbi h\u00e9tv\u00e9g\u00e9t \u2013 p\u00e9ntekt\u0151l vas\u00e1rnapig \u2013 otthonukban t\u00f6ltik betegeink adapt\u00e1ci\u00f3s szabads\u00e1g keret\u00e9n bel\u00fcl, mely fontos r\u00e9sz\u00e9t k\u00e9pezi a ter\u00e1pi\u00e1s folyamatnak.<\/p>\n<h3>L\u00e1togat\u00e1s<\/h3>\n<p>Amikor \u00e9ppen nincsen ter\u00e1pi\u00e1s foglalkoz\u00e1s, van lehet\u0151s\u00e9g l\u00e1togat\u00f3t fogadni. A k\u00f3rh\u00e1z ter\u00fclet\u00e9n \u00e9rv\u00e9nyes l\u00e1togat\u00e1si id\u0151:<\/p>\n<ul>\n<li>H\u00e9tf\u0151-P\u00e9ntek: 14.00-18.00<\/li>\n<li>H\u00e9tv\u00e9ge, ill. \u00fcnnepnapok: 10.00-18.00<\/li>\n<\/ul>\n<h3>A Rehabilit\u00e1ci\u00f3s Klinika ter\u00fclet\u00e9n el\u00e9rhet\u0151 szolg\u00e1ltat\u00e1sok<\/h3>\n<p>Posta, b\u00fcf\u00e9, \u00fczletek, bankomat stb.<\/p>\n<p><a class=\"btn btn-secondary\" href=\"https:\/\/semmelweis.hu\/rehabilitaciosklinika\/szolgaltatasok\/posta-bufe-bolt-szepsegapolas\/\" target=\"_blank\" rel=\"noopener\">B\u0151vebben<\/a><\/p>\n","protected":false},"excerpt":{"rendered":"<p>Fekv\u0151beteg oszt\u00e1lyunkr\u00f3l Oszt\u00e1lyunkon csoporthangs\u00faly\u00fa pszichoter\u00e1pi\u00e1s rendszerben dolgozunk pszichodinamikus szeml\u00e9lettel. R\u00e9szletesebben a <a href=\"https:\/\/semmelweis.hu\/tunderhegy\/betegellatas\/modszer\/\" target=\"_blank\" rel=\"noopener\">M\u00f3dszer<\/a> f\u00fcl alatt lehet olvasni err\u0151l. Fekv\u0151beteg ell\u00e1t\u00e1sunk 64 \u00e1ggyal m\u0171k\u00f6dik. Orsz\u00e1gosan vesz\u00fcnk fel p\u00e1cienseket.\u00a0 Kezel\u00e9s\u00fcnk \u00f6nk\u00e9ntes alap\u00fa, vagyis olyan p\u00e1cienseket tudunk felvenni, akik k\u00e9pesek \u00e9s hajland\u00f3ak az oszt\u00e1lyos keretrendszert elfogadni \u00e9s betartani. Az oszt\u00e1lyra t\u00f6rt\u00e9n\u0151 felv\u00e9tel kiz\u00e1r\u00f3lag <a href=\"https:\/\/semmelweis.hu\/tunderhegy\/betegellatas\/betegfelvetel\/\" target=\"_blank\" rel=\"noopener\">Szombati felv\u00e9teli ambulanci\u00e1nkon<\/a> kereszt\u00fcl t\u00f6rt\u00e9nik. Akikn\u00e9l azt \u00e1llap\u00edtjuk meg, hogy &hellip;<\/p>\n","protected":false},"author":12,"featured_media":0,"parent":6,"menu_order":1,"comment_status":"closed","ping_status":"closed","template":"","meta":{"_acf_changed":false,"footnotes":""},"categories":[],"tags":[],"class_list":["post-173","page","type-page","status-publish","hentry"],"acf":[],"_links":{"self":[{"href":"https:\/\/semmelweis.hu\/tunderhegy\/wp-json\/wp\/v2\/pages\/173","targetHints":{"allow":["GET"]}}],"collection":[{"href":"https:\/\/semmelweis.hu\/tunderhegy\/wp-json\/wp\/v2\/pages"}],"about":[{"href":"https:\/\/semmelweis.hu\/tunderhegy\/wp-json\/wp\/v2\/types\/page"}],"author":[{"embeddable":true,"href":"https:\/\/semmelweis.hu\/tunderhegy\/wp-json\/wp\/v2\/users\/12"}],"replies":[{"embeddable":true,"href":"https:\/\/semmelweis.hu\/tunderhegy\/wp-json\/wp\/v2\/comments?post=173"}],"version-history":[{"count":10,"href":"https:\/\/semmelweis.hu\/tunderhegy\/wp-json\/wp\/v2\/pages\/173\/revisions"}],"predecessor-version":[{"id":507,"href":"https:\/\/semmelweis.hu\/tunderhegy\/wp-json\/wp\/v2\/pages\/173\/revisions\/507"}],"up":[{"embeddable":true,"href":"https:\/\/semmelweis.hu\/tunderhegy\/wp-json\/wp\/v2\/pages\/6"}],"wp:attachment":[{"href":"https:\/\/semmelweis.hu\/tunderhegy\/wp-json\/wp\/v2\/media?parent=173"}],"wp:term":[{"taxonomy":"category","embeddable":true,"href":"https:\/\/semmelweis.hu\/tunderhegy\/wp-json\/wp\/v2\/categories?post=173"},{"taxonomy":"post_tag","embeddable":true,"href":"https:\/\/semmelweis.hu\/tunderhegy\/wp-json\/wp\/v2\/tags?post=173"}],"curies":[{"name":"wp","href":"https:\/\/api.w.org\/{rel}","templated":true}]}}