{"id":16,"date":"2025-01-06T15:29:56","date_gmt":"2025-01-06T14:29:56","guid":{"rendered":"https:\/\/semmelweis.hu\/tunderhegy\/?page_id=16"},"modified":"2025-02-28T08:36:07","modified_gmt":"2025-02-28T07:36:07","slug":"elerhetoseg","status":"publish","type":"page","link":"https:\/\/semmelweis.hu\/tunderhegy\/elerhetoseg\/","title":{"rendered":"El\u00e9rhet\u0151s\u00e9g"},"content":{"rendered":"<h4 style=\"text-align: center\"><strong>Pszichoszomatikus \u00e9s Pszichoter\u00e1pi\u00e1s Rehabilit\u00e1ci\u00f3s Oszt\u00e1ly \u2013 T\u00fcnd\u00e9rhegy<br \/>\n<\/strong>Semmelweis Egyetem, Rehabilit\u00e1ci\u00f3s Klinika<\/h4>\n<h6 style=\"text-align: center\"><span style=\"font-size: 12pt\"><em>A <a href=\"https:\/\/semmelweis.hu\/rehabilitaciosklinika\/\" target=\"_blank\" rel=\"noopener\"><strong>Semmelweis Egyetem Rehabilit\u00e1ci\u00f3s Klinik\u00e1ja <\/strong><\/a>az 1975 \u00f3ta m\u0171k\u00f6d\u00f6tt <strong>Orsz\u00e1gos Orvosi Rehabilit\u00e1ci\u00f3s Int\u00e9zet (OORI)<\/strong> jogut\u00f3dja.\u00a0<\/em><\/span><\/h6>\n<h5>C\u00edm<\/h5>\n<p>1121 Budapest, Szanat\u00f3rium u. 19.<br \/>\nHelyileg a SE Rehabilit\u00e1ci\u00f3s Klinika (kor\u00e1bban OORI) ter\u00fclet\u00e9n tal\u00e1lhat\u00f3 Budakeszi \u00e9s Budapest hat\u00e1r\u00e1n, a Budakeszi Vadaspark mellett. Maga az oszt\u00e1ly egy ker\u00edt\u00e9ssel lehat\u00e1rolt parkr\u00e9szen 3 pavilonb\u00f3l (T1, T2, T3) \u00e1ll.<br \/>\n<em>(A port\u00e1n \u00e9rdekl\u0151djenek az oszt\u00e1ly pontos hely\u00e9r\u0151l! Az al\u00e1bbi t\u00e9rk\u00e9pen a 9, 10 \u00e9s 11 jelz\u00e9ssel ell\u00e1tott sz\u00fcrke pavilonok tartoznak az oszt\u00e1lyhoz.)<\/em><\/p>\n<figure id=\"attachment_357\" aria-describedby=\"caption-attachment-357\" style=\"width: 1705px\" class=\"wp-caption aligncenter\"><img loading=\"lazy\" decoding=\"async\" class=\"wp-image-357 size-full\" src=\"https:\/\/semmelweis.hu\/tunderhegy\/files\/2025\/02\/rehabklinika-bejarati-tabla.jpg\" alt=\"SE, Rehabilit\u00e1ci\u00f3s Klinika t\u00e9rk\u00e9pe\" width=\"1705\" height=\"1430\" srcset=\"https:\/\/semmelweis.hu\/tunderhegy\/files\/2025\/02\/rehabklinika-bejarati-tabla.jpg 1705w, https:\/\/semmelweis.hu\/tunderhegy\/files\/2025\/02\/rehabklinika-bejarati-tabla-400x335.jpg 400w, https:\/\/semmelweis.hu\/tunderhegy\/files\/2025\/02\/rehabklinika-bejarati-tabla-1024x859.jpg 1024w, https:\/\/semmelweis.hu\/tunderhegy\/files\/2025\/02\/rehabklinika-bejarati-tabla-768x644.jpg 768w, https:\/\/semmelweis.hu\/tunderhegy\/files\/2025\/02\/rehabklinika-bejarati-tabla-1536x1288.jpg 1536w, https:\/\/semmelweis.hu\/tunderhegy\/files\/2025\/02\/rehabklinika-bejarati-tabla-753x632.jpg 753w\" sizes=\"auto, (max-width: 1705px) 100vw, 1705px\" \/><figcaption id=\"caption-attachment-357\" class=\"wp-caption-text\">SE, Rehabilit\u00e1ci\u00f3s Klinika t\u00e9rk\u00e9pe<\/figcaption><\/figure>\n<h5>Telefon<\/h5>\n<p>+36 1 391-1900 (k\u00f6zponti sz\u00e1m) , 1984-es mell\u00e9k<br \/>\n+36 1 200-8719 (k\u00f6zvetlen sz\u00e1m)<br \/>\n+36 1 200-8720 (k\u00f6zvetlen sz\u00e1m)<\/p>\n<h5>E-mail<\/h5>\n<p><a href=\"mailto:tunderhegy@semmelweis.hu\" target=\"_blank\" rel=\"noopener\">tunderhegy[kukac]semmelweis.hu<\/a><\/p>\n<h5>Megk\u00f6zel\u00edthet\u0151s\u00e9g:<\/h5>\n<p><strong>K\u00f6z\u00f6ss\u00e9gi k\u00f6zleked\u00e9ssel<\/strong><br \/>\nBudapest ir\u00e1ny\u00e1b\u00f3l a BKK <strong>22, 22A, 222<\/strong> busz j\u00e1rat\u00e1val, lesz\u00e1ll\u00e1s a Szanat\u00f3rium utc\u00e1n\u00e1l. A Budapest b\u00e9rlet id\u00e1ig \u00e9rv\u00e9nyes.<br \/>\nBudakeszi ir\u00e1ny\u00e1b\u00f3l szint\u00e9n a BKK <strong>22, 22A, 222<\/strong> busz j\u00e1rat\u00e1val.<br \/>\nT\u00e1vols\u00e1gi aut\u00f3busszal: Zs\u00e1mb\u00e9k, T\u00f6k, Perb\u00e1l, Budajen\u0151, Telki, P\u00e1ty, Budakeszi ir\u00e1ny\u00e1b\u00f3l a Vol\u00e1n menetrendszer\u0171 j\u00e1rat\u00e1val.<br \/>\nAz int\u00e9zet a buszmeg\u00e1ll\u00f3t\u00f3l gyalog k\u00f6zel\u00edthet\u0151 meg, a Szanat\u00f3rium utca v\u00e9g\u00e9n tal\u00e1lhat\u00f3. A buszmeg\u00e1ll\u00f3t\u00f3l az int\u00e9zet ter\u00fclet\u00e9n bel\u00fcl a T\u00fcnd\u00e9rhegyi oszt\u00e1lyig kb. 15 perc s\u00e9t\u00e1val \u00e9rdemes sz\u00e1molni.<\/p>\n<p><strong>G\u00e9pkocsival<\/strong><br \/>\nBudapestr\u0151l a Sz\u00e9ll K\u00e1lm\u00e1n t\u00e9r \u2013 Szil\u00e1gyi Erzs\u00e9bet fasor \u2013 Budakeszi \u00fat \u2013 Szanat\u00f3rium utca \u00fatvonalon.<br \/>\n<em>Behajt\u00e1s, parkol\u00e1s<\/em><br \/>\nA Klinika bej\u00e1rata el\u0151tt ingyenes parkol\u00f3helyek \u00e1llnak rendelkez\u00e9sre. A Klinika ter\u00fclet\u00e9re 1000 Ft egyszeri behajt\u00e1si d\u00edj megfizet\u00e9s\u00e9vel lehet behajtani \u00e9s ott a kijel\u00f6lt parkol\u00f3helyeken v\u00e1rakozni (t\u00e9r\u00edt\u00e9smentes id\u0151szak a behajt\u00e1st\u00f3l sz\u00e1m\u00edtott 15 perc).\u00a0<\/p>\n<p><iframe loading=\"lazy\" src=\"https:\/\/www.google.com\/maps\/embed?pb=!1m18!1m12!1m3!1d2694.35075364589!2d18.932566376661526!3d47.52203389381314!2m3!1f0!2f0!3f0!3m2!1i1024!2i768!4f13.1!3m3!1m2!1s0x4741df43245e1c9d%3A0x554572dd87e51fdc!2sBudapest%2C%20Szanat%C3%B3rium%20u.%2019%2C%201121!5e0!3m2!1sen!2shu!4v1736173630008!5m2!1sen!2shu\" width=\"100%\" height=\"350\"><span data-mce-type=\"bookmark\" style=\"width: 0px;overflow: hidden;line-height: 0\" class=\"mce_SELRES_start\">\ufeff<\/span><\/iframe><\/p>\n","protected":false},"excerpt":{"rendered":"<p>Pszichoszomatikus \u00e9s Pszichoter\u00e1pi\u00e1s Rehabilit\u00e1ci\u00f3s Oszt\u00e1ly \u2013 T\u00fcnd\u00e9rhegy Semmelweis Egyetem, Rehabilit\u00e1ci\u00f3s Klinika A <a href=\"https:\/\/semmelweis.hu\/rehabilitaciosklinika\/\" target=\"_blank\" rel=\"noopener\">Semmelweis Egyetem Rehabilit\u00e1ci\u00f3s Klinik\u00e1ja <\/a> az 1975 \u00f3ta m\u0171k\u00f6d\u00f6tt Orsz\u00e1gos Orvosi Rehabilit\u00e1ci\u00f3s Int\u00e9zet (OORI) jogut\u00f3dja.\u00a0 C\u00edm 1121 Budapest, Szanat\u00f3rium u. 19. Helyileg a SE Rehabilit\u00e1ci\u00f3s Klinika (kor\u00e1bban OORI) ter\u00fclet\u00e9n tal\u00e1lhat\u00f3 Budakeszi \u00e9s Budapest hat\u00e1r\u00e1n, a Budakeszi Vadaspark mellett. Maga az oszt\u00e1ly egy ker\u00edt\u00e9ssel lehat\u00e1rolt parkr\u00e9szen 3 pavilonb\u00f3l (T1, &hellip;<\/p>\n","protected":false},"author":12,"featured_media":0,"parent":0,"menu_order":8,"comment_status":"closed","ping_status":"closed","template":"","meta":{"_acf_changed":false,"footnotes":""},"categories":[],"tags":[],"class_list":["post-16","page","type-page","status-publish","hentry"],"acf":[],"_links":{"self":[{"href":"https:\/\/semmelweis.hu\/tunderhegy\/wp-json\/wp\/v2\/pages\/16","targetHints":{"allow":["GET"]}}],"collection":[{"href":"https:\/\/semmelweis.hu\/tunderhegy\/wp-json\/wp\/v2\/pages"}],"about":[{"href":"https:\/\/semmelweis.hu\/tunderhegy\/wp-json\/wp\/v2\/types\/page"}],"author":[{"embeddable":true,"href":"https:\/\/semmelweis.hu\/tunderhegy\/wp-json\/wp\/v2\/users\/12"}],"replies":[{"embeddable":true,"href":"https:\/\/semmelweis.hu\/tunderhegy\/wp-json\/wp\/v2\/comments?post=16"}],"version-history":[{"count":10,"href":"https:\/\/semmelweis.hu\/tunderhegy\/wp-json\/wp\/v2\/pages\/16\/revisions"}],"predecessor-version":[{"id":480,"href":"https:\/\/semmelweis.hu\/tunderhegy\/wp-json\/wp\/v2\/pages\/16\/revisions\/480"}],"wp:attachment":[{"href":"https:\/\/semmelweis.hu\/tunderhegy\/wp-json\/wp\/v2\/media?parent=16"}],"wp:term":[{"taxonomy":"category","embeddable":true,"href":"https:\/\/semmelweis.hu\/tunderhegy\/wp-json\/wp\/v2\/categories?post=16"},{"taxonomy":"post_tag","embeddable":true,"href":"https:\/\/semmelweis.hu\/tunderhegy\/wp-json\/wp\/v2\/tags?post=16"}],"curies":[{"name":"wp","href":"https:\/\/api.w.org\/{rel}","templated":true}]}}