{"id":9,"date":"2024-10-17T11:16:19","date_gmt":"2024-10-17T09:16:19","guid":{"rendered":"https:\/\/semmelweis.hu\/tumorimmune\/?page_id=9"},"modified":"2026-03-26T09:25:08","modified_gmt":"2026-03-26T08:25:08","slug":"elerhetoseg","status":"publish","type":"page","link":"https:\/\/semmelweis.hu\/tumorimmune\/elerhetoseg\/","title":{"rendered":"El\u00e9rhet\u0151s\u00e9g"},"content":{"rendered":"<h2 id=\"site-title\">Immunol\u00f3giai \u00e9s Tumor-mikrok\u00f6rnyezet Csoport<\/h2>\n<h3><a href=\"http:\/\/www.semmelweis.hu\/anatomia\">Anat\u00f3miai, Sz\u00f6vet- \u00e9s Fejl\u0151d\u00e9stani Int\u00e9zet<\/a><br \/>\nSemmelweis Egyetem<\/h3>\n<p><strong>C\u00edm:<\/strong>\u00a0Budapest, IX. T\u0171zolt\u00f3 u. 58.<br \/>\n<strong>Postac\u00edm:<\/strong>\u00a01085 Budapest, \u00dcll\u0151i \u00fat 26.;<br \/>\n1428 Budapest, Pf.2.<\/p>\n<p><strong>Tel.:<\/strong>\u00a0(36-1) 459-1500 \/ 53600<br \/>\n<strong>Fax:<\/strong>\u00a0(36-1) 215-51-58<\/p>\n<p><a href=\"https:\/\/maps.app.goo.gl\/hGMLAhJQEZmVfBeD7\" target=\"_blank\" rel=\"noopener\">T\u00e9rk\u00e9p \u2192<\/a><\/p>\n<p>&nbsp;<\/p>\n","protected":false},"excerpt":{"rendered":"<p>Immunol\u00f3giai \u00e9s Tumor-mikrok\u00f6rnyezet Csoport<br \/>\n<a href=\"http:\/\/www.semmelweis.hu\/anatomia\">Anat\u00f3miai, Sz\u00f6vet- \u00e9s Fejl\u0151d\u00e9stani Int\u00e9zet<\/a><br \/>\nSemmelweis Egyetem<br \/>\nC\u00edm:\u00a0Budapest, IX. T\u0171zolt\u00f3 u. 58.<br \/>\nPostac\u00edm:\u00a01085 Budapest, \u00dcll\u0151i \u00fat 26.;<br \/>\n1428 Budapest, Pf.2.<br \/>\nTel.:\u00a0(36-1) 459-1500 \/ 53600<br \/>\nFax:\u00a0(36-1) 215-51-58<br \/>\n<a href=\"https:\/\/maps.app.goo.gl\/hGMLAhJQEZmVfBeD7\" target=\"_blank\" rel=\"noopener\">T\u00e9rk\u00e9p \u2192<\/a><br \/>\n&nbsp;<\/p>\n","protected":false},"author":12,"featured_media":0,"parent":0,"menu_order":8,"comment_status":"closed","ping_status":"closed","template":"","meta":{"_acf_changed":false,"footnotes":""},"categories":[],"tags":[],"class_list":["post-9","page","type-page","status-publish","hentry"],"acf":[],"_links":{"self":[{"href":"https:\/\/semmelweis.hu\/tumorimmune\/wp-json\/wp\/v2\/pages\/9","targetHints":{"allow":["GET"]}}],"collection":[{"href":"https:\/\/semmelweis.hu\/tumorimmune\/wp-json\/wp\/v2\/pages"}],"about":[{"href":"https:\/\/semmelweis.hu\/tumorimmune\/wp-json\/wp\/v2\/types\/page"}],"author":[{"embeddable":true,"href":"https:\/\/semmelweis.hu\/tumorimmune\/wp-json\/wp\/v2\/users\/12"}],"replies":[{"embeddable":true,"href":"https:\/\/semmelweis.hu\/tumorimmune\/wp-json\/wp\/v2\/comments?post=9"}],"version-history":[{"count":5,"href":"https:\/\/semmelweis.hu\/tumorimmune\/wp-json\/wp\/v2\/pages\/9\/revisions"}],"predecessor-version":[{"id":211,"href":"https:\/\/semmelweis.hu\/tumorimmune\/wp-json\/wp\/v2\/pages\/9\/revisions\/211"}],"wp:attachment":[{"href":"https:\/\/semmelweis.hu\/tumorimmune\/wp-json\/wp\/v2\/media?parent=9"}],"wp:term":[{"taxonomy":"category","embeddable":true,"href":"https:\/\/semmelweis.hu\/tumorimmune\/wp-json\/wp\/v2\/categories?post=9"},{"taxonomy":"post_tag","embeddable":true,"href":"https:\/\/semmelweis.hu\/tumorimmune\/wp-json\/wp\/v2\/tags?post=9"}],"curies":[{"name":"wp","href":"https:\/\/api.w.org\/{rel}","templated":true}]}}