{"id":48,"date":"2024-10-21T00:19:36","date_gmt":"2024-10-20T22:19:36","guid":{"rendered":"https:\/\/semmelweis.hu\/tumorimmune\/?page_id=48"},"modified":"2026-03-26T09:23:29","modified_gmt":"2026-03-26T08:23:29","slug":"tdk-temak","status":"publish","type":"page","link":"https:\/\/semmelweis.hu\/tumorimmune\/tdk-temak\/","title":{"rendered":"TDK \/ PhD"},"content":{"rendered":"<h2>TDK T\u00e9m\u00e1k<\/h2>\n<h4><span style=\"font-size: 18pt;\"><i><span style=\"font-weight: 400;\">Dr. D\u00f3ra D\u00e1vid TDK t\u00e9m\u00e1i az Anat\u00f3miai Int\u00e9zet Immunol\u00f3giai \u00e9s Tumor-mikrok\u00f6rnyezet Csoportj\u00e1ban:\u00a0<\/span><\/i><\/span><\/h4>\n<ul>\n<li>\n<p><span style=\"font-size: 18pt;\"><strong>\u00daj molekul\u00e1ris t\u00e1mad\u00e1spontok keres\u00e9se in situ \u00e9s multiplexing m\u00f3dszerekkel t\u00fcd\u0151r\u00e1kban<\/strong><\/span><\/p>\n<\/li>\n<li>\n<p><span style=\"font-size: 18pt;\"><strong>Mikrobi\u00e1lis \u00e1gensek T-sejt \u00e9s makrof\u00e1g aktiv\u00e1ci\u00f3ra kifejtett hat\u00e1s\u00e1nak vizsg\u00e1lata in vitro modelleken<\/strong><\/span><\/p>\n<\/li>\n<li>\n<p><span style=\"font-size: 18pt;\"><strong>Klinikai korrel\u00e1ci\u00f3k anal\u00edzise t\u00fcd\u0151r\u00e1kos betegek immunter\u00e1pi\u00e1s v\u00e1lasza \u00e9s a b\u00e9lfl\u00f3ra \u00f6sszet\u00e9tele k\u00f6z\u00f6tt<\/strong><\/span><\/p>\n<\/li>\n<\/ul>\n<h4><span style=\"font-size: 18pt;\"><i><span style=\"font-weight: 400;\">Dr. D\u00f3ra D\u00e1vid TDK t\u00e9m\u00e1i az Anat\u00f3miai Int\u00e9zet \u0150ssejt \u00e9s K\u00eds\u00e9rletes Embriol\u00f3gia Laborat\u00f3riumban:\u00a0<\/span><\/i><\/span><\/h4>\n<ul>\n<li>\n<p><span style=\"font-size: 18pt;\"><strong>Neuroimmunol\u00f3giai kapcsolatok a b\u00e9lben: a b\u00e9lidegrendszer-makrof\u00e1g kapcsolat ultrastrukt\u00far\u00e1ja \u00e9s funkcion\u00e1lis jellemz\u00e9se fiziol\u00f3gi\u00e1s \u00e9s patol\u00f3gi\u00e1s \u00e1llapotokban<\/strong><\/span><\/p>\n<\/li>\n<li>\n<p><span style=\"font-size: 18pt;\"><strong>Az extracellul\u00e1ris m\u00e1trix szerep\u00e9nek vizsg\u00e1lat akut \u00e9s kr\u00f3nikus eg\u00e9r colitis modellekben<\/strong><\/span><\/p>\n<\/li>\n<li>\n<p><span style=\"font-weight: 400; font-size: 18pt;\"><strong>Az antibiotikum kezel\u00e9s hat\u00e1sa a myenterikus plexus barrierre \u00e9s az enter\u00e1lis idegrendszerre k\u00eds\u00e9rletes eg\u00e9r modelleken<\/strong><\/span><\/p>\n<\/li>\n<\/ul>\n<hr \/>\n<h2>Akkredit\u00e1lt PhD t\u00e9m\u00e1k:<\/h2>\n<ul>\n<li>\n<p><span style=\"font-size: 18pt;\"><strong>A gastrointestinalis rendszer neuroimmunol\u00f3gi\u00e1ja: az embryo-t\u00f3l a klinikumig<\/strong><\/span><\/p>\n<\/li>\n<li>\n<p><strong><span style=\"font-size: 18pt;\">A b\u00e9l mikrobiom \u00e9s a tumor immun mikrok\u00f6rnyezet\u00e9nek kapcsolata a transzl\u00e1ci\u00f3s orvostudom\u00e1nyban<\/span><\/strong><\/p>\n<\/li>\n<\/ul>\n<p><span style=\"font-size: 18pt;\"><i><span style=\"font-weight: 400;\">Molekul\u00e1ris Orvostudom\u00e1nyok Doktori Iskola<br \/>\n<\/span><\/i><\/span><span style=\"font-size: 18pt;\"><i><span style=\"font-weight: 400;\">Embriol\u00f3gia, elm\u00e9leti, k\u00eds\u00e9rletes \u00e9s klinikai fejl\u0151d\u00e9sbiol\u00f3gia program<\/span><\/i><\/span><\/p>\n<p><img loading=\"lazy\" decoding=\"async\" class=\"size-full wp-image-84 aligncenter\" src=\"https:\/\/semmelweis.hu\/tumorimmune\/files\/2024\/11\/DALL\u00b7E-2024-11-18-22.06.06-An-abstract-and-simplified-scientific-schematic-of-a-tumor-organoid-co-cultured-with-immune-cells-and-bacteria.-The-organoid-is-represented-as-a-centr-1.jpg\" alt=\"\" width=\"1490\" height=\"426\" srcset=\"https:\/\/semmelweis.hu\/tumorimmune\/files\/2024\/11\/DALL\u00b7E-2024-11-18-22.06.06-An-abstract-and-simplified-scientific-schematic-of-a-tumor-organoid-co-cultured-with-immune-cells-and-bacteria.-The-organoid-is-represented-as-a-centr-1.jpg 1490w, https:\/\/semmelweis.hu\/tumorimmune\/files\/2024\/11\/DALL\u00b7E-2024-11-18-22.06.06-An-abstract-and-simplified-scientific-schematic-of-a-tumor-organoid-co-cultured-with-immune-cells-and-bacteria.-The-organoid-is-represented-as-a-centr-1-400x114.jpg 400w, https:\/\/semmelweis.hu\/tumorimmune\/files\/2024\/11\/DALL\u00b7E-2024-11-18-22.06.06-An-abstract-and-simplified-scientific-schematic-of-a-tumor-organoid-co-cultured-with-immune-cells-and-bacteria.-The-organoid-is-represented-as-a-centr-1-1024x293.jpg 1024w, https:\/\/semmelweis.hu\/tumorimmune\/files\/2024\/11\/DALL\u00b7E-2024-11-18-22.06.06-An-abstract-and-simplified-scientific-schematic-of-a-tumor-organoid-co-cultured-with-immune-cells-and-bacteria.-The-organoid-is-represented-as-a-centr-1-768x220.jpg 768w, https:\/\/semmelweis.hu\/tumorimmune\/files\/2024\/11\/DALL\u00b7E-2024-11-18-22.06.06-An-abstract-and-simplified-scientific-schematic-of-a-tumor-organoid-co-cultured-with-immune-cells-and-bacteria.-The-organoid-is-represented-as-a-centr-1-753x215.jpg 753w\" sizes=\"auto, (max-width: 1490px) 100vw, 1490px\" \/><\/p>\n","protected":false},"excerpt":{"rendered":"<p>TDK T\u00e9m\u00e1k Dr. D\u00f3ra D\u00e1vid TDK t\u00e9m\u00e1i az Anat\u00f3miai Int\u00e9zet Immunol\u00f3giai \u00e9s Tumor-mikrok\u00f6rnyezet Csoportj\u00e1ban:\u00a0 \u00daj molekul\u00e1ris t\u00e1mad\u00e1spontok keres\u00e9se in situ \u00e9s multiplexing m\u00f3dszerekkel t\u00fcd\u0151r\u00e1kban Mikrobi\u00e1lis \u00e1gensek T-sejt \u00e9s makrof\u00e1g aktiv\u00e1ci\u00f3ra kifejtett hat\u00e1s\u00e1nak vizsg\u00e1lata in vitro modelleken Klinikai korrel\u00e1ci\u00f3k anal\u00edzise t\u00fcd\u0151r\u00e1kos betegek immunter\u00e1pi\u00e1s v\u00e1lasza \u00e9s a b\u00e9lfl\u00f3ra \u00f6sszet\u00e9tele k\u00f6z\u00f6tt Dr. D\u00f3ra D\u00e1vid TDK t\u00e9m\u00e1i az Anat\u00f3miai &hellip;<\/p>\n","protected":false},"author":101680,"featured_media":0,"parent":0,"menu_order":0,"comment_status":"closed","ping_status":"closed","template":"","meta":{"_acf_changed":false,"footnotes":""},"categories":[],"tags":[],"class_list":["post-48","page","type-page","status-publish","hentry"],"acf":[],"_links":{"self":[{"href":"https:\/\/semmelweis.hu\/tumorimmune\/wp-json\/wp\/v2\/pages\/48","targetHints":{"allow":["GET"]}}],"collection":[{"href":"https:\/\/semmelweis.hu\/tumorimmune\/wp-json\/wp\/v2\/pages"}],"about":[{"href":"https:\/\/semmelweis.hu\/tumorimmune\/wp-json\/wp\/v2\/types\/page"}],"author":[{"embeddable":true,"href":"https:\/\/semmelweis.hu\/tumorimmune\/wp-json\/wp\/v2\/users\/101680"}],"replies":[{"embeddable":true,"href":"https:\/\/semmelweis.hu\/tumorimmune\/wp-json\/wp\/v2\/comments?post=48"}],"version-history":[{"count":10,"href":"https:\/\/semmelweis.hu\/tumorimmune\/wp-json\/wp\/v2\/pages\/48\/revisions"}],"predecessor-version":[{"id":209,"href":"https:\/\/semmelweis.hu\/tumorimmune\/wp-json\/wp\/v2\/pages\/48\/revisions\/209"}],"wp:attachment":[{"href":"https:\/\/semmelweis.hu\/tumorimmune\/wp-json\/wp\/v2\/media?parent=48"}],"wp:term":[{"taxonomy":"category","embeddable":true,"href":"https:\/\/semmelweis.hu\/tumorimmune\/wp-json\/wp\/v2\/categories?post=48"},{"taxonomy":"post_tag","embeddable":true,"href":"https:\/\/semmelweis.hu\/tumorimmune\/wp-json\/wp\/v2\/tags?post=48"}],"curies":[{"name":"wp","href":"https:\/\/api.w.org\/{rel}","templated":true}]}}