{"id":123,"date":"2026-03-03T14:34:19","date_gmt":"2026-03-03T13:34:19","guid":{"rendered":"https:\/\/semmelweis.hu\/tumorimmune\/?page_id=123"},"modified":"2026-03-26T09:15:16","modified_gmt":"2026-03-26T08:15:16","slug":"a-kutatocsoport-tagjai","status":"publish","type":"page","link":"https:\/\/semmelweis.hu\/tumorimmune\/a-kutatocsoport-tagjai\/","title":{"rendered":"A kutat\u00f3csoport tagjai"},"content":{"rendered":"<p><img loading=\"lazy\" decoding=\"async\" class=\"wp-image-23666 alignright\" src=\"https:\/\/semmelweis.hu\/anatomia\/files\/2019\/09\/foto-D%C3%B3ra-D%C3%A1vid.jpg\" alt=\"\" width=\"240\" height=\"240\" \/><\/p>\n<h2>LABORVEZET\u0150<\/h2>\n<h4><span style=\"font-family: Montserrat;\"><strong>Dr. D\u00f3ra D\u00e1vid, Ph.D.<\/strong><\/span><\/h4>\n<h4>egyetemi adjunktus<\/h4>\n<h4><a href=\"mailto:dora.david@semmelweis.hu\">dora.david@semmelweis.hu<\/a><\/h4>\n<hr style=\"background-color: white; height: 1px; border: 0;\" \/>\n<div class=\"exp-col-content-holder\"><a class=\"expand-cnt-link\" href=\"#\">Dr. D\u00f3ra D\u00e1vid CV<\/a><\/p>\n<div class=\"hidden-content\">\n<h3>Tanulm\u00e1nyok:<\/h3>\n<p>2006 \u2013 2012 \u00a0\u00a0\u00a0\u00a0\u00a0 MD Semmelweis Egyetem, \u00c1ltal\u00e1nos Orvostudom\u00e1nyi kar, Budapest, Magyarorsz\u00e1g<\/p>\n<p>2012\u2013 2018 \u00a0\u00a0\u00a0\u00a0\u00a0\u00a0 doktorandusz hallgat\u00f3, Semmelweis Egyetem, Molekul\u00e1ris Orvostudom\u00e1nyok Doktori Iskola<\/p>\n<p>2018\u00a0 \u00a0 \u00a0 \u00a0 \u00a0 \u00a0 \u00a0 \u00a0 \u00a0 \u00a0PhD, Semmelweis Egyetem<\/p>\n<h3>Oktat\u00e1si tev\u00e9kenys\u00e9g:<\/h3>\n<p>2012 \u2013 \u00a0\u00a0\u00a0\u00a0\u00a0\u00a0\u00a0\u00a0\u00a0\u00a0\u00a0\u00a0\u00a0\u00a0\u00a0\u00a0 Anat\u00f3mia, Sz\u00f6vet- \u00e9s Fejl\u0151d\u00e9stan (2019-t\u0151l Makroszk\u00f3pos \u00e9s Mikroszk\u00f3pos Anat\u00f3mia) oktat\u00e1sa orvostanhallgat\u00f3k sz\u00e1m\u00e1ra magyar \u00e9s angol nyelven<\/p>\n<p>2017 \u2013\u00a0 \u00a0 \u00a0 \u00a0 \u00a0 \u00a0 \u00a0 \u00a0 \u00a0 Anat\u00f3mia, Sz\u00f6vet- \u00e9s Fejl\u0151d\u00e9stan tantermi el\u0151ad\u00e1sok tart\u00e1sa orvostanhallgat\u00f3knak<\/p>\n<p>2022 &#8211;\u00a0 \u00a0 \u00a0 \u00a0 \u00a0 \u00a0 \u00a0 \u00a0 \u00a0 R\u00e9szv\u00e9tel a &#8222;Translational and therapeutic aspects of the tumor microenvironment and the microbiome&#8221; PhD kurzus szervez\u00e9s\u00e9ben \u00e9s tart\u00e1s\u00e1ban\u00a0\u00a0<\/p>\n<h3>Kutat\u00e1si tev\u00e9kenys\u00e9g:<\/h3>\n<p>Dr. David Dora egyetemi adjunktus a Semmelweis Egyetemen, az Anat\u00f3miai, Sz\u00f6vettani- \u00e9s Embriol\u00f3gia Int\u00e9zetben v\u00e9gzi kutat\u00e1sait.<\/p>\n<ul>\n<li>Colitis sor\u00e1n v\u00e9gbemen\u0151 muscularis ECM-remodelling \u00e9s neuroinflamm\u00e1ci\u00f3 vizsg\u00e1lata eg\u00e9r modellen \u00e9s hum\u00e1n biopszi\u00e1kon<\/li>\n<li>Predikt\u00edv markerek \u00e9s potenci\u00e1lis molekul\u00e1ris t\u00e1mad\u00e1spontok vizsg\u00e1lata kissejtes- (SCLC) \u00e9s nem-kissejtes (NSCLC) t\u00fcd\u0151r\u00e1kban &#8211; az immun-mikrok\u00f6rnyezet in situ vizsg\u00e1lata t\u00fcd\u0151r\u00e1kos betegek tumor mint\u00e1in<\/li>\n<li>A b\u00e9l mikrobiom szerepe az anti-tumor immunit\u00e1sban \u00e9s a t\u00fcd\u0151r\u00e1k immunoter\u00e1pi\u00e1j\u00e1ban<\/li>\n<\/ul>\n<p><strong>Haszn\u00e1lt technik\u00e1k:<\/strong> rutin sz\u00f6vettan; immunhisztok\u00e9mia \u00e9s fluoreszcens immuncitok\u00e9mia fagyasztott \u00e9s paraffinos metszeteken, illetve sejtteny\u00e9szetejen; RNAscope, RNAscope-immunfluoreszcencia multiplexing; DSS-colitis eg\u00e9rmodell \u00e9s fluoreszcens tracer molekul\u00e1k alkalmaz\u00e1sa; qPCR, konfok\u00e1lis \u00e9s szuper-rezol\u00faci\u00f3s (STED) k\u00e9palkot\u00e1s, sz\u00e1m\u00edt\u00f3g\u00e9pes k\u00e9panal\u00edzis \u00e9s morfometria, RNS expresszi\u00f3- \u00e9s pathway anal\u00edzis, metagenom \u00e9s metatranszkriptom anal\u00edzis, bioinformatika, t\u00e9rbeli biol\u00f3giai (spatial biology) technik\u00e1k.<\/p>\n<\/div>\n<\/div>\n<h2>PHD HALLGAT\u00d3K:<\/h2>\n<h4><img loading=\"lazy\" decoding=\"async\" class=\"alignright wp-image-177 \" src=\"https:\/\/semmelweis.hu\/tumorimmune\/files\/2026\/03\/Mogor_fruzsina_picture-346x400.jpg\" alt=\"\" width=\"240\" height=\"277\" srcset=\"https:\/\/semmelweis.hu\/tumorimmune\/files\/2026\/03\/Mogor_fruzsina_picture-346x400.jpg 346w, https:\/\/semmelweis.hu\/tumorimmune\/files\/2026\/03\/Mogor_fruzsina_picture.jpg 680w\" sizes=\"auto, (max-width: 240px) 100vw, 240px\" \/><\/h4>\n<h4><span style=\"font-family: Montserrat;\"><strong><br \/>\nM\u00f3gor Fruzsina<\/strong><\/span><\/h4>\n<h4>PhD hallgat\u00f3<\/h4>\n<p><span style=\"font-family: Montserrat;\">Biol\u00f3gus<\/span><\/p>\n<hr style=\"background-color: white; height: 1px; border: 0;\" \/>\n<div class=\"exp-col-content-holder\"><a class=\"expand-cnt-link\" href=\"#\">M\u00f3gor Fruzsina CV<\/a><\/p>\n<div class=\"hidden-content\">\n<p class=\"hiddenContentp\"><span style=\"font-size: 18pt;\"><strong>Tanulm\u00e1nyok<\/strong><\/span><\/p>\n<p class=\"hiddenContentp\">2021 \u2013\u00a0 \u00a0 \u00a0 \u00a0 \u00a0 \u00a0 \u00a0 \u00a0PhD hallgat\u00f3, Semmelweis Egyetem, Molekul\u00e1ris Orvostudom\u00e1nyok Doktori Iskola. T<span style=\"font-weight: 400;\">\u00e9mavezet\u0151: Dr. D\u00f3ra D\u00e1vid<\/span><br \/>\n2017 \u2013 2020\u00a0 \u00a0 \u00a0 Biol\u00f3gus MSc, Idegtudom\u00e1ny \u00e9s hum\u00e1nbiol\u00f3gia szakir\u00e1ny, E\u00f6tv\u00f6s Lor\u00e1nd Tudom\u00e1nyegyetem (ELTE), Term\u00e9szettudom\u00e1nyi kar (TTK)<br \/>\n2018 \u2013 2019\u00a0 \u00a0 \u00a0 Egy \u00e9ves kieg\u00e9sz\u00edt\u0151 informatikai k\u00e9pz\u00e9s, ELTE Informatikai kar<br \/>\n2014 \u2013 2017\u00a0 \u00a0 \u00a0 Biol\u00f3gia BSc, ELTE TTK<\/p>\n<p><strong><span style=\"font-size: 18pt;\">Munkatapasztalat<\/span><\/strong><\/p>\n<p><span style=\"font-weight: 400;\">2019 \u2013 2020<\/span>\u00a0 \u00a0 \u00a0E<span style=\"font-weight: 400;\">mbriol\u00f3gus asszisztens, <\/span><span style=\"font-weight: 400;\">Semmelweis Egyetem, Assziszt\u00e1lt Reprodukci\u00f3s Centrum<\/span><\/p>\n<p><span style=\"font-weight: 400;\">2019 \u2013 2020<\/span>\u00a0 \u00a0 \u00a0B<span style=\"font-weight: 400;\">iol\u00f3gus (bioinformatikai kutat\u00f3munka, j\u00e1rv\u00e1nytan), <\/span><span style=\"font-weight: 400;\">ELTE TTK Biol\u00f3gia Int\u00e9zet, <\/span><span style=\"font-weight: 400;\">csoportvezet\u0151: Dr. M\u00fcller Viktor<\/span><\/p>\n<p><span style=\"font-weight: 400;\">2015 \u2013 2019<\/span>\u00a0 \u00a0 \u00a0<span style=\"font-weight: 400;\">TDK hallgat\u00f3 majd biol\u00f3gus (k\u00eds\u00e9rletes kutat\u00f3munka, idegtudom\u00e1ny), <\/span><span style=\"font-weight: 400;\">HUN-REN K\u00eds\u00e9rleti Orvostudom\u00e1nyi Kutat\u00f3int\u00e9zet, <\/span><span style=\"font-weight: 400;\">Molekul\u00e1ris Neurobiol\u00f3gia csoport, <\/span><span style=\"font-weight: 400;\">csoportvezet\u0151: Dr. Katona Istv\u00e1n<\/span><\/p>\n<p><span style=\"font-weight: 400;\">2014 \u2013 2015<\/span>\u00a0 \u00a0 \u00a0<span style=\"font-weight: 400;\">TDK hallgat\u00f3 (k\u00eds\u00e9rletes kutat\u00f3munka, idegtudom\u00e1ny), <\/span><span style=\"font-weight: 400;\">HUN-REN K\u00eds\u00e9rleti Orvostudom\u00e1nyi Kutat\u00f3int\u00e9zet (HUN-REN KOKI), <\/span><span style=\"font-weight: 400;\">Sejt- \u00e9s fejl\u0151d\u00e9sbiol\u00f3gia csoport, <\/span><span style=\"font-weight: 400;\">csoportvezet\u0151: Dr. Madar\u00e1sz Em\u00edlia<\/span><\/p>\n<p><span style=\"font-size: 18pt;\"><strong>D\u00edjak \u00e9s \u00f6szt\u00f6nd\u00edjak<\/strong><\/span><\/p>\n<p><span style=\"font-weight: 400;\">2024<\/span> <span style=\"font-weight: 400;\">Semmelweis Symposium \u2013 Best Poster Award<\/span><\/p>\n<p><span style=\"font-weight: 400;\">2024<\/span> <span style=\"font-weight: 400;\">Egyetemi Kutat\u00f3i \u00d6sztond\u00edj P\u00e1ly\u00e1zat (EK\u00d6P) Doktori II. kateg\u00f3ria 12 h\u00f3nap<\/span><\/p>\n<p><span style=\"font-weight: 400;\">2025<\/span> <span style=\"font-weight: 400;\">Egyetemi Kutat\u00f3i \u00d6sztond\u00edj P\u00e1ly\u00e1zat (EK\u00d6P) Doktori II. kateg\u00f3ria 12 h\u00f3nap<\/span><\/p>\n<p><span style=\"font-weight: 400;\">2025<\/span> <span style=\"font-weight: 400;\">Semmelweis 250 \u00d6szt\u00f6nd\u00edj<\/span><\/p>\n<p><strong><span style=\"font-size: 18pt;\">Haszn\u00e1lt technik\u00e1k<\/span><\/strong><\/p>\n<ul>\n<li><span style=\"font-weight: 400;\">Egysejt (single-cell) RNS szekvencia anal\u00edzis R k\u00f6rnyezetben (Seurat programcsomag): CellChat pcs.: sejt-sejt interakci\u00f3k felder\u00edt\u00e9s\u00e9re; clusterProfiler.: Kegg anal\u00edzis, GO; Vizualiz\u00e1ci\u00f3k: ggplot2, enrichplot, EnhancedVolcano, cowplot<\/span><\/li>\n<li><i><span style=\"font-weight: 400;\">In vitro <\/span><\/i><span style=\"font-weight: 400;\">m\u00f3dszerek<\/span><span style=\"font-weight: 400;\">: Eml\u0151s sejtek teny\u00e9szt\u00e9se; Transzfekci\u00f3 (lipofekci\u00f3); mRNS izol\u00e1l\u00e1s<\/span><\/li>\n<li><em>In situ<\/em> m\u00f3dszerek, rutin hisztol\u00f3gia: <span style=\"font-weight: 400;\">Perf\u00fazi\u00f3, free-floating metsz\u00e9s, cryo-metsz\u00e9s, Immuncitok\u00e9mia, Immunfluoreszcencia, RNAscope<\/span><\/li>\n<li><span style=\"font-weight: 400;\">Molekul\u00e1ris m\u00f3dszerek: qPCR, DNS kl\u00f3noz\u00e1s, In situ hibridiz\u00e1ci\u00f3<\/span><\/li>\n<li><span style=\"font-weight: 400;\">Mikroszk\u00f3pos j\u00e1rtass\u00e1g: F\u00e9nymikroszk\u00f3pia; Konfok\u00e1lis mikroszk\u00f3pia; Szuperrezol\u00faci\u00f3s mikroszk\u00f3pia (STORM \u00e9s STED); Mikroszk\u00f3pos k\u00e9pek anal\u00edzise: ImageJ<\/span><\/li>\n<\/ul>\n<p><strong><span style=\"font-size: 18pt;\">Tudom\u00e1nyos Publik\u00e1ci\u00f3k<\/span><\/strong><\/p>\n<p><span style=\"font-weight: 400;\">So\u00f3s \u00c1., Sz\u0151cs E., Halasy V., Gecse Zs., <\/span><span style=\"font-weight: 400;\"><strong>M\u00f3gor F<\/strong>.,<\/span><span style=\"font-weight: 400;\"> Jurenka Cs., Kocsis K., Mucksov\u00e1 J., Hejnar J., Nagy N.; Cecal growth factors promote enteric neurosphere formation and hindgut colonization in the avian model. <\/span><i><span style=\"font-weight: 400;\">Front Cell Dev Biol. <\/span><\/i><span style=\"font-weight: 400;\">18:13:1681844.. (2025) <\/span><a href=\"https:\/\/doi.org\/10.3389\/fcell.2025.1681844\"><span style=\"font-weight: 400;\">https:\/\/doi.org\/10.3389\/fcell.2025.1681844<\/span><\/a><\/p>\n<p><span style=\"font-weight: 400;\">Dora D., Sz\u0151cs E., So\u00f3s \u00c1., Halasy V., Somodi Cs., Mihucz A., Rost\u00e1s M., <\/span><span style=\"font-weight: 400;\"><strong>M\u00f3gor F<\/strong>.<\/span><span style=\"font-weight: 400;\">, Lohinai Z., Nagy N.; From bench to bedside: an interdisciplinary journey through the gut-lung axis with insights into lung cancer and immunotherapy. <\/span><i><span style=\"font-weight: 400;\">Front Immunol.<\/span><\/i><span style=\"font-weight: 400;\"> 5;15:1434804. (2024) <\/span><a href=\"https:\/\/doi.org\/10.3389\/fimmu.2024.1434804\"><span style=\"font-weight: 400;\">https:\/\/doi.org\/10.3389\/fimmu.2024.1434804<\/span><\/a><\/p>\n<p><span style=\"font-weight: 400;\">Ferenczi, Sz.; <\/span><span style=\"font-weight: 400;\"><strong>Mogor, F<\/strong>.<\/span><span style=\"font-weight: 400;\"> ; Takacs, P. ; Kovacs, T. ; Toth, V. E. ; Varga, Z.V. ; Kov\u00e1cs, K.; Lohinai, Z. ; Vass, K. C.; Nagy, N., <\/span><a href=\"https:\/\/www.nature.com\/articles\/s41598-023-50059-7#auth-David-Dora-Aff3\"><span style=\"font-weight: 400;\">Dora<\/span><\/a><span style=\"font-weight: 400;\"> D., Depletion of muscularis macrophages ameliorates inflammation-driven dysmotility in murine colitis mode.l <\/span><i><span style=\"font-weight: 400;\">Sci Rep <\/span><\/i><span style=\"font-weight: 400;\">13\u00a0:\u00a01\u00a0 22451 , 15 p.\u00a0(2023) <\/span><a href=\"https:\/\/doi.org\/10.1038\/s41598-023-50059-7\"><span style=\"font-weight: 400;\">https:\/\/doi.org\/10.1038\/s41598-023-50059-7<\/span><\/a><\/p>\n<p><span style=\"font-weight: 400;\"><strong>Mogor, F<\/strong>.<\/span><span style=\"font-weight: 400;\"> ; Kov\u00e1cs, T. ; Lohinai, Z. ; Dora, D, The Enteric Nervous System and the Microenvironment of the Gut: The Translational Aspects of the Microbiome-Gut-Brain Axis. <\/span><i><span style=\"font-weight: 400;\">Appl. Sci<\/span><\/i><i><span style=\"font-weight: 400;\">.<\/span><\/i><span style=\"font-weight: 400;\"> 11 : 24 12000 , 17p (2021) <\/span><a href=\"https:\/\/doi.org\/10.3390\/app112412000\"><span style=\"font-weight: 400;\">https:\/\/doi.org\/10.3390\/app112412000<\/span><\/a><\/p>\n<p><span style=\"font-weight: 400;\">L\u00e1szl\u00f3, Z.I., Lele, Z., Z\u00f6ldi, M., Micz\u00e1n, V., <\/span><span style=\"font-weight: 400;\"><strong>M\u00f3gor, F<\/strong>.<\/span><span style=\"font-weight: 400;\">, Simon, G.M., Mackie, K., Kacskovics, I., Cravatt, B.F., &amp; Katona, I.\u00a0ABHD4-dependent developmental anoikis safeguards the embryonic brain.\u00a0<\/span><i><span style=\"font-weight: 400;\">Nat Commun<\/span><\/i><span style=\"font-weight: 400;\">\u00a011,\u00a04363 (2020) <\/span><a href=\"https:\/\/doi.org\/10.1038\/s41467-020-18175-4\"><span style=\"font-weight: 400;\">https:\/\/doi.org\/10.1038\/s41467-020-18175-4<\/span><\/a><\/p>\n<p>&nbsp;<\/p>\n<\/div>\n<\/div>\n<p><img loading=\"lazy\" decoding=\"async\" class=\"alignright  wp-image-182\" src=\"https:\/\/semmelweis.hu\/tumorimmune\/files\/2026\/03\/rovidCV-kep-400x400.jpg\" alt=\"\" width=\"240\" height=\"240\" srcset=\"https:\/\/semmelweis.hu\/tumorimmune\/files\/2026\/03\/rovidCV-kep-400x400.jpg 400w, https:\/\/semmelweis.hu\/tumorimmune\/files\/2026\/03\/rovidCV-kep-150x150.jpg 150w, https:\/\/semmelweis.hu\/tumorimmune\/files\/2026\/03\/rovidCV-kep-768x770.jpg 768w, https:\/\/semmelweis.hu\/tumorimmune\/files\/2026\/03\/rovidCV-kep-753x755.jpg 753w, https:\/\/semmelweis.hu\/tumorimmune\/files\/2026\/03\/rovidCV-kep.jpg 900w\" sizes=\"auto, (max-width: 240px) 100vw, 240px\" \/><\/p>\n<h4><strong><br \/>\nRosk\u00f3 Brigitta<\/strong><\/h4>\n<h4>PhD hallgat\u00f3<\/h4>\n<p><span style=\"font-family: Montserrat;\">Biol\u00f3gus<\/span><\/p>\n<hr style=\"background-color: white; height: 1px; border: 0;\" \/>\n<div class=\"exp-col-content-holder\"><a class=\"expand-cnt-link\" href=\"#\">Rosk\u00f3 Brigitta CV<\/a><\/p>\n<div class=\"hidden-content\">\n<p class=\"hiddenContentp\"><span style=\"font-size: 18pt;\"><strong>Tanulm\u00e1nyok<\/strong><\/span><\/p>\n<p>2025 \u2013\u00a0 \u00a0 \u00a0 \u00a0 \u00a0 \u00a0 \u00a0 \u00a0PhD hallgat\u00f3, Semmelweis Egyetem, Molekul\u00e1ris Orvostudom\u00e1nyok Doktori Iskola. T<span style=\"font-weight: 400;\">\u00e9mavezet\u0151: Dr. D\u00f3ra D\u00e1vid<\/span><br \/>\n<span style=\"font-weight: 400;\">2020 \u2013 2023\u00a0 <\/span>\u00a0 \u00a0 Biol\u00f3gus MSc,<span style=\"font-weight: 400;\">\u00a0Molekul\u00e1ris, Immun- \u00e9s Mikrobiol\u00f3giai Szakir\u00e1ny, <\/span> E\u00f6tv\u00f6s Lor\u00e1nd Tudom\u00e1nyegyetem (ELTE), Term\u00e9szettudom\u00e1nyi kar (TTK)<br \/>\n2016 \u2013 2020\u00a0 \u00a0 \u00a0Biol\u00f3gia BSc, ELTE TTK<\/p>\n<p><strong><span style=\"font-size: 18pt;\">Munkatapasztalat<\/span><\/strong><\/p>\n<p>2024 \u2013 \u00a0 \u00a0 \u00a0 \u00a0 \u00a0 \u00a0 Biol\u00f3gus, Corden International \/Magyarorsz\u00e1g\/ Kft.<span style=\"font-weight: 400;\"> Budapest<\/span><\/p>\n<p>2023 \u2013 2024 \u00a0 \u00a0Junior kutat\u00f3-fejleszt\u0151 farmakol\u00f3gus, Richter Gedeon Nyrt.<span style=\"font-weight: 400;\">\u00a0Budapest<\/span><\/p>\n<p>2021 \u2013 2023\u00a0 \u00a0 Laborasszisztens, Medicare K\u00f3rh\u00e1z \u00e9s Fejlett Diagnosztikai K\u00f6zpont.<b><span style=\"font-weight: 400;\">\u00a0Budapest<\/span><\/b><\/p>\n<p><strong><span style=\"font-size: 18pt;\">Tudom\u00e1nyos Publik\u00e1ci\u00f3k<\/span><\/strong><\/p>\n<p><span style=\"font-weight: 400;\">Pa\u00e1l, \u00c1., Dora, D., Tak\u00e1cs, \u00c1., Rivard, C., Pickard, S. L., Hirsch, F. R., <\/span><b>Rosk\u00f3, B.<\/b><span style=\"font-weight: 400;\">, Kiraly, P., Ferdinandy, P., Varga, Z. V., Lohinai, Z., G\u00f6rbe, A., Roles of Annexin A1 Expression in Small Cell Lung Cancer., Cancers, 17, 9, 1407, 2025, <a href=\"https:\/\/doi.org\/10.3390\/cancers17091407\">https:\/\/doi.org\/10.3390\/cancers17091407<\/a>\u00a0<\/span><\/p>\n<p><span style=\"font-weight: 400;\">Dora, D., Revisnyei, P., Pasic, A., Galffy, G., Dulka, E., Mihucz, A., <\/span><b>Rosk\u00f3, B.<\/b><span style=\"font-weight: 400;\">, Szincsak, S., Iliuk, A., Weiss, G. J., Lohinai, Z., Host and Bacterial Urine Proteomics Might Predict Treatment Outcomes for Immunotherapy in Advanced Non-Small Cell Lung Cancer Patients., Frontiers in Immunology, 16, 1543817, 2025, <a href=\"https:\/\/doi.org\/10.3389\/fimmu.2025.1543817\">https:\/\/doi.org\/10.3389\/fimmu.2025.1543817<\/a>\u00a0<\/span><\/p>\n<\/div>\n<\/div>\n<h4><img loading=\"lazy\" decoding=\"async\" class=\"alignright wp-image-198 \" src=\"https:\/\/semmelweis.hu\/tumorimmune\/files\/2026\/03\/PRO_1842-22-400x400.jpg\" alt=\"\" width=\"240\" height=\"240\" srcset=\"https:\/\/semmelweis.hu\/tumorimmune\/files\/2026\/03\/PRO_1842-22-400x400.jpg 400w, https:\/\/semmelweis.hu\/tumorimmune\/files\/2026\/03\/PRO_1842-22-150x150.jpg 150w, https:\/\/semmelweis.hu\/tumorimmune\/files\/2026\/03\/PRO_1842-22.jpg 602w\" sizes=\"auto, (max-width: 240px) 100vw, 240px\" \/><\/h4>\n<h4><span style=\"font-family: Montserrat;\"><strong><br \/>\nEMAD BEN DAHMAN<\/strong><\/span><\/h4>\n<h4>PhD hallgat\u00f3<\/h4>\n<p><span style=\"font-family: Montserrat;\">Biol\u00f3gus<\/span><\/p>\n<hr style=\"background-color: white; height: 1px; border: 0;\" \/>\n<div class=\"exp-col-content-holder\"><a class=\"expand-cnt-link\" href=\"#\">Emad Ben Dahman CV<\/a><\/p>\n<div class=\"hidden-content\">\n<p class=\"hiddenContentp\"><strong><span style=\"font-size: 18pt;\">Tanulm\u00e1nyok <\/span><\/strong><\/p>\n<p class=\"hiddenContentp\">2025 \u2013\u00a0 \u00a0 \u00a0 \u00a0 \u00a0 \u00a0 \u00a0 \u00a0PhD hallgat\u00f3, Semmelweis Egyetem, Molekul\u00e1ris Orvostudom\u00e1nyok Doktori Iskola. T\u00e9mavezet\u0151: Dr. D\u00f3ra D\u00e1vid\u00a0<\/p>\n<p>2023 \u2013 2025\u00a0 \u00a0 \u00a0 Biol\u00f3gus MSc, Debreceni Egyetem<\/p>\n<p>2029 \u2013 2023\u00a0 \u00a0 \u00a0 BSc: Biomedical Science at University Putra Malaysia (UPM)\u00a0\u00a0<\/p>\n<p class=\"hiddenContentp\"><span style=\"font-size: 18pt;\"><strong>Munkatapasztalat <\/strong><\/span><\/p>\n<p class=\"hiddenContentp\">2024\u00a0 \u00a0 \u00a0 \u00a0 \u00a0 \u00a0 \u00a0 \u00a0 Trained at Al-Hajj Medical Labortories: at Biochemistry, Hematology, Parasitology<\/p>\n<p>2024\u00a0 \u00a0 \u00a0 \u00a0 \u00a0 \u00a0 \u00a0 \u00a0 Trained at\u00a0National Center of Public Health Laboratories in Yemen: at collection room, Hematology, Parasitology, and Molecular biology<\/p>\n<p>2022 \u2013 2023\u00a0 \u00a0 Trained at Genetics &amp; Regenerative Medicine Research Centre (GRMRC) in Malaysia\u00a0<\/p>\n<p>2020\u00a0 \u00a0 \u00a0 \u00a0 \u00a0 \u00a0 \u00a0 \u00a0 Trained at Oral Cancer research and Coordinating Center (ORCC) Faculty of Dentistry University of Malaya (UM): ELISA assay, molecular biology\u00a0techniques<\/p>\n<p class=\"hiddenContentp\"><strong><span style=\"font-size: 18pt;\">Haszn\u00e1lt technik\u00e1k<\/span><\/strong><\/p>\n<ul>\n<li class=\"hiddenContentp\"><em>In vitro <\/em>work, molecular biology techniques<em>:<\/em> Stem cell- and tissue culture, Gel electrophoresis, cDNA synthesis, PCR, Cell counting, Cytotoxic assays, Flow cytometer, ELISA assay<\/li>\n<li><em>In situ<\/em> techniques: Immunocytochemistry, Immunofluorescence, RNAscope<\/li>\n<li>Bulk RNAseq analysis and data processing, pathway analysis<\/li>\n<\/ul>\n<\/div>\n<\/div>\n<p>&nbsp;<\/p>\n","protected":false},"excerpt":{"rendered":"<p>LABORVEZET\u0150 Dr. D\u00f3ra D\u00e1vid, Ph.D. egyetemi adjunktus <a href=\"mailto:dora.david@semmelweis.hu\">dora.david@semmelweis.hu<\/a> <a class=\"expand-cnt-link\" href=\"#\">Dr. D\u00f3ra D\u00e1vid CV<\/a> Tanulm\u00e1nyok: 2006 \u2013 2012 \u00a0\u00a0\u00a0\u00a0\u00a0 MD Semmelweis Egyetem, \u00c1ltal\u00e1nos Orvostudom\u00e1nyi kar, Budapest, Magyarorsz\u00e1g 2012\u2013 2018 \u00a0\u00a0\u00a0\u00a0\u00a0\u00a0 doktorandusz hallgat\u00f3, Semmelweis Egyetem, Molekul\u00e1ris Orvostudom\u00e1nyok Doktori Iskola 2018\u00a0 \u00a0 \u00a0 \u00a0 \u00a0 \u00a0 \u00a0 \u00a0 \u00a0 \u00a0PhD, Semmelweis Egyetem Oktat\u00e1si tev\u00e9kenys\u00e9g: 2012 \u2013 \u00a0\u00a0\u00a0\u00a0\u00a0\u00a0\u00a0\u00a0\u00a0\u00a0\u00a0\u00a0\u00a0\u00a0\u00a0\u00a0 Anat\u00f3mia, Sz\u00f6vet- \u00e9s Fejl\u0151d\u00e9stan (2019-t\u0151l Makroszk\u00f3pos \u00e9s &hellip;<\/p>\n","protected":false},"author":101680,"featured_media":0,"parent":0,"menu_order":0,"comment_status":"closed","ping_status":"closed","template":"","meta":{"_acf_changed":false,"footnotes":""},"categories":[],"tags":[],"class_list":["post-123","page","type-page","status-publish","hentry"],"acf":[],"_links":{"self":[{"href":"https:\/\/semmelweis.hu\/tumorimmune\/wp-json\/wp\/v2\/pages\/123","targetHints":{"allow":["GET"]}}],"collection":[{"href":"https:\/\/semmelweis.hu\/tumorimmune\/wp-json\/wp\/v2\/pages"}],"about":[{"href":"https:\/\/semmelweis.hu\/tumorimmune\/wp-json\/wp\/v2\/types\/page"}],"author":[{"embeddable":true,"href":"https:\/\/semmelweis.hu\/tumorimmune\/wp-json\/wp\/v2\/users\/101680"}],"replies":[{"embeddable":true,"href":"https:\/\/semmelweis.hu\/tumorimmune\/wp-json\/wp\/v2\/comments?post=123"}],"version-history":[{"count":10,"href":"https:\/\/semmelweis.hu\/tumorimmune\/wp-json\/wp\/v2\/pages\/123\/revisions"}],"predecessor-version":[{"id":145,"href":"https:\/\/semmelweis.hu\/tumorimmune\/wp-json\/wp\/v2\/pages\/123\/revisions\/145"}],"wp:attachment":[{"href":"https:\/\/semmelweis.hu\/tumorimmune\/wp-json\/wp\/v2\/media?parent=123"}],"wp:term":[{"taxonomy":"category","embeddable":true,"href":"https:\/\/semmelweis.hu\/tumorimmune\/wp-json\/wp\/v2\/categories?post=123"},{"taxonomy":"post_tag","embeddable":true,"href":"https:\/\/semmelweis.hu\/tumorimmune\/wp-json\/wp\/v2\/tags?post=123"}],"curies":[{"name":"wp","href":"https:\/\/api.w.org\/{rel}","templated":true}]}}