{"id":9349,"date":"2022-06-29T13:52:52","date_gmt":"2022-06-29T11:52:52","guid":{"rendered":"https:\/\/semmelweis.hu\/innovacio\/?page_id=9349"},"modified":"2022-06-29T13:52:52","modified_gmt":"2022-06-29T11:52:52","slug":"dijazottak-2021","status":"publish","type":"page","link":"https:\/\/semmelweis.hu\/tudrh\/innovacios-dij\/dijazottak-2021\/","title":{"rendered":"D\u00edjazottak 2021"},"content":{"rendered":"<div class=\"kvgmc6g5 cxmmr5t8 oygrvhab hcukyx3x c1et5uql\" style=\"text-align: justify\">A gyorsan fejl\u0151d\u0151 eg\u00e9szs\u00e9g\u00fcgyiadat-digitaliz\u00e1ci\u00f3 \u00e1llt az idei Semmelweis Innov\u00e1ci\u00f3s Nap f\u00f3kusz\u00e1ban, amelyet dr. Ferdinandy P\u00e9ter tudom\u00e1nyos \u00e9s innov\u00e1ci\u00f3s rektorhelyettes nyitott meg. A szakmai el\u0151ad\u00e1sok ut\u00e1n \u00e1tadt\u00e1k az Innov\u00e1ci\u00f3s D\u00edjat, melyet h\u00e1rom kateg\u00f3ri\u00e1ban \u00f6ten vehettek \u00e1t. A d\u00edjazottak r\u00f6vid el\u0151ad\u00e1sban sz\u00e1moltak be kutat\u00e1saikr\u00f3l. <a href=\"https:\/\/semmelweis.hu\/hirek\/2021\/10\/25\/innovacios-nap-a-semmelweis-egyetemen\/\" target=\"_blank\" rel=\"noopener\">Tov\u00e1bb a cikkre \u2192<\/a><\/div>\n<div>\u00a0<\/div>\n<h4 style=\"text-align: left\"><strong>KUTAT\u00d3I KATEG\u00d3RIA D\u00cdJAZOTTAK<\/strong><\/h4>\n<p style=\"text-align: justify\">A leginnovat\u00edvabb kutat\u00f3munka kateg\u00f3ri\u00e1ban d\u00edjazt\u00e1k<strong> dr. Szebeni Be\u00e1t\u00e1t, dr. Pap Domonkost, dr. Vannay \u00c1d\u00e1mot \u00e9s dr. Veres-Sz\u00e9kely Apor<\/strong>t, az I. sz. Gyermekgy\u00f3gy\u00e1szati Klinika, ELKH-SE Gyermekgy\u00f3gy\u00e1szati \u00e9s Nephrol\u00f3giai Kutat\u00f3csoportj\u00e1nak kutat\u00f3it. \u201eSiker\u00fclt azonos\u00edtanunk egy preklinikai fejleszt\u00e9si f\u00e1zisban l\u00e9v\u0151, a PARK7 molekula m\u0171k\u00f6d\u00e9s\u00e9t befoly\u00e1sol\u00f3 hat\u00f3anyagot, amelynek a sz\u00e9les k\u00f6r\u0171 gyullad\u00e1sg\u00e1tl\u00f3, illetve hegesed\u00e9scs\u00f6kkent\u0151 hat\u00e1s\u00e1t els\u0151k\u00e9nt a kutat\u00f3csoport ismerte fel. Sz\u00e1mos sejten, illetve r\u00e1gcs\u00e1l\u00f3kon v\u00e9gzett k\u00eds\u00e9rlet kapcs\u00e1n igazoltuk, hogy a hat\u00f3anyag er\u0151teljesen g\u00e1tolja a gyullad\u00e1sos folyamatokat, a gyullad\u00e1sos b\u00e9lbetegs\u00e9g, az akut vesek\u00e1rosod\u00e1s, peritone\u00e1lis gyullad\u00e1s, valamint a pikkelys\u00f6m\u00f6r modelljeiben. Emellett kimutattuk, hogy a hat\u00f3anyag gyullad\u00e1st cs\u00f6kkent\u0151 hat\u00e1s\u00e1val \u00f6sszef\u00fcgg\u00e9sben k\u00e9pes cs\u00f6kkenteni a t\u00fcd\u0151hegesed\u00e9s, valamint a periton\u00e1lis hegesed\u00e9s m\u00e9rt\u00e9k\u00e9t\u201d \u2013 foglalta \u00f6ssze dr. Pap Domonkos, hozz\u00e1t\u00e9ve: a Semmelweis Egyetem Innov\u00e1ci\u00f3s K\u00f6zpontj\u00e1val egy\u00fcttm\u0171k\u00f6dve eur\u00f3pai, majd nemzetk\u00f6zi szabadalmi beadv\u00e1nyt ny\u00fajtottak be a hat\u00f3anyag ipari hasznos\u00edt\u00e1sa \u00e9rdek\u00e9ben. \u201eA COVID-19 jelentette eg\u00e9szs\u00e9g\u00fcgyi kih\u00edv\u00e1sokra reag\u00e1lva \u00fagy d\u00f6nt\u00f6tt\u00fcnk, hogy a tov\u00e1bbi fejleszt\u00e9seink kapcs\u00e1n, els\u0151sorban a SARS-CoV-2 fert\u0151z\u00e9s sor\u00e1n kialakul\u00f3 gyullad\u00e1s, illetve hegesed\u00e9s kezel\u00e9s\u00e9re f\u00f3kusz\u00e1lunk. C\u00e9lunk a fejleszt\u00e9sek f\u00e1zis I-es klinikai vizsg\u00e1latokig val\u00f3 eljuttat\u00e1sa.\u201d\u2013 tette hozz\u00e1, kiemelve: jelenleg a preklinikai tesztel\u00e9s f\u00e1zis\u00e1ban j\u00e1rnak, de szeretn\u00e9k, ha min\u00e9l hamarabb lezajlan\u00e1nak a hat\u00f3anyaghoz kapcsol\u00f3d\u00f3 tov\u00e1bbi vizsg\u00e1latok, hogy fejleszt\u00e9s\u00fck \u00faj t\u00edpus\u00fa gyullad\u00e1scs\u00f6kkent\u0151 \u00e9s hegesed\u00e9st g\u00e1tl\u00f3 gy\u00f3gyszerk\u00e9nt eljuthasson a beteg\u00e1gyakig.<\/p>\n<p style=\"text-align: left\"><strong>PHD KATEG\u00d3RIA D\u00cdJAZOTTAK<\/strong><\/p>\n<p>A leginnovat\u00edvabb PhD \u00e9rtekez\u00e9s kateg\u00f3ri\u00e1ban d\u00edjazt\u00e1k <strong>dr. Danics Le\u00e1<\/strong>t, a <strong>Transzl\u00e1ci\u00f3s Medicina Int\u00e9zet<\/strong> tudom\u00e1nyos seg\u00e9dmunkat\u00e1rs\u00e1t, aki kutat\u00e1sai sor\u00e1n egy preklinikai eszk\u00f6z kifejleszt\u00e9s\u00e9ben vett r\u00e9szt, amellyel modul\u00e1lt elektrohipertermi\u00e1s kezel\u00e9st lehet v\u00e9gezni kis\u00e1llatmodelleken. A modul\u00e1lt elektrohipertermia egy teljes eg\u00e9sz\u00e9ben magyar fejleszt\u00e9s\u0171 elj\u00e1r\u00e1s, amely dr. Sz\u00e1sz Andr\u00e1s nev\u00e9hez f\u0171z\u0151dik. A kutat\u00e1sunk sor\u00e1n triplanegat\u00edv eml\u0151r\u00e1kban tesztelt\u00fck a kezel\u00e9si modalit\u00e1s hat\u00e9konys\u00e1g\u00e1t \u00e9s alkalmazhat\u00f3s\u00e1g\u00e1t, valamint optimaliz\u00e1ltuk az eszk\u00f6zt: v\u00e1ltoztat\u00e1sokat v\u00e9gezt\u00fcnk az elektr\u00f3d\u00e1kon, amelynek seg\u00edts\u00e9g\u00e9vel nemcsak jobb felel\u00fcletadapt\u00e1ci\u00f3t \u00e9s poz\u00edcion\u00e1lhat\u00f3s\u00e1got \u00e9rt\u00fcnk el, de jobban reproduk\u00e1lhat\u00f3 kezel\u00e9seket is tudtunk v\u00e9gezni \u2013 mutatott r\u00e1 dr. Danics Lea. A triplanegat\u00edv eml\u0151tumorok nagyon agressz\u00edvnak sz\u00e1m\u00edtanak \u00e9s gy\u00f3gy\u00edt\u00e1suk is nehezebb, hiszen nem expressz\u00e1lj\u00e1k az eml\u0151tumorok t\u00f6bbs\u00e9ge \u00e1ltal expressz\u00e1lt hormon- \u00e9s Her2 receptorokat, \u00edgy nem kezelhet\u0151k c\u00e9lzott ter\u00e1pi\u00e1val. A modul\u00e1lt elektrohipertermi\u00e1s elj\u00e1r\u00e1s azonban a tumor elektromos tulajdons\u00e1gaiban rejl\u0151 k\u00fcl\u00f6nbs\u00e9geket haszn\u00e1lja fel, vagyis azt, hogy a tumor ellen\u00e1ll\u00e1sa kisebb a k\u00f6r\u00fcl\u00f6tte l\u00e9v\u0151 sz\u00f6vetekn\u00e9l. A kezel\u00e9s addit\u00edv hat\u00e1sak\u00e9nt megfigyelt\u00fck, hogy ezen a triplanegat\u00edv eml\u0151tumoron progeszteron receptorok fejez\u0151dnek ki, ami alapj\u00e1t k\u00e9pezheti ak\u00e1r k\u00e9s\u0151bb egy c\u00e9lzott ter\u00e1pi\u00e1nak, teh\u00e1t \u00e9rz\u00e9keny\u00edteni tudjuk a tumort. Emellett arra is l\u00e1tunk jeleket, hogy k\u00e9pes cs\u00f6kkenteni a ter\u00e1pia-rezisztenci\u00e1t, mind kemo- mind radio-ter\u00e1pi\u00e1val szemben, k\u00e9pes fokozni a kemoter\u00e1pia hat\u00e9konys\u00e1g\u00e1t \u00fagy, hogy k\u00f6zben a ter\u00e1pia toxicit\u00e1s\u00e1t nem fokozza \u2013 foglalta \u00f6ssze dr. Danics Lea.<\/p>\n<p style=\"text-align: justify\">Szint\u00e9n a leginnovat\u00edvabb PhD \u00e9rtekez\u00e9s kateg\u00f3ri\u00e1j\u00e1ban kapott elismer\u00e9st <strong>dr. Sayour Alex Ali<\/strong>, a <strong>V\u00e1rosmajori Sz\u00edv- \u00e9s \u00c9rgy\u00f3gy\u00e1szati Klinika<\/strong> kardiol\u00f3gus rezidense. Az infarktus az egyik vezet\u0151 hal\u00e1loknak sz\u00e1m\u00edt Magyarorsz\u00e1gon, ezzel kapcsolatban v\u00e9gezt\u00fcnk transzl\u00e1ci\u00f3s szeml\u00e9let\u0171 alapkutat\u00e1st a klinik\u00e1n. Ennek c\u00e9lja az infarktuster\u00fclet cs\u00f6kkent\u00e9se, melyre jelenleg sem eszk\u00f6z\u00f6s, sem gy\u00f3gyszeres ter\u00e1pia nem \u00e1ll rendelkez\u00e9sre, annak ellen\u00e9re, hogy ez az infarktus hossz\u00fat\u00e1v\u00fa kimenetel\u00e9nek egyik legfontosabb prediktora \u2013 emelte ki dr. Sayour Alex Ali. Hozz\u00e1tette: az infarktust ugyan kat\u00e9terez\u00e9ssel ma m\u00e1r sikeresen kezelni tudj\u00e1k, de a p\u00e1ciensekn\u00e9l gyakran alakul ki hossz\u00fat\u00e1von sz\u00edvel\u00e9gtelens\u00e9g \u2013 ezt igyekeznek megel\u0151zni az infarktuster\u00fclet cs\u00f6kkent\u00e9s\u00e9vel. Egy \u00fajfajta gy\u00f3gyszeres ter\u00e1pi\u00e1s lehet\u0151s\u00e9get fejlesztett\u00fcnk ki, a bench-to-bedside megk\u00f6zel\u00edt\u00e9s helyett azonban egy j\u00f3l bev\u00e1lt gy\u00f3gyszercsal\u00e1d egyik tagj\u00e1t alkalmaztuk, melyet eddig teljesen m\u00e1s indik\u00e1ci\u00f3s k\u00f6rben haszn\u00e1ltak. Eredm\u00e9nyeinket al\u00e1t\u00e1masztottuk egy preklinikai metaanal\u00edzissel is, valamint kidolgoztunk egy intrav\u00e9n\u00e1st formul\u00e1z\u00e1st is erre az egy\u00e9bk\u00e9nt sz\u00e1jon \u00e1t bevehet\u0151 gy\u00f3gyszerre. A kutat\u00e1st a j\u00f6v\u0151ben a V\u00e1rosmajori Sz\u00edv- \u00e9s \u00c9rgy\u00f3gy\u00e1szati Klinik\u00e1n \u00e9p\u00fcl\u0151 nagy\u00e1llatlaborban folytatn\u00e1nk, majd megfelel\u0151 eredm\u00e9nyek eset\u00e9n k\u00f6vetkeznek a hum\u00e1n tesztel\u00e9sek. A klinik\u00e1n \u00e9vente sz\u00e1mos infarktusos beteget l\u00e1tunk el, \u00edgy ezen a popul\u00e1ci\u00f3n lehet\u0151s\u00e9g volna a fejleszt\u00e9s\u00fcnket hossz\u00fat\u00e1von tesztelni \u00e9s egy \u00faj indik\u00e1ci\u00f3s k\u00f6rrel felruh\u00e1zni egy m\u00e1r bev\u00e1lt \u00e9s biztons\u00e1gos gy\u00f3gyszert \u2013 foglalta \u00f6ssze el\u0151ad\u00e1s\u00e1t.<\/p>\n<p style=\"text-align: justify\">A PhD-kateg\u00f3ria harmadik d\u00edjazottja <strong>dr. Stubnya Bence Guszt\u00e1v<\/strong>, az <strong>Ortop\u00e9diai Klinika<\/strong> rezidense, aki kutat\u00e1s\u00e1ban k\u00fcl\u00f6nb\u00f6z\u0151 t\u00e9rdprot\u00e9zis-be\u00fcltet\u00e9sekkel kapcsolatos seb\u00e9szi felt\u00e1r\u00e1si m\u00f3dszereket hasonl\u00edtott \u00f6ssze. \u201eA klinik\u00e1n m\u0171k\u00f6dik egy 3D-s j\u00e1r\u00e1sk\u00e9p alkot\u00e1s\u00e1ra \u00e9s mozg\u00e1sanal\u00edzisre k\u00e9pes j\u00e1r\u00e1slabor, amelynek azonban nemcsak az infrastrukt\u00fara-ig\u00e9nye magas, de az \u00fczemeltet\u00e9s\u00e9hez \u00e9s karbantart\u00e1s\u00e1hoz sz\u00fcks\u00e9ges anyagi \u00e9s szakmai hozz\u00e1j\u00e1rul\u00e1s is. Kutat\u00e1somban egy olyan megold\u00e1son dolgoztam, amelynek m\u0171k\u00f6dtet\u00e9se egyszer\u0171bb, \u00fczemeltet\u00e9se pedig olcs\u00f3bb\u201d \u2013 fogalmazott. A PhD-\u00e9rtekez\u00e9s\u00e9ben le\u00edrtak szerint sz\u00f6gsebess\u00e9g \u00e9s gyorsul\u00e1s m\u00e9r\u00e9s\u00e9re alkalmas apr\u00f3 giroszk\u00f3pos szenzorokat helyezn\u00e9nek a betegekre az el\u0151re defini\u00e1lt anat\u00f3miai pontokra, majd ezeknek az adataib\u00f3l mesters\u00e9ges intelligenci\u00e1t felhaszn\u00e1lva k\u00e9pezn\u00e9k le a betegek mozg\u00e1s\u00e1t. A megold\u00e1ssal a giroszk\u00f3pok valamint egy okoseszk\u00f6z (laptop, tablet, stb.) seg\u00edts\u00e9g\u00e9vel juthatn\u00e1nak olyan adatokhoz, amelyekhez eddig ig\u00e9nybe kellett venni a j\u00e1r\u00e1slabort \u2013 foglalta \u00f6ssze el\u0151ad\u00e1s\u00e1t dr. Stubnya Bence Guszt\u00e1v, hozz\u00e1t\u00e9ve: az \u00f6tlet jelenleg fejleszt\u00e9s alatt \u00e1ll, nemr\u00e9g \u00edrtak al\u00e1 egy\u00fcttm\u0171k\u00f6d\u00e9si meg\u00e1llapod\u00e1st egy Magyarorsz\u00e1gr\u00f3l indult startuppal, amely a megold\u00e1shoz sz\u00fcks\u00e9ges szenzorokat biztos\u00edthata a projekthez.<\/p>\n<h4 style=\"text-align: left\"><strong>TDK KATEG\u00d3RIA D\u00cdJAZOTT<\/strong><\/h4>\n<p style=\"text-align: justify\">A leginnovat\u00edvabb TDK-munka kateg\u00f3ri\u00e1ban kapott elismer\u00e9st <strong>dr. Trinh Sarolta<\/strong>, az <strong>\u00c1ltal\u00e1nos Orvostudom\u00e1nyi Kar<\/strong> els\u0151\u00e9ves PhD-hallgat\u00f3ja. \u201eA gyermekgy\u00f3gy\u00e1szokb\u00f3l \u00e9s gyermekaneszteziol\u00f3gusokb\u00f3l \u00e1ll\u00f3 kutat\u00f3csoportunk egy olyan multimod\u00e1lis monitorrendszert tesztel, ami val\u00f3s id\u0151ben, nem invaz\u00edv m\u00f3don a gyermekaneszteziol\u00f3giai m\u0171t\u00e9tek alatt m\u00e9ri a vit\u00e1lis l\u00e9legeztet\u00e9si, hemodimanikai \u00e9s neurovaszkul\u00e1ris param\u00e9tereket. A hossz\u00fat\u00e1v\u00fa c\u00e9lunk ezzel az, hogy a monitorokb\u00f3l \u00e9rkez\u0151 adatok seg\u00edts\u00e9g\u00e9vel egy olyan mesters\u00e9ges intelligenci\u00e1t hozzunk l\u00e9tre, ami el\u0151re tudja jelezni a nem k\u00edv\u00e1natos esem\u00e9nyeket \u00e9s ez\u00e1ltal az aneszteziol\u00f3gus sokkal felk\u00e9sz\u00fcltebben tudja ezeket v\u00e1rni, vagy megfelel\u0151en korai beavatkoz\u00e1ssal ak\u00e1r meg is el\u0151zni\u201d \u2013 foglalta \u00f6ssze el\u0151ad\u00e1s\u00e1t, hozz\u00e1t\u00e9ve: kutat\u00e1suk eredm\u00e9nyek\u00e9ppen a gyermekeknek a j\u00f6v\u0151ben javulhat a gyermekaneszteziol\u00f3giai ell\u00e1t\u00e1suk. Az \u00e1ltala fejlesztett val\u00f3s idej\u0171 m\u0171t\u00e9ti esem\u00e9nynapl\u00f3 a m\u0171t\u00e9t sor\u00e1n r\u00f6gz\u00edti a m\u0171t\u00e9t k\u00f6zben bek\u00f6vetkez\u0151 esem\u00e9nyeket a technikai t\u00f6rt\u00e9n\u00e9sekt\u0151l kezdve az aneszteziol\u00f3giai intervenci\u00f3kon \u00e1t a k\u00fcl\u00f6nb\u00f6z\u0151 t\u00fcnetek jelentkez\u00e9s\u00e9ig. Az Excel-alap\u00fa, elektronikus napl\u00f3ban nemcsak azt r\u00f6gz\u00edtik, mely esem\u00e9ny mikor jelentkezett, de azt is, hogyan orvosolt\u00e1k az esetleges felmer\u00fcl\u0151 t\u00fcneteket. Az adatok ut\u00f3lagos elemz\u00e9se sor\u00e1n jobban meg\u00e9rthetj\u00fck mi \u00e1ll a m\u0171t\u00e9t k\u00f6zben bek\u00f6vetkez\u0151 esem\u00e9nyek \u00e9s \u00e9lettani v\u00e1ltoz\u00e1sok h\u00e1tter\u00e9ben \u2013 mutatott r\u00e1 dr. Trinh Sarolta, hozz\u00e1t\u00e9ve: az I. Sz. Gyermekgy\u00f3gy\u00e1szati Klinik\u00e1n a legt\u00f6bb m\u0171t\u00e9t alatt m\u00e1r haszn\u00e1lj\u00e1k ezt a monitorrendszert \u00e9s esem\u00e9nynapl\u00f3t. Jelenleg a kutat\u00e1s az adatgy\u0171jt\u00e9s f\u00e1zis\u00e1ban j\u00e1r, de hamarosan elindul az adattiszt\u00edt\u00e1s- \u00e9s elemz\u00e9s is, id\u0151vel pedig megkezd\u0151dhet a mesters\u00e9ges intelligencia g\u00e9pi tanul\u00e1si folyamata is \u2013 tette hozz\u00e1.\u00a0<\/p>\n","protected":false},"excerpt":{"rendered":"<p>A gyorsan fejl\u0151d\u0151 eg\u00e9szs\u00e9g\u00fcgyiadat-digitaliz\u00e1ci\u00f3 \u00e1llt az idei Semmelweis Innov\u00e1ci\u00f3s Nap f\u00f3kusz\u00e1ban, amelyet dr. Ferdinandy P\u00e9ter tudom\u00e1nyos \u00e9s innov\u00e1ci\u00f3s rektorhelyettes nyitott meg. A szakmai el\u0151ad\u00e1sok ut\u00e1n \u00e1tadt\u00e1k az Innov\u00e1ci\u00f3s D\u00edjat, melyet h\u00e1rom kateg\u00f3ri\u00e1ban \u00f6ten vehettek \u00e1t. A d\u00edjazottak r\u00f6vid el\u0151ad\u00e1sban sz\u00e1moltak be kutat\u00e1saikr\u00f3l. <a href=\"https:\/\/semmelweis.hu\/hirek\/2021\/10\/25\/innovacios-nap-a-semmelweis-egyetemen\/\" target=\"_blank\" rel=\"noopener\">Tov\u00e1bb a cikkre \u2192<\/a> \u00a0 KUTAT\u00d3I KATEG\u00d3RIA D\u00cdJAZOTTAK A leginnovat\u00edvabb kutat\u00f3munka kateg\u00f3ri\u00e1ban d\u00edjazt\u00e1k dr. Szebeni Be\u00e1t\u00e1t, dr. &hellip;<\/p>\n","protected":false},"author":102297,"featured_media":0,"parent":6391,"menu_order":15,"comment_status":"closed","ping_status":"closed","template":"","meta":{"_acf_changed":false,"footnotes":""},"categories":[],"tags":[],"class_list":["post-9349","page","type-page","status-publish","hentry"],"acf":[],"_links":{"self":[{"href":"https:\/\/semmelweis.hu\/tudrh\/wp-json\/wp\/v2\/pages\/9349","targetHints":{"allow":["GET"]}}],"collection":[{"href":"https:\/\/semmelweis.hu\/tudrh\/wp-json\/wp\/v2\/pages"}],"about":[{"href":"https:\/\/semmelweis.hu\/tudrh\/wp-json\/wp\/v2\/types\/page"}],"author":[{"embeddable":true,"href":"https:\/\/semmelweis.hu\/tudrh\/wp-json\/wp\/v2\/users\/102297"}],"replies":[{"embeddable":true,"href":"https:\/\/semmelweis.hu\/tudrh\/wp-json\/wp\/v2\/comments?post=9349"}],"version-history":[{"count":0,"href":"https:\/\/semmelweis.hu\/tudrh\/wp-json\/wp\/v2\/pages\/9349\/revisions"}],"up":[{"embeddable":true,"href":"https:\/\/semmelweis.hu\/tudrh\/wp-json\/wp\/v2\/pages\/6391"}],"wp:attachment":[{"href":"https:\/\/semmelweis.hu\/tudrh\/wp-json\/wp\/v2\/media?parent=9349"}],"wp:term":[{"taxonomy":"category","embeddable":true,"href":"https:\/\/semmelweis.hu\/tudrh\/wp-json\/wp\/v2\/categories?post=9349"},{"taxonomy":"post_tag","embeddable":true,"href":"https:\/\/semmelweis.hu\/tudrh\/wp-json\/wp\/v2\/tags?post=9349"}],"curies":[{"name":"wp","href":"https:\/\/api.w.org\/{rel}","templated":true}]}}