{"id":7626,"date":"2020-11-19T13:35:57","date_gmt":"2020-11-19T12:35:57","guid":{"rendered":"https:\/\/semmelweis.hu\/innovacio\/?page_id=7626"},"modified":"2024-04-24T09:21:36","modified_gmt":"2024-04-24T07:21:36","slug":"dijazottak-2015","status":"publish","type":"page","link":"https:\/\/semmelweis.hu\/tudrh\/innovacios-dij\/dijazottak-2015\/","title":{"rendered":"D\u00edjazottak 2015"},"content":{"rendered":"<h2>Semmelweis Innov\u00e1ci\u00f3s Nap besz\u00e1mol\u00f3 2015<\/h2>\n<p><a href=\"https:\/\/semmelweis.hu\/tudrh\/files\/2024\/04\/RS27841_KA-20150127-IMG_0118-innovacios-nap-scaled.jpg\"><img loading=\"lazy\" decoding=\"async\" class=\"size-medium wp-image-9779 alignright\" src=\"https:\/\/semmelweis.hu\/tudrh\/files\/2024\/04\/RS27841_KA-20150127-IMG_0118-innovacios-nap-400x267.jpg\" alt=\"\" width=\"400\" height=\"267\" srcset=\"https:\/\/semmelweis.hu\/tudrh\/files\/2024\/04\/RS27841_KA-20150127-IMG_0118-innovacios-nap-400x267.jpg 400w, https:\/\/semmelweis.hu\/tudrh\/files\/2024\/04\/RS27841_KA-20150127-IMG_0118-innovacios-nap-1024x683.jpg 1024w, https:\/\/semmelweis.hu\/tudrh\/files\/2024\/04\/RS27841_KA-20150127-IMG_0118-innovacios-nap-768x512.jpg 768w, https:\/\/semmelweis.hu\/tudrh\/files\/2024\/04\/RS27841_KA-20150127-IMG_0118-innovacios-nap-1536x1024.jpg 1536w, https:\/\/semmelweis.hu\/tudrh\/files\/2024\/04\/RS27841_KA-20150127-IMG_0118-innovacios-nap-2048x1365.jpg 2048w, https:\/\/semmelweis.hu\/tudrh\/files\/2024\/04\/RS27841_KA-20150127-IMG_0118-innovacios-nap-753x502.jpg 753w, https:\/\/semmelweis.hu\/tudrh\/files\/2024\/04\/RS27841_KA-20150127-IMG_0118-innovacios-nap-203x135.jpg 203w\" sizes=\"auto, (max-width: 400px) 100vw, 400px\" \/><\/a>Az el\u0151sz\u00f6r megrendezett egyetemi innov\u00e1ci\u00f3s napon adt\u00e1k \u00e1t els\u0151 alkalommal a Semmelweis Egyetem Innov\u00e1ci\u00f3s D\u00edjait, melyekkel az adott \u00e9v leginnovat\u00edvabb, hasznos\u00edt\u00e1si szempontb\u00f3l is kiemelked\u0151 PhD, TDK, kutat\u00f3i \u00e9s klinikai kutat\u00f3i munk\u00e1it ismeri el az int\u00e9zm\u00e9ny.<\/p>\n<p>A d\u00edjazottakat 21 befogadott p\u00e1lyamunk\u00e1b\u00f3l a tal\u00e1lm\u00e1nyok hasznos\u00edthat\u00f3s\u00e1g\u00e1ra f\u00f3kusz\u00e1l\u00f3 Technol\u00f3gia Transzfer Csoport munkat\u00e1rsai sz\u0171rt\u00e9k meg, majd a Tudom\u00e1nyos- \u00e9s Oktat\u00e1si rektorhelyettesek az Innov\u00e1ci\u00f3s Igazgat\u00f3s\u00e1g igazgat\u00f3j\u00e1val k\u00f6z\u00f6s egyeztet\u00e9sen 11 s\u00falyozott szempont alapj\u00e1n \u00e9rt\u00e9kelt\u00e9k.<\/p>\n<p>A leginnovat\u00edvabb TDK munk\u00e1\u00e9rt Kiss Fanni J\u00falia \u00e9s Sz\u00e9kely Anna Krisztina, a leginnovat\u00edvabb PhD munk\u00e1\u00e9rt Szalay Krist\u00f3f Zsolt, a leginnovat\u00edvabb kutat\u00f3 munk\u00e1\u00e9rt Dr. Sink\u00f3 B\u00e1lint, a leginnovat\u00edvabb klinikai kutat\u00e1s\u00e9rt Dr. Domos Gyula vehetett \u00e1t d\u00edjat 2015. janu\u00e1r 27-\u00e9n.<\/p>\n<p><a href=\"https:\/\/semmelweis.hu\/tudrh\/files\/2024\/04\/RS27816_KA-20150127-IMG_0210-innovacios-nap-Edit-scaled.jpg\"><img loading=\"lazy\" decoding=\"async\" class=\"alignleft\" src=\"https:\/\/semmelweis.hu\/tudrh\/files\/2024\/04\/RS27816_KA-20150127-IMG_0210-innovacios-nap-Edit-400x267.jpg\" alt=\"\" width=\"400\" height=\"267\" \/><\/a>A d\u00edjat ny\u00edlt p\u00e1ly\u00e1zat keret\u00e9ben a fiatal k\u00e9pz\u0151m\u0171v\u00e9szek, hallgat\u00f3k k\u00f6z\u00f6ss\u00e9ge sz\u00e1m\u00e1ra hirdette meg az egyetem, a be\u00e9rkezett terveket Dr. T\u00e1ncos L\u00e1szl\u00f3, a Semmelweis Kiad\u00f3 \u00e9s Multim\u00e9dia St\u00fadi\u00f3 igazgat\u00f3ja \u00e9s a Tudom\u00e1nyos rektorhelyettes b\u00edr\u00e1lt\u00e1k el.<\/p>\n<p>A d\u00edj megtervez\u00e9se \u00e9s kivitelez\u00e9se Juh\u00e1sz \u00c9va \u00e9s \u00c9les L\u00f3r\u00e1nt \u00e9rdeme. A m\u0171 a titkot, a term\u00e9szetben rejl\u0151 er\u0151t fejezi ki. Azt, hogy b\u00e1r a kagyl\u00f3 h\u00e9ja kem\u00e9ny \u00e9s sokszor nem kimondottan mutat\u00f3s, de benne a gy\u00f6ngy, mint lapul\u00f3 csoda kifejezi a benn\u00fcnk \u00e9l\u0151 innovat\u00edv lehet\u0151s\u00e9get.<\/p>\n<p>Az Innov\u00e1ci\u00f3s Napon k\u00e9pviseltette mag\u00e1t a Richter Gedeon Nyrt, az EGIS Nyrt, a Waters Research Center, a Minisztereln\u00f6ks\u00e9g, az Innov\u00e1ci\u00f3s Hivatal, a Magyar Mag\u00e1n- \u00e9s Kock\u00e1zati T\u0151ke Egyes\u00fclet, a 77 Elektronika Kft, Femtonics Kft, az Eg\u00e9szs\u00e9g\u00fcgyi Menedzserk\u00e9pz\u0151 K\u00f6zpont \u00e9s a Danubia Szabadalmi \u00e9s Jogi Iroda Kft is.<\/p>\n<p><a href=\"https:\/\/semmelweis.hu\/tudrh\/files\/2024\/04\/RS27810_KA-20150127-IMG_0247-innovacios-nap-scaled.jpg\"><img loading=\"lazy\" decoding=\"async\" class=\"aligncenter wp-image-9777 size-large\" src=\"https:\/\/semmelweis.hu\/tudrh\/files\/2024\/04\/RS27810_KA-20150127-IMG_0247-innovacios-nap-1024x683.jpg\" alt=\"\" width=\"753\" height=\"502\" srcset=\"https:\/\/semmelweis.hu\/tudrh\/files\/2024\/04\/RS27810_KA-20150127-IMG_0247-innovacios-nap-1024x683.jpg 1024w, https:\/\/semmelweis.hu\/tudrh\/files\/2024\/04\/RS27810_KA-20150127-IMG_0247-innovacios-nap-400x267.jpg 400w, https:\/\/semmelweis.hu\/tudrh\/files\/2024\/04\/RS27810_KA-20150127-IMG_0247-innovacios-nap-768x512.jpg 768w, https:\/\/semmelweis.hu\/tudrh\/files\/2024\/04\/RS27810_KA-20150127-IMG_0247-innovacios-nap-1536x1024.jpg 1536w, https:\/\/semmelweis.hu\/tudrh\/files\/2024\/04\/RS27810_KA-20150127-IMG_0247-innovacios-nap-2048x1365.jpg 2048w, https:\/\/semmelweis.hu\/tudrh\/files\/2024\/04\/RS27810_KA-20150127-IMG_0247-innovacios-nap-753x502.jpg 753w, https:\/\/semmelweis.hu\/tudrh\/files\/2024\/04\/RS27810_KA-20150127-IMG_0247-innovacios-nap-203x135.jpg 203w\" sizes=\"auto, (max-width: 753px) 100vw, 753px\" \/><\/a><\/p>\n<p>A r\u00e9sztvev\u0151ket a rendezv\u00e9nyt szervez\u0151 Innov\u00e1ci\u00f3s Igazgat\u00f3s\u00e1g vezet\u0151je, Dr. Farkas Lilla k\u00f6sz\u00f6nt\u00f6tte. Dr. Sz\u00e9l \u00c1goston, a Semmelweis Egyetem rektora ezt k\u00f6vet\u0151en\u00a0arr\u00f3l besz\u00e9lt: az egyetemek sz\u00e1m\u00e1ra nagyon l\u00e9nyeges, hogy legyenek hagyom\u00e1nyaik, melyekb\u0151l t\u00e1pl\u00e1lkoznak, de a meg\u00fajul\u00e1s k\u00e9pess\u00e9ge, az innov\u00e1ci\u00f3 is nagyon fontos. A kett\u0151 egy\u00fctt ad rangot egy fels\u0151oktat\u00e1si int\u00e9zm\u00e9nynek \u2013 tette hozz\u00e1.<\/p>\n<p>Eml\u00e9keztetett arra, hogy a Semmelweis Egyetem a tudom\u00e1nyos megm\u00e9rettet\u00e9seken t\u00f6bb param\u00e9ter alapj\u00e1n is az els\u0151 helyen \u00e1ll a magyarorsz\u00e1gi fels\u0151oktat\u00e1si int\u00e9zm\u00e9nyek k\u00f6z\u00f6tt. Ez egy olyan rang, ami benn\u00fcnket k\u00f6telez \u2013 sz\u00f6gezte le a rektor. Felid\u00e9zte: k\u00e9t \u00e9s f\u00e9l \u00e9vvel ezel\u0151tt, amikor az \u00faj vezet\u00e9s \u00e1tvette az int\u00e9zm\u00e9ny ir\u00e1ny\u00edt\u00e1s\u00e1t, az elemz\u00e9sek alapj\u00e1n megfogalmazt\u00e1k, hogy a kiv\u00e1l\u00f3 tudom\u00e1nyos eredm\u00e9nyek ellen\u00e9re kev\u00e9s ezek ipari hasznosul\u00e1sa. Az Innov\u00e1ci\u00f3s Igazgat\u00f3s\u00e1g ennek az ar\u00e1nynak a jav\u00edt\u00e1s\u00e1ra j\u00f6tt l\u00e9tre \u2013 id\u00e9zte fel. Dr. Sz\u00e9l \u00c1goston kiemelte: az egyetem innov\u00e1ci\u00f3s d\u00edjainak motiv\u00e1l\u00f3 szerepe van \u00e9s m\u00e9g nagyobb nyomat\u00e9kot ad az innov\u00e1ci\u00f3s tev\u00e9kenys\u00e9g fokoz\u00e1s\u00e1nak.<\/p>\n<p style=\"text-align: justify;\">A rendezv\u00e9nyen t\u00f6bb mint 170-en vettek r\u00e9szt. Az \u00e9rdekl\u0151d\u0151k 28 szakmai \u00e9lvonalat k\u00e9pvisel\u0151 el\u0151ad\u00f3 prezent\u00e1ci\u00f3j\u00e1t hallgathatt\u00e1k meg az egyetem Elm\u00e9leti Orvostudom\u00e1nyi K\u00f6zpontj\u00e1nak \u00e9p\u00fclet\u00e9ben. Az el\u0151ad\u00e1sok, workshopok 3 helysz\u00ednen zajlottak, m\u00edg az aul\u00e1ban 11 szakmai ki\u00e1ll\u00edt\u00f3 pavilonj\u00e1t lehetett megtekinteni.<\/p>\n","protected":false},"excerpt":{"rendered":"<p>Semmelweis Innov\u00e1ci\u00f3s Nap besz\u00e1mol\u00f3 2015 <a href=\"https:\/\/semmelweis.hu\/tudrh\/files\/2024\/04\/RS27841_KA-20150127-IMG_0118-innovacios-nap-scaled.jpg\"><\/a> Az el\u0151sz\u00f6r megrendezett egyetemi innov\u00e1ci\u00f3s napon adt\u00e1k \u00e1t els\u0151 alkalommal a Semmelweis Egyetem Innov\u00e1ci\u00f3s D\u00edjait, melyekkel az adott \u00e9v leginnovat\u00edvabb, hasznos\u00edt\u00e1si szempontb\u00f3l is kiemelked\u0151 PhD, TDK, kutat\u00f3i \u00e9s klinikai kutat\u00f3i munk\u00e1it ismeri el az int\u00e9zm\u00e9ny. A d\u00edjazottakat 21 befogadott p\u00e1lyamunk\u00e1b\u00f3l a tal\u00e1lm\u00e1nyok hasznos\u00edthat\u00f3s\u00e1g\u00e1ra f\u00f3kusz\u00e1l\u00f3 Technol\u00f3gia Transzfer Csoport munkat\u00e1rsai sz\u0171rt\u00e9k meg, &hellip;<\/p>\n","protected":false},"author":102297,"featured_media":0,"parent":6391,"menu_order":21,"comment_status":"closed","ping_status":"closed","template":"","meta":{"_acf_changed":false,"footnotes":""},"categories":[],"tags":[],"class_list":["post-7626","page","type-page","status-publish","hentry"],"acf":[],"_links":{"self":[{"href":"https:\/\/semmelweis.hu\/tudrh\/wp-json\/wp\/v2\/pages\/7626","targetHints":{"allow":["GET"]}}],"collection":[{"href":"https:\/\/semmelweis.hu\/tudrh\/wp-json\/wp\/v2\/pages"}],"about":[{"href":"https:\/\/semmelweis.hu\/tudrh\/wp-json\/wp\/v2\/types\/page"}],"author":[{"embeddable":true,"href":"https:\/\/semmelweis.hu\/tudrh\/wp-json\/wp\/v2\/users\/102297"}],"replies":[{"embeddable":true,"href":"https:\/\/semmelweis.hu\/tudrh\/wp-json\/wp\/v2\/comments?post=7626"}],"version-history":[{"count":7,"href":"https:\/\/semmelweis.hu\/tudrh\/wp-json\/wp\/v2\/pages\/7626\/revisions"}],"predecessor-version":[{"id":9851,"href":"https:\/\/semmelweis.hu\/tudrh\/wp-json\/wp\/v2\/pages\/7626\/revisions\/9851"}],"up":[{"embeddable":true,"href":"https:\/\/semmelweis.hu\/tudrh\/wp-json\/wp\/v2\/pages\/6391"}],"wp:attachment":[{"href":"https:\/\/semmelweis.hu\/tudrh\/wp-json\/wp\/v2\/media?parent=7626"}],"wp:term":[{"taxonomy":"category","embeddable":true,"href":"https:\/\/semmelweis.hu\/tudrh\/wp-json\/wp\/v2\/categories?post=7626"},{"taxonomy":"post_tag","embeddable":true,"href":"https:\/\/semmelweis.hu\/tudrh\/wp-json\/wp\/v2\/tags?post=7626"}],"curies":[{"name":"wp","href":"https:\/\/api.w.org\/{rel}","templated":true}]}}