{"id":7595,"date":"2020-11-18T15:59:46","date_gmt":"2020-11-18T14:59:46","guid":{"rendered":"https:\/\/semmelweis.hu\/innovacio\/?page_id=7595"},"modified":"2024-04-24T09:30:19","modified_gmt":"2024-04-24T07:30:19","slug":"dijazottak-2016","status":"publish","type":"page","link":"https:\/\/semmelweis.hu\/tudrh\/innovacios-dij\/dijazottak-2016\/","title":{"rendered":"D\u00edjazottak 2016"},"content":{"rendered":"<h4><strong>Klinikai kutat\u00f3 kateg\u00f3ria\u00a0<\/strong><\/h4>\n<p><strong>A hegesed\u00e9si folyamat lek\u00fczd\u00e9se<\/strong><\/p>\n<p><a href=\"https:\/\/semmelweis.hu\/tudrh\/files\/2024\/04\/DSC_3292-scaled.jpg\"><img loading=\"lazy\" decoding=\"async\" class=\"alignright size-medium wp-image-9782\" src=\"https:\/\/semmelweis.hu\/tudrh\/files\/2024\/04\/DSC_3292-400x268.jpg\" alt=\"\" width=\"400\" height=\"268\" srcset=\"https:\/\/semmelweis.hu\/tudrh\/files\/2024\/04\/DSC_3292-400x268.jpg 400w, https:\/\/semmelweis.hu\/tudrh\/files\/2024\/04\/DSC_3292-1024x686.jpg 1024w, https:\/\/semmelweis.hu\/tudrh\/files\/2024\/04\/DSC_3292-768x514.jpg 768w, https:\/\/semmelweis.hu\/tudrh\/files\/2024\/04\/DSC_3292-1536x1028.jpg 1536w, https:\/\/semmelweis.hu\/tudrh\/files\/2024\/04\/DSC_3292-2048x1371.jpg 2048w, https:\/\/semmelweis.hu\/tudrh\/files\/2024\/04\/DSC_3292-753x504.jpg 753w, https:\/\/semmelweis.hu\/tudrh\/files\/2024\/04\/DSC_3292-203x135.jpg 203w\" sizes=\"auto, (max-width: 400px) 100vw, 400px\" \/><\/a>A leginnovat\u00edvabb klinikai kutat\u00f3munk\u00e1\u00e9rt j\u00e1r\u00f3 d\u00edjat <strong>dr. Fekete Andrea<\/strong>, az I. Sz. Gyermekgy\u00f3gy\u00e1szati Klinika tan\u00e1rseg\u00e9dje \u00e9s <strong>dr. Vannay \u00c1d\u00e1m<\/strong>, az MTA Gyermekgy\u00f3gy\u00e1szati \u00e9s Nefrol\u00f3giai Kutat\u00f3csoportj\u00e1nak tudom\u00e1nyos f\u0151munkat\u00e1rsa vehette \u00e1t dr. Bagdy Gy\u00f6rgy tudom\u00e1nyos rektorhelyettest\u0151l. Dr. Vannay \u00c1d\u00e1m el\u0151ad\u00e1sban kiemelte, hogy az euroatlanti t\u00e1rsadalmakban minden m\u00e1sodik hal\u00e1loz\u00e1s h\u00e1tter\u00e9ben egy vagy t\u00f6bb szerv hegesed\u00e9se k\u00f6vetkezt\u00e9ben kialakul\u00f3 szervel\u00e9gtelens\u00e9g \u00e1ll, ez\u00e9rt ennek a folyamatnak a megismer\u00e9se \u00e9s g\u00e1tl\u00e1sa rendk\u00edv\u00fcl fontos. Kutat\u00e1suk sor\u00e1n azonos\u00edtottak egy \u00faj biol\u00f3giai \u00fatvonalat, a Sigma-1 receptor medi\u00e1lt biol\u00f3giai jel\u00e1tviteli \u00fatvonalat, \u00e9s t\u00f6bb olyan hat\u00f3anyagot, amely ezt az \u00fatvonalat modifik\u00e1lva k\u00e9pes lehet a hegesed\u00e9si folyamat lek\u00fczd\u00e9s\u00e9re. Az \u00e1llatk\u00eds\u00e9rletek \u00e9s az in vitro k\u00eds\u00e9rletek alapj\u00e1n a kutat\u00f3k \u00e1ltal felismert elj\u00e1r\u00e1ssal a fibrotikus folyamatok g\u00e1tolhat\u00f3ak. Dr. Fekete Andrea \u00e9s dr. Vannay \u00c1d\u00e1m a Sigma-1 receptor agonist\u00e1k antifibrotikus hat\u00e1s\u00e1ra nemzetk\u00f6zi szabadalmi els\u0151bbs\u00e9get szereztek.<\/p>\n<h4><strong>Kutat\u00f3i kateg\u00f3ria d\u00edjazott<\/strong><\/h4>\n<p><strong>Radik\u00e1lis d\u00f3ziscs\u00f6kkent\u00e9s kinetikus k\u00e9palkot\u00e1ssal<\/strong><\/p>\n<p><strong><a href=\"https:\/\/semmelweis.hu\/tudrh\/files\/2024\/04\/DSC_3384.jpg\"><img loading=\"lazy\" decoding=\"async\" class=\"alignright size-medium wp-image-9783\" src=\"https:\/\/semmelweis.hu\/tudrh\/files\/2024\/04\/DSC_3384-400x268.jpg\" alt=\"\" width=\"400\" height=\"268\" srcset=\"https:\/\/semmelweis.hu\/tudrh\/files\/2024\/04\/DSC_3384-400x268.jpg 400w, https:\/\/semmelweis.hu\/tudrh\/files\/2024\/04\/DSC_3384-768x514.jpg 768w, https:\/\/semmelweis.hu\/tudrh\/files\/2024\/04\/DSC_3384-753x504.jpg 753w, https:\/\/semmelweis.hu\/tudrh\/files\/2024\/04\/DSC_3384-203x135.jpg 203w, https:\/\/semmelweis.hu\/tudrh\/files\/2024\/04\/DSC_3384.jpg 950w\" sizes=\"auto, (max-width: 400px) 100vw, 400px\" \/><\/a>Dr. Osv\u00e1th Szabolcs \u00e9s dr. Szigeti Kriszti\u00e1n<\/strong> a leginnovat\u00edvabb kutat\u00f3munk\u00e1\u00e9rt j\u00e1r\u00f3 d\u00edjat vehett\u00e9k \u00e1t dr. Sz\u00e9l \u00c1goston rektort\u00f3l.<\/p>\n<p style=\"text-align: justify;\">Radik\u00e1lis d\u00f3ziscs\u00f6kkent\u00e9s kinetikus k\u00e9palkot\u00e1ssal c\u00edm\u0171 el\u0151ad\u00e1sukban besz\u00e1moltak arr\u00f3l, hogy az \u00e1ltaluk alkalmazott k\u00e9palkot\u00f3 m\u00f3dszerrel olyan felv\u00e9telek k\u00e9sz\u00edthet\u0151k, amelyek diagnosztikailag egyen\u00e9rt\u00e9k\u0171ek a jelenleg haszn\u00e1lt m\u00f3dszerrel, ugyanakkor alacsonyabb sug\u00e1rterhel\u00e9ssel j\u00e1rnak. A manaps\u00e1g haszn\u00e1lt r\u00f6ntgenk\u00e9p-alkot\u00e1s sor\u00e1n j\u00f3l expon\u00e1lt \u00e9les k\u00e9p k\u00e9sz\u00fcl, de az \u00faj elj\u00e1r\u00e1ssal ezt a hossz\u00fa id\u0151tartamot sok r\u00f6vid id\u0151tartamra osztj\u00e1k fel. Az \u00edgy k\u00e9sz\u00fclt k\u00e9peket \u00f6sszeadva, m\u00e1s statisztikai m\u00f3dszereket is alkalmazva j\u00f6n l\u00e9tre az a kinetikus k\u00e9p, amib\u0151l a szervezetben zajl\u00f3 bels\u0151 mozg\u00e1sokra, azok v\u00e1ltoz\u00e1saira lehet k\u00f6vetkeztetni. Az elj\u00e1r\u00e1s a kutat\u00f3k szerint az angiogr\u00e1fia \u00e9s a fluoroszk\u00f3pia ter\u00fclet\u00e9nek meg\u00faj\u00edt\u00e1s\u00e1ra is alkalmas.<\/p>\n<h4><strong>PhD kateg\u00f3ria d\u00edjazott<\/strong><\/h4>\n<p><strong>Ortho-vezikula, mikrovezikul\u00e1k vizsg\u00e1lata periprotetikus fert\u0151z\u00e9sekben<\/strong><\/p>\n<p>A leginnovat\u00edvabb PhD-munk\u00e1\u00e9rt j\u00e1r\u00f3 d\u00edjat <strong>dr. Sebe Istv\u00e1n<\/strong>, az Egyetemi Gy\u00f3gyszert\u00e1r Gy\u00f3gyszer\u00fcgyi Szervez\u00e9si Int\u00e9zet PhD-hallgat\u00f3ja vehette \u00e1t dr. Sz\u00e1sz K\u00e1roly kancell\u00e1rt\u00f3l. Dr. Sebe Istv\u00e1n a gy\u00f3gyszertechnol\u00f3gi\u00e1ban jelenleg innovat\u00edvnak sz\u00e1m\u00edt\u00f3 kutat\u00e1si ir\u00e1nyok k\u00f6z\u00fcl a nano- \u00e9s mikrosz\u00e1las gy\u00f3gyszerhordoz\u00f3 rendszereket kutatja, amelyek orvosbiol\u00f3giai alkalmazhat\u00f3s\u00e1ga \u00e9s gy\u00f3gyszerformul\u00e1l\u00e1sban val\u00f3\u00a0hasznoss\u00e1ga is jelent\u0151s. Dr. Sebe Istv\u00e1n munkat\u00e1rsaival olyan t\u00f6bb funkci\u00f3val rendelkez\u0151, szab\u00e1lyozhat\u00f3 gy\u00f3gyszerhordoz\u00f3 strukt\u00far\u00e1t hozott l\u00e9tre, amivel ak\u00e1r n\u00f6velhet\u0151 a hat\u00f3anyag oldhat\u00f3s\u00e1ga, \u00e9s \u00edgy cs\u00f6kkenthet\u0151 a ter\u00e1pi\u00e1s d\u00f3zis. Ezen rendszer\u00a0lok\u00e1lis alkalmaz\u00e1s\u00e1nak az antibiotikumok ter\u00fclet\u00e9n is nagy jelent\u0151s\u00e9ge van a multirezisztens bakt\u00e9riumokkal szembeni k\u00fczdelemben (kr\u00f3nikus \u00e9s posztoperat\u00edv sebek, illetve traum\u00e1s s\u00e9r\u00fcl\u00e9sek eset\u00e9n). Kiemelte: a nanosz\u00e1las gy\u00f3gyszerhordoz\u00f3k a hat\u00f3anyagok oldhat\u00f3s\u00e1g\u00e1nak eml\u00edtett n\u00f6vel\u00e9s\u00e9vel\u00a0relev\u00e1ns gy\u00f3gyszertechnol\u00f3giai seg\u00e9danyagokk\u00e1 v\u00e1lhatnak.<\/p>\n","protected":false},"excerpt":{"rendered":"<p>Klinikai kutat\u00f3 kateg\u00f3ria\u00a0 A hegesed\u00e9si folyamat lek\u00fczd\u00e9se <a href=\"https:\/\/semmelweis.hu\/tudrh\/files\/2024\/04\/DSC_3292-scaled.jpg\"><\/a> A leginnovat\u00edvabb klinikai kutat\u00f3munk\u00e1\u00e9rt j\u00e1r\u00f3 d\u00edjat dr. Fekete Andrea, az I. Sz. Gyermekgy\u00f3gy\u00e1szati Klinika tan\u00e1rseg\u00e9dje \u00e9s dr. Vannay \u00c1d\u00e1m, az MTA Gyermekgy\u00f3gy\u00e1szati \u00e9s Nefrol\u00f3giai Kutat\u00f3csoportj\u00e1nak tudom\u00e1nyos f\u0151munkat\u00e1rsa vehette \u00e1t dr. Bagdy Gy\u00f6rgy tudom\u00e1nyos rektorhelyettest\u0151l. Dr. Vannay \u00c1d\u00e1m el\u0151ad\u00e1sban kiemelte, hogy az euroatlanti t\u00e1rsadalmakban minden m\u00e1sodik hal\u00e1loz\u00e1s h\u00e1tter\u00e9ben egy &hellip;<\/p>\n","protected":false},"author":102297,"featured_media":0,"parent":6391,"menu_order":20,"comment_status":"closed","ping_status":"closed","template":"","meta":{"_acf_changed":false,"footnotes":""},"categories":[],"tags":[],"class_list":["post-7595","page","type-page","status-publish","hentry"],"acf":[],"_links":{"self":[{"href":"https:\/\/semmelweis.hu\/tudrh\/wp-json\/wp\/v2\/pages\/7595","targetHints":{"allow":["GET"]}}],"collection":[{"href":"https:\/\/semmelweis.hu\/tudrh\/wp-json\/wp\/v2\/pages"}],"about":[{"href":"https:\/\/semmelweis.hu\/tudrh\/wp-json\/wp\/v2\/types\/page"}],"author":[{"embeddable":true,"href":"https:\/\/semmelweis.hu\/tudrh\/wp-json\/wp\/v2\/users\/102297"}],"replies":[{"embeddable":true,"href":"https:\/\/semmelweis.hu\/tudrh\/wp-json\/wp\/v2\/comments?post=7595"}],"version-history":[{"count":6,"href":"https:\/\/semmelweis.hu\/tudrh\/wp-json\/wp\/v2\/pages\/7595\/revisions"}],"predecessor-version":[{"id":9853,"href":"https:\/\/semmelweis.hu\/tudrh\/wp-json\/wp\/v2\/pages\/7595\/revisions\/9853"}],"up":[{"embeddable":true,"href":"https:\/\/semmelweis.hu\/tudrh\/wp-json\/wp\/v2\/pages\/6391"}],"wp:attachment":[{"href":"https:\/\/semmelweis.hu\/tudrh\/wp-json\/wp\/v2\/media?parent=7595"}],"wp:term":[{"taxonomy":"category","embeddable":true,"href":"https:\/\/semmelweis.hu\/tudrh\/wp-json\/wp\/v2\/categories?post=7595"},{"taxonomy":"post_tag","embeddable":true,"href":"https:\/\/semmelweis.hu\/tudrh\/wp-json\/wp\/v2\/tags?post=7595"}],"curies":[{"name":"wp","href":"https:\/\/api.w.org\/{rel}","templated":true}]}}