{"id":7531,"date":"2020-11-12T13:19:35","date_gmt":"2020-11-12T12:19:35","guid":{"rendered":"https:\/\/semmelweis.hu\/innovacio\/?page_id=7531"},"modified":"2024-04-24T09:35:32","modified_gmt":"2024-04-24T07:35:32","slug":"dijazottak-2020","status":"publish","type":"page","link":"https:\/\/semmelweis.hu\/tudrh\/innovacios-dij\/dijazottak-2020\/","title":{"rendered":"D\u00edjazottak 2020"},"content":{"rendered":"<h4><strong>Kutat\u00f3i kateg\u00f3ria d\u00edjazottak<\/strong><\/h4>\n<p style=\"text-align: left;\"><strong>Dentinm\u00e9r\u0151<\/strong><\/p>\n<p style=\"text-align: justify;\">A <strong>Dr. Dob\u00f3 Nagy Csaba (SE FOK Or\u00e1lis Diagnosztikai Tansz\u00e9k) \u00e9s Orb\u00e1n G\u00e1bor<\/strong> egy olyan m\u00e9r\u0151eszk\u00f6z\u00f6n kezdett el dolgozni, mely a gyakorlati fogorvostudom\u00e1ny sz\u00e1m\u00e1ra k\u00edn\u00e1l egyed\u00fcl\u00e1ll\u00f3 diagnosztikai lehet\u0151s\u00e9get a dentinvastags\u00e1g kisz\u00e1m\u00edt\u00e1s\u00e1ra.<\/p>\n<p>A kutat\u00e1s c\u00e9lkit\u0171z\u00e9se egy olyan m\u00e9r\u0151eszk\u00f6z fejleszt\u00e9se, amellyel a fog\u00e1szati beavatkoz\u00e1s k\u00f6zbeni gyors m\u00e9r\u00e9sek jelent\u0151s k\u00f6nnyebbs\u00e9get ny\u00fajtan\u00e1nak a kezel\u00e9st v\u00e9gz\u0151 orvosnak, mellyel a fogbelet v\u00e9letlen el\u00e9r\u0151 r\u00e9tegelt\u00e1vol\u00edt\u00f3 elj\u00e1r\u00e1sok megel\u0151zhet\u0151v\u00e9 v\u00e1lnak.<\/p>\n<p><a href=\"https:\/\/semmelweis.hu\/tudrh\/files\/2024\/04\/Dr.-Dobo_Orban-scaled-1.jpg\"><img loading=\"lazy\" decoding=\"async\" class=\"aligncenter size-large wp-image-9814\" src=\"https:\/\/semmelweis.hu\/tudrh\/files\/2024\/04\/Dr.-Dobo_Orban-scaled-1-1024x682.jpg\" alt=\"\" width=\"753\" height=\"502\" srcset=\"https:\/\/semmelweis.hu\/tudrh\/files\/2024\/04\/Dr.-Dobo_Orban-scaled-1-1024x682.jpg 1024w, https:\/\/semmelweis.hu\/tudrh\/files\/2024\/04\/Dr.-Dobo_Orban-scaled-1-400x267.jpg 400w, https:\/\/semmelweis.hu\/tudrh\/files\/2024\/04\/Dr.-Dobo_Orban-scaled-1-768x512.jpg 768w, https:\/\/semmelweis.hu\/tudrh\/files\/2024\/04\/Dr.-Dobo_Orban-scaled-1-1536x1024.jpg 1536w, https:\/\/semmelweis.hu\/tudrh\/files\/2024\/04\/Dr.-Dobo_Orban-scaled-1-2048x1365.jpg 2048w, https:\/\/semmelweis.hu\/tudrh\/files\/2024\/04\/Dr.-Dobo_Orban-scaled-1-753x502.jpg 753w, https:\/\/semmelweis.hu\/tudrh\/files\/2024\/04\/Dr.-Dobo_Orban-scaled-1-203x135.jpg 203w\" sizes=\"auto, (max-width: 753px) 100vw, 753px\" \/><\/a><\/p>\n<p>Fog\u00e1szati beavatkoz\u00e1s sor\u00e1n, ha r\u00e9tegelt\u00e1vol\u00edt\u00e1sra (f\u00far\u00e1sra) ker\u00fcl a sor, jelenleg a fogorvos kez\u00e9nek finommotoros mozg\u00e1sa \u00e9s tapasztalat\u00e1nak f\u00fcggv\u00e9nye, hogy a visszamarad\u00f3 dentin r\u00e9teg milyen vastag maradhat. \u00c1ltal\u00e1nosan gyakorlatba vett elj\u00e1r\u00e1s, hogy 0,5 mm vastag r\u00e9teg al\u00e1 nem v\u00e9kony\u00edtanak dentin r\u00e9teget, mert a fogb\u00e9lbe t\u00f6rt\u00e9n\u0151 f\u00far\u00e1snak s\u00falyos k\u00f6vetkezm\u00e9nyei vannak, egy egyszer\u0171 fogt\u00f6m\u00e9sb\u0151l k\u00f6nnyen lehet gy\u00f6k\u00e9rkezel\u00e9s. Az \u00e1lalunk fejlesztett m\u00e9r\u0151m\u0171szer ezt hivatott megel\u0151zni oly m\u00f3don, hogy lehet\u0151s\u00e9get ad a kezel\u00e9st v\u00e9gz\u0151 fogorvosnak a dentinr\u00e9teg vastags\u00e1g\u00e1nak megm\u00e9r\u00e9s\u00e9re, megel\u0151zhet\u0151v\u00e9 t\u00e9ve ezzel a fogb\u00e9l felsz\u00ednre ker\u00fcl\u00e9s\u00e9t. Az eszk\u00f6z protot\u00edpus fejleszt\u00e9s\u00e9nek sikeress\u00e9ge eset\u00e9n fontos eleme lehet minden \u00e1ltal\u00e1nos fog\u00e1szati beavatkoz\u00e1sokat v\u00e9gz\u0151 rendel\u0151nek.<\/p>\n<p>Els\u0151 k\u00f6rben az alapkutat\u00e1s sor\u00e1n k\u00eds\u00e9rleteket v\u00e9geztek b\u00f6lcsess\u00e9gfog prepar\u00e1ci\u00f3kon, majd mivel az alap\u00f6tlet m\u0171k\u00f6d\u0151k\u00e9pesnek bizonyult, a technol\u00f3gia kialak\u00edt\u00e1sa k\u00f6vetkezett. A saj\u00e1t elektronika tervez\u00e9se, \u00e9s az arra k\u00e9sz\u00fcl\u0151 saj\u00e1t adatfeldolgoz\u00f3 \u00e9s megjelen\u00edt\u0151 szoftver fejleszt\u00e9se folyamatban van, k\u00f6sz\u00f6nhet\u0151en a Semmelweis Tudom\u00e1nyos \u00e9s Innov\u00e1ci\u00f3s Alap 2019. \u00e9vi p\u00e1ly\u00e1zat t\u00e1mogat\u00e1s\u00e1nak.<\/p>\n<p style=\"text-align: justify;\"><em>Iparjogv\u00e9delmi st\u00e1tusz<\/em>: A tal\u00e1lm\u00e1ny 2019.05.24. els\u0151bbs\u00e9gi nappal haszn\u00e1lati mintaoltalmi v\u00e9delemben r\u00e9szes\u00fclt.\u00a0<\/p>\n<h1><strong><span style=\"font-size: 18pt;\">PhD kateg\u00f3ria d\u00edjazott\u00a0<\/span><\/strong><\/h1>\n<p><strong>Dr. Voniatis Konstantinos<\/strong>\u00a0| T\u00e9mavezet\u0151: Dr. Jedlovszky-Hajd\u00fa Ang\u00e9la, Dr. Ferencz Andrea \u00a0Semmelweis egyetem, Nanok\u00e9miai Kutat\u00f3csoport, Biofizikai \u00e9s Sug\u00e1rbiol\u00f3giai Int\u00e9zet\u00a0Semmelweis egyetem, K\u00eds\u00e9rletes \u00e9s Seb\u00e9szeti M\u0171t\u00e9ttani Int\u00e9zet<\/p>\n<p><a href=\"https:\/\/semmelweis.hu\/tudrh\/files\/2024\/04\/Dr.-Konstantinos-scaled-1.jpg\"><img loading=\"lazy\" decoding=\"async\" class=\"aligncenter size-large wp-image-9816\" src=\"https:\/\/semmelweis.hu\/tudrh\/files\/2024\/04\/Dr.-Konstantinos-scaled-1-1024x682.jpg\" alt=\"\" width=\"753\" height=\"502\" srcset=\"https:\/\/semmelweis.hu\/tudrh\/files\/2024\/04\/Dr.-Konstantinos-scaled-1-1024x682.jpg 1024w, https:\/\/semmelweis.hu\/tudrh\/files\/2024\/04\/Dr.-Konstantinos-scaled-1-400x267.jpg 400w, https:\/\/semmelweis.hu\/tudrh\/files\/2024\/04\/Dr.-Konstantinos-scaled-1-768x512.jpg 768w, https:\/\/semmelweis.hu\/tudrh\/files\/2024\/04\/Dr.-Konstantinos-scaled-1-1536x1024.jpg 1536w, https:\/\/semmelweis.hu\/tudrh\/files\/2024\/04\/Dr.-Konstantinos-scaled-1-2048x1365.jpg 2048w, https:\/\/semmelweis.hu\/tudrh\/files\/2024\/04\/Dr.-Konstantinos-scaled-1-753x502.jpg 753w, https:\/\/semmelweis.hu\/tudrh\/files\/2024\/04\/Dr.-Konstantinos-scaled-1-203x135.jpg 203w\" sizes=\"auto, (max-width: 753px) 100vw, 753px\" \/><\/a><\/p>\n<p>A 2020-as Innov\u00e1ci\u00f3s D\u00edj PhD kateg\u00f3ria nyertes p\u00e1ly\u00e1z\u00f3ja dr. Voniatis Konstantinos, aki a Semmelweis Egyetem Nanok\u00e9miai Kutat\u00f3csoport, Biofizikai \u00e9s Sug\u00e1rbiol\u00f3giai Int\u00e9zet\u00e9ben valamint a Semmelweis Egyetem K\u00eds\u00e9rletes \u00e9s Seb\u00e9szeti M\u0171t\u00e9ttani Int\u00e9zet\u00e9ben\u00a0 dolgozik. A gy\u0151ztes p\u00e1ly\u00e1zatban a Semmelweis Egyetem olyan \u00fczleti potenci\u00e1lt l\u00e1t, hogy azt \u00fczleti titokk\u00e1 min\u0151s\u00edtette. Jelen st\u00e1diumban a feltal\u00e1l\u00f3 m\u00e9g dolgozik a fejleszt\u00e9sen, \u00e9s a bejelent\u00e9st k\u00f6vet\u0151en lesz lehet\u0151s\u00e9g tov\u00e1bbi inform\u00e1ci\u00f3k megoszt\u00e1s\u00e1ra a tal\u00e1lm\u00e1nyr\u00f3l.<\/p>\n<h4><strong><a href=\"https:\/\/semmelweis.hu\/tudrh\/files\/2024\/04\/NKFIA_infoblokk_kerettel_projekt_fekvo_2019_HU-400x169-1.jpg\"><img loading=\"lazy\" decoding=\"async\" class=\"alignright size-full wp-image-9817\" src=\"https:\/\/semmelweis.hu\/tudrh\/files\/2024\/04\/NKFIA_infoblokk_kerettel_projekt_fekvo_2019_HU-400x169-1.jpg\" alt=\"\" width=\"400\" height=\"169\" \/><\/a>TDK kateg\u00f3ria d\u00edjazott\u00a0<\/strong><\/h4>\n<p><strong>Dr. Kiss Boldizs\u00e1r<\/strong>\u00a0| T\u00e9mavezet\u0151: Dr. habil Zima Endre Istv\u00e1n<\/p>\n<p>V\u00e1rosmajori Sz\u00edv- \u00e9s \u00c9rgy\u00f3gy\u00e1szati Klinika; Kardiol\u00f3giai Tansz\u00e9k<\/p>\n<p><strong>PCA (post cardiac arrest) pontrendszer<\/strong><\/p>\n<p>A hossz\u00fa \u00fajra\u00e9leszt\u00e9sen \u00e1tesett betegek az \u00fajra\u00e9leszt\u00e9s (post cardiac arrest, PCA) ut\u00e1ni id\u0151szakban komplex intenz\u00edv ter\u00e1pi\u00e1s ell\u00e1t\u00e1sra szorulnak. A kering\u00e9smeg\u00e1ll\u00e1s gyors \u00e9s szakszer\u0171 ell\u00e1t\u00e1st ig\u00e9nyel, mivel az \u00fajra\u00e9leszt\u00e9s alatti hossz\u00fa hipoperf\u00fazi\u00f3 az agy, a sz\u00edvizom \u00e9s m\u00e1s c\u00e9lszerv k\u00e1rosod\u00e1s\u00e1t okozhatja. Dr. Kiss Boldizs\u00e1r egy olyan valid\u00e1lt pontrendszer kialak\u00edt\u00e1s\u00e1t t\u0171zte ki c\u00e9lul, amely megb\u00edzhat\u00f3an megbecs\u00fcln\u00e9 a mortalit\u00e1si rizik\u00f3t \u00e9s a neurol\u00f3giaikimenetelt a beteg intenz\u00edv oszt\u00e1lyra ker\u00fcl\u00e9sekor korai, gyorsan rendelkez\u00e9sre \u00e1ll\u00f3 faktorokb\u00f3l.<\/p>\n<p><a href=\"https:\/\/semmelweis.hu\/tudrh\/files\/2024\/04\/Dr.-Kiss-Boldizsar-scaled-1.jpg\"><img loading=\"lazy\" decoding=\"async\" class=\"aligncenter size-large wp-image-9815\" src=\"https:\/\/semmelweis.hu\/tudrh\/files\/2024\/04\/Dr.-Kiss-Boldizsar-scaled-1-1024x682.jpg\" alt=\"\" width=\"753\" height=\"502\" srcset=\"https:\/\/semmelweis.hu\/tudrh\/files\/2024\/04\/Dr.-Kiss-Boldizsar-scaled-1-1024x682.jpg 1024w, https:\/\/semmelweis.hu\/tudrh\/files\/2024\/04\/Dr.-Kiss-Boldizsar-scaled-1-400x267.jpg 400w, https:\/\/semmelweis.hu\/tudrh\/files\/2024\/04\/Dr.-Kiss-Boldizsar-scaled-1-768x512.jpg 768w, https:\/\/semmelweis.hu\/tudrh\/files\/2024\/04\/Dr.-Kiss-Boldizsar-scaled-1-1536x1024.jpg 1536w, https:\/\/semmelweis.hu\/tudrh\/files\/2024\/04\/Dr.-Kiss-Boldizsar-scaled-1-2048x1365.jpg 2048w, https:\/\/semmelweis.hu\/tudrh\/files\/2024\/04\/Dr.-Kiss-Boldizsar-scaled-1-753x502.jpg 753w, https:\/\/semmelweis.hu\/tudrh\/files\/2024\/04\/Dr.-Kiss-Boldizsar-scaled-1-203x135.jpg 203w\" sizes=\"auto, (max-width: 753px) 100vw, 753px\" \/><\/a><\/p>\n<p>A Forecast of Mortality Risk Early in the post Cardiac Arrest Syndrome Therapy (FORECAST) pontrendszer megalkot\u00e1s\u00e1n\u00e1l kimondottan olyan korai faktorokra f\u00f3kusz\u00e1lt, melyek a sikeres \u00fajra\u00e9leszt\u00e9st k\u00f6vet\u0151en egyszer\u0171en meghat\u00e1rozhat\u00f3ak a felv\u00e9telt k\u00f6vet\u0151 betegell\u00e1t\u00e1s els\u0151 p\u00e1r \u00f3r\u00e1j\u00e1ban. A \u201eFORECAST\u201d pontrendszer sz\u00e1mszer\u0171s\u00edtett ir\u00e1nymutat\u00e1s\u00e1val jobban ki lehetne sz\u0171rni azokat a betegeket, akik alacsony vagy \u00e9ppen magas progresszi\u00f3j\u00fa intenz\u00edv ell\u00e1t\u00e1sra szorulnak. A hemodinamikai instabilit\u00e1st jelz\u0151 kardiol\u00f3giai \u00e9s intenz\u00edv ter\u00e1pi\u00e1s rizik\u00f3faktorok mellett tov\u00e1bbi, az \u00fajra\u00e9leszt\u00e9s sikeress\u00e9g\u00e9t potenci\u00e1lisan meghat\u00e1roz\u00f3 faktorokat vesz alapul.<\/p>\n<p style=\"text-align: justify;\">A pontrendszer adta inform\u00e1ci\u00f3 birtok\u00e1ban m\u00e1r a beteg felv\u00e9tel\u00e9t k\u00f6vet\u0151 n\u00e9h\u00e1ny \u00f3r\u00e1ban lehet\u0151s\u00e9g van a hozz\u00e1tartoz\u00f3k t\u00e1j\u00e9koztat\u00e1s\u00e1ra a v\u00e1rhat\u00f3 perspekt\u00edv\u00e1kr\u00f3l, az optim\u00e1lis ell\u00e1t\u00e1s mellett v\u00e1rhat\u00f3 kimenetelr\u0151l. Ezen inform\u00e1ci\u00f3k elemz\u00e9se az ell\u00e1t\u00e1s ellen\u0151rz\u00e9s\u00e9ben \u00e9s jav\u00edt\u00e1s\u00e1ban seg\u00edthet. Tov\u00e1bbi jelent\u0151s\u00e9ge lehet, hogy az inform\u00e1ci\u00f3k elemz\u00e9s\u00e9vel speci\u00e1lis primer prevenci\u00f3t ig\u00e9nyl\u0151 c\u00e9lcsoportok meghat\u00e1roz\u00e1sa v\u00e1lik lehet\u0151v\u00e9.<\/p>\n<p><em>Iparjogv\u00e9delmi st\u00e1tusz<\/em>: A tal\u00e1lm\u00e1ny ipari hasznos\u00edthat\u00f3s\u00e1ga nem kidolgozott. Ingyenes applik\u00e1ci\u00f3ban seg\u00edtheti az orvosokat a napi munkav\u00e9gz\u00e9s sor\u00e1n.<\/p>\n","protected":false},"excerpt":{"rendered":"<p>Kutat\u00f3i kateg\u00f3ria d\u00edjazottak Dentinm\u00e9r\u0151 A Dr. Dob\u00f3 Nagy Csaba (SE FOK Or\u00e1lis Diagnosztikai Tansz\u00e9k) \u00e9s Orb\u00e1n G\u00e1bor egy olyan m\u00e9r\u0151eszk\u00f6z\u00f6n kezdett el dolgozni, mely a gyakorlati fogorvostudom\u00e1ny sz\u00e1m\u00e1ra k\u00edn\u00e1l egyed\u00fcl\u00e1ll\u00f3 diagnosztikai lehet\u0151s\u00e9get a dentinvastags\u00e1g kisz\u00e1m\u00edt\u00e1s\u00e1ra. A kutat\u00e1s c\u00e9lkit\u0171z\u00e9se egy olyan m\u00e9r\u0151eszk\u00f6z fejleszt\u00e9se, amellyel a fog\u00e1szati beavatkoz\u00e1s k\u00f6zbeni gyors m\u00e9r\u00e9sek jelent\u0151s k\u00f6nnyebbs\u00e9get ny\u00fajtan\u00e1nak a kezel\u00e9st v\u00e9gz\u0151 &hellip;<\/p>\n","protected":false},"author":102297,"featured_media":0,"parent":6391,"menu_order":16,"comment_status":"closed","ping_status":"closed","template":"","meta":{"_acf_changed":false,"footnotes":""},"categories":[],"tags":[],"class_list":["post-7531","page","type-page","status-publish","hentry"],"acf":[],"_links":{"self":[{"href":"https:\/\/semmelweis.hu\/tudrh\/wp-json\/wp\/v2\/pages\/7531","targetHints":{"allow":["GET"]}}],"collection":[{"href":"https:\/\/semmelweis.hu\/tudrh\/wp-json\/wp\/v2\/pages"}],"about":[{"href":"https:\/\/semmelweis.hu\/tudrh\/wp-json\/wp\/v2\/types\/page"}],"author":[{"embeddable":true,"href":"https:\/\/semmelweis.hu\/tudrh\/wp-json\/wp\/v2\/users\/102297"}],"replies":[{"embeddable":true,"href":"https:\/\/semmelweis.hu\/tudrh\/wp-json\/wp\/v2\/comments?post=7531"}],"version-history":[{"count":4,"href":"https:\/\/semmelweis.hu\/tudrh\/wp-json\/wp\/v2\/pages\/7531\/revisions"}],"predecessor-version":[{"id":9856,"href":"https:\/\/semmelweis.hu\/tudrh\/wp-json\/wp\/v2\/pages\/7531\/revisions\/9856"}],"up":[{"embeddable":true,"href":"https:\/\/semmelweis.hu\/tudrh\/wp-json\/wp\/v2\/pages\/6391"}],"wp:attachment":[{"href":"https:\/\/semmelweis.hu\/tudrh\/wp-json\/wp\/v2\/media?parent=7531"}],"wp:term":[{"taxonomy":"category","embeddable":true,"href":"https:\/\/semmelweis.hu\/tudrh\/wp-json\/wp\/v2\/categories?post=7531"},{"taxonomy":"post_tag","embeddable":true,"href":"https:\/\/semmelweis.hu\/tudrh\/wp-json\/wp\/v2\/tags?post=7531"}],"curies":[{"name":"wp","href":"https:\/\/api.w.org\/{rel}","templated":true}]}}