{"id":6759,"date":"2018-10-13T09:51:20","date_gmt":"2018-10-13T07:51:20","guid":{"rendered":"http:\/\/semmelweis.hu\/innovacios-igazgatosag\/?page_id=6759"},"modified":"2024-04-24T09:39:09","modified_gmt":"2024-04-24T07:39:09","slug":"dijazottak-2018","status":"publish","type":"page","link":"https:\/\/semmelweis.hu\/tudrh\/innovacios-dij\/dijazottak-2018\/","title":{"rendered":"D\u00edjazottak 2018"},"content":{"rendered":"<h4><strong>Klinikai kutat\u00f3 kateg\u00f3ria d\u00edjazott\u00a0<\/strong><\/h4>\n<p><strong>3D modellez\u00e9si \u00e9s \u00e1raml\u00e1stani szimul\u00e1ci\u00f3k komplex seb\u00e9szeti beavatkoz\u00e1sokhoz, rekonstrukci\u00f3k DICOM f\u00e1jlokb\u00f3l<\/strong><\/p>\n<p><strong><a href=\"https:\/\/semmelweis.hu\/tudrh\/files\/2024\/04\/Barabas-J.-Imre-scaled.jpg\"><img loading=\"lazy\" decoding=\"async\" class=\"alignright  wp-image-9794\" src=\"https:\/\/semmelweis.hu\/tudrh\/files\/2024\/04\/Barabas-J.-Imre-267x400.jpg\" alt=\"\" width=\"234\" height=\"351\" srcset=\"https:\/\/semmelweis.hu\/tudrh\/files\/2024\/04\/Barabas-J.-Imre-267x400.jpg 267w, https:\/\/semmelweis.hu\/tudrh\/files\/2024\/04\/Barabas-J.-Imre-683x1024.jpg 683w, https:\/\/semmelweis.hu\/tudrh\/files\/2024\/04\/Barabas-J.-Imre-768x1152.jpg 768w, https:\/\/semmelweis.hu\/tudrh\/files\/2024\/04\/Barabas-J.-Imre-1024x1536.jpg 1024w, https:\/\/semmelweis.hu\/tudrh\/files\/2024\/04\/Barabas-J.-Imre-1365x2048.jpg 1365w, https:\/\/semmelweis.hu\/tudrh\/files\/2024\/04\/Barabas-J.-Imre-753x1129.jpg 753w, https:\/\/semmelweis.hu\/tudrh\/files\/2024\/04\/Barabas-J.-Imre-scaled.jpg 1707w\" sizes=\"auto, (max-width: 234px) 100vw, 234px\" \/><\/a>Dr. Barab\u00e1s J\u00e1nos Imre<\/strong>, Prof. Dr. Rosivall L\u00e1szl\u00f3, Dr. R\u00e9nyi-V\u00e1mos Ferenc, Dr. Harty\u00e1nszky Istv\u00e1n, Prof. Dr. Merkely B\u00e9la<\/p>\n<p style=\"text-align: justify;\">A kardiovaszkul\u00e1ris \u00e9s a daganatter\u00e1pia fejl\u0151d\u00e9se\u00a0k\u00f6vetkezt\u00e9ben n\u00f6vekv\u0151 sz\u00e1mban jelentkeznek komplex betegs\u00e9gek a mindennapi orvosi gyakorlatban. Ezzel p\u00e1rhuzamosan a sz\u00e1m\u00edt\u00e1stechnika fejl\u0151d\u00e9se \u00faj lehet\u0151s\u00e9geket ny\u00fajt a betegell\u00e1t\u00e1sban. Fejleszt\u00e9s\u00fcnk interdiszciplinarit\u00e1s\u00e1b\u00f3l ad\u00f3d\u00f3an a m\u00e9rn\u00f6ki eszk\u00f6z\u00f6ket alkalmazva v\u00e9gz\u00fcnk 3D rekonstrukci\u00f3t \u00e9s \u00e1raml\u00e1stani predikci\u00f3t az adott beteg anat\u00f3mi\u00e1j\u00e1ra \u00e9s adott m\u0171t\u00e9ti tev\u00e9kenys\u00e9gre adapt\u00e1lva. Ezzel nyilatkozva a m\u0171t\u00e9tet megel\u0151z\u0151en a seb\u00e9szeti beavatkoz\u00e1s biztons\u00e1g\u00e1r\u00f3l \u00e9s a daganatok rezek\u00e1bilit\u00e1s\u00e1r\u00f3l.<\/p>\n<p style=\"text-align: justify;\">Fejleszt\u00e9s\u00fcnkkel fel\u00e9p\u00edtett\u00fcnk egy seb\u00e9szi d\u00f6nt\u00e9st\u00e1mogat\u00f3 rendszert, mely a szem\u00e9lyre szabott orvosl\u00e1s mellett oktat\u00e1si eszk\u00f6zk\u00e9nt is haszn\u00e1lhat\u00f3 gradu\u00e1lis \u00e9s posztgradu\u00e1lis szinten. Rutin orvosi k\u00e9palkot\u00f3 elj\u00e1r\u00e1sokkal (MRI, CT \u00e9s ultrahang) k\u00e9sz\u00edtett DICOM f\u00e1jlok t\u00f6bb inform\u00e1ci\u00f3t tartalmaznak, mint amit a konvencion\u00e1lis k\u00e9pmegjelen\u00edt\u0151 szoftverek mutatnak. Fejleszt\u00e9s\u00fcnkben MATLAB (Image and Signal Processing Toolbox, The MathWorks, Inc.) nyelven meg\u00edrt tan\u00edthat\u00f3 mesters\u00e9ges intelligencia alkalmaz\u00e1s\u00e1val ezen adatok kinyer\u00e9s\u00e9t optimaliz\u00e1ltuk.<\/p>\n<p><a href=\"https:\/\/semmelweis.hu\/tudrh\/files\/2024\/04\/CSOPORT-scaled.jpg\"><img loading=\"lazy\" decoding=\"async\" class=\"aligncenter size-large wp-image-9795\" src=\"https:\/\/semmelweis.hu\/tudrh\/files\/2024\/04\/CSOPORT-1024x683.jpg\" alt=\"\" width=\"753\" height=\"502\" srcset=\"https:\/\/semmelweis.hu\/tudrh\/files\/2024\/04\/CSOPORT-1024x683.jpg 1024w, https:\/\/semmelweis.hu\/tudrh\/files\/2024\/04\/CSOPORT-400x267.jpg 400w, https:\/\/semmelweis.hu\/tudrh\/files\/2024\/04\/CSOPORT-768x512.jpg 768w, https:\/\/semmelweis.hu\/tudrh\/files\/2024\/04\/CSOPORT-1536x1024.jpg 1536w, https:\/\/semmelweis.hu\/tudrh\/files\/2024\/04\/CSOPORT-2048x1365.jpg 2048w, https:\/\/semmelweis.hu\/tudrh\/files\/2024\/04\/CSOPORT-753x502.jpg 753w, https:\/\/semmelweis.hu\/tudrh\/files\/2024\/04\/CSOPORT-203x135.jpg 203w\" sizes=\"auto, (max-width: 753px) 100vw, 753px\" \/><\/a><\/p>\n<h4><strong>PhD kateg\u00f3ria d\u00edjazott<\/strong><\/h4>\n<p><strong>Ortho-vezikula, mikrovezikul\u00e1k vizsg\u00e1lata periprotetikus fert\u0151z\u00e9sekben<\/strong><\/p>\n<p><strong><a href=\"https:\/\/semmelweis.hu\/tudrh\/files\/2024\/04\/RS84154_KA-20181009-KA__4970-scaled.jpg\"><img loading=\"lazy\" decoding=\"async\" class=\"alignright  wp-image-9797\" src=\"https:\/\/semmelweis.hu\/tudrh\/files\/2024\/04\/RS84154_KA-20181009-KA__4970-259x400.jpg\" alt=\"\" width=\"227\" height=\"351\" srcset=\"https:\/\/semmelweis.hu\/tudrh\/files\/2024\/04\/RS84154_KA-20181009-KA__4970-259x400.jpg 259w, https:\/\/semmelweis.hu\/tudrh\/files\/2024\/04\/RS84154_KA-20181009-KA__4970-662x1024.jpg 662w, https:\/\/semmelweis.hu\/tudrh\/files\/2024\/04\/RS84154_KA-20181009-KA__4970-768x1188.jpg 768w, https:\/\/semmelweis.hu\/tudrh\/files\/2024\/04\/RS84154_KA-20181009-KA__4970-993x1536.jpg 993w, https:\/\/semmelweis.hu\/tudrh\/files\/2024\/04\/RS84154_KA-20181009-KA__4970-1324x2048.jpg 1324w, https:\/\/semmelweis.hu\/tudrh\/files\/2024\/04\/RS84154_KA-20181009-KA__4970-753x1165.jpg 753w, https:\/\/semmelweis.hu\/tudrh\/files\/2024\/04\/RS84154_KA-20181009-KA__4970-scaled.jpg 1655w\" sizes=\"auto, (max-width: 227px) 100vw, 227px\" \/><\/a>Dr. Sallai Imre<\/strong><\/p>\n<p>T\u00e9mavezet\u0151: Dr. Skaliczki G\u00e1bor<\/p>\n<p style=\"text-align: justify;\">Az iz\u00fcleti implant\u00e1tumok egyik legnagyobb probl\u00e9m\u00e1t okoz\u00f3\u00a0sz\u00f6v\u0151dm\u00e9nye a fert\u0151z\u00e9s, melynek gyakoris\u00e1ga az \u00e9letkor el\u0151rehalad\u00e1s\u00e1val n\u00f6vekszik. A fert\u0151z\u00e9seket \u00e1ltal\u00e1ban biofilmet k\u00e9pz\u0151 mikroorganizmusok okozz\u00e1k, a biofilm a fert\u0151z\u00e9s korai st\u00e1dium\u00e1ban kialakul \u00e9s az implant\u00e1tum felsz\u00edn\u00e9hez, valamint a prot\u00e9zist r\u00f6gz\u00edt\u0151 csontcementhez kapcsol\u00f3dik, emiatt a fert\u0151z\u00e9s \u00f6n\u00e1ll\u00f3an antibiotikus kezel\u00e9ssel rendszerint nem gy\u00f3gy\u00edthat\u00f3, szinte minden esetben seb\u00e9szeti beavatkoz\u00e1s sz\u00fcks\u00e9ges hozz\u00e1.<\/p>\n<p style=\"text-align: justify;\">A mikrovezikul\u00e1nak nevezett, sejtmembr\u00e1nnal k\u00f6r\u00fclvett vezikula t\u00edpus, sejtek k\u00f6z\u00f6tti kommunik\u00e1ci\u00f3ban j\u00e1tszott \u2013 a fert\u0151z\u00e9sek sor\u00e1n is fontos \u2013 szerep\u00fck az ut\u00f3bbi id\u0151ben ker\u00fclt el\u0151t\u00e9rbe. Felt\u00e9telez\u00e9s\u00fcnk szerint \u00edz\u00fcleti felsz\u00ednp\u00f3tl\u00f3 endoprot\u00e9zisek k\u00f6r\u00fcli fert\u0151z\u00e9s eset\u00e9ben az antimikrobi\u00e1lis peptidek emelkedett expresszi\u00f3ja, valamint a neutrofil granulocit\u00e1k \u00e1ltal felszabad\u00edtott mikrovezikul\u00e1k mennyis\u00e9ge a synovialis folyad\u00e9kban detekt\u00e1lhat\u00f3an emelkedik. Ennek a markernek a detekt\u00e1l\u00e1sa ak\u00e1r az \u00edz\u00fcleti folyad\u00e9kb\u00f3l, ak\u00e1r a sz\u00e9rumb\u00f3l a periprotetikus fert\u0151z\u00e9sek diagnosztik\u00e1j\u00e1ban rendk\u00edv\u00fcl hasznosnak t\u0171nik.<\/p>\n<p><a href=\"https:\/\/semmelweis.hu\/tudrh\/files\/2024\/04\/RS84156_KA-20181009-KA__4959-scaled.jpg\"><img loading=\"lazy\" decoding=\"async\" class=\"aligncenter size-large wp-image-9798\" src=\"https:\/\/semmelweis.hu\/tudrh\/files\/2024\/04\/RS84156_KA-20181009-KA__4959-1024x678.jpg\" alt=\"\" width=\"753\" height=\"499\" srcset=\"https:\/\/semmelweis.hu\/tudrh\/files\/2024\/04\/RS84156_KA-20181009-KA__4959-1024x678.jpg 1024w, https:\/\/semmelweis.hu\/tudrh\/files\/2024\/04\/RS84156_KA-20181009-KA__4959-400x265.jpg 400w, https:\/\/semmelweis.hu\/tudrh\/files\/2024\/04\/RS84156_KA-20181009-KA__4959-768x508.jpg 768w, https:\/\/semmelweis.hu\/tudrh\/files\/2024\/04\/RS84156_KA-20181009-KA__4959-1536x1016.jpg 1536w, https:\/\/semmelweis.hu\/tudrh\/files\/2024\/04\/RS84156_KA-20181009-KA__4959-2048x1355.jpg 2048w, https:\/\/semmelweis.hu\/tudrh\/files\/2024\/04\/RS84156_KA-20181009-KA__4959-753x498.jpg 753w, https:\/\/semmelweis.hu\/tudrh\/files\/2024\/04\/RS84156_KA-20181009-KA__4959-203x135.jpg 203w\" sizes=\"auto, (max-width: 753px) 100vw, 753px\" \/><\/a><\/p>\n<p style=\"text-align: justify;\">Kutat\u00f3csoportunk c\u00e9lul t\u0171zte maga el\u00e9 annak vizsg\u00e1lat\u00e1t, hogy a feh\u00e9rv\u00e9rsejtek \u00e1ltal felszabad\u00edtott mikrovezikul\u00e1k m\u00e9rhet\u0151en megjelennek-e periprotetikus fert\u0151z\u00e9sekben, valamint annak eld\u00f6nt\u00e9s\u00e9t, hogy ezek a mikrovezikul\u00e1k diagnosztikus eszk\u00f6zk\u00e9nt szolg\u00e1lhatnak-e szeptikus, valamint aszeptikus prot\u00e9zis lazul\u00e1s elk\u00fcl\u00f6n\u00edt\u00e9s\u00e9ben.<\/p>\n<h4><strong>TDK kateg\u00f3ria d\u00edjazott<\/strong><\/h4>\n<div class=\"entry-content\">\n<p style=\"text-align: left;\"><strong>Virtu\u00e1lis val\u00f3s\u00e1g felhaszn\u00e1l\u00e1si lehet\u0151s\u00e9gei a gyermekonkol\u00f3gia ter\u00fclet\u00e9n<\/strong><\/p>\n<p style=\"text-align: justify;\"><strong><a href=\"https:\/\/semmelweis.hu\/tudrh\/files\/2024\/04\/RS84142_KA-20181009-KA__5047-scaled.jpg\"><img loading=\"lazy\" decoding=\"async\" class=\"alignright  wp-image-9796\" src=\"https:\/\/semmelweis.hu\/tudrh\/files\/2024\/04\/RS84142_KA-20181009-KA__5047-267x400.jpg\" alt=\"\" width=\"234\" height=\"351\" srcset=\"https:\/\/semmelweis.hu\/tudrh\/files\/2024\/04\/RS84142_KA-20181009-KA__5047-267x400.jpg 267w, https:\/\/semmelweis.hu\/tudrh\/files\/2024\/04\/RS84142_KA-20181009-KA__5047-683x1024.jpg 683w, https:\/\/semmelweis.hu\/tudrh\/files\/2024\/04\/RS84142_KA-20181009-KA__5047-768x1152.jpg 768w, https:\/\/semmelweis.hu\/tudrh\/files\/2024\/04\/RS84142_KA-20181009-KA__5047-1024x1536.jpg 1024w, https:\/\/semmelweis.hu\/tudrh\/files\/2024\/04\/RS84142_KA-20181009-KA__5047-1365x2048.jpg 1365w, https:\/\/semmelweis.hu\/tudrh\/files\/2024\/04\/RS84142_KA-20181009-KA__5047-753x1130.jpg 753w, https:\/\/semmelweis.hu\/tudrh\/files\/2024\/04\/RS84142_KA-20181009-KA__5047-scaled.jpg 1707w\" sizes=\"auto, (max-width: 234px) 100vw, 234px\" \/><\/a>Erd\u0151s S\u00e1ndor<\/strong><\/p>\n<p style=\"text-align: justify;\">Az onkol\u00f3giai betegs\u00e9gek egyik lehets\u00e9ges gy\u00f3gym\u00f3dja a kemoter\u00e1pi\u00e1s kezel\u00e9s, ami sz\u00e1mos mell\u00e9khat\u00e1ssal j\u00e1r. A leggyakoribb jelentett t\u00fcnetek k\u00f6z\u00e9 tartozik a h\u00e1nyinger, h\u00e1ny\u00e1s, anorexia, f\u00e1radts\u00e1g \u00e9s szorong\u00e1s. Ezeket a t\u00fcneteket csak s\u00falyosb\u00edtja a hospitaliz\u00e1ci\u00f3 miatt bek\u00f6vetkezett stresszes \u00e1llapot. Ezen hat\u00e1sok enyh\u00edt\u00e9se egyel\u0151re nem teljes m\u00e9rt\u00e9kben megoldott, \u00edgy \u00e9rdemesnek tal\u00e1ljuk \u00fajszer\u0171, \u00faj\u00edt\u00f3 megold\u00e1sok kipr\u00f3b\u00e1l\u00e1s\u00e1t. Kutat\u00e1sunk c\u00e9lja, hogy felt\u00e9rk\u00e9pezz\u00fck a virtu\u00e1lis val\u00f3s\u00e1g (virtual reality \u2013 VR) felhaszn\u00e1l\u00e1si lehet\u0151s\u00e9geit a gyermekonkol\u00f3gia ter\u00fclet\u00e9n. Kutat\u00e1sunkban a VR szubjekt\u00edv pszichol\u00f3giai jellemz\u0151in k\u00edv\u00fcl fiziol\u00f3giai hat\u00e1sait is vizsg\u00e1ln\u00e1nk kemoter\u00e1pi\u00e1s kezel\u00e9s alatt gyermekekben. A kutat\u00e1s hipot\u00e9zisei a k\u00f6vetkez\u0151k:\u00a0<\/p>\n<ol style=\"text-align: justify;\">\n<li>A VR kezel\u00e9s cs\u00f6kkenti a szorong\u00e1st, f\u00e1jdalom- \u00e9s f\u00e1rads\u00e1g\u00e9rzetet a kontroll kond\u00edci\u00f3hoz k\u00e9pest.<\/li>\n<li>A VR kezel\u00e9s cs\u00f6kkenti a pulzust, v\u00e9rnyom\u00e1st \u00e9s b\u0151rimpedanci\u00e1t.<\/li>\n<li>A VR kezel\u00e9s cs\u00f6kkenti a fogyasztott h\u00e1ny\u00e1scsillap\u00edt\u00f3k, illetve f\u00e1jdalomcsillap\u00edt\u00f3k mennyis\u00e9g\u00e9t.<\/li>\n<\/ol>\n<p style=\"text-align: justify;\">A vizsg\u00e1latba kb. 50 f\u0151t tervez\u00fcnk bevonni, akik a 8-18 \u00e9ves koroszt\u00e1lyba tartoznak \u00e9s a Semmelweis Egyetem II. sz\u00e1m\u00fa Gyermekgy\u00f3gy\u00e1szati Klinika betegei.<\/p>\n<\/div>\n","protected":false},"excerpt":{"rendered":"<p>Klinikai kutat\u00f3 kateg\u00f3ria d\u00edjazott\u00a0 3D modellez\u00e9si \u00e9s \u00e1raml\u00e1stani szimul\u00e1ci\u00f3k komplex seb\u00e9szeti beavatkoz\u00e1sokhoz, rekonstrukci\u00f3k DICOM f\u00e1jlokb\u00f3l <a href=\"https:\/\/semmelweis.hu\/tudrh\/files\/2024\/04\/Barabas-J.-Imre-scaled.jpg\"><\/a> Dr. Barab\u00e1s J\u00e1nos Imre, Prof. Dr. Rosivall L\u00e1szl\u00f3, Dr. R\u00e9nyi-V\u00e1mos Ferenc, Dr. Harty\u00e1nszky Istv\u00e1n, Prof. Dr. Merkely B\u00e9la A kardiovaszkul\u00e1ris \u00e9s a daganatter\u00e1pia fejl\u0151d\u00e9se\u00a0k\u00f6vetkezt\u00e9ben n\u00f6vekv\u0151 sz\u00e1mban jelentkeznek komplex betegs\u00e9gek a mindennapi orvosi gyakorlatban. Ezzel p\u00e1rhuzamosan a sz\u00e1m\u00edt\u00e1stechnika fejl\u0151d\u00e9se \u00faj lehet\u0151s\u00e9geket &hellip;<\/p>\n","protected":false},"author":102297,"featured_media":0,"parent":6391,"menu_order":18,"comment_status":"closed","ping_status":"closed","template":"","meta":{"_acf_changed":false,"footnotes":""},"categories":[],"tags":[],"class_list":["post-6759","page","type-page","status-publish","hentry"],"acf":[],"_links":{"self":[{"href":"https:\/\/semmelweis.hu\/tudrh\/wp-json\/wp\/v2\/pages\/6759","targetHints":{"allow":["GET"]}}],"collection":[{"href":"https:\/\/semmelweis.hu\/tudrh\/wp-json\/wp\/v2\/pages"}],"about":[{"href":"https:\/\/semmelweis.hu\/tudrh\/wp-json\/wp\/v2\/types\/page"}],"author":[{"embeddable":true,"href":"https:\/\/semmelweis.hu\/tudrh\/wp-json\/wp\/v2\/users\/102297"}],"replies":[{"embeddable":true,"href":"https:\/\/semmelweis.hu\/tudrh\/wp-json\/wp\/v2\/comments?post=6759"}],"version-history":[{"count":7,"href":"https:\/\/semmelweis.hu\/tudrh\/wp-json\/wp\/v2\/pages\/6759\/revisions"}],"predecessor-version":[{"id":9859,"href":"https:\/\/semmelweis.hu\/tudrh\/wp-json\/wp\/v2\/pages\/6759\/revisions\/9859"}],"up":[{"embeddable":true,"href":"https:\/\/semmelweis.hu\/tudrh\/wp-json\/wp\/v2\/pages\/6391"}],"wp:attachment":[{"href":"https:\/\/semmelweis.hu\/tudrh\/wp-json\/wp\/v2\/media?parent=6759"}],"wp:term":[{"taxonomy":"category","embeddable":true,"href":"https:\/\/semmelweis.hu\/tudrh\/wp-json\/wp\/v2\/categories?post=6759"},{"taxonomy":"post_tag","embeddable":true,"href":"https:\/\/semmelweis.hu\/tudrh\/wp-json\/wp\/v2\/tags?post=6759"}],"curies":[{"name":"wp","href":"https:\/\/api.w.org\/{rel}","templated":true}]}}