{"id":6520,"date":"2018-04-11T09:56:24","date_gmt":"2018-04-11T07:56:24","guid":{"rendered":"http:\/\/semmelweis.hu\/innovacios-igazgatosag\/?page_id=6520"},"modified":"2024-04-24T09:41:01","modified_gmt":"2024-04-24T07:41:01","slug":"dijazottak-2017","status":"publish","type":"page","link":"https:\/\/semmelweis.hu\/tudrh\/innovacios-dij\/dijazottak-2017\/","title":{"rendered":"D\u00edjazottak 2017"},"content":{"rendered":"<h4><strong>Klinikai kutat\u00f3 kateg\u00f3ria megosztott els\u0151 hely\u00a0<\/strong><\/h4>\n<p style=\"text-align: left;\"><strong>\u00daj h\u00e1romdimenzi\u00f3s m\u00f3dszer a jobb kamrai funkci\u00f3 elemz\u00e9s\u00e9ben<\/strong><\/p>\n<p>Dr. Kov\u00e1cs Attila, T\u0151s\u00e9r Zolt\u00e1n, Dr. Lakatos B\u00e1lint\u00a0<\/p>\n<p>Kutat\u00f3csoport: Dr. Kov\u00e1cs Attila, T\u0151s\u00e9r Zolt\u00e1n, Dr. Lakatos B\u00e1lint, Tokodi M\u00e1rton, Dr. Kosztin Annam\u00e1ria, Prof. Dr. Merkely B\u00e9la<\/p>\n<div class=\"entry-content\" style=\"text-align: justify;\">\n<p style=\"text-align: center;\">\u00a0<a href=\"https:\/\/semmelweis.hu\/tudrh\/files\/2024\/04\/Kovacs-Attila.jpg\"><img loading=\"lazy\" decoding=\"async\" class=\"alignnone wp-image-6512 size-medium\" src=\"https:\/\/semmelweis.hu\/tudrh\/files\/2024\/04\/Kovacs-Attila.jpg\" alt=\"\" width=\"200\" height=\"300\" \/><\/a><a href=\"https:\/\/semmelweis.hu\/tudrh\/files\/2024\/04\/Toser-Zoltan.jpg\"><img loading=\"lazy\" decoding=\"async\" class=\"alignnone wp-image-6511 size-medium\" src=\"https:\/\/semmelweis.hu\/tudrh\/files\/2024\/04\/Toser-Zoltan.jpg\" alt=\"\" width=\"200\" height=\"300\" \/><\/a><a href=\"https:\/\/semmelweis.hu\/tudrh\/files\/2024\/04\/Lakatos-Balint.jpg\"><img loading=\"lazy\" decoding=\"async\" class=\"alignnone wp-image-6510 size-medium\" src=\"https:\/\/semmelweis.hu\/tudrh\/files\/2024\/04\/Lakatos-Balint.jpg\" alt=\"\" width=\"200\" height=\"300\" \/><\/a><\/p>\n<p>Az elm\u00falt \u00e9vtizedekben egyre nagyobb \u00e9rdekl\u0151d\u00e9s \u00f6vezi a sz\u00edv jobb kamr\u00e1j\u00e1nak megbeteged\u00e9seit. \u00c1ltal\u00e1nos klinikai tapasztalat, hogy a jelenleg haszn\u00e1lt param\u00e9terek sz\u00e1mos k\u00f3r\u00e1llapot eset\u00e9n nem jellemzik teljes m\u00e9lys\u00e9g\u00e9ben a jobb kamrai funkci\u00f3t. A mindennapok gyakorlat\u00e1ban nagy sz\u00e1mban megjelen\u0151 betegek (iszk\u00e9mi\u00e1s sz\u00edvbetegs\u00e9g, billenty\u0171 megbeteged\u00e9sek) mellett k\u00fcl\u00f6nleges betegcsoportok (primer pulmon\u00e1lis hipertenzi\u00f3, sz\u00edvtranszplant\u00e1ltak, autoimmun k\u00f6t\u0151sz\u00f6veti betegs\u00e9gben szenved\u0151k) eset\u00e9ben is fontos szerepe lehet a jelenlegi kutat\u00e1sban szerepl\u0151 m\u00f3dszernek. A kutat\u00f3csoport \u00e1ltal kifejlesztett met\u00f3dus a jobb kamra mechanikai m\u0171k\u00f6d\u00e9s\u00e9nek olyan aspektusait elemzi, melynek sz\u00e1mszer\u0171s\u00edtett le\u00edr\u00e1s\u00e1ra eddig nem volt m\u00f3dszer.<\/p>\n<p>A komplex geometri\u00e1val \u00e9s m\u0171k\u00f6d\u00e9si jellemz\u0151kkel b\u00edr\u00f3 jobb kamra hosszanti (longitudin\u00e1lis) \u00e9s a szabad fali \u00fan. \u201ef\u00fajtat\u00f3\u201d (radi\u00e1lis) m\u0171k\u00f6d\u00e9se elt\u00e9r\u0151 ar\u00e1nyban m\u00f3dosul k\u00fcl\u00f6nf\u00e9le k\u00f3r\u00e1llapotokban, \u00e1m ezen megfigyel\u00e9seket a jelenlegi klinikai m\u00f3dszerek nem k\u00e9pesek sz\u00e1mszer\u0171s\u00edteni. A kutat\u00f3csoport c\u00e9lja egy olyan m\u00f3dszer kifejleszt\u00e9se volt, ami k\u00e9pes ezen jelens\u00e9gek kvantitat\u00edv meghat\u00e1roz\u00e1s\u00e1ra.<\/p>\n<p>A fejleszt\u00e9s t\u00e1rsadalmi jelent\u0151s\u00e9ge a nagy gyakoris\u00e1g\u00fa, fent r\u00e9szletezett kardi\u00e1lis k\u00f3r\u00e1llapotok id\u0151ben val\u00f3 felismer\u00e9s\u00e9ben, ut\u00e1nk\u00f6vet\u00e9s\u00e9ben, illetve az \u00e9rintett betegek jobb \u00e9letmin\u0151s\u00e9g\u00e9ben, cs\u00f6kkent mortalit\u00e1s\u00e1ban hat\u00e1rozhat\u00f3 meg.<\/p>\n<h4 style=\"text-align: left;\"><strong>Saj\u00e1tfog-csontgraft<\/strong><\/h4>\n<p><strong>Dr. Moln\u00e1r B\u00e1lint<\/strong>, Dr. Gerber G\u00e1bor, Dr. Drajk\u00f3 Zsombor, Dr. Windisch P\u00e9ter<\/p>\n<p><a href=\"https:\/\/semmelweis.hu\/tudrh\/files\/2024\/04\/molnarbalint.jpg\"><img loading=\"lazy\" decoding=\"async\" class=\"alignright  wp-image-9788\" src=\"https:\/\/semmelweis.hu\/tudrh\/files\/2024\/04\/molnarbalint-334x400.jpg\" alt=\"\" width=\"292\" height=\"350\" srcset=\"https:\/\/semmelweis.hu\/tudrh\/files\/2024\/04\/molnarbalint-334x400.jpg 334w, https:\/\/semmelweis.hu\/tudrh\/files\/2024\/04\/molnarbalint-856x1024.jpg 856w, https:\/\/semmelweis.hu\/tudrh\/files\/2024\/04\/molnarbalint-768x918.jpg 768w, https:\/\/semmelweis.hu\/tudrh\/files\/2024\/04\/molnarbalint-753x900.jpg 753w, https:\/\/semmelweis.hu\/tudrh\/files\/2024\/04\/molnarbalint.jpg 914w\" sizes=\"auto, (max-width: 292px) 100vw, 292px\" \/><\/a>A kutat\u00e1s sor\u00e1n Semmelweis Egyetem Parodontol\u00f3giai Klinika a vil\u00e1gon els\u0151k\u00e9nt v\u00e9gezhet randomiz\u00e1lt, kontroll\u00e1lt klinikai \u00e9s hisztol\u00f3giai vizsg\u00e1latot a BonMaker-eszk\u00f6zzel, illetve Eur\u00f3p\u00e1ban els\u0151k\u00e9nt fogja azt klinikai k\u00f6r\u00fclm\u00e9nyek k\u00f6z\u00f6tt haszn\u00e1lni. A BonMaker-eszk\u00f6z alap\u00f6tlete, miszerint egy elt\u00e1vol\u00edtott saj\u00e1t fogb\u00f3l autog\u00e9n csontp\u00f3tl\u00e1sra alkalmas anyagot \u00e1ll\u00edt el\u0151, klinikusi szemmel n\u00e9zve kiemelt fontoss\u00e1ggal b\u00edr. Ez az \u00faj, alternat\u00edv csontp\u00f3tl\u00f3anyag-el\u0151\u00e1ll\u00edt\u00e1si m\u00f3dszer az autol\u00f3g fogsz\u00f6vet alkalmaz\u00e1s\u00e1val k\u00f6lts\u00e9ghat\u00e9kony \u00e9s egyszer\u0171 kem\u00e9nysz\u00f6veti rekonstrukci\u00f3t tesz lehet\u0151v\u00e9, tov\u00e1bb\u00e1 lehet\u0151s\u00e9get a m\u0171t\u00e9ti k\u00f6lts\u00e9gek m\u00e9rs\u00e9kl\u00e9s\u00e9re, \u00e9s haszn\u00e1lat\u00e1val az autog\u00e9n csontv\u00e9tel plusz m\u0171t\u00e9ti terhel\u00e9se is elker\u00fclhet\u0151.<\/p>\n<p>A klinikai vizsg\u00e1lat a relev\u00e1ns szakmai ki\u00e9rt\u00e9kel\u00e9s c\u00e9lj\u00e1b\u00f3l hisztol\u00f3giai mintaelemz\u00e9ssel is kieg\u00e9sz\u00fcl, melyet a Semmelweis Egyetem Anat\u00f3miai, Sz\u00f6vet- \u00e9s Fejl\u0151d\u00e9stani Int\u00e9zet\u00e9ben dr. Gerber G\u00e1bor \u00e9s munkacsoportja fog v\u00e9gezni.<\/p>\n<p>Az eszk\u00f6z egyszer\u0171 haszn\u00e1lata, a m\u00e9rs\u00e9kelhet\u0151 m\u0171t\u00e9ti k\u00f6lts\u00e9gek \u00e9s a saj\u00e1t sz\u00f6vet felhaszn\u00e1l\u00e1s\u00e1nak lehet\u0151s\u00e9ge miatt a BonMaker j\u00f6v\u0151be mutat\u00f3, kisz\u00e1m\u00edthat\u00f3 csontp\u00f3tl\u00e1si lehet\u0151s\u00e9get ny\u00fajt a gyakorl\u00f3 fogorvosok sz\u00e1m\u00e1ra. A kis m\u00e9ret \u00e9s a k\u00f6nny\u0171 kezelhet\u0151s\u00e9g alkalmass\u00e1 teszi az eszk\u00f6zt mindennapi haszn\u00e1latra is, a gyorsan elsaj\u00e1t\u00edthat\u00f3 haszn\u00e1lati protokoll pedig minden val\u00f3sz\u00edn\u0171s\u00e9g szerint seg\u00edteni fogja az eszk\u00f6z elterjed\u00e9s\u00e9t a piacon.<\/p>\n<\/div>\n<h4><strong>Kutat\u00f3i kateg\u00f3ria d\u00edjazott<\/strong><\/h4>\n<div class=\"entry-content\">\n<p style=\"text-align: left;\"><strong>Embri\u00f3-eredet\u0171 nukleinsavat tartalmaz\u00f3 extracellul\u00e1ris vezikul\u00e1k kimutat\u00e1sa: nem invaz\u00edv, gyors elj\u00e1r\u00e1s az embri\u00f3kompetencia in vitro \u00e9rt\u00e9kel\u00e9s\u00e9re<\/strong><\/p>\n<p style=\"text-align: justify;\">Dr. P\u00e1llinger \u00c9va, Dr. Szekeres-Barth\u00f3 J\u00falia<\/p>\n<p style=\"text-align: justify;\"><a href=\"https:\/\/semmelweis.hu\/tudrh\/files\/2024\/04\/pallingereva.jpg\"><img loading=\"lazy\" decoding=\"async\" class=\"alignright  wp-image-9789\" src=\"https:\/\/semmelweis.hu\/tudrh\/files\/2024\/04\/pallingereva.jpg\" alt=\"\" width=\"234\" height=\"351\" \/><\/a>A t\u00e1rsadalmi szok\u00e1sok megv\u00e1ltoz\u00e1sa miatt a gyermekv\u00e1llal\u00e1s id\u0151pontja egyre ink\u00e1bb kitol\u00f3dik. Mivel a fertilit\u00e1si k\u00e9pess\u00e9g az anyai \u00e9letkor el\u0151rehaladt\u00e1val cs\u00f6kken, az assziszt\u00e1lt reprodukci\u00f3s elj\u00e1r\u00e1sok alkalmaz\u00e1sa \u00e9vr\u0151l \u00e9vre n\u0151. M\u00e1sr\u00e9szt ezen elj\u00e1r\u00e1sok hat\u00e9konys\u00e1ga is hanyatlik az anyai \u00e9letkor n\u00f6veked\u00e9s\u00e9vel, ami tov\u00e1bb fokozza a mesters\u00e9ges megterm\u00e9keny\u00edt\u00e9s (IVF = <em>in vitro\u00a0<\/em>fertiliz\u00e1ci\u00f3) ir\u00e1nti ig\u00e9nyt. Haz\u00e1nkban \u00e9vente 6000-7000 beavatkoz\u00e1st v\u00e9geznek el. Az OEP a TB t\u00e1mogat\u00e1sra jogosult egy\u00e9neknek 5 be\u00fcltet\u00e9s k\u00f6lts\u00e9g\u00e9t fedezi, ill. a gy\u00f3gyszerek 70%-os t\u00e1mogat\u00e1s\u00e1t biztos\u00edtja. Az assziszt\u00e1lt reprodukci\u00f3s kezel\u00e9si elj\u00e1r\u00e1sok cs\u00f6kken\u0151 eredm\u00e9nyess\u00e9g\u00e9nek oka t\u00f6bbek k\u00f6z\u00f6tt a roml\u00f3 petesejtmin\u0151s\u00e9gben keresend\u0151. Minden olyan m\u00f3dszer teh\u00e1t, ami a be\u00fcltetett embri\u00f3 min\u0151s\u00e9g\u00e9nek alaposabb jellemz\u00e9s\u00e9t teszi lehet\u0151v\u00e9, hozz\u00e1seg\u00edthet az elj\u00e1r\u00e1s hat\u00e9konys\u00e1g\u00e1nak n\u00f6veked\u00e9s\u00e9hez, ami jelent\u0151s k\u00f6lts\u00e9gmegtakar\u00edt\u00e1shoz (\u00e1llami \u00e9s egy\u00e9ni), s\u0151t a sz\u00fclet\u00e9s sz\u00e1m emelked\u00e9s\u00e9hez vezethet.<\/p>\n<p style=\"text-align: justify;\">Kulcsfontoss\u00e1g\u00fa lenne teh\u00e1t olyan vizsg\u00e1lati m\u00f3dszerek kifejleszt\u00e9se \u00e9s alkalmaz\u00e1sa, amelyek seg\u00edts\u00e9g\u00e9vel az IVF sikeress\u00e9ge fokozhat\u00f3. Ez a feladat nem trivi\u00e1lis, mert csak azok az elj\u00e1r\u00e1sok j\u00f6hetnek sz\u00f3ba, amelyek gyorsan kivitelezhet\u0151k \u00e9s nem \u00e9rintik az embri\u00f3 sejtjeit, azaz nem-invaz\u00edvak.<\/p>\n<p style=\"text-align: justify;\">A jelenlegi kutat\u00e1si m\u00f3dszer a teny\u00e9sztett embri\u00f3k t\u00e1pfolyad\u00e9k\u00e1nak fel\u00fcl\u00fasz\u00f3j\u00e1ban l\u00e9v\u0151 nukleinsav tartalm\u00fa mikrovezikul\u00e1k (MV-k) kimutat\u00e1s\u00e1ra alkalmas. Nem-invaz\u00edv, gyors, alacsony reagens k\u00f6lts\u00e9g\u0171, \u00e1raml\u00e1si citom\u00e9terre kifejlesztett vizsg\u00e1lat. Mivel a retrospekt\u00edv vizsg\u00e1latok eredm\u00e9nyei szerint a nukleinsav tartalm\u00fa (propidium jodiddal fest\u0151d\u0151) MV-k sz\u00e1ma szoros korrel\u00e1ci\u00f3t mutat a be\u00fcltet\u00e9s sikeress\u00e9g\u00e9vel, ez\u00e9rt be\u00e9p\u00edtve a be\u00fcltet\u00e9sre sz\u00e1nt embri\u00f3 kiv\u00e1laszt\u00e1s\u00e1nak jelenleg haszn\u00e1lt vizsg\u00e1lati rendszer\u00e9be, jelent\u0151sen \u00e9rz\u00e9kenyebb\u00e9 teheti az embri\u00f3-karakteriz\u00e1l\u00e1st. Klinikai szempontb\u00f3l ez a mesters\u00e9ges megterm\u00e9keny\u00edt\u00e9s hat\u00e9konys\u00e1g\u00e1nak n\u00f6veked\u00e9s\u00e9t, t\u00e1rsadalmi szempontb\u00f3l pedig k\u00f6lts\u00e9gmegtakar\u00edt\u00e1st jelent. Mindezek mellett nem elhanyagolhat\u00f3 a hat\u00e9konyabb IVF beavatkoz\u00e1snak az egy\u00e9n szubjekt\u00edv \u00e9letmin\u0151s\u00e9g\u00e9re kifejtett pozit\u00edv hat\u00e1sa sem.<\/p>\n<p style=\"text-align: justify;\">Addigi eredm\u00e9nyeik alapj\u00e1n 2015. november 27-\u00e9n szabadalmi bejelent\u00e9st tett a kutat\u00f3csoport.<\/p>\n<h4><strong>TDK-kateg\u00f3ria d\u00edjazott<\/strong><\/h4>\n<div class=\"entry-content\">\n<p style=\"text-align: left;\"><strong>A de Quervain-f\u00e9le tendinop\u00e1tia konzervat\u00edv kezel\u00e9si lehet\u0151s\u00e9ge excentrikus tr\u00e9ninggel<\/strong><\/p>\n<p style=\"text-align: justify;\"><a href=\"https:\/\/semmelweis.hu\/tudrh\/files\/2024\/04\/posaagnes_honlapra.jpg\"><img loading=\"lazy\" decoding=\"async\" class=\"alignleft wp-image-6530 size-medium\" src=\"https:\/\/semmelweis.hu\/tudrh\/files\/2024\/04\/posaagnes_honlapra.jpg\" alt=\"\" width=\"199\" height=\"300\" \/><\/a>A mozg\u00e1sszervi betegs\u00e9gek el\u0151fordul\u00e1si gyakoris\u00e1ga rendk\u00edv\u00fcl magas a fejlett orsz\u00e1gokban is.\u00a0<strong>P\u00f3sa \u00c1gnes<\/strong>\u00a0TDK munk\u00e1j\u00e1ban egy csukl\u00f3-k\u00e9z r\u00e9gi\u00f3t \u00e9rint\u0151 betegs\u00e9g, a de Quervain-f\u00e9le tendinop\u00e1tia (r\u00f6viden: DQT) konzervat\u00edv kezel\u00e9si lehet\u0151s\u00e9g\u00e9t kutatja excentrikus tr\u00e9ninggel. A DQT sz\u00f6vettani vizsg\u00e1latai sor\u00e1n egyre t\u00f6bb bizony\u00edt\u00e9kot tal\u00e1lnak arra,\u00a0hogy nem gyullad\u00e1s, hanem degener\u00e1ci\u00f3s folyamatok \u00e1llnak a h\u00e1tter\u00e9ben. Az excentrikus tr\u00e9ning eset\u00e9ben oly m\u00f3don ingerelhet\u0151ek az \u00edn receptorai, ami megfelel\u0151 ingert ad a kollag\u00e9nrostok degener\u00e1ci\u00f3j\u00e1nak visszaford\u00edt\u00e1sa, \u00e9s lehet\u0151s\u00e9get teremt a sz\u00f6veti burj\u00e1nz\u00e1s cs\u00f6kken\u00e9s\u00e9re.<\/p>\n<p style=\"text-align: justify;\">\u00c1gnes kutat\u00e1s\u00e1t egy 2012-ben megjelent cikk inspir\u00e1lta, melyben a 8 hetes tr\u00e9ning v\u00e9g\u00e9n jelent\u0151s f\u00e1jdalomcs\u00f6kken\u00e9sr\u0151l \u00e9s funkci\u00f3-visszanyer\u00e9sr\u0151l sz\u00e1molt be a p\u00e1ciens. A jelenleg elfogadott ter\u00e1pi\u00e1k a m\u0171t\u00e9t \u00e9s az intraartikul\u00e1ris kortikoszteroid injekci\u00f3k, de mindkett\u0151nek ismertek a lehets\u00e9ges sz\u00f6v\u0151dm\u00e9nyei.<\/p>\n<p style=\"text-align: justify;\">A kutat\u00e1s c\u00e9lja nagy esetsz\u00e1mon megvizsg\u00e1lni a m\u00f3dszer a hat\u00e9konys\u00e1g\u00e1t, \u00e9s pozit\u00edv eredm\u00e9nyek eset\u00e9n tov\u00e1bbfejleszteni azt. Hossz\u00fa t\u00e1v\u00fa c\u00e9l egy bizony\u00edt\u00e9kon alapul\u00f3 k\u00e9ztorna kifejleszt\u00e9se. Bizonyos k\u00fcl\u00f6n\u00f6sen expon\u00e1lt t\u00e1rsadalmi csoportoknak (pl. zen\u00e9szek, sportol\u00f3k, bizonyos orvosi szakir\u00e1nyok, sz\u00e1m\u00edt\u00f3g\u00e9phaszn\u00e1l\u00f3k, kismam\u00e1k, stb.) prevenci\u00f3s m\u00f3dszert is lehetne fejleszteni a tr\u00e9ningb\u0151l. Ha a m\u00f3dszer \u00e1ltal\u00e1nosan bev\u00e1lik, kidolgoz\u00e1sra ker\u00fclhetne egy tov\u00e1bbk\u00e9pz\u00e9s anyaga gy\u00f3gytorn\u00e1szok sz\u00e1m\u00e1ra.<\/p>\n<\/div>\n<\/div>\n","protected":false},"excerpt":{"rendered":"<p>Klinikai kutat\u00f3 kateg\u00f3ria megosztott els\u0151 hely\u00a0 \u00daj h\u00e1romdimenzi\u00f3s m\u00f3dszer a jobb kamrai funkci\u00f3 elemz\u00e9s\u00e9ben Dr. Kov\u00e1cs Attila, T\u0151s\u00e9r Zolt\u00e1n, Dr. Lakatos B\u00e1lint\u00a0 Kutat\u00f3csoport: Dr. Kov\u00e1cs Attila, T\u0151s\u00e9r Zolt\u00e1n, Dr. Lakatos B\u00e1lint, Tokodi M\u00e1rton, Dr. Kosztin Annam\u00e1ria, Prof. Dr. Merkely B\u00e9la \u00a0 <a href=\"https:\/\/semmelweis.hu\/tudrh\/files\/2024\/04\/Kovacs-Attila.jpg\"><\/a> <a href=\"https:\/\/semmelweis.hu\/tudrh\/files\/2024\/04\/Toser-Zoltan.jpg\"><\/a> <a href=\"https:\/\/semmelweis.hu\/tudrh\/files\/2024\/04\/Lakatos-Balint.jpg\"><\/a> Az elm\u00falt \u00e9vtizedekben egyre nagyobb \u00e9rdekl\u0151d\u00e9s \u00f6vezi a sz\u00edv jobb kamr\u00e1j\u00e1nak megbeteged\u00e9seit. \u00c1ltal\u00e1nos klinikai &hellip;<\/p>\n","protected":false},"author":102297,"featured_media":0,"parent":6391,"menu_order":19,"comment_status":"closed","ping_status":"closed","template":"","meta":{"_acf_changed":false,"footnotes":""},"categories":[],"tags":[],"class_list":["post-6520","page","type-page","status-publish","hentry"],"acf":[],"_links":{"self":[{"href":"https:\/\/semmelweis.hu\/tudrh\/wp-json\/wp\/v2\/pages\/6520","targetHints":{"allow":["GET"]}}],"collection":[{"href":"https:\/\/semmelweis.hu\/tudrh\/wp-json\/wp\/v2\/pages"}],"about":[{"href":"https:\/\/semmelweis.hu\/tudrh\/wp-json\/wp\/v2\/types\/page"}],"author":[{"embeddable":true,"href":"https:\/\/semmelweis.hu\/tudrh\/wp-json\/wp\/v2\/users\/102297"}],"replies":[{"embeddable":true,"href":"https:\/\/semmelweis.hu\/tudrh\/wp-json\/wp\/v2\/comments?post=6520"}],"version-history":[{"count":6,"href":"https:\/\/semmelweis.hu\/tudrh\/wp-json\/wp\/v2\/pages\/6520\/revisions"}],"predecessor-version":[{"id":9861,"href":"https:\/\/semmelweis.hu\/tudrh\/wp-json\/wp\/v2\/pages\/6520\/revisions\/9861"}],"up":[{"embeddable":true,"href":"https:\/\/semmelweis.hu\/tudrh\/wp-json\/wp\/v2\/pages\/6391"}],"wp:attachment":[{"href":"https:\/\/semmelweis.hu\/tudrh\/wp-json\/wp\/v2\/media?parent=6520"}],"wp:term":[{"taxonomy":"category","embeddable":true,"href":"https:\/\/semmelweis.hu\/tudrh\/wp-json\/wp\/v2\/categories?post=6520"},{"taxonomy":"post_tag","embeddable":true,"href":"https:\/\/semmelweis.hu\/tudrh\/wp-json\/wp\/v2\/tags?post=6520"}],"curies":[{"name":"wp","href":"https:\/\/api.w.org\/{rel}","templated":true}]}}