{"id":6391,"date":"2018-03-12T13:23:40","date_gmt":"2018-03-12T12:23:40","guid":{"rendered":"http:\/\/semmelweis.hu\/innovacios-igazgatosag\/?page_id=6391"},"modified":"2025-06-27T13:27:05","modified_gmt":"2025-06-27T11:27:05","slug":"innovacios-dij","status":"publish","type":"page","link":"https:\/\/semmelweis.hu\/tudrh\/innovacios-dij\/","title":{"rendered":"Innov\u00e1ci\u00f3s D\u00edj"},"content":{"rendered":"<h4><strong>Semmelweis Innov\u00e1ci\u00f3s D\u00edj<\/strong><\/h4>\n<p style=\"text-align: justify\">A Semmelweis Innov\u00e1ci\u00f3s D\u00edj adom\u00e1nyoz\u00e1s\u00e1val a Semmelweis Egyetem minden \u00e9vben azon kutat\u00f3k, PhD \u00e9s TDK hallgat\u00f3k kutat\u00e1s-fejleszt\u00e9si, innov\u00e1ci\u00f3s tev\u00e9kenys\u00e9g\u00e9t ismeri el, akik az Egyetemhez k\u00f6t\u0151d\u0151 kutat\u00f3munk\u00e1juk sor\u00e1n \u00faj, tudom\u00e1nyos kutat\u00e1si eredm\u00e9nyeket, innovat\u00edv megold\u00e1sokat dolgoztak ki. A d\u00edj p\u00e9nzjutalommal j\u00e1r \u00e9s minden \u00e9vben 3 kateg\u00f3ri\u00e1ban ker\u00fcl meghirdet\u00e9sre.<\/p>\n<div class=\"keretes w-100\">\n<h5>2025-\u00f6s Semmelweis Innov\u00e1ci\u00f3s D\u00edj<\/h5>\n<p><strong>Beny\u00fajt\u00e1si hat\u00e1rid\u0151:<\/strong> 2025. j\u00falius 11. (p\u00e9ntek)<\/p>\n<p><strong>A d\u00edj a k\u00f6vetkez\u0151 kateg\u00f3ri\u00e1kban \u00e9s p\u00e9nzjutalommal ker\u00fcl meghirdet\u00e9sre:<\/strong><\/p>\n<ul>\n<li>a leginnovat\u00edvabb TDK munk\u00e1\u00e9rt \u2013 brutt\u00f3 500 ezer Ft<\/li>\n<li>a leginnovat\u00edvabb PhD munk\u00e1\u00e9rt \u2013 brutt\u00f3 750 ezer Ft<\/li>\n<li>a leginnovat\u00edvabb kutat\u00f3 munk\u00e1\u00e9rt \u2013 brutt\u00f3 1,5 milli\u00f3 Ft<\/li>\n<\/ul>\n<p><strong>Beny\u00fajtand\u00f3 p\u00e1ly\u00e1zati anyag:<\/strong><\/p>\n<ul>\n<li>a kit\u00f6lt\u00f6tt p\u00e1ly\u00e1zati adatlap \u00e9s nyilatkozat,<\/li>\n<li>p\u00e1ly\u00e1z\u00f3(k) szakmai \u00f6n\u00e9letrajza(i)<\/li>\n<\/ul>\n<p>A p\u00e1ly\u00e1zathoz lehet\u0151s\u00e9g van k\u00e9pi anyagok, prezent\u00e1ci\u00f3k, vide\u00f3k be\u00e1gyaz\u00e1s\u00e1ra, f\u00e1jlk\u00e9nt, illetve hivatkoz\u00e1sk\u00e9nt t\u00f6rt\u00e9n\u0151 csatol\u00e1s\u00e1ra. A r\u00e9szletes p\u00e1ly\u00e1zati felt\u00e9teleket \u00e9s az \u00e9rt\u00e9kel\u00e9s rendj\u00e9t a p\u00e1ly\u00e1zati felh\u00edv\u00e1s tartalmazza.<\/p>\n<p>Bek\u00fcld\u00e9si c\u00edm, tov\u00e1bbi inform\u00e1ci\u00f3k: <a href=\"mailto:tudomanyos.rektorhelyettes@semmelweis.hu\">tudomanyos.rektorhelyettes@semmelweis.hu<\/a><\/p>\n<p><strong>Let\u00f6lthet\u0151 anyagok:<\/strong><\/p>\n<ul>\n<li><a href=\"https:\/\/semmelweis.hu\/tudrh\/files\/2025\/05\/InnovDij_felhivas_2025-final-signed.pdf\">Felh\u00edv\u00e1s &#8211; 2025-\u00f6s Innov\u00e1ci\u00f3s D\u00edj<\/a><\/li>\n<li><a href=\"https:\/\/semmelweis.hu\/tudrh\/files\/2025\/05\/Innov_Dij_palyazati_adatlap_2025.docx\">P\u00e1ly\u00e1zati adatlap &#8211; 2025-\u00f6s Innov\u00e1ci\u00f3s D\u00edj<\/a><\/li>\n<\/ul>\n<\/div>\n<style>\n           #page-grid .card-body > .line-clamp-box.excerpt{\n        width: inherit;\n        max-width: inherit;\n        display:flex;\n        min-height: 2.4em;\n        flex-direction: column;\n        justify-content: space-around;\n        background-color: #D6E4EA;\n        min-height: 3.4rem;\n        font-family: \"Montserrat\", sans-serif;\n    }\n\n    #page-grid a:hover .card-body > .line-clamp-box.excerpt {\n        background-color: #fff;\n        color: #313B40;\n    }\n\n    #page-grid .card-body .line-clamp-box.excerpt section{\n        max-width: inherit;\n        display: -webkit-box;\n        -webkit-line-clamp: 2;\n        -webkit-box-orient: vertical;\n        overflow: hidden;\n        text-overflow: ellipsis;\n        hyphens: auto;\n        margin: auto;\n        \n    }\n    .line-clamp-box.excerpt section, .line-clamp-box.excerpt section p{\n        font-size:0.8em;\n    }\n    \n<\/style>\n    <section id=\"page-grid\">\n        <section class=\"d-block d-md-flex title-row my-3 ml-0 ml-md-1\">\n<div class=\"section-title  mb-1 \">\n<h2>\n    D\u00edjazottak\n<\/h2>\n<\/div>\n<\/section>\n        <div class=\"row row-cols-1 row-cols-md-2 row-cols-lg-3 no-gutters mx-0 \">    <div class =\"col  mb-2 card-wrapper\">\n        <a class=\"d-flex flex-fill card-link-warapper m-md-1\" href=\"https:\/\/semmelweis.hu\/tudrh\/innovacios-dij\/dijazottak-2024\/\">\n            <div class=\"card border border-secondary se-border flex-fill\">\n                <div class=\"row no-gutters mx-0 d-flex flex-nowrap flex-md-wrap align-items-center\">\n                    <div class =\"  col-5 col-md-12  d-none  d-md-none d-md-none  bg-image  card-image justify-content-center\">\n                        <img class='wp-post-image img-fluid landscape' src='https:\/\/semmelweis.hu\/tudrh\/wp-content\/themes\/se18\/dist\/images\/svg\/bg-image.svg' \/>\n                    <\/div>\n                    <div class=\"card-body  col flex-column  col-md-12 p-0\">\n                        <div class=\"line-clamp-box p-3\">\n                            <h5 class=\"ml-0 ml-sm-1 mt-2 align-items-center\"  >D\u00edjazottak - 2024<\/h5>\n                        <\/div>\n                        \n                    <\/div>\n                <\/div>\n\n            <\/div>\n        <\/a>\n    <\/div>    <div class =\"col  mb-2 card-wrapper\">\n        <a class=\"d-flex flex-fill card-link-warapper m-md-1\" href=\"https:\/\/semmelweis.hu\/tudrh\/innovacios-dij\/dijazottak-2023\/\">\n            <div class=\"card border border-secondary se-border flex-fill\">\n                <div class=\"row no-gutters mx-0 d-flex flex-nowrap flex-md-wrap align-items-center\">\n                    <div class =\"  col-5 col-md-12  d-none  d-md-none d-md-none  bg-image  card-image justify-content-center\">\n                        <img class='wp-post-image img-fluid landscape' src='https:\/\/semmelweis.hu\/tudrh\/wp-content\/themes\/se18\/dist\/images\/svg\/bg-image.svg' \/>\n                    <\/div>\n                    <div class=\"card-body  col flex-column  col-md-12 p-0\">\n                        <div class=\"line-clamp-box p-3\">\n                            <h5 class=\"ml-0 ml-sm-1 mt-2 align-items-center\"  >D\u00edjazottak - 2023<\/h5>\n                        <\/div>\n                        \n                    <\/div>\n                <\/div>\n\n            <\/div>\n        <\/a>\n    <\/div>    <div class =\"col  mb-2 card-wrapper\">\n        <a class=\"d-flex flex-fill card-link-warapper m-md-1\" href=\"https:\/\/semmelweis.hu\/tudrh\/innovacios-dij\/dijazottak-2022\/\">\n            <div class=\"card border border-secondary se-border flex-fill\">\n                <div class=\"row no-gutters mx-0 d-flex flex-nowrap flex-md-wrap align-items-center\">\n                    <div class =\"  col-5 col-md-12  d-none  d-md-none d-md-none  bg-image  card-image justify-content-center\">\n                        <img class='wp-post-image img-fluid landscape' src='https:\/\/semmelweis.hu\/tudrh\/wp-content\/themes\/se18\/dist\/images\/svg\/bg-image.svg' \/>\n                    <\/div>\n                    <div class=\"card-body  col flex-column  col-md-12 p-0\">\n                        <div class=\"line-clamp-box p-3\">\n                            <h5 class=\"ml-0 ml-sm-1 mt-2 align-items-center\"  >D\u00edjazottak \u2013 2022<\/h5>\n                        <\/div>\n                        \n                    <\/div>\n                <\/div>\n\n            <\/div>\n        <\/a>\n    <\/div>    <div class =\"col  mb-2 card-wrapper\">\n        <a class=\"d-flex flex-fill card-link-warapper m-md-1\" href=\"https:\/\/semmelweis.hu\/tudrh\/innovacios-dij\/dijazottak-2021\/\">\n            <div class=\"card border border-secondary se-border flex-fill\">\n                <div class=\"row no-gutters mx-0 d-flex flex-nowrap flex-md-wrap align-items-center\">\n                    <div class =\"  col-5 col-md-12  d-none  d-md-none d-md-none  bg-image  card-image justify-content-center\">\n                        <img class='wp-post-image img-fluid landscape' src='https:\/\/semmelweis.hu\/tudrh\/wp-content\/themes\/se18\/dist\/images\/svg\/bg-image.svg' \/>\n                    <\/div>\n                    <div class=\"card-body  col flex-column  col-md-12 p-0\">\n                        <div class=\"line-clamp-box p-3\">\n                            <h5 class=\"ml-0 ml-sm-1 mt-2 align-items-center\"  >D\u00edjazottak 2021<\/h5>\n                        <\/div>\n                        \n                    <\/div>\n                <\/div>\n\n            <\/div>\n        <\/a>\n    <\/div>    <div class =\"col  mb-2 card-wrapper\">\n        <a class=\"d-flex flex-fill card-link-warapper m-md-1\" href=\"https:\/\/semmelweis.hu\/tudrh\/innovacios-dij\/dijazottak-2020\/\">\n            <div class=\"card border border-secondary se-border flex-fill\">\n                <div class=\"row no-gutters mx-0 d-flex flex-nowrap flex-md-wrap align-items-center\">\n                    <div class =\"  col-5 col-md-12  d-none  d-md-none d-md-none  bg-image  card-image justify-content-center\">\n                        <img class='wp-post-image img-fluid landscape' src='https:\/\/semmelweis.hu\/tudrh\/wp-content\/themes\/se18\/dist\/images\/svg\/bg-image.svg' \/>\n                    <\/div>\n                    <div class=\"card-body  col flex-column  col-md-12 p-0\">\n                        <div class=\"line-clamp-box p-3\">\n                            <h5 class=\"ml-0 ml-sm-1 mt-2 align-items-center\"  >D\u00edjazottak 2020<\/h5>\n                        <\/div>\n                        \n                    <\/div>\n                <\/div>\n\n            <\/div>\n        <\/a>\n    <\/div>    <div class =\"col  mb-2 card-wrapper\">\n        <a class=\"d-flex flex-fill card-link-warapper m-md-1\" href=\"https:\/\/semmelweis.hu\/tudrh\/innovacios-dij\/2019_felhivas\/\">\n            <div class=\"card border border-secondary se-border flex-fill\">\n                <div class=\"row no-gutters mx-0 d-flex flex-nowrap flex-md-wrap align-items-center\">\n                    <div class =\"  col-5 col-md-12  d-none  d-md-none d-md-none  bg-image  card-image justify-content-center\">\n                        <img class='wp-post-image img-fluid landscape' src='https:\/\/semmelweis.hu\/tudrh\/wp-content\/themes\/se18\/dist\/images\/svg\/bg-image.svg' \/>\n                    <\/div>\n                    <div class=\"card-body  col flex-column  col-md-12 p-0\">\n                        <div class=\"line-clamp-box p-3\">\n                            <h5 class=\"ml-0 ml-sm-1 mt-2 align-items-center\"  >D\u00edjazottak 2019<\/h5>\n                        <\/div>\n                        \n                    <\/div>\n                <\/div>\n\n            <\/div>\n        <\/a>\n    <\/div>    <div class =\"col  mb-2 card-wrapper\">\n        <a class=\"d-flex flex-fill card-link-warapper m-md-1\" href=\"https:\/\/semmelweis.hu\/tudrh\/innovacios-dij\/dijazottak-2018\/\">\n            <div class=\"card border border-secondary se-border flex-fill\">\n                <div class=\"row no-gutters mx-0 d-flex flex-nowrap flex-md-wrap align-items-center\">\n                    <div class =\"  col-5 col-md-12  d-none  d-md-none d-md-none  bg-image  card-image justify-content-center\">\n                        <img class='wp-post-image img-fluid landscape' src='https:\/\/semmelweis.hu\/tudrh\/wp-content\/themes\/se18\/dist\/images\/svg\/bg-image.svg' \/>\n                    <\/div>\n                    <div class=\"card-body  col flex-column  col-md-12 p-0\">\n                        <div class=\"line-clamp-box p-3\">\n                            <h5 class=\"ml-0 ml-sm-1 mt-2 align-items-center\"  >D\u00edjazottak 2018<\/h5>\n                        <\/div>\n                        \n                    <\/div>\n                <\/div>\n\n            <\/div>\n        <\/a>\n    <\/div>    <div class =\"col  mb-2 card-wrapper\">\n        <a class=\"d-flex flex-fill card-link-warapper m-md-1\" href=\"https:\/\/semmelweis.hu\/tudrh\/innovacios-dij\/dijazottak-2017\/\">\n            <div class=\"card border border-secondary se-border flex-fill\">\n                <div class=\"row no-gutters mx-0 d-flex flex-nowrap flex-md-wrap align-items-center\">\n                    <div class =\"  col-5 col-md-12  d-none  d-md-none d-md-none  bg-image  card-image justify-content-center\">\n                        <img class='wp-post-image img-fluid landscape' src='https:\/\/semmelweis.hu\/tudrh\/wp-content\/themes\/se18\/dist\/images\/svg\/bg-image.svg' \/>\n                    <\/div>\n                    <div class=\"card-body  col flex-column  col-md-12 p-0\">\n                        <div class=\"line-clamp-box p-3\">\n                            <h5 class=\"ml-0 ml-sm-1 mt-2 align-items-center\"  >D\u00edjazottak 2017<\/h5>\n                        <\/div>\n                        \n                    <\/div>\n                <\/div>\n\n            <\/div>\n        <\/a>\n    <\/div>    <div class =\"col  mb-2 card-wrapper\">\n        <a class=\"d-flex flex-fill card-link-warapper m-md-1\" href=\"https:\/\/semmelweis.hu\/tudrh\/innovacios-dij\/dijazottak-2016\/\">\n            <div class=\"card border border-secondary se-border flex-fill\">\n                <div class=\"row no-gutters mx-0 d-flex flex-nowrap flex-md-wrap align-items-center\">\n                    <div class =\"  col-5 col-md-12  d-none  d-md-none d-md-none  bg-image  card-image justify-content-center\">\n                        <img class='wp-post-image img-fluid landscape' src='https:\/\/semmelweis.hu\/tudrh\/wp-content\/themes\/se18\/dist\/images\/svg\/bg-image.svg' \/>\n                    <\/div>\n                    <div class=\"card-body  col flex-column  col-md-12 p-0\">\n                        <div class=\"line-clamp-box p-3\">\n                            <h5 class=\"ml-0 ml-sm-1 mt-2 align-items-center\"  >D\u00edjazottak 2016<\/h5>\n                        <\/div>\n                        \n                    <\/div>\n                <\/div>\n\n            <\/div>\n        <\/a>\n    <\/div>    <div class =\"col  mb-2 card-wrapper\">\n        <a class=\"d-flex flex-fill card-link-warapper m-md-1\" href=\"https:\/\/semmelweis.hu\/tudrh\/innovacios-dij\/dijazottak-2015\/\">\n            <div class=\"card border border-secondary se-border flex-fill\">\n                <div class=\"row no-gutters mx-0 d-flex flex-nowrap flex-md-wrap align-items-center\">\n                    <div class =\"  col-5 col-md-12  d-none  d-md-none d-md-none  bg-image  card-image justify-content-center\">\n                        <img class='wp-post-image img-fluid landscape' src='https:\/\/semmelweis.hu\/tudrh\/wp-content\/themes\/se18\/dist\/images\/svg\/bg-image.svg' \/>\n                    <\/div>\n                    <div class=\"card-body  col flex-column  col-md-12 p-0\">\n                        <div class=\"line-clamp-box p-3\">\n                            <h5 class=\"ml-0 ml-sm-1 mt-2 align-items-center\"  >D\u00edjazottak 2015<\/h5>\n                        <\/div>\n                        \n                    <\/div>\n                <\/div>\n\n            <\/div>\n        <\/a>\n    <\/div>        <\/div>\n    <\/section>\n","protected":false},"excerpt":{"rendered":"<p>Semmelweis Innov\u00e1ci\u00f3s D\u00edj A Semmelweis Innov\u00e1ci\u00f3s D\u00edj adom\u00e1nyoz\u00e1s\u00e1val a Semmelweis Egyetem minden \u00e9vben azon kutat\u00f3k, PhD \u00e9s TDK hallgat\u00f3k kutat\u00e1s-fejleszt\u00e9si, innov\u00e1ci\u00f3s tev\u00e9kenys\u00e9g\u00e9t ismeri el, akik az Egyetemhez k\u00f6t\u0151d\u0151 kutat\u00f3munk\u00e1juk sor\u00e1n \u00faj, tudom\u00e1nyos kutat\u00e1si eredm\u00e9nyeket, innovat\u00edv megold\u00e1sokat dolgoztak ki. A d\u00edj p\u00e9nzjutalommal j\u00e1r \u00e9s minden \u00e9vben 3 kateg\u00f3ri\u00e1ban ker\u00fcl meghirdet\u00e9sre. 2025-\u00f6s Semmelweis Innov\u00e1ci\u00f3s D\u00edj Beny\u00fajt\u00e1si hat\u00e1rid\u0151: &hellip;<\/p>\n","protected":false},"author":102297,"featured_media":0,"parent":0,"menu_order":3,"comment_status":"closed","ping_status":"closed","template":"template-fullwidth.php","meta":{"_acf_changed":false,"footnotes":""},"categories":[],"tags":[],"class_list":["post-6391","page","type-page","status-publish","hentry"],"acf":[],"_links":{"self":[{"href":"https:\/\/semmelweis.hu\/tudrh\/wp-json\/wp\/v2\/pages\/6391","targetHints":{"allow":["GET"]}}],"collection":[{"href":"https:\/\/semmelweis.hu\/tudrh\/wp-json\/wp\/v2\/pages"}],"about":[{"href":"https:\/\/semmelweis.hu\/tudrh\/wp-json\/wp\/v2\/types\/page"}],"author":[{"embeddable":true,"href":"https:\/\/semmelweis.hu\/tudrh\/wp-json\/wp\/v2\/users\/102297"}],"replies":[{"embeddable":true,"href":"https:\/\/semmelweis.hu\/tudrh\/wp-json\/wp\/v2\/comments?post=6391"}],"version-history":[{"count":10,"href":"https:\/\/semmelweis.hu\/tudrh\/wp-json\/wp\/v2\/pages\/6391\/revisions"}],"predecessor-version":[{"id":10039,"href":"https:\/\/semmelweis.hu\/tudrh\/wp-json\/wp\/v2\/pages\/6391\/revisions\/10039"}],"wp:attachment":[{"href":"https:\/\/semmelweis.hu\/tudrh\/wp-json\/wp\/v2\/media?parent=6391"}],"wp:term":[{"taxonomy":"category","embeddable":true,"href":"https:\/\/semmelweis.hu\/tudrh\/wp-json\/wp\/v2\/categories?post=6391"},{"taxonomy":"post_tag","embeddable":true,"href":"https:\/\/semmelweis.hu\/tudrh\/wp-json\/wp\/v2\/tags?post=6391"}],"curies":[{"name":"wp","href":"https:\/\/api.w.org\/{rel}","templated":true}]}}