{"id":5,"date":"2012-01-31T12:56:42","date_gmt":"2012-01-31T12:56:42","guid":{"rendered":"http:\/\/semmelweis-egyetem.hu\/tcs\/?page_id=5"},"modified":"2023-07-06T14:09:12","modified_gmt":"2023-07-06T12:09:12","slug":"altalanos-informaciok","status":"publish","type":"page","link":"https:\/\/semmelweis.hu\/tudrh\/altalanos-informaciok\/","title":{"rendered":"Tudom\u00e1nyos \u00e9s Innov\u00e1ci\u00f3s Rektorhelyettesi \u00e9s \u00dczletfejleszt\u00e9si K\u00f6zpont m\u0171k\u00f6d\u00e9se"},"content":{"rendered":"<p style=\"text-align: justify\">A Tudom\u00e1nyos \u00e9s Innov\u00e1ci\u00f3s Rektorhelyettesi \u00e9s \u00dczletfejleszt\u00e9si K\u00f6zpont a Rektori Kabinet r\u00e9sz\u00e9t k\u00e9pez\u0151 szervezeti egys\u00e9g, amely ell\u00e1tja a d\u00f6nt\u00e9st\u00e1mogat\u00f3, v\u00e9lem\u00e9nyez\u0151, javaslattev\u0151 tev\u00e9kenys\u00e9get a tudom\u00e1nyos \u00e9s innov\u00e1ci\u00f3s rektorhelyettes feladataival \u00f6sszef\u00fcgg\u0151en, v\u00e9gzi az Egyetemen a kutat\u00e1s-fejleszt\u00e9si \u00e9s innov\u00e1ci\u00f3s tev\u00e9kenys\u00e9g eredm\u00e9nyek\u00e9nt l\u00e9trehozott szellemi term\u00e9kek \u00e9s szolg\u00e1ltat\u00e1sok hasznos\u00edt\u00e1si strat\u00e9gi\u00e1j\u00e1val kapcsolatos szakmai \u00e9s szervez\u00e9si feladatokat.<\/p>\n<p style=\"text-align: justify\">A Tudom\u00e1nyos \u00e9s Innov\u00e1ci\u00f3s Rektorhelyettesi \u00e9s \u00dczletfejleszt\u00e9si K\u00f6zpontot a rektor ir\u00e1ny\u00edtja. A rektor ir\u00e1ny\u00edt\u00e1si jogk\u00f6r\u00e9nek gyakorl\u00e1s\u00e1ban a tudom\u00e1nyos \u00e9s innov\u00e1ci\u00f3s rektorhelyettes k\u00f6zrem\u0171k\u00f6dik. A Tudom\u00e1nyos \u00e9s Innov\u00e1ci\u00f3s Rektorhelyettesi \u00e9s \u00dczletfejleszt\u00e9si K\u00f6zpontot az igazgat\u00f3 vezeti.<\/p>\n<h5>Semmelweis Egyetem Szervezeti \u00e9s M\u0171k\u00f6d\u00e9si Szab\u00e1lyzat \u2013 I. K\u00d6NYV Szervezeti \u00e9s M\u0171k\u00f6d\u00e9si Rend \u2013 I.1. R\u00c9SZ \u00c1ltal\u00e1nos szervezeti \u00e9s m\u0171k\u00f6d\u00e9si rendelkez\u00e9sek:<\/h5>\n<p><strong>A Tudom\u00e1nyos \u00e9s Innov\u00e1ci\u00f3s Rektorhelyettesi \u00e9s \u00dczletfejleszt\u00e9si K\u00f6zpont feladatai <\/strong><strong>k\u00fcl\u00f6n\u00f6sen:<\/strong><\/p>\n<ol style=\"list-style-type: lower-alpha\">\n<li>a tudom\u00e1nyos \u00e9s innov\u00e1ci\u00f3s rektorhelyettes, valamint \u2013 a hat\u00e1sk\u00f6r\u00e9be tartoz\u00f3 \u00fcgyek tekintet\u00e9ben, sz\u00fcks\u00e9g szerint \u2013 a rektor munk\u00e1j\u00e1nak k\u00f6zvetlen t\u00e1mogat\u00e1sa;<\/li>\n<li>a tudom\u00e1nyos \u00e9s innov\u00e1ci\u00f3s rektorhelyettes a jelen szab\u00e1lyzatban meghat\u00e1rozott feladatk\u00f6r\u00e9ben elj\u00e1rva, a feladataival \u00f6sszef\u00fcgg\u0151 d\u00f6nt\u00e9sek szakmai el\u0151k\u00e9sz\u00edt\u00e9se, v\u00e9lem\u00e9nyez\u00e9se, javaslatok megt\u00e9tele, a d\u00f6nt\u00e9sek megval\u00f3sul\u00e1s\u00e1nak figyelemmel k\u00eds\u00e9r\u00e9se;<\/li>\n<li>\u00a0r\u00e9szv\u00e9tel az egyetemi szint\u0171 kutat\u00e1sfejleszt\u00e9si projektek tervez\u00e9s\u00e9ben \u00e9s kivitelez\u00e9s\u00e9ben;<\/li>\n<li>a tudom\u00e1nyos \u00e9s innov\u00e1ci\u00f3s rektorhelyettes a jelen szab\u00e1lyzatban meghat\u00e1rozott feladatk\u00f6r\u00e9ben elj\u00e1rva, a hat\u00e1sk\u00f6r\u00e9be utalt egyetemi projektek koordin\u00e1l\u00e1sa, a kapcsol\u00f3d\u00f3 operat\u00edv feladatok v\u00e9grehajt\u00e1s\u00e1nak monitoroz\u00e1sa;<\/li>\n<li>\u00a0a tudom\u00e1nyos kutat\u00f3munk\u00e1val kapcsolatos \u00e1lland\u00f3 \u00e9s ad hoc bizotts\u00e1gok m\u0171k\u00f6d\u00e9s\u00e9nek t\u00e1mogat\u00e1sa, az e k\u00f6rbe tartoz\u00f3 d\u00f6nt\u00e9sek nyilv\u00e1ntart\u00e1sa;\u00a0<\/li>\n<li>kapcsolattart\u00e1s, egy\u00fcttm\u0171k\u00f6d\u00e9s a hazai \u00e9s nemzetk\u00f6zi szervezetekkel, bels\u0151 egyetemi szervezeti egys\u00e9gekkel, azok vezet\u0151ivel;<\/li>\n<li>az Egyetem kutat\u00f3ival \u00e9s feltal\u00e1l\u00f3ival egy\u00fcttm\u0171k\u00f6d\u00e9sben, a KFI term\u00e9k- \u00e9s szolg\u00e1ltat\u00e1s portf\u00f3li\u00f3 \u00f6ssze\u00e1ll\u00edt\u00e1sa, versenypiaci elemz\u00e9s \u00e9s p\u00e9nz\u00fcgyi modellez\u00e9s elk\u00e9sz\u00edt\u00e9se;<\/li>\n<li>a portf\u00f3li\u00f3 ir\u00e1nt \u00e9rdekl\u0151d\u0151 ipari szerepl\u0151k, p\u00e9nz\u00fcgyi befektet\u0151k felkutat\u00e1sa \u00e9s \u00e9rt\u00e9kes\u00edt\u00e9si lehet\u0151s\u00e9gek megalapoz\u00e1sa;<\/li>\n<li>a spin-off \u00e9s partner v\u00e1llalkoz\u00e1sok l\u00e9trehoz\u00e1s\u00e1nak facilit\u00e1l\u00e1sa;<\/li>\n<li>a Semmelweis Egyetem k\u00e9pviselete \u00fczletfejleszt\u00e9ssel kapcsolatos rendezv\u00e9nyeken.<\/li>\n<\/ol>\n<p>&nbsp;<\/p>\n","protected":false},"excerpt":{"rendered":"<p>A Tudom\u00e1nyos \u00e9s Innov\u00e1ci\u00f3s Rektorhelyettesi Iroda a Rektori Kabinet r\u00e9sz\u00e9t k\u00e9pez\u0151 szervezeti egys\u00e9g, amely kifejezetten a Tudom\u00e1nyos \u00e9s Innov\u00e1ci\u00f3s Rektorhelyettes feladatainak ell\u00e1t\u00e1s\u00e1t k\u00f6zvetlen\u00fcl seg\u00edt\u0151 munkat\u00e1rsakb\u00f3l \u00e1ll.\u00a0 <\/p>\n<p>A <strong>Semmelweis Egyetem Tudom\u00e1nyos \u00e9s Innov\u00e1ci\u00f3s Rektorhelyettese Prof. Dr. Ferdinandy P\u00e9ter<\/strong>, egyetemi tan\u00e1r, az MTA doktora, az Egyetemi Tudom\u00e1nyos Tan\u00e1cs eln\u00f6ke.<\/p>\n","protected":false},"author":8,"featured_media":2976,"parent":0,"menu_order":0,"comment_status":"closed","ping_status":"closed","template":"","meta":{"_acf_changed":false,"footnotes":""},"categories":[],"tags":[],"class_list":["post-5","page","type-page","status-publish","has-post-thumbnail","hentry"],"acf":[],"_links":{"self":[{"href":"https:\/\/semmelweis.hu\/tudrh\/wp-json\/wp\/v2\/pages\/5","targetHints":{"allow":["GET"]}}],"collection":[{"href":"https:\/\/semmelweis.hu\/tudrh\/wp-json\/wp\/v2\/pages"}],"about":[{"href":"https:\/\/semmelweis.hu\/tudrh\/wp-json\/wp\/v2\/types\/page"}],"author":[{"embeddable":true,"href":"https:\/\/semmelweis.hu\/tudrh\/wp-json\/wp\/v2\/users\/8"}],"replies":[{"embeddable":true,"href":"https:\/\/semmelweis.hu\/tudrh\/wp-json\/wp\/v2\/comments?post=5"}],"version-history":[{"count":12,"href":"https:\/\/semmelweis.hu\/tudrh\/wp-json\/wp\/v2\/pages\/5\/revisions"}],"predecessor-version":[{"id":3029,"href":"https:\/\/semmelweis.hu\/tudrh\/wp-json\/wp\/v2\/pages\/5\/revisions\/3029"}],"wp:featuredmedia":[{"embeddable":true,"href":"https:\/\/semmelweis.hu\/tudrh\/wp-json\/wp\/v2\/media\/2976"}],"wp:attachment":[{"href":"https:\/\/semmelweis.hu\/tudrh\/wp-json\/wp\/v2\/media?parent=5"}],"wp:term":[{"taxonomy":"category","embeddable":true,"href":"https:\/\/semmelweis.hu\/tudrh\/wp-json\/wp\/v2\/categories?post=5"},{"taxonomy":"post_tag","embeddable":true,"href":"https:\/\/semmelweis.hu\/tudrh\/wp-json\/wp\/v2\/tags?post=5"}],"curies":[{"name":"wp","href":"https:\/\/api.w.org\/{rel}","templated":true}]}}