{"id":2900,"date":"2022-08-18T14:37:35","date_gmt":"2022-08-18T12:37:35","guid":{"rendered":"https:\/\/semmelweis.hu\/tudrh\/?page_id=2900"},"modified":"2026-01-19T16:16:54","modified_gmt":"2026-01-19T15:16:54","slug":"kapcsolat","status":"publish","type":"page","link":"https:\/\/semmelweis.hu\/tudrh\/kapcsolat\/","title":{"rendered":"Kapcsolat"},"content":{"rendered":"<h2>Vezet\u0151:<\/h2>\n<div class=\"textwidget\">\n<p><a href=\"https:\/\/semmelweis.hu\/telefonkonyv\/?emp_id=15762\"><strong>Prof. Dr. Ferdinandy P\u00e9ter<\/strong><\/a><br \/>\ntudom\u00e1nyos \u00e9s innov\u00e1ci\u00f3s rektorhelyettes<br \/>\negyetemi tan\u00e1r, az MTA doktora<br \/>\naz Egyetemi Tudom\u00e1nyos Tan\u00e1cs eln\u00f6ke<br \/>\n<a href=\"mailto:tudomanyos.rektorhelyettes@semmelweis-univ.hu\">tudomanyos.rektorhelyettes@semmelweis.hu<\/a><\/p>\n<h2>Munkat\u00e1rsak:<\/h2>\n<p><a href=\"https:\/\/semmelweis.hu\/telefonkonyv\/?emp_id=17182\"><b>Dr. Papp Ren\u00e1ta Emese<\/b><\/a><br \/>\nigazgat\u00f3<\/p>\n<p><strong><a href=\"https:\/\/semmelweis.hu\/telefonkonyv\/?emp_id=22238\">Dr. Gr\u00f3sz Andr\u00e1s<\/a><br \/>\n<\/strong>vezet\u0151 koordin\u00e1tor<\/p>\n<p><strong><a href=\"https:\/\/semmelweis.hu\/telefonkonyv\/?emp_id=25096\">Mez\u0151 Ildik\u00f3<\/a><br \/>\n<\/strong>vezet\u0151i asszisztens<\/p>\n<p><a href=\"https:\/\/semmelweis.hu\/telefonkonyv\/?emp_id=26437\"><strong>Major Laura Fanni<\/strong><\/a><br \/>\nvezet\u0151i asszisztens<\/p>\n<p><a href=\"https:\/\/semmelweis.hu\/telefonkonyv\/?emp_id=25097\"><b>Dr. T\u00f3th-Cohen Be\u00e1ta<\/b><\/a><br \/>\nKFI projekt menedzser<\/p>\n<p><a href=\"https:\/\/semmelweis.hu\/telefonkonyv\/?emp_id=26173\"><b>Cserni Vikt\u00f3ria<\/b><\/a><br \/>\nKFI projekt menedzser<\/p>\n<p><a href=\"https:\/\/semmelweis.hu\/telefonkonyv\/?emp_id=20625\"><b>R\u00e1cz Bernadett<\/b><\/a><br \/>\nprojekt koordin\u00e1tor<\/p>\n<p><a href=\"https:\/\/semmelweis.hu\/telefonkonyv\/?emp_id=21706\"><strong>Erkel Andr\u00e1s<\/strong><\/a><br \/>\nszabadalmi \u00fcgyviv\u0151<\/p>\n<p><a href=\"https:\/\/semmelweis.hu\/telefonkonyv\/?emp_id=21705\"><strong>Sz\u0151ll\u0151si Guszt\u00e1v<\/strong><\/a><br \/>\nszabadalmi \u00fcgyviv\u0151<\/p>\n<h2>C\u00edm:<\/h2>\n<\/div>\n<p>1085 Budapest, \u00dcll\u0151i \u00fat 26. Rektori \u00e9p\u00fclet III\/T2.<br \/>\n<a href=\"mailto:tudomanyos.rektorhelyettes@semmelweis-univ.hu\">tudomanyos.rektorhelyettes@semmelweis.hu<\/a><\/p>\n","protected":false},"excerpt":{"rendered":"<p>Vezet\u0151: <a href=\"https:\/\/semmelweis.hu\/telefonkonyv\/?emp_id=15762\">Prof. Dr. Ferdinandy P\u00e9ter<\/a> tudom\u00e1nyos \u00e9s innov\u00e1ci\u00f3s rektorhelyettes egyetemi tan\u00e1r, az MTA doktora az Egyetemi Tudom\u00e1nyos Tan\u00e1cs eln\u00f6ke <a href=\"mailto:tudomanyos.rektorhelyettes@semmelweis-univ.hu\">tudomanyos.rektorhelyettes@semmelweis.hu<\/a> Munkat\u00e1rsak: <a href=\"https:\/\/semmelweis.hu\/telefonkonyv\/?emp_id=17182\">Dr. Papp Ren\u00e1ta Emese<\/a> igazgat\u00f3 <a href=\"https:\/\/semmelweis.hu\/telefonkonyv\/?emp_id=22238\">Dr. Gr\u00f3sz Andr\u00e1s<\/a> vezet\u0151 koordin\u00e1tor <a href=\"https:\/\/semmelweis.hu\/telefonkonyv\/?emp_id=25096\">Mez\u0151 Ildik\u00f3<\/a> vezet\u0151i asszisztens <a href=\"https:\/\/semmelweis.hu\/telefonkonyv\/?emp_id=26437\">Major Laura Fanni<\/a> vezet\u0151i asszisztens <a href=\"https:\/\/semmelweis.hu\/telefonkonyv\/?emp_id=25097\">Dr. T\u00f3th-Cohen Be\u00e1ta<\/a> KFI projekt menedzser <a href=\"https:\/\/semmelweis.hu\/telefonkonyv\/?emp_id=26173\">Cserni Vikt\u00f3ria<\/a> KFI projekt menedzser <a href=\"https:\/\/semmelweis.hu\/telefonkonyv\/?emp_id=20625\">R\u00e1cz Bernadett<\/a> projekt koordin\u00e1tor <a href=\"https:\/\/semmelweis.hu\/telefonkonyv\/?emp_id=21706\">Erkel Andr\u00e1s<\/a> szabadalmi \u00fcgyviv\u0151 <a href=\"https:\/\/semmelweis.hu\/telefonkonyv\/?emp_id=21705\">Sz\u0151ll\u0151si Guszt\u00e1v<\/a> szabadalmi \u00fcgyviv\u0151 C\u00edm: 1085 Budapest, \u00dcll\u0151i \u00fat 26. Rektori \u00e9p\u00fclet III\/T2. &hellip;<\/p>\n","protected":false},"author":101892,"featured_media":0,"parent":0,"menu_order":8,"comment_status":"closed","ping_status":"closed","template":"template-fullwidth.php","meta":{"_acf_changed":false,"footnotes":""},"categories":[],"tags":[],"class_list":["post-2900","page","type-page","status-publish","hentry"],"acf":[],"_links":{"self":[{"href":"https:\/\/semmelweis.hu\/tudrh\/wp-json\/wp\/v2\/pages\/2900","targetHints":{"allow":["GET"]}}],"collection":[{"href":"https:\/\/semmelweis.hu\/tudrh\/wp-json\/wp\/v2\/pages"}],"about":[{"href":"https:\/\/semmelweis.hu\/tudrh\/wp-json\/wp\/v2\/types\/page"}],"author":[{"embeddable":true,"href":"https:\/\/semmelweis.hu\/tudrh\/wp-json\/wp\/v2\/users\/101892"}],"replies":[{"embeddable":true,"href":"https:\/\/semmelweis.hu\/tudrh\/wp-json\/wp\/v2\/comments?post=2900"}],"version-history":[{"count":10,"href":"https:\/\/semmelweis.hu\/tudrh\/wp-json\/wp\/v2\/pages\/2900\/revisions"}],"predecessor-version":[{"id":10064,"href":"https:\/\/semmelweis.hu\/tudrh\/wp-json\/wp\/v2\/pages\/2900\/revisions\/10064"}],"wp:attachment":[{"href":"https:\/\/semmelweis.hu\/tudrh\/wp-json\/wp\/v2\/media?parent=2900"}],"wp:term":[{"taxonomy":"category","embeddable":true,"href":"https:\/\/semmelweis.hu\/tudrh\/wp-json\/wp\/v2\/categories?post=2900"},{"taxonomy":"post_tag","embeddable":true,"href":"https:\/\/semmelweis.hu\/tudrh\/wp-json\/wp\/v2\/tags?post=2900"}],"curies":[{"name":"wp","href":"https:\/\/api.w.org\/{rel}","templated":true}]}}