{"id":2889,"date":"2022-08-11T14:41:51","date_gmt":"2022-08-11T12:41:51","guid":{"rendered":"https:\/\/semmelweis.hu\/tcs\/?page_id=2889"},"modified":"2025-12-12T13:39:51","modified_gmt":"2025-12-12T12:39:51","slug":"adatkezeles","status":"publish","type":"page","link":"https:\/\/semmelweis.hu\/tudrh\/adatkezeles\/","title":{"rendered":"Adatkezel\u00e9s"},"content":{"rendered":"<p><span style=\"font-size: 18pt\">A TUDOM\u00c1NYOS \u00c9S INNOV\u00c1CI\u00d3S REKTORHELYETTESI \u00c9S \u00dcZLETFEJLESZT\u00c9SI K\u00d6ZPONT ADATKEZEL\u00c9SSEL KAPCSOLATOS INFORM\u00c1CI\u00d3INAK EL\u00c9RHET\u0150S\u00c9GE<\/span><\/p>\n<p><a href=\"https:\/\/semmelweis.hu\/tudrh\/files\/2024\/12\/107600_1_Adatkezelesi-tajekoztato.pdf\">Adatkezel\u00e9si t\u00e1j\u00e9koztat\u00f3<\/a><\/p>\n<p><a href=\"https:\/\/semmelweis.hu\/tudrh\/files\/2025\/12\/149350_2_TUDRH_2025_Adatkezelesi-nyilvantartas-ADL.xlsx\">Adatkezel\u00e9si nyilv\u00e1ntart\u00e1s<\/a><\/p>\n","protected":false},"excerpt":{"rendered":"<p>A TUDOM\u00c1NYOS \u00c9S INNOV\u00c1CI\u00d3S REKTORHELYETTESI \u00c9S \u00dcZLETFEJLESZT\u00c9SI K\u00d6ZPONT ADATKEZEL\u00c9SSEL KAPCSOLATOS INFORM\u00c1CI\u00d3INAK EL\u00c9RHET\u0150S\u00c9GE<br \/>\n<a href=\"https:\/\/semmelweis.hu\/tudrh\/files\/2024\/12\/107600_1_Adatkezelesi-tajekoztato.pdf\">Adatkezel\u00e9si t\u00e1j\u00e9koztat\u00f3<\/a><br \/>\n<a href=\"https:\/\/semmelweis.hu\/tudrh\/files\/2025\/12\/149350_2_TUDRH_2025_Adatkezelesi-nyilvantartas-ADL.xlsx\">Adatkezel\u00e9si nyilv\u00e1ntart\u00e1s<\/a><\/p>\n","protected":false},"author":101892,"featured_media":0,"parent":0,"menu_order":4,"comment_status":"closed","ping_status":"closed","template":"","meta":{"_acf_changed":false,"footnotes":""},"categories":[],"tags":[],"class_list":["post-2889","page","type-page","status-publish","hentry"],"acf":[],"_links":{"self":[{"href":"https:\/\/semmelweis.hu\/tudrh\/wp-json\/wp\/v2\/pages\/2889","targetHints":{"allow":["GET"]}}],"collection":[{"href":"https:\/\/semmelweis.hu\/tudrh\/wp-json\/wp\/v2\/pages"}],"about":[{"href":"https:\/\/semmelweis.hu\/tudrh\/wp-json\/wp\/v2\/types\/page"}],"author":[{"embeddable":true,"href":"https:\/\/semmelweis.hu\/tudrh\/wp-json\/wp\/v2\/users\/101892"}],"replies":[{"embeddable":true,"href":"https:\/\/semmelweis.hu\/tudrh\/wp-json\/wp\/v2\/comments?post=2889"}],"version-history":[{"count":10,"href":"https:\/\/semmelweis.hu\/tudrh\/wp-json\/wp\/v2\/pages\/2889\/revisions"}],"predecessor-version":[{"id":10060,"href":"https:\/\/semmelweis.hu\/tudrh\/wp-json\/wp\/v2\/pages\/2889\/revisions\/10060"}],"wp:attachment":[{"href":"https:\/\/semmelweis.hu\/tudrh\/wp-json\/wp\/v2\/media?parent=2889"}],"wp:term":[{"taxonomy":"category","embeddable":true,"href":"https:\/\/semmelweis.hu\/tudrh\/wp-json\/wp\/v2\/categories?post=2889"},{"taxonomy":"post_tag","embeddable":true,"href":"https:\/\/semmelweis.hu\/tudrh\/wp-json\/wp\/v2\/tags?post=2889"}],"curies":[{"name":"wp","href":"https:\/\/api.w.org\/{rel}","templated":true}]}}