{"id":1181,"date":"2016-03-25T10:33:58","date_gmt":"2016-03-25T09:33:58","guid":{"rendered":"http:\/\/semmelweis.hu\/tcs\/?page_id=1181"},"modified":"2025-11-21T07:50:03","modified_gmt":"2025-11-21T06:50:03","slug":"tudomanyos-jutalomdijak","status":"publish","type":"page","link":"https:\/\/semmelweis.hu\/tudrh\/tudomanyos-jutalomdijak\/","title":{"rendered":"Tudom\u00e1nyos jutalomd\u00edjban r\u00e9szes\u00fcltek list\u00e1ja"},"content":{"rendered":"<table style=\"height: 1613px;width: 100%\" width=\"100%\" cellspacing=\"100\">\n<tbody>\n<tr style=\"height: 28px\">\n<td style=\"height: 28px\" colspan=\"2\" width=\"509\"><span style=\"font-size: 14pt\"><strong>Budapest Award d\u00edj<\/strong><\/span><\/td>\n<\/tr>\n<tr style=\"height: 32px\">\n<td style=\"height: 32px\">Dr. Krausz Ferenc<\/td>\n<td style=\"height: 32px\">2024<\/td>\n<\/tr>\n<tr style=\"height: 33px\">\n<td style=\"height: 33px\">Dr. Guly\u00e1s Bal\u00e1zs<\/td>\n<td style=\"height: 33px\">2023<\/td>\n<\/tr>\n<tr style=\"height: 24px\">\n<td style=\"height: 24px\" width=\"322\">Dr. Scott David Solomon<\/td>\n<td style=\"height: 24px\">2022<\/td>\n<\/tr>\n<tr style=\"height: 24px\">\n<td style=\"height: 24px\" width=\"322\">Dr. Karik\u00f3 Katalin<\/td>\n<td style=\"height: 24px\">2021<\/td>\n<\/tr>\n<tr style=\"height: 24px\">\n<td style=\"height: 24px\" width=\"322\">Dr. Gloviczki P\u00e9ter<\/td>\n<td style=\"height: 24px\">2020<\/td>\n<\/tr>\n<tr style=\"height: 24px\">\n<td style=\"height: 24px\" width=\"322\">Dr. Roska Botond<\/td>\n<td style=\"height: 24px\">2019<\/td>\n<\/tr>\n<tr style=\"height: 24px\">\n<td style=\"height: 24px\" width=\"322\">Petr Widimsky MD DrSc FESC<\/td>\n<td style=\"height: 24px\">2018<\/td>\n<\/tr>\n<tr style=\"height: 24px\">\n<td style=\"height: 24px\" width=\"322\">Sir Rarinder Maini<\/td>\n<td style=\"height: 24px\">2017<\/td>\n<\/tr>\n<tr style=\"height: 24px\">\n<td style=\"height: 24px\" colspan=\"2\" width=\"509\"><strong><span style=\"font-size: 14pt\">Semmelweis Ign\u00e1c jutalomd\u00edj<\/span><\/strong><\/td>\n<\/tr>\n<tr style=\"height: 33px\">\n<td style=\"height: 33px\">Dr. Tringer L\u00e1szl\u00f3<\/td>\n<td style=\"height: 33px\">2025<\/td>\n<\/tr>\n<tr style=\"height: 32px\">\n<td style=\"height: 32px\">Dr. Rosivall L\u00e1szl\u00f3<\/td>\n<td style=\"height: 32px\">2024<\/td>\n<\/tr>\n<tr style=\"height: 33px\">\n<td style=\"height: 33px\">Dr. Koller \u00c1kos<\/td>\n<td style=\"height: 33px\">2023<\/td>\n<\/tr>\n<tr style=\"height: 24px\">\n<td style=\"height: 24px\" width=\"322\">Dr. T\u00edm\u00e1r J\u00f3zsef<\/td>\n<td style=\"height: 24px\">2022<\/td>\n<\/tr>\n<tr style=\"height: 24px\">\n<td style=\"height: 24px\" width=\"322\">Dr. Bagdy Gy\u00f6rgy<\/td>\n<td style=\"height: 24px\">2021<\/td>\n<\/tr>\n<tr style=\"height: 24px\">\n<td style=\"height: 24px\" width=\"322\">Dr. Tulassay Tivadar<\/td>\n<td style=\"height: 24px\">2020<\/td>\n<\/tr>\n<tr style=\"height: 24px\">\n<td style=\"height: 24px\" width=\"322\">Dr. F\u00fcrst Zsuzsanna\u00a0<\/td>\n<td style=\"height: 24px\">2019<\/td>\n<\/tr>\n<tr style=\"height: 24px\">\n<td style=\"height: 24px\" width=\"322\">Dr. Gera Istv\u00e1n\u00a0<\/td>\n<td style=\"height: 24px\">2019<\/td>\n<\/tr>\n<tr style=\"height: 24px\">\n<td style=\"height: 24px\" width=\"322\">Dr. Monos Emil<\/td>\n<td style=\"height: 24px\">2018<\/td>\n<\/tr>\n<tr style=\"height: 24px\">\n<td style=\"height: 24px\" width=\"322\">Dr. Szendr\u0151i Mikl\u00f3s<\/td>\n<td style=\"height: 24px\">2017<\/td>\n<\/tr>\n<tr style=\"height: 24px\">\n<td style=\"height: 24px\" colspan=\"2\" width=\"509\"><span style=\"font-size: 14pt\"><strong>Hugonnai Vilma jutalomd\u00edj<\/strong><\/span><\/td>\n<\/tr>\n<tr style=\"height: 33px\">\n<td style=\"height: 33px\">Dr. Jedlovszky-Hajd\u00fa Ang\u00e9la<\/td>\n<td style=\"height: 33px\">2025<\/td>\n<\/tr>\n<tr style=\"height: 32px\">\n<td style=\"height: 32px\">Dr. Jermendy \u00c1gnes<\/td>\n<td style=\"height: 32px\">2024<\/td>\n<\/tr>\n<tr style=\"height: 32px\">\n<td style=\"height: 32px\">Dr. Menyhart Ot\u00edlia<\/td>\n<td style=\"height: 32px\">2023<\/td>\n<\/tr>\n<tr style=\"height: 24px\">\n<td style=\"height: 24px\" width=\"322\">Dr. Horv\u00e1th Eszter M\u00e1ria<\/td>\n<td style=\"height: 24px\">2022<\/td>\n<\/tr>\n<tr style=\"height: 24px\">\n<td style=\"height: 24px\" width=\"322\">Dr. M\u00e9sz\u00e1ros-Kapuy Orsolya<\/td>\n<td style=\"height: 24px\">2021<\/td>\n<\/tr>\n<tr style=\"height: 24px\">\n<td style=\"height: 24px\" width=\"322\">Dr. Dezs\u0151 Katalin<\/td>\n<td style=\"height: 24px\">2020<\/td>\n<\/tr>\n<tr style=\"height: 24px\">\n<td style=\"height: 24px\" width=\"322\">Dr. Tam\u00e1s Lilla\u00a0<\/td>\n<td style=\"height: 24px\">2019<\/td>\n<\/tr>\n<tr style=\"height: 24px\">\n<td style=\"height: 24px\" width=\"322\">Dr. Gonda X\u00e9nia<\/td>\n<td style=\"height: 24px\">2018<\/td>\n<\/tr>\n<tr style=\"height: 24px\">\n<td style=\"height: 24px\" width=\"322\">Dr. T\u0151k\u00e9s Anna-M\u00e1ria\u00a0<\/td>\n<td style=\"height: 24px\">2017<\/td>\n<\/tr>\n<tr style=\"height: 24px\">\n<td style=\"height: 24px\" colspan=\"2\" width=\"509\"><span style=\"font-size: 14pt\"><strong>Huzella Tivadar jutalomd\u00edj<\/strong><\/span><\/td>\n<\/tr>\n<tr style=\"height: 33px\">\n<td style=\"height: 33px\">Dr. Varga Zolt\u00e1n<\/td>\n<td style=\"height: 33px\">2025<\/td>\n<\/tr>\n<tr style=\"height: 32px\">\n<td style=\"height: 32px\">Dr. Ungv\u00e1ri Zolt\u00e1n<\/td>\n<td style=\"height: 32px\">2024<\/td>\n<\/tr>\n<tr style=\"height: 32px\">\n<td style=\"height: 32px\">Dr. Juh\u00e1sz Gabriella<\/td>\n<td style=\"height: 32px\">2023<\/td>\n<\/tr>\n<tr style=\"height: 24px\">\n<td style=\"height: 24px\" width=\"322\">Dr. Czobor P\u00e1l\u00a0<\/td>\n<td style=\"height: 24px\">2022<\/td>\n<\/tr>\n<tr style=\"height: 24px\">\n<td style=\"height: 24px\" width=\"322\">Dr. Beny\u00f3 Zolt\u00e1n\u00a0<\/td>\n<td style=\"height: 24px\">2021<\/td>\n<\/tr>\n<tr style=\"height: 24px\">\n<td style=\"height: 24px\" width=\"322\">Dr. Varga G\u00e1bor<\/td>\n<td style=\"height: 24px\">2020<\/td>\n<\/tr>\n<tr style=\"height: 24px\">\n<td style=\"height: 24px\" width=\"322\">Dr. Geiszt Mikl\u00f3s\u00a0<\/td>\n<td style=\"height: 24px\">2019<\/td>\n<\/tr>\n<tr style=\"height: 24px\">\n<td style=\"height: 24px\" width=\"322\">Dr. Chinopoulos Christos<\/td>\n<td style=\"height: 24px\">2018<\/td>\n<\/tr>\n<tr style=\"height: 24px\">\n<td style=\"height: 24px\" width=\"322\">Dr. Ferdinandy P\u00e9ter<\/td>\n<td style=\"height: 24px\">2017<\/td>\n<\/tr>\n<tr style=\"height: 24px\">\n<td style=\"height: 24px\" colspan=\"2\" width=\"509\"><span style=\"font-size: 14pt\"><strong>Jendrassik Ern\u0151 jutalomd\u00edj<\/strong><\/span><\/td>\n<\/tr>\n<tr style=\"height: 33px\">\n<td style=\"height: 33px\">Dr. Miheller P\u00e1l<\/td>\n<td style=\"height: 33px\">2025<\/td>\n<\/tr>\n<tr style=\"height: 32px\">\n<td style=\"height: 32px\">Dr. Hegyi P\u00e9ter<\/td>\n<td style=\"height: 32px\">2024<\/td>\n<\/tr>\n<tr style=\"height: 32px\">\n<td style=\"height: 32px\">Dr. Tak\u00e1cs Istv\u00e1n<\/td>\n<td style=\"height: 32px\">2023<\/td>\n<\/tr>\n<tr style=\"height: 24px\">\n<td style=\"height: 24px\" width=\"322\">Dr. Szij\u00e1rt\u00f3 Attila\u00a0<\/td>\n<td style=\"height: 24px\">2022<\/td>\n<\/tr>\n<tr style=\"height: 24px\">\n<td style=\"height: 24px\" width=\"322\">Dr. Masszi Tam\u00e1s<\/td>\n<td style=\"height: 24px\">2021<\/td>\n<\/tr>\n<tr style=\"height: 24px\">\n<td style=\"height: 24px\" width=\"322\">Dr. Zima Endre Istv\u00e1n<\/td>\n<td style=\"height: 24px\">2020<\/td>\n<\/tr>\n<tr style=\"height: 24px\">\n<td style=\"height: 24px\" width=\"322\">Dr. Tory K\u00e1lm\u00e1n\u00a0<\/td>\n<td style=\"height: 24px\">2019<\/td>\n<\/tr>\n<tr style=\"height: 24px\">\n<td style=\"height: 24px\" width=\"322\">Dr. Molvarec Attila<\/td>\n<td style=\"height: 24px\">2018<\/td>\n<\/tr>\n<tr style=\"height: 24px\">\n<td style=\"height: 24px\" width=\"322\">Dr. Maurovich-Horvat P\u00e1l\u00a0<\/td>\n<td style=\"height: 24px\">2017<\/td>\n<\/tr>\n<tr style=\"height: 24px\">\n<td style=\"height: 24px\" colspan=\"2\" width=\"509\"><span style=\"font-size: 14pt\"><strong>H\u00e1ri M\u00e1ria jutalomd\u00edj<\/strong><\/span><\/td>\n<\/tr>\n<tr style=\"height: 33px\">\n<td style=\"height: 33px\">Dr. Pint\u00e9r Henriett<\/td>\n<td style=\"height: 33px\">2025<\/td>\n<\/tr>\n<tr style=\"height: 32px\">\n<td style=\"height: 32px\">Dr. Szil\u00e1rd Zsuzsanna<\/td>\n<td style=\"height: 32px\">2024<\/td>\n<\/tr>\n<tr style=\"height: 32px\">\n<td style=\"height: 32px\">Dr. T\u00fari Ibolya<\/td>\n<td style=\"height: 32px\">2023<\/td>\n<\/tr>\n<tr style=\"height: 24px\">\n<td style=\"height: 24px\" width=\"322\">Vissi T\u00edmea<\/td>\n<td style=\"height: 24px\">2021<\/td>\n<\/tr>\n<tr style=\"height: 24px\">\n<td style=\"height: 24px\" colspan=\"2\" width=\"509\"><span style=\"font-size: 14pt\"><strong>Richter Gedeon jutalomd\u00edj<\/strong><\/span><\/td>\n<\/tr>\n<tr style=\"height: 33px\">\n<td style=\"height: 33px\">Dr. Al-Khrasani Mahmoud<\/td>\n<td style=\"height: 33px\">2025<\/td>\n<\/tr>\n<tr style=\"height: 33px\">\n<td style=\"height: 33px\">Dr. M\u00e1ndity Istv\u00e1n<\/td>\n<td style=\"height: 33px\">2024<\/td>\n<\/tr>\n<tr style=\"height: 32px\">\n<td style=\"height: 32px\">Dr. Antal Istv\u00e1n<\/td>\n<td style=\"height: 32px\">2023<\/td>\n<\/tr>\n<tr style=\"height: 24px\">\n<td style=\"height: 24px\" width=\"322\">Dr. Zelk\u00f3 Rom\u00e1na<\/td>\n<td style=\"height: 24px\">2022<\/td>\n<\/tr>\n<\/tbody>\n<\/table>\n<hr \/>\n<p>&nbsp;<\/p>\n","protected":false},"excerpt":{"rendered":"<p>Budapest Award d\u00edj Dr. Krausz Ferenc 2024 Dr. Guly\u00e1s Bal\u00e1zs 2023 Dr. Scott David Solomon 2022 Dr. Karik\u00f3 Katalin 2021 Dr. Gloviczki P\u00e9ter 2020 Dr. Roska Botond 2019 Petr Widimsky MD DrSc FESC 2018 Sir Rarinder Maini 2017 Semmelweis Ign\u00e1c jutalomd\u00edj Dr. Tringer L\u00e1szl\u00f3 2025 Dr. Rosivall L\u00e1szl\u00f3 2024 Dr. Koller \u00c1kos 2023 Dr. T\u00edm\u00e1r &hellip;<\/p>\n","protected":false},"author":101892,"featured_media":0,"parent":0,"menu_order":2,"comment_status":"closed","ping_status":"closed","template":"","meta":{"_acf_changed":false,"footnotes":""},"categories":[],"tags":[],"class_list":["post-1181","page","type-page","status-publish","hentry"],"acf":[],"_links":{"self":[{"href":"https:\/\/semmelweis.hu\/tudrh\/wp-json\/wp\/v2\/pages\/1181","targetHints":{"allow":["GET"]}}],"collection":[{"href":"https:\/\/semmelweis.hu\/tudrh\/wp-json\/wp\/v2\/pages"}],"about":[{"href":"https:\/\/semmelweis.hu\/tudrh\/wp-json\/wp\/v2\/types\/page"}],"author":[{"embeddable":true,"href":"https:\/\/semmelweis.hu\/tudrh\/wp-json\/wp\/v2\/users\/101892"}],"replies":[{"embeddable":true,"href":"https:\/\/semmelweis.hu\/tudrh\/wp-json\/wp\/v2\/comments?post=1181"}],"version-history":[{"count":11,"href":"https:\/\/semmelweis.hu\/tudrh\/wp-json\/wp\/v2\/pages\/1181\/revisions"}],"predecessor-version":[{"id":10048,"href":"https:\/\/semmelweis.hu\/tudrh\/wp-json\/wp\/v2\/pages\/1181\/revisions\/10048"}],"wp:attachment":[{"href":"https:\/\/semmelweis.hu\/tudrh\/wp-json\/wp\/v2\/media?parent=1181"}],"wp:term":[{"taxonomy":"category","embeddable":true,"href":"https:\/\/semmelweis.hu\/tudrh\/wp-json\/wp\/v2\/categories?post=1181"},{"taxonomy":"post_tag","embeddable":true,"href":"https:\/\/semmelweis.hu\/tudrh\/wp-json\/wp\/v2\/tags?post=1181"}],"curies":[{"name":"wp","href":"https:\/\/api.w.org\/{rel}","templated":true}]}}