{"id":10050,"date":"2025-11-21T09:18:42","date_gmt":"2025-11-21T08:18:42","guid":{"rendered":"https:\/\/semmelweis.hu\/tudrh\/?page_id=10050"},"modified":"2025-11-24T10:44:12","modified_gmt":"2025-11-24T09:44:12","slug":"szellemi-tulajdon","status":"publish","type":"page","link":"https:\/\/semmelweis.hu\/tudrh\/szellemi-tulajdon\/","title":{"rendered":"Szellemi tulajdon menedzsment"},"content":{"rendered":"<h2>Szellemi alkot\u00e1sok bejelent\u00e9se<\/h2>\n<p>A Semmelweis Egyetem kutat\u00f3i jogosultak \u00e9s k\u00f6telesek jelenteni saj\u00e1t projektjeiket a Tudom\u00e1nyos \u00e9s Innov\u00e1ci\u00f3s Rektorhelyettesi \u00e9s \u00dczletfejleszt\u00e9si K\u00f6zpontnak (tov\u00e1bbiakban T\u00dcK), ha azok \u00e9rt\u00e9kes szellemi tulajdont vagy piaci potenci\u00e1lt k\u00e9pviselnek. A T\u00dcK munkat\u00e1rsai rendelkeznek a szellemi tulajdon v\u00e9delm\u00e9vel kapcsolatos projektek \u00e9rt\u00e9kel\u00e9s\u00e9hez, <span style=\"font-size: 1rem\">a legink\u00e1bb megfelel\u0151 oltalmi lehet\u0151s\u00e9gek felt\u00e9rk\u00e9pz\u00e9s\u00e9hez <\/span><span style=\"font-size: 1rem\">sz\u00fcks\u00e9ges szak\u00e9rtelemmel.<\/span><\/p>\n<h4>A folyamat a k\u00f6vetkez\u0151 l\u00e9p\u00e9sekb\u0151l \u00e1ll:<\/h4>\n<p><strong>1. Els\u0151 kapcsolatfelv\u00e9tel:<\/strong> A Semmelweis Egyetem kutat\u00f3i szem\u00e9lyes tal\u00e1lkoz\u00f3t kezdem\u00e9nyeznek a T\u00dcK munkat\u00e1rsaival a <a href=\"mailto:tto@semmelweis-univ.hu\">tto@semmelweis.hu<\/a> e-mail c\u00edmre k\u00fcld\u00f6tt \u00fczenetben.<\/p>\n<p><strong>2. Konzult\u00e1ci\u00f3:<\/strong> A T\u00dcK szem\u00e9lyes konzult\u00e1ci\u00f3t tart a kutat\u00f3kkal, hogy megvizsg\u00e1lja a szellemi tulajdon jogi v\u00e9delm\u00e9t \u00e9s hasznos\u00edt\u00e1s\u00e1t befoly\u00e1sol\u00f3 k\u00f6r\u00fclm\u00e9nyeket.<\/p>\n<p><strong>Az oltalomk\u00e9pess\u00e9g krit\u00e9riumai:<\/strong> A szabadalmazhat\u00f3 tal\u00e1lm\u00e1nyok az al\u00e1bbi k\u00f6vetelm\u00e9nyeknek kell megfeleljenek:<\/p>\n<ul>\n<li>\u00dajdons\u00e1g: A szabadalmi bejelent\u00e9s el\u0151tt a tal\u00e1lm\u00e1nyt semmilyen form\u00e1ban nem lehet nyilv\u00e1noss\u00e1gra hozni (pl. cikk, sz\u00f3beli k\u00f6zl\u00e9s, konferenciael\u0151ad\u00e1s, TDK munka vagy el\u0151ad\u00e1s). E tekintetben nem a t\u00e9nyleges hozz\u00e1f\u00e9r\u00e9s, hanem a hozz\u00e1f\u00e9r\u00e9s lehet\u0151s\u00e9ge a fontos.<\/li>\n<li>Feltal\u00e1l\u00f3i tev\u00e9kenys\u00e9g (tal\u00e1lm\u00e1nyi szint): A tal\u00e1lm\u00e1ny nem lehet nyilv\u00e1nval\u00f3 a szakember sz\u00e1m\u00e1ra, m\u00e9g akkor sem, ha t\u00f6bb szakter\u00fclet ismeret\u00e9t ig\u00e9nyli.<\/li>\n<li>Ipari alkalmazhat\u00f3s\u00e1g: A tal\u00e1lm\u00e1ny ipari szempontb\u00f3l alkalmazhat\u00f3, ha ipari vagy mez\u0151gazdas\u00e1gi \u00e1gazatban el\u0151\u00e1ll\u00edthat\u00f3 vagy felhaszn\u00e1lhat\u00f3. A tal\u00e1lm\u00e1nynak ez\u00e9rt a tal\u00e1lm\u00e1ny c\u00e9lj\u00e1nak megfelel\u0151 eredm\u00e9nyt kell biztos\u00edtania, \u00e9s reproduk\u00e1lhat\u00f3nak kell lennie (b\u00e1rmikor ugyanazzal az eredm\u00e9nnyel el\u00e9rhet\u0151nek kell lennie).<\/li>\n<li>A tal\u00e1lm\u00e1ny t\u00e1rgy\u00e1n\u00e1l fogva ne legyen kiz\u00e1rva az oltalomb\u00f3l.<\/li>\n<\/ul>\n<p><strong>Nem szabadalmaztathat\u00f3:<\/strong><\/p>\n<ul>\n<li>a felfedez\u00e9s, a tudom\u00e1nyos elm\u00e9let \u00e9s a matematikai m\u00f3dszer;<\/li>\n<li>az eszt\u00e9tikai alkot\u00e1s;<\/li>\n<li>a szellemi tev\u00e9kenys\u00e9gre, j\u00e1t\u00e9kra, \u00fczletvitelre vonatkoz\u00f3 terv, szab\u00e1ly vagy elj\u00e1r\u00e1s, valamint a sz\u00e1m\u00edt\u00f3g\u00e9pi program;<\/li>\n<li>az inform\u00e1ci\u00f3k megjelen\u00edt\u00e9se;<\/li>\n<li>az emberi vagy \u00e1llati test kezel\u00e9s\u00e9re szolg\u00e1l\u00f3 gy\u00f3gy\u00e1szati vagy seb\u00e9szeti elj\u00e1r\u00e1sok, valamint az emberi vagy \u00e1llati testen v\u00e9gezhet\u0151 diagnosztikai elj\u00e1r\u00e1sok.<\/li>\n<\/ul>\n<p>A szabadalmaztathat\u00f3s\u00e1g hi\u00e1nya eset\u00e9n felmer\u00fcl a haszn\u00e1latiminta-oltalom, a formatervez\u00e9siminta-oltalom, illetve a szellemi alkot\u00e1s know-how-k\u00e9nt t\u00f6rt\u00e9n\u0151 v\u00e9delme.<\/p>\n<p><strong>3. Beny\u00fajt\u00e1s:<\/strong> A <strong>szellemi alkot\u00e1s bejelent\u0151 lap<\/strong> (SZAB-lap) az al\u00e1bbi linken \u00e9rhet\u0151 el; a T\u00dcK munkat\u00e1rsai seg\u00edts\u00e9get ny\u00fajthatnak a kit\u00f6lt\u00e9s\u00e9ben.<\/p>\n<ul>\n<li><a href=\"https:\/\/semmelweis.hu\/research\/files\/2024\/11\/INVENTION-DISCLOSURE-FORM_EN_202305.pdf\">INVENTION DISCLOSURE FORM<\/a><\/li>\n<li><a href=\"https:\/\/semmelweis.hu\/research\/files\/2024\/11\/INVENTION-DISCLOSURE-FORM_EN_202305.docx\">INVENTION DISCLOSURE FORM<\/a><\/li>\n<\/ul>\n<p><strong>4. D\u00f6nt\u00e9shozatal:<\/strong> Az elfogad\u00e1sr\u00f3l, v\u00e9delemr\u0151l \u00e9s hasznos\u00edt\u00e1sr\u00f3l az <strong>Egyetemi Innov\u00e1ci\u00f3s Bizotts\u00e1g<\/strong> (EIB) d\u00f6nt.<\/p>\n<p><strong>5. Elj\u00e1r\u00e1s:<\/strong> Ha az EIB \u00fagy d\u00f6nt, hogy a szellemi alkot\u00e1sra az Egyetem ig\u00e9nyt tart (vagy megtart), a T\u00dcK az ipari tulajdon v\u00e9delm\u00e9vel kapcsolatos elj\u00e1r\u00e1st ind\u00edt a szellemi tulajdon jelleg\u00e9t\u0151l f\u00fcgg\u0151en. Ennek k\u00f6lts\u00e9geit az EIB d\u00f6nt\u00e9s\u00e9ben meghat\u00e1rozott m\u00e9rt\u00e9kben az Egyetem viseli.<\/p>\n<ul>\n<li>\n<p><a href=\"https:\/\/semmelweis.hu\/jogigfoig\/files\/2023\/06\/SZMSZ_SZMR_I_KONYV_I_6_RESZ_Szellemitulajdon_kezelesi_szabalyzat_hatalyos_20230601.pdf\">INTELLECTUAL PROPERTY REGULATION_Hungarian<\/a><\/p>\n<\/li>\n<\/ul>\n<h2>Kiadv\u00e1nyok el\u0151zetes ellen\u0151rz\u00e9se \u00e9s szellemi tulajdonra vonatkoz\u00f3 ir\u00e1nyelvek<\/h2>\n<p><strong>Kiadv\u00e1nyok el\u0151zetes ellen\u0151rz\u00e9se:<\/strong> A k\u00e9ziratok vagy konferencia-\u00f6sszefoglal\u00f3k felt\u00f6lt\u00e9se el\u0151tt a T\u00dcK szak\u00e9rt\u0151i el\u0151zetesen ellen\u0151rzik a tudom\u00e1nyos anyagokat a szellemi tulajdonban rejl\u0151 potenci\u00e1lis \u00e9rt\u00e9k szempontj\u00e1b\u00f3l. A T\u00dcK szellemi tulajdon v\u00e9delm\u00e9nek szempontj\u00e1b\u00f3l v\u00e9lem\u00e9nyt ad a k\u00e9ziratr\u00f3l. Sz\u00fcks\u00e9g eset\u00e9n a T\u00dcK munkat\u00e1rsai tan\u00e1csot adnak az szellemi tulajdon v\u00e9delm\u00e9vel kapcsolatban, \u00e9s t\u00e1mogat\u00e1st ny\u00fajtanak a szellemi alkot\u00e1s Egyetem r\u00e9szre t\u00f6rt\u00e9n\u0151 bejelent\u00e9s\u00e9hez.<br \/>\nA bels\u0151 konferenci\u00e1k (pl. TDK, PhD konferenci\u00e1k stb.) eset\u00e9ben a T\u00dcK biztos\u00edtja az \u00e9rz\u00e9keny tudom\u00e1nyos anyagok bizalmas kezel\u00e9s\u00e9t.<\/p>\n<h2>Kutat\u00e1si meg\u00e1llapod\u00e1sok<\/h2>\n<p>Ha egy kutat\u00f3 vagy kutat\u00f3csoport k\u00fcls\u0151 partnerrel egy\u00fcttm\u0171k\u00f6dik, \u00edr\u00e1sbeli meg\u00e1llapod\u00e1s sz\u00fcks\u00e9ges. Ez minden t\u00edpus\u00fa szerz\u0151d\u00e9sre vonatkozik, bele\u00e9rtve, de nem kiz\u00e1r\u00f3lagosan a titoktart\u00e1si meg\u00e1llapod\u00e1sokat (NDA), az anyag\u00e1tad\u00e1si meg\u00e1llapod\u00e1sokat (MTA), az adat\u00e1tad\u00e1si meg\u00e1llapod\u00e1sokat (DTA) \u00e9s az egy\u00fcttm\u0171k\u00f6d\u00e9si vagy partners\u00e9gi meg\u00e1llapod\u00e1sokat.<br \/>\nAz egy\u00fcttm\u0171k\u00f6d\u00e9s megkezd\u00e9se el\u0151tt a meg\u00e1llapod\u00e1s tervezet\u00e9t be kell ny\u00fajtani a Jogi Oszt\u00e1lyhoz (jog@semmelweis.hu) fel\u00fclvizsg\u00e1latra \u00e9s j\u00f3v\u00e1hagy\u00e1sra. Ennek r\u00e9szek\u00e9nt a\u00a0T\u00dcK is fel\u00fclvizsg\u00e1lja a dokumentumot a szellemi tulajdon \u00e9s a kutat\u00e1s-innov\u00e1ci\u00f3 szempontj\u00e1b\u00f3l, biztos\u00edtva, hogy az egyetem \u00e9rdekei megfelel\u0151en v\u00e9dve legyenek.<\/p>\n","protected":false},"excerpt":{"rendered":"<p>Szellemi alkot\u00e1sok bejelent\u00e9se A Semmelweis Egyetem kutat\u00f3i jogosultak \u00e9s k\u00f6telesek jelenteni saj\u00e1t projektjeiket a Tudom\u00e1nyos \u00e9s Innov\u00e1ci\u00f3s Rektorhelyettesi \u00e9s \u00dczletfejleszt\u00e9si K\u00f6zpontnak (tov\u00e1bbiakban T\u00dcK), ha azok \u00e9rt\u00e9kes szellemi tulajdont vagy piaci potenci\u00e1lt k\u00e9pviselnek. A T\u00dcK munkat\u00e1rsai rendelkeznek a szellemi tulajdon v\u00e9delm\u00e9vel kapcsolatos projektek \u00e9rt\u00e9kel\u00e9s\u00e9hez, a legink\u00e1bb megfelel\u0151 oltalmi lehet\u0151s\u00e9gek felt\u00e9rk\u00e9pz\u00e9s\u00e9hez sz\u00fcks\u00e9ges szak\u00e9rtelemmel. A folyamat a k\u00f6vetkez\u0151 &hellip;<\/p>\n","protected":false},"author":102585,"featured_media":0,"parent":0,"menu_order":5,"comment_status":"closed","ping_status":"closed","template":"template-fullwidth.php","meta":{"_acf_changed":false,"footnotes":""},"categories":[],"tags":[],"class_list":["post-10050","page","type-page","status-publish","hentry"],"acf":[],"_links":{"self":[{"href":"https:\/\/semmelweis.hu\/tudrh\/wp-json\/wp\/v2\/pages\/10050","targetHints":{"allow":["GET"]}}],"collection":[{"href":"https:\/\/semmelweis.hu\/tudrh\/wp-json\/wp\/v2\/pages"}],"about":[{"href":"https:\/\/semmelweis.hu\/tudrh\/wp-json\/wp\/v2\/types\/page"}],"author":[{"embeddable":true,"href":"https:\/\/semmelweis.hu\/tudrh\/wp-json\/wp\/v2\/users\/102585"}],"replies":[{"embeddable":true,"href":"https:\/\/semmelweis.hu\/tudrh\/wp-json\/wp\/v2\/comments?post=10050"}],"version-history":[{"count":5,"href":"https:\/\/semmelweis.hu\/tudrh\/wp-json\/wp\/v2\/pages\/10050\/revisions"}],"predecessor-version":[{"id":10057,"href":"https:\/\/semmelweis.hu\/tudrh\/wp-json\/wp\/v2\/pages\/10050\/revisions\/10057"}],"wp:attachment":[{"href":"https:\/\/semmelweis.hu\/tudrh\/wp-json\/wp\/v2\/media?parent=10050"}],"wp:term":[{"taxonomy":"category","embeddable":true,"href":"https:\/\/semmelweis.hu\/tudrh\/wp-json\/wp\/v2\/categories?post=10050"},{"taxonomy":"post_tag","embeddable":true,"href":"https:\/\/semmelweis.hu\/tudrh\/wp-json\/wp\/v2\/tags?post=10050"}],"curies":[{"name":"wp","href":"https:\/\/api.w.org\/{rel}","templated":true}]}}