{"id":5,"date":"2012-02-04T14:17:12","date_gmt":"2012-02-04T14:17:12","guid":{"rendered":"http:\/\/semmelweis-egyetem.hu\/traumatologia\/?page_id=5"},"modified":"2026-02-25T08:11:42","modified_gmt":"2026-02-25T07:11:42","slug":"elerhetoseg","status":"publish","type":"page","link":"https:\/\/semmelweis.hu\/traumatologia\/elerhetoseg\/","title":{"rendered":"El\u00e9rhet\u0151s\u00e9g"},"content":{"rendered":"<div class=\"keretes w-100\">\n<h1 style=\"text-align: center\">Traumatol\u00f3giai Klinika<\/h1>\n<h4 style=\"text-align: center\"><strong>Telefon\u00a0<\/strong><strong>munkanapokon 7-15 \u00f3ra k\u00f6z\u00f6tt<\/strong><strong>:<\/strong> <br \/>\n+36 30 877-5556\u00a0<\/h4>\n<h4 style=\"text-align: center\"><strong>Telefon munkaid\u0151n k\u00edv\u00fcl<\/strong>: <br \/>\n+36 1 459 15 00 \/62210-es mell\u00e9k\u00a0<\/h4>\n<h4 style=\"text-align: center\"><strong>E-mail:<\/strong> <a href=\"mailto:info.trauma@semmelweis.hu\">info.trauma@semmelweis.hu<\/a><\/h4>\n<\/div>\n<h1>Traumatol\u00f3giai Klinika Inform\u00e1ci\u00f3s Telefonvonal \u00e9s Email<\/h1>\n<div class=\"x_elementToProof\">A vonal c\u00e9lja, hogy &#8211; az \u00c1ltal\u00e1nos adatv\u00e9delmi rendeletnek (GDPR) megfelel\u0151en &#8211; inform\u00e1ci\u00f3kat biztos\u00edtson a k\u00f3rh\u00e1zban l\u00e9v\u0151 betegek eg\u00e9szs\u00e9g\u00fcgyi \u00e1llapot\u00e1r\u00f3l, kezel\u00e9s\u00e9r\u0151l, valamint a k\u00f3rh\u00e1zi szolg\u00e1ltat\u00e1sokr\u00f3l \u00e9s elj\u00e1r\u00e1sokr\u00f3l.<\/div>\n<div>\u00a0<\/div>\n<h4 class=\"x_elementToProof\"><b>Szolg\u00e1ltat\u00e1sok:<\/b><\/h4>\n<ol>\n<li><b><b>Beteg\u00e1llapot fel\u0151l \u00e9rdekl\u0151d\u00e9s:<\/b><\/b>\n<ul>\n<li>A csal\u00e1dtagok \u00e9s hozz\u00e1tartoz\u00f3k korl\u00e1tozottan t\u00e1j\u00e9koz\u00f3dhatnak rokonaik k\u00f3rh\u00e1zi kezel\u00e9s\u00e9r\u0151l \u00e9s aktu\u00e1lis \u00e1llapot\u00e1r\u00f3l.<\/li>\n<li>Fontos inform\u00e1ci\u00f3kat kaphatnak a l\u00e1togat\u00e1si szab\u00e1lyokr\u00f3l \u00e9s id\u0151pontokr\u00f3l, k\u00fcl\u00f6n\u00f6sen akkor, ha a szem\u00e9lyes l\u00e1togat\u00e1s korl\u00e1tozott (pl. j\u00e1rv\u00e1nyhelyzet idej\u00e9n).<\/li>\n<\/ul>\n<\/li>\n<li><b>\u00c1ltal\u00e1nos inform\u00e1ci\u00f3k a k\u00f3rh\u00e1z m\u0171k\u00f6d\u00e9s\u00e9r\u0151l:<\/b>\n<ul>\n<li>A betegek \u00e9s hozz\u00e1tartoz\u00f3k megtudhatj\u00e1k a k\u00f3rh\u00e1z nyitvatart\u00e1si idej\u00e9t, az ambul\u00e1ns szolg\u00e1ltat\u00e1sok el\u00e9rhet\u0151s\u00e9g\u00e9t, illetve a k\u00fcl\u00f6nb\u00f6z\u0151 oszt\u00e1lyok, orvosok \u00e9s szakrendel\u00e9sek helysz\u00edn\u00e9t \u00e9s el\u00e9rhet\u0151s\u00e9g\u00e9t.<\/li>\n<\/ul>\n<\/li>\n<li><b>\u00c1ltal\u00e1nos t\u00e1mogat\u00e1s:<\/b>\n<ul>\n<li>Seg\u00edthetnek a betegek \u00e9s hozz\u00e1tartoz\u00f3k sz\u00e1m\u00e1ra az adminisztrat\u00edv k\u00e9rd\u00e9sek megold\u00e1s\u00e1ban, p\u00e9ld\u00e1ul a k\u00f3rh\u00e1zi felv\u00e9tel, biztos\u00edt\u00e1si \u00fcgyek, \u00e9s k\u00fcl\u00f6n dokument\u00e1ci\u00f3 ig\u00e9nyl\u00e9se sor\u00e1n.<\/li>\n<\/ul>\n<\/li>\n<\/ol>\n<h4><b>El\u00e9rhet\u0151s\u00e9g:<\/b><\/h4>\n<ul>\n<li><b>M\u0171k\u00f6d\u00e9si id\u0151:<\/b>\u00a0munkanapokon 07:00-15:00 k\u00f6z\u00f6tt<\/li>\n<li><b>Anonimit\u00e1s \u00e9s adatv\u00e9delem:<\/b> a h\u00edv\u00f3k szem\u00e9lyes adatai bizalmasok, \u00e9s a betegadatok kiad\u00e1s\u00e1hoz a t\u00f6rv\u00e9nyi el\u0151\u00edr\u00e1sokat figyelembe veszik.<\/li>\n<\/ul>\n<div class=\"fontos_div\">\n<p><strong>C\u00edm: <\/strong>1083 Budapest, Kor\u00e1nyi S\u00e1ndor u. 2.<strong><br \/>\nPostac\u00edm: <\/strong>Semmelweis Egyetem Traumatol\u00f3giai Klinika<strong><br \/>\n<\/strong>1085 Budapest, \u00dcll\u0151i \u00fat 26. 1428 Budapest, Pf.2.<\/p>\n<\/div>\n<h1>Betegell\u00e1t\u00e1ssal kapcsolatos el\u00e9rhet\u0151s\u00e9gek:<\/h1>\n<h5>Akut ambulancia:\u00a0<\/h5>\n<p style=\"padding-left: 40px\"><strong>06-1-459-1500\/62210-es mell\u00e9k<br \/>\n<\/strong><strong>C\u00edm: <\/strong>Semmelweis Egyetem Traumatol\u00f3giai Klinika<br \/>\n1083 Budapest, Kor\u00e1nyi S\u00e1ndor u. 2.<br \/>\nRecepci\u00f3: K\u00f6zponti Betegell\u00e1t\u00f3 \u00c9p\u00fclet f\u00f6ldszint<\/p>\n<h5>Kontroll-J\u00e1r\u00f3beteg ell\u00e1t\u00e1s \u00e9s K\u00e9zseb\u00e9szeti Ambulancia:<\/h5>\n<p style=\"padding-left: 40px\"><strong>+36 1 293 0003, +36 1 293 0004<\/strong><br \/>\n<strong>C\u00edm: <\/strong>Semmelweis Egyetem Mer\u00e9nyi Klinikai T\u00f6mb <br \/>\nBudapest 1097, Gy\u00e1li \u00fat 17-19.\u00a02-es \u00e9p\u00fclet f\u00f6ldszint<\/p>\n<h5>Fekv\u0151beteg ell\u00e1t\u00e1s:<\/h5>\n<p style=\"padding-left: 40px\"><b>II. emelet Traumatol\u00f3giai r\u00e9szleg n\u0151v\u00e9rpult: +36-1-459-1500\/62171-es mell\u00e9k<br \/>\nIII. emelet Traumatol\u00f3giai r\u00e9szleg n\u0151v\u00e9rpult: +36-1-459-1500\/62009-es mell\u00e9k<br \/>\n<\/b><strong>C\u00edm: <\/strong>Semmelweis Egyetem Traumatol\u00f3giai Klinika<br \/>\n1083 Budapest, Kor\u00e1nyi S\u00e1ndor u. 2.<br \/>\nK\u00f6zponti Betegell\u00e1t\u00f3 \u00c9p\u00fclet<\/p>\n<h5>Elekt\u00edv betegell\u00e1t\u00e1s:<\/h5>\n<p style=\"padding-left: 40px\"><b>T\u00e9rdambulancia: <\/b>terdambulancia@semmelweis.hu<\/p>\n<h5>Traumatol\u00f3giai Klinika Titk\u00e1rs\u00e1g:<\/h5>\n<p style=\"padding-left: 40px\"><strong><b>E-mail: <\/b><\/strong>traumaklinika@semmelweis.hu<br \/>\n<strong>C\u00edm: <\/strong>Semmelweis Egyetem Traumatol\u00f3giai Klinika<br \/>\n1083 Budapest, Kor\u00e1nyi S\u00e1ndor u. 2.<br \/>\nK\u00f6zponti Betegell\u00e1t\u00f3 \u00c9p\u00fclet III. emelet<\/p>\n<h1>Oktat\u00e1si \u00e9s Szakk\u00e9pz\u00e9si \u00fcgyekkel kapcsolatos el\u00e9rhet\u0151s\u00e9gek:<\/h1>\n<div class=\"keretes w-100\">\n<p><strong>Oktat\u00e1si Iroda (<span style=\"color: #339966\">hallgat\u00f3i \u00fcgyek<\/span>):<\/strong> +36 20 825 8680<br \/>\n<strong>Email: <\/strong>office.trauma@semmelweis.hu<br \/>\n<strong>C\u00edm: <\/strong>Semmelweis Egyetem Traumatol\u00f3giai Klinika<br \/>\n1083 Budapest, Kor\u00e1nyi S\u00e1ndor u. 2.<br \/>\nK\u00f6zponti Betegell\u00e1t\u00f3 \u00c9p\u00fclet II. emelet<\/p>\n<p><strong>Bodzay Petra Oszt\u00e1lyvezet\u0151 (<span style=\"color: #339966\">szakk\u00e9pz\u00e9si \u00fcgyek<\/span>):<\/strong>\u00a0<br \/>\n<strong>Email: <\/strong>bodzay.petra@semmelweis.hu<br \/>\n<strong>C\u00edm: <\/strong>Semmelweis Egyetem Traumatol\u00f3giai Klinika<br \/>\n1083 Budapest, Kor\u00e1nyi S\u00e1ndor u. 2.<br \/>\nK\u00f6zponti Betegell\u00e1t\u00f3 \u00c9p\u00fclet IV. emelet<\/p>\n<\/div>\n<h1 style=\"text-align: justify\">Oktat\u00e1si Telephelyeink:<\/h1>\n<p><strong>1. Semmelweis Egyetem \u00c1OK Traumatol\u00f3giai Klinika<br \/>\n<\/strong>C\u00edm: 1083 Budapest, Kor\u00e1nyi S\u00e1ndor u. 2.<strong><br \/>\n<\/strong><\/p>\n<p><strong>2. Budapesti Dr. Manninger Jen\u0151 Baleseti K\u00f6zpont<\/strong><br \/>\nC\u00edm: 1081 Budapest, Fiumei \u00fat 17. (<strong><a href=\"https:\/\/goo.gl\/maps\/Fs2Do6nTKftFsUjd6\" target=\"_blank\" rel=\"noopener noreferrer\">T\u00e9rk\u00e9p \u2192<\/a><\/strong>)<\/p>\n<p><strong>3. Budapesti Uzsoki Utcai K\u00f3rh\u00e1z<\/strong><br \/>\nC\u00edm: 1145 Budapest, Uzsoki utca 29-41. (<strong><a href=\"https:\/\/goo.gl\/maps\/552bzC9yFFK2Y8KQ6\" target=\"_blank\" rel=\"noopener noreferrer\">T\u00e9rk\u00e9p \u2192<\/a><\/strong>)<\/p>\n<p>&nbsp;<\/p>\n","protected":false},"excerpt":{"rendered":"<p>Traumatol\u00f3giai Klinika Telefon\u00a0munkanapokon 7-15 \u00f3ra k\u00f6z\u00f6tt: +36 30 877-5556\u00a0 Telefon munkaid\u0151n k\u00edv\u00fcl: +36 1 459 15 00 \/62210-es mell\u00e9k\u00a0 E-mail: <a href=\"mailto:info.trauma@semmelweis.hu\">info.trauma@semmelweis.hu<\/a> Traumatol\u00f3giai Klinika Inform\u00e1ci\u00f3s Telefonvonal \u00e9s Email A vonal c\u00e9lja, hogy &#8211; az \u00c1ltal\u00e1nos adatv\u00e9delmi rendeletnek (GDPR) megfelel\u0151en &#8211; inform\u00e1ci\u00f3kat biztos\u00edtson a k\u00f3rh\u00e1zban l\u00e9v\u0151 betegek eg\u00e9szs\u00e9g\u00fcgyi \u00e1llapot\u00e1r\u00f3l, kezel\u00e9s\u00e9r\u0151l, valamint a k\u00f3rh\u00e1zi szolg\u00e1ltat\u00e1sokr\u00f3l \u00e9s elj\u00e1r\u00e1sokr\u00f3l. \u00a0 Szolg\u00e1ltat\u00e1sok: &hellip;<\/p>\n","protected":false},"author":101217,"featured_media":0,"parent":0,"menu_order":6,"comment_status":"closed","ping_status":"closed","template":"template-fullwidth.php","meta":{"_acf_changed":false,"footnotes":""},"categories":[],"tags":[],"class_list":["post-5","page","type-page","status-publish","hentry"],"acf":[],"_links":{"self":[{"href":"https:\/\/semmelweis.hu\/traumatologia\/wp-json\/wp\/v2\/pages\/5","targetHints":{"allow":["GET"]}}],"collection":[{"href":"https:\/\/semmelweis.hu\/traumatologia\/wp-json\/wp\/v2\/pages"}],"about":[{"href":"https:\/\/semmelweis.hu\/traumatologia\/wp-json\/wp\/v2\/types\/page"}],"author":[{"embeddable":true,"href":"https:\/\/semmelweis.hu\/traumatologia\/wp-json\/wp\/v2\/users\/101217"}],"replies":[{"embeddable":true,"href":"https:\/\/semmelweis.hu\/traumatologia\/wp-json\/wp\/v2\/comments?post=5"}],"version-history":[{"count":13,"href":"https:\/\/semmelweis.hu\/traumatologia\/wp-json\/wp\/v2\/pages\/5\/revisions"}],"predecessor-version":[{"id":3920,"href":"https:\/\/semmelweis.hu\/traumatologia\/wp-json\/wp\/v2\/pages\/5\/revisions\/3920"}],"wp:attachment":[{"href":"https:\/\/semmelweis.hu\/traumatologia\/wp-json\/wp\/v2\/media?parent=5"}],"wp:term":[{"taxonomy":"category","embeddable":true,"href":"https:\/\/semmelweis.hu\/traumatologia\/wp-json\/wp\/v2\/categories?post=5"},{"taxonomy":"post_tag","embeddable":true,"href":"https:\/\/semmelweis.hu\/traumatologia\/wp-json\/wp\/v2\/tags?post=5"}],"curies":[{"name":"wp","href":"https:\/\/api.w.org\/{rel}","templated":true}]}}