{"id":3911,"date":"2026-02-25T08:01:56","date_gmt":"2026-02-25T07:01:56","guid":{"rendered":"https:\/\/semmelweis.hu\/traumatologia\/?page_id=3911"},"modified":"2026-02-25T08:02:47","modified_gmt":"2026-02-25T07:02:47","slug":"terdambulancia","status":"publish","type":"page","link":"https:\/\/semmelweis.hu\/traumatologia\/betegellatas\/elektiv-betegellatas\/terdambulancia\/","title":{"rendered":"T\u00e9rdambulancia"},"content":{"rendered":"<p style=\"text-align: center\"><span style=\"text-decoration: underline\"><strong>T\u00e9rdt\u00e1j\u00e9ki f\u00e1jdalom, instabilit\u00e1s, illetve egy\u00e9b panaszok kivizsg\u00e1l\u00e1sa \u00e9s ell\u00e1t\u00e1sa<\/strong><\/span><\/p>\n<p style=\"text-align: justify\">Klinik\u00e1nkon a legkorszer\u0171bb orvostechnol\u00f3giai eszk\u00f6z\u00f6kkel, bizony\u00edtott seb\u00e9szeti elj\u00e1r\u00e1sokkal \u00e9s tapasztalt ortop\u00e9d-traumatol\u00f3gus seb\u00e9szeink tud\u00e1s\u00e1val igyeksz\u00fcnk biztos\u00edtani, hogy p\u00e1cienseink min\u00e9l hamarabb, biztons\u00e1gban visszanyerj\u00e9k t\u00e9rd\u00edz\u00fclet\u00fck f\u00e1jdalommentes mozg\u00e1s\u00e1t, stabilit\u00e1s\u00e1t \u00e9s terhelhet\u0151s\u00e9g\u00e9t.<\/p>\n<p style=\"text-align: justify\">A t\u00e9rdt\u00e1j\u00e9ki panaszok h\u00e1tter\u00e9ben sz\u00e1mos struktur\u00e1lis elt\u00e9r\u00e9s \u00e1llhat, melyek kialakulhatnak egy baleset k\u00f6vetkezt\u00e9ben, ak\u00e1r a mindennapi terhel\u00e9s sor\u00e1n, illetve sporttev\u00e9kenys\u00e9g v\u00e9gz\u00e9se k\u00f6zben.<\/p>\n<p style=\"text-align: justify\">Tekintve, hogy nincs k\u00e9t teljesen egyforma ember, \u00edgy identikus panaszos t\u00e9rd\u00edz\u00fclet sem, az els\u0151 konzult\u00e1ci\u00f3 sor\u00e1n r\u00e9szletesen \u00e1tbesz\u00e9lj\u00fck a panaszokat, el\u0151zm\u00e9nyeket, k\u00e9palkot\u00f3 vizsg\u00e1latok (pl. MRI) eredm\u00e9ny\u00e9t a c\u00e9lb\u00f3l, hogy mindenki szem\u00e9lyre szabott ell\u00e1t\u00e1sban r\u00e9szes\u00fclhessen.<\/p>\n<p style=\"text-align: justify\">Kivizsg\u00e1l\u00e1st k\u00f6vet\u0151en elk\u00e9sz\u00edtj\u00fck a kezel\u00e9si tervet. Amennyiben \u00fagy \u00edt\u00e9lj\u00fck meg, hogy m\u0171t\u00e9ti ell\u00e1t\u00e1s indokolt, akkor el\u0151jegyz\u00e9s alapj\u00e1n erre biztos\u00edtunk lehet\u0151s\u00e9get, valamint felvil\u00e1gos\u00edt\u00e1st ny\u00fajtunk a m\u0171t\u00e9ti elj\u00e1r\u00e1ssal, illetve m\u0171t\u00e9t el\u0151tti \u00e9s azt k\u00f6vet\u0151 teend\u0151kkel kapcsolatosan.<\/p>\n<p style=\"text-align: justify\">Annak \u00e9rdek\u00e9ben, hogy a m\u0171t\u00e9t min\u00e9l kisebb megterhel\u00e9ssel j\u00e1rjon, tov\u00e1bb\u00e1 a lehet\u0151 legr\u00f6videbb \u00e9s legk\u00edm\u00e9letesebb legyen a gy\u00f3gyul\u00e1si id\u0151 \u00e9s ez\u00e1ltal p\u00e1cienseink mihamarabb visszat\u00e9rhessenek kor\u00e1bbi \u00e9letm\u00f3djukhoz \u2013 legyen az munka, sport vagy a f\u00e1jdalommentes mindennapok \u2013 minim\u00e1lisan invaz\u00edv m\u0171t\u00e9ti technik\u00e1t (pl. arthroszk\u00f3pia vagy m\u00e1sn\u00e9ven \u00edz\u00fcleti t\u00fckr\u00f6z\u00e9s) alkalmazunk.<\/p>\n<p style=\"text-align: justify\">Ezen m\u0171t\u00e9ti elj\u00e1r\u00e1ssal leggyakrabban meniscus (gy\u0171r\u0171porc) s\u00e9r\u00fcl\u00e9sek ell\u00e1t\u00e1s\u00e1t, illetve el\u00fcls\u0151 keresztszalag-p\u00f3tl\u00e1st (ACL rekonstukci\u00f3t) v\u00e9gz\u00fcnk, azonban egy\u00e9b t\u00e9rd\u00edz\u00fcleti elt\u00e9r\u00e9sek diagnosztik\u00e1j\u00e1ra \u00e9s kezel\u00e9s\u00e9re is alkalmas.<\/p>\n<p style=\"text-align: justify\">A m\u0171t\u00e9ti ell\u00e1t\u00e1st k\u00f6vet\u0151en a mozg\u00e1sszervi rehabilit\u00e1ci\u00f3hoz sz\u00fcks\u00e9ges fizikoter\u00e1pi\u00e1t k\u00f3rh\u00e1zi bennfekv\u00e9s eset\u00e9n gy\u00f3gytorn\u00e1szaink seg\u00edts\u00e9g\u00e9vel megkezdj\u00fck, tov\u00e1bbi gy\u00f3gyul\u00e1shoz \u00e9s az \u00fajras\u00e9r\u00fcl\u00e9s kock\u00e1zat\u00e1nak cs\u00f6kkent\u00e9s\u00e9hez sz\u00fcks\u00e9ges inform\u00e1ci\u00f3kat \u00e1tadjuk.<\/p>\n<p>Sportol\u00f3kat igyeksz\u00fcnk egy\u00e9ni ig\u00e9nyeik szerint, sport\u00e1gspecifikus terhel\u00e9snek megfelel\u0151en kezelni, hogy a lehet\u0151 leggyorsabban visszat\u00e9rhessenek az edz\u00e9shez \u00e9s a versenyz\u00e9shez. Vizsg\u00e1latra jelentkezni a <a href=\"mailto:terdambulancia@semmelweis.hu\">terdambulancia@semmelweis.hu<\/a> e-mail c\u00edmen lehets\u00e9ges. A jelentkez\u00e9shez k\u00e9rj\u00fck k\u00fcldje meg szem\u00e9lyes adatait (n\u00e9v, sz\u00fclet\u00e9si d\u00e1tum, lakc\u00edm, TAJ), tov\u00e1bb\u00e1 r\u00f6viden foglalja \u00f6ssze panasz\u00e1t, illetve annak kialakul\u00e1s\u00e1nak k\u00f6r\u00fclm\u00e9nyeit. Amennyiben rendelkez\u00e9s\u00e9re \u00e1ll a t\u00e9rdt\u00e1j\u00e9ki panasz kialakul\u00e1s\u00e1t k\u00f6vet\u0151en elk\u00e9sz\u00fclt, de 6 h\u00f3napn\u00e1l nem r\u00e9gebbi k\u00e9palkot\u00f3 vizsg\u00e1lato (pl. MRI) lelet\u00e9t is legyen sz\u00edves csatolni. Ter\u00e1pi\u00e1s javaslatot csak szem\u00e9lyes konzult\u00e1ci\u00f3 keretein bel\u00fcl tudunk fel\u00e1ll\u00edtani.<\/p>\n","protected":false},"excerpt":{"rendered":"<p>T\u00e9rdt\u00e1j\u00e9ki f\u00e1jdalom, instabilit\u00e1s, illetve egy\u00e9b panaszok kivizsg\u00e1l\u00e1sa \u00e9s ell\u00e1t\u00e1sa Klinik\u00e1nkon a legkorszer\u0171bb orvostechnol\u00f3giai eszk\u00f6z\u00f6kkel, bizony\u00edtott seb\u00e9szeti elj\u00e1r\u00e1sokkal \u00e9s tapasztalt ortop\u00e9d-traumatol\u00f3gus seb\u00e9szeink tud\u00e1s\u00e1val igyeksz\u00fcnk biztos\u00edtani, hogy p\u00e1cienseink min\u00e9l hamarabb, biztons\u00e1gban visszanyerj\u00e9k t\u00e9rd\u00edz\u00fclet\u00fck f\u00e1jdalommentes mozg\u00e1s\u00e1t, stabilit\u00e1s\u00e1t \u00e9s terhelhet\u0151s\u00e9g\u00e9t. A t\u00e9rdt\u00e1j\u00e9ki panaszok h\u00e1tter\u00e9ben sz\u00e1mos struktur\u00e1lis elt\u00e9r\u00e9s \u00e1llhat, melyek kialakulhatnak egy baleset k\u00f6vetkezt\u00e9ben, ak\u00e1r a mindennapi terhel\u00e9s sor\u00e1n, illetve &hellip;<\/p>\n","protected":false},"author":102567,"featured_media":0,"parent":3909,"menu_order":0,"comment_status":"closed","ping_status":"closed","template":"","meta":{"_acf_changed":false,"footnotes":""},"categories":[],"tags":[],"class_list":["post-3911","page","type-page","status-publish","hentry"],"acf":[],"_links":{"self":[{"href":"https:\/\/semmelweis.hu\/traumatologia\/wp-json\/wp\/v2\/pages\/3911","targetHints":{"allow":["GET"]}}],"collection":[{"href":"https:\/\/semmelweis.hu\/traumatologia\/wp-json\/wp\/v2\/pages"}],"about":[{"href":"https:\/\/semmelweis.hu\/traumatologia\/wp-json\/wp\/v2\/types\/page"}],"author":[{"embeddable":true,"href":"https:\/\/semmelweis.hu\/traumatologia\/wp-json\/wp\/v2\/users\/102567"}],"replies":[{"embeddable":true,"href":"https:\/\/semmelweis.hu\/traumatologia\/wp-json\/wp\/v2\/comments?post=3911"}],"version-history":[{"count":2,"href":"https:\/\/semmelweis.hu\/traumatologia\/wp-json\/wp\/v2\/pages\/3911\/revisions"}],"predecessor-version":[{"id":3913,"href":"https:\/\/semmelweis.hu\/traumatologia\/wp-json\/wp\/v2\/pages\/3911\/revisions\/3913"}],"up":[{"embeddable":true,"href":"https:\/\/semmelweis.hu\/traumatologia\/wp-json\/wp\/v2\/pages\/3909"}],"wp:attachment":[{"href":"https:\/\/semmelweis.hu\/traumatologia\/wp-json\/wp\/v2\/media?parent=3911"}],"wp:term":[{"taxonomy":"category","embeddable":true,"href":"https:\/\/semmelweis.hu\/traumatologia\/wp-json\/wp\/v2\/categories?post=3911"},{"taxonomy":"post_tag","embeddable":true,"href":"https:\/\/semmelweis.hu\/traumatologia\/wp-json\/wp\/v2\/tags?post=3911"}],"curies":[{"name":"wp","href":"https:\/\/api.w.org\/{rel}","templated":true}]}}