{"id":3866,"date":"2025-11-14T09:45:09","date_gmt":"2025-11-14T08:45:09","guid":{"rendered":"https:\/\/semmelweis.hu\/traumatologia\/?page_id=3866"},"modified":"2025-11-14T09:45:09","modified_gmt":"2025-11-14T08:45:09","slug":"internship-abroad","status":"publish","type":"page","link":"https:\/\/semmelweis.hu\/traumatologia\/department-of-traumatology-general-information\/internship-abroad\/","title":{"rendered":"Internship abroad"},"content":{"rendered":"<p style=\"text-align: center\"><strong>Procedure for the Approval\/Acceptance\/Recognition of Internships Abroad:<\/strong><\/p>\n<ul>\n<li>Regarding the approval\/acceptance\/recognition of the internship, you must first contact the Registrar\u2019s Office of the Faculty of Medicine (\u00c1OK Tanulm\u00e1nyi Oszt\u00e1ly) to receive information about filling out the appropriate forms and whether it is still possible to submit a request for the given semester.<\/li>\n<li>After this, you must turn to the Department for the evaluation of your request.<\/li>\n<li>The Department can only evaluate the submitted applications if they also include the educational and practical curriculum of the Foreign Hospital.<\/li>\n<li>We cannot give clear answers to general inquiries. For example: \u201cI would like to complete my internship abroad. Will I have to take an exam afterwards at home?\u201d To answer such questions, the submission of the documents described above is required.<\/li>\n<li>In the case of the combined Traumatology and Orthopedics course, the Department of Traumatology is only authorized to make decisions regarding the traumatology part of the block and the final examination. Decisions concerning the orthopedic part of the block fall under the competence of the Department of Orthopedics, therefore the request must also be submitted there.<\/li>\n<\/ul>\n","protected":false},"excerpt":{"rendered":"<p>Procedure for the Approval\/Acceptance\/Recognition of Internships Abroad: Regarding the approval\/acceptance\/recognition of the internship, you must first contact the Registrar\u2019s Office of the Faculty of Medicine (\u00c1OK Tanulm\u00e1nyi Oszt\u00e1ly) to receive information about filling out the appropriate forms and whether it is still possible to submit a request for the given semester. After this, you must &hellip;<\/p>\n","protected":false},"author":102571,"featured_media":0,"parent":565,"menu_order":0,"comment_status":"closed","ping_status":"closed","template":"","meta":{"_acf_changed":false,"footnotes":""},"categories":[],"tags":[],"class_list":["post-3866","page","type-page","status-publish","hentry"],"acf":[],"_links":{"self":[{"href":"https:\/\/semmelweis.hu\/traumatologia\/wp-json\/wp\/v2\/pages\/3866","targetHints":{"allow":["GET"]}}],"collection":[{"href":"https:\/\/semmelweis.hu\/traumatologia\/wp-json\/wp\/v2\/pages"}],"about":[{"href":"https:\/\/semmelweis.hu\/traumatologia\/wp-json\/wp\/v2\/types\/page"}],"author":[{"embeddable":true,"href":"https:\/\/semmelweis.hu\/traumatologia\/wp-json\/wp\/v2\/users\/102571"}],"replies":[{"embeddable":true,"href":"https:\/\/semmelweis.hu\/traumatologia\/wp-json\/wp\/v2\/comments?post=3866"}],"version-history":[{"count":1,"href":"https:\/\/semmelweis.hu\/traumatologia\/wp-json\/wp\/v2\/pages\/3866\/revisions"}],"predecessor-version":[{"id":3867,"href":"https:\/\/semmelweis.hu\/traumatologia\/wp-json\/wp\/v2\/pages\/3866\/revisions\/3867"}],"up":[{"embeddable":true,"href":"https:\/\/semmelweis.hu\/traumatologia\/wp-json\/wp\/v2\/pages\/565"}],"wp:attachment":[{"href":"https:\/\/semmelweis.hu\/traumatologia\/wp-json\/wp\/v2\/media?parent=3866"}],"wp:term":[{"taxonomy":"category","embeddable":true,"href":"https:\/\/semmelweis.hu\/traumatologia\/wp-json\/wp\/v2\/categories?post=3866"},{"taxonomy":"post_tag","embeddable":true,"href":"https:\/\/semmelweis.hu\/traumatologia\/wp-json\/wp\/v2\/tags?post=3866"}],"curies":[{"name":"wp","href":"https:\/\/api.w.org\/{rel}","templated":true}]}}