{"id":3857,"date":"2025-11-14T08:49:24","date_gmt":"2025-11-14T07:49:24","guid":{"rendered":"https:\/\/semmelweis.hu\/traumatologia\/?page_id=3857"},"modified":"2025-11-14T08:49:24","modified_gmt":"2025-11-14T07:49:24","slug":"kulfoldi-gyakorlat","status":"publish","type":"page","link":"https:\/\/semmelweis.hu\/traumatologia\/oktatas-uj\/gradualis-kepzes\/kulfoldi-gyakorlat\/","title":{"rendered":"K\u00fclf\u00f6ldi gyakorlat"},"content":{"rendered":"<p style=\"text-align: center\"><strong>K\u00fclf\u00f6ld\u00f6n t\u00f6ltend\u0151 gyakorlatok enged\u00e9lyez\u00e9s\u00e9nek\/elfogadtat\u00e1s\u00e1nak\/besz\u00e1m\u00edttat\u00e1s\u00e1nak rendje:<\/strong><\/p>\n<ul>\n<li>A gyakorlat enged\u00e9lyez\u00e9s\u00e9vel\/elfogadtat\u00e1s\u00e1val\/besz\u00e1m\u00edttat\u00e1s\u00e1val kapcsolatban el\u0151sz\u00f6r az \u00c1OK Tanulm\u00e1nyi Oszt\u00e1ly\u00e1val kell felvenni a kapcsolatot \u00e9s inform\u00e1l\u00f3dni a megfelel\u0151 nyomtatv\u00e1nyok kit\u00f6lt\u00e9s\u00e9r\u0151l, \u00e9s hogy adott f\u00e9l\u00e9vre van-e m\u00e9g lehet\u0151s\u00e9g k\u00e9rv\u00e9ny beny\u00fajt\u00e1s\u00e1ra.<\/li>\n<li>Ezt k\u00f6vet\u0151en kell a Tansz\u00e9khez fordulni a k\u00e9relem elb\u00edr\u00e1l\u00e1sa v\u00e9gett.<\/li>\n<li>A beny\u00fajtott k\u00e9relmeket \u00e9rdemben csak akkor tudja a Tansz\u00e9k elb\u00edr\u00e1lni, ha tartalmazza a K\u00fclf\u00f6ldi K\u00f3rh\u00e1z oktat\u00e1si-gyakorlati tematik\u00e1j\u00e1t is.<\/li>\n<li>\u00c1ltal\u00e1nos \u00e9rdekl\u0151d\u00e9sre nem tudunk egy\u00e9rtelm\u0171 v\u00e1laszt adni. Pl: K\u00fclf\u00f6ld\u00f6n szeretn\u00e9m t\u00f6lteni a gyakorlatot. Kell vizsg\u00e1zzak ut\u00e1na itthon? Az ilyen \u00e9s ehhez hasonl\u00f3 k\u00e9rd\u00e9sek megv\u00e1laszol\u00e1s\u00e1hoz sz\u00fcks\u00e9gesek a fent le\u00edrt dokumentumok beny\u00fajt\u00e1sa.<\/li>\n<li>A Traumatol\u00f3giai Tansz\u00e9k a k\u00f6z\u00f6s traumatol\u00f3gia \u00e9s ortop\u00e9dia tant\u00e1rgy eset\u00e9n, csak a blokk traumatol\u00f3giai r\u00e9szre \u00e9s a z\u00e1r\u00f3vizsg\u00e1ra vonatkoz\u00f3an jogosult d\u00f6nteni, a blokk ortop\u00e9diai r\u00e9sz\u00e9r\u0151l az Ortop\u00e9d Tansz\u00e9k jogosult d\u00f6nt\u00e9st hozni, teh\u00e1t oda is be kell ny\u00fajtani a k\u00e9rv\u00e9nyt.<\/li>\n<\/ul>\n","protected":false},"excerpt":{"rendered":"<p>K\u00fclf\u00f6ld\u00f6n t\u00f6ltend\u0151 gyakorlatok enged\u00e9lyez\u00e9s\u00e9nek\/elfogadtat\u00e1s\u00e1nak\/besz\u00e1m\u00edttat\u00e1s\u00e1nak rendje: A gyakorlat enged\u00e9lyez\u00e9s\u00e9vel\/elfogadtat\u00e1s\u00e1val\/besz\u00e1m\u00edttat\u00e1s\u00e1val kapcsolatban el\u0151sz\u00f6r az \u00c1OK Tanulm\u00e1nyi Oszt\u00e1ly\u00e1val kell felvenni a kapcsolatot \u00e9s inform\u00e1l\u00f3dni a megfelel\u0151 nyomtatv\u00e1nyok kit\u00f6lt\u00e9s\u00e9r\u0151l, \u00e9s hogy adott f\u00e9l\u00e9vre van-e m\u00e9g lehet\u0151s\u00e9g k\u00e9rv\u00e9ny beny\u00fajt\u00e1s\u00e1ra. Ezt k\u00f6vet\u0151en kell a Tansz\u00e9khez fordulni a k\u00e9relem elb\u00edr\u00e1l\u00e1sa v\u00e9gett. A beny\u00fajtott k\u00e9relmeket \u00e9rdemben csak akkor tudja a Tansz\u00e9k elb\u00edr\u00e1lni, ha tartalmazza &hellip;<\/p>\n","protected":false},"author":102569,"featured_media":0,"parent":3391,"menu_order":0,"comment_status":"closed","ping_status":"closed","template":"","meta":{"_acf_changed":false,"footnotes":""},"categories":[],"tags":[],"class_list":["post-3857","page","type-page","status-publish","hentry"],"acf":[],"_links":{"self":[{"href":"https:\/\/semmelweis.hu\/traumatologia\/wp-json\/wp\/v2\/pages\/3857","targetHints":{"allow":["GET"]}}],"collection":[{"href":"https:\/\/semmelweis.hu\/traumatologia\/wp-json\/wp\/v2\/pages"}],"about":[{"href":"https:\/\/semmelweis.hu\/traumatologia\/wp-json\/wp\/v2\/types\/page"}],"author":[{"embeddable":true,"href":"https:\/\/semmelweis.hu\/traumatologia\/wp-json\/wp\/v2\/users\/102569"}],"replies":[{"embeddable":true,"href":"https:\/\/semmelweis.hu\/traumatologia\/wp-json\/wp\/v2\/comments?post=3857"}],"version-history":[{"count":1,"href":"https:\/\/semmelweis.hu\/traumatologia\/wp-json\/wp\/v2\/pages\/3857\/revisions"}],"predecessor-version":[{"id":3859,"href":"https:\/\/semmelweis.hu\/traumatologia\/wp-json\/wp\/v2\/pages\/3857\/revisions\/3859"}],"up":[{"embeddable":true,"href":"https:\/\/semmelweis.hu\/traumatologia\/wp-json\/wp\/v2\/pages\/3391"}],"wp:attachment":[{"href":"https:\/\/semmelweis.hu\/traumatologia\/wp-json\/wp\/v2\/media?parent=3857"}],"wp:term":[{"taxonomy":"category","embeddable":true,"href":"https:\/\/semmelweis.hu\/traumatologia\/wp-json\/wp\/v2\/categories?post=3857"},{"taxonomy":"post_tag","embeddable":true,"href":"https:\/\/semmelweis.hu\/traumatologia\/wp-json\/wp\/v2\/tags?post=3857"}],"curies":[{"name":"wp","href":"https:\/\/api.w.org\/{rel}","templated":true}]}}