{"id":3704,"date":"2025-05-12T10:23:36","date_gmt":"2025-05-12T08:23:36","guid":{"rendered":"https:\/\/semmelweis.hu\/traumatologia\/?page_id=3704"},"modified":"2025-05-12T10:26:19","modified_gmt":"2025-05-12T08:26:19","slug":"adatvedelem","status":"publish","type":"page","link":"https:\/\/semmelweis.hu\/traumatologia\/a-klinikarol\/adatvedelem\/","title":{"rendered":"Adatv\u00e9delem"},"content":{"rendered":"<p>&nbsp;<\/p>\n<p><a href=\"https:\/\/semmelweis.hu\/traumatologia\/files\/2025\/07\/Adatkezelesi-tajekoztato.pdf\">Adatkezel\u00e9si t\u00e1j\u00e9koztat\u00f3 az adatkezel\u00e9sek \u00e1ltal \u00e9rintett szem\u00e9lyek r\u00e9sz\u00e9re a Semmelweis Egyetem Traumatol\u00f3giai Klinika szervezeti egys\u00e9ge \u00e1ltal v\u00e9gzett szem\u00e9lyes adatkezel\u00e9sekr\u0151l<\/a><\/p>\n","protected":false},"excerpt":{"rendered":"<p>&nbsp;<br \/>\n<a href=\"https:\/\/semmelweis.hu\/traumatologia\/files\/2025\/07\/Adatkezelesi-tajekoztato.pdf\">Adatkezel\u00e9si t\u00e1j\u00e9koztat\u00f3 az adatkezel\u00e9sek \u00e1ltal \u00e9rintett szem\u00e9lyek r\u00e9sz\u00e9re a Semmelweis Egyetem Traumatol\u00f3giai Klinika szervezeti egys\u00e9ge \u00e1ltal v\u00e9gzett szem\u00e9lyes adatkezel\u00e9sekr\u0151l<\/a><\/p>\n","protected":false},"author":101217,"featured_media":0,"parent":3333,"menu_order":5,"comment_status":"closed","ping_status":"closed","template":"","meta":{"_acf_changed":false,"footnotes":""},"categories":[],"tags":[],"class_list":["post-3704","page","type-page","status-publish","hentry"],"acf":[],"_links":{"self":[{"href":"https:\/\/semmelweis.hu\/traumatologia\/wp-json\/wp\/v2\/pages\/3704","targetHints":{"allow":["GET"]}}],"collection":[{"href":"https:\/\/semmelweis.hu\/traumatologia\/wp-json\/wp\/v2\/pages"}],"about":[{"href":"https:\/\/semmelweis.hu\/traumatologia\/wp-json\/wp\/v2\/types\/page"}],"author":[{"embeddable":true,"href":"https:\/\/semmelweis.hu\/traumatologia\/wp-json\/wp\/v2\/users\/101217"}],"replies":[{"embeddable":true,"href":"https:\/\/semmelweis.hu\/traumatologia\/wp-json\/wp\/v2\/comments?post=3704"}],"version-history":[{"count":1,"href":"https:\/\/semmelweis.hu\/traumatologia\/wp-json\/wp\/v2\/pages\/3704\/revisions"}],"predecessor-version":[{"id":3706,"href":"https:\/\/semmelweis.hu\/traumatologia\/wp-json\/wp\/v2\/pages\/3704\/revisions\/3706"}],"up":[{"embeddable":true,"href":"https:\/\/semmelweis.hu\/traumatologia\/wp-json\/wp\/v2\/pages\/3333"}],"wp:attachment":[{"href":"https:\/\/semmelweis.hu\/traumatologia\/wp-json\/wp\/v2\/media?parent=3704"}],"wp:term":[{"taxonomy":"category","embeddable":true,"href":"https:\/\/semmelweis.hu\/traumatologia\/wp-json\/wp\/v2\/categories?post=3704"},{"taxonomy":"post_tag","embeddable":true,"href":"https:\/\/semmelweis.hu\/traumatologia\/wp-json\/wp\/v2\/tags?post=3704"}],"curies":[{"name":"wp","href":"https:\/\/api.w.org\/{rel}","templated":true}]}}