{"id":37,"date":"2012-07-13T13:34:41","date_gmt":"2012-07-13T13:34:41","guid":{"rendered":"http:\/\/semmelweis-egyetem.hu\/traumatologia\/?page_id=37"},"modified":"2025-06-23T09:59:21","modified_gmt":"2025-06-23T07:59:21","slug":"6-hetes-elektiv-gyakorlat","status":"publish","type":"page","link":"https:\/\/semmelweis.hu\/traumatologia\/oktatas-uj\/gradualis-kepzes\/6-hetes-elektiv-gyakorlat\/","title":{"rendered":"6 hetes elekt\u00edv gyakorlat"},"content":{"rendered":"<h1><span style=\"font-size: 18pt\">6 hetes elekt\u00edv gyakorlat (240 \u00f3ra) &#8211; <span data-olk-copy-source=\"MessageBody\">AOKADH1137_SM<\/span> (2025\/2026-os TAn\u00e9v)<\/span><\/h1>\n<p><a href=\"https:\/\/semmelweis.hu\/traumatologia\/files\/2024\/09\/6-hetes-elektiv.pdf\">K\u00f6vetelem\u00e9nyrendszer: 6 hetes elekt\u00edv VI. \u00e9v<\/a><\/p>\n<h2>Semmelweis Egyetem Traumatol\u00f3giai Klinika<strong><br \/>\n<\/strong><span style=\"font-size: 14pt\">(<span data-olk-copy-source=\"MessageBody\">AOKADH1137_SM<\/span> &#8211; Traumatol\u00f3gia_TRAU)<\/span><\/h2>\n<div class=\"keretes w-100\">\n<h3><strong>Jelentkez\u00e9s<\/strong><\/h3>\n<ul>\n<li><strong>Csak el\u0151zetes int\u00e9zm\u00e9nyi jelentkez\u00e9s alapj\u00e1n<\/strong><\/li>\n<li>A jelentkez\u00e9seket az int\u00e9zm\u00e9ny <strong>2025. 06. 25-ig<\/strong> v\u00e1rja a <strong>bodzay.petra@semmelweis.hu<\/strong> email c\u00edmre<\/li>\n<li>Jelentkez\u00e9s\u00fcket <strong>Bodzay Petr\u00e1nak c\u00edmezz\u00e9k<\/strong><\/li>\n<li>Jelentkez\u00e9s tartalma:\n<ul style=\"list-style-type: square\">\n<li>R\u00f6vid motiv\u00e1ci\u00f3s lev\u00e9l<\/li>\n<li>A traumatol\u00f3gi\u00e1n bel\u00fcli \u00e9rdekl\u0151d\u00e9si szakter\u00fclet megjel\u00f6l\u00e9se<\/li>\n<\/ul>\n<\/li>\n<li>Az int\u00e9zm\u00e9ny a jelentkez\u00e9seket szakmai alapon \u00e9s nem a jelentkez\u00e9sek sorrendj\u00e9ben b\u00edr\u00e1lja majd el.<\/li>\n<li>Elb\u00edr\u00e1l\u00e1s:\u00a0 2025. 06. 26-ig<\/li>\n<li>A Neptunban a hallgat\u00f3kat a Traumatol\u00f3giai Klinika fogja regisztr\u00e1lni.<\/li>\n<\/ul>\n<\/div>\n<h2>Budapesti Dr. Manninger Jen\u0151 Baleseti K\u00f6zpont<strong><br \/>\n<\/strong><span style=\"font-size: 14pt\">(<span data-olk-copy-source=\"MessageBody\">AOKADH1137_SM<\/span> &#8211; Traumatol\u00f3gia_TRAU BMJ BK)<\/span><\/h2>\n<div class=\"keretes w-100\">\n<h3><strong>Jelentkez\u00e9s<\/strong><\/h3>\n<ul>\n<li><strong>Csak el\u0151zetes int\u00e9zm\u00e9nyi jelentkez\u00e9s alapj\u00e1n, kiz\u00e1r\u00f3lag a Gyermektraumatol\u00f3giai Oszt\u00e1lyon van lehet\u0151s\u00e9g elt\u00f6lteni a gyakorlatot<\/strong><\/li>\n<li>Jelentkez\u00e9s\u00fcket <strong>Kassai Anit\u00e1nak c\u00edmezz\u00e9k <\/strong>(kassai.anita@baleseti.hu)<\/li>\n<li>Jelentkez\u00e9s tartalma:\n<ul style=\"list-style-type: square\">\n<li>R\u00f6vid motiv\u00e1ci\u00f3s lev\u00e9l<\/li>\n<li>A traumatol\u00f3gi\u00e1n bel\u00fcli \u00e9rdekl\u0151d\u00e9si szakter\u00fclet megjel\u00f6l\u00e9se<\/li>\n<\/ul>\n<\/li>\n<li>A Neptunban a hallgat\u00f3kat a Traumatol\u00f3giai Klinika fogja regisztr\u00e1lni.<\/li>\n<\/ul>\n<\/div>\n<p style=\"text-align: justify\">\u00a0<\/p>\n<h3><strong>\u00c1ltal\u00e1nos tudnival\u00f3k<br \/>\n<\/strong><\/h3>\n<p style=\"text-align: justify\"><strong>A gyakorlatok kezd\u00e9si id\u0151pontjai \u00e9s helysz\u00ednei megegyeznek a VI. \u00e9ves f\u00fcl alatt olvashat\u00f3 int\u00e9zm\u00e9nyi ki\u00edr\u00e1sokkal.<\/strong> K\u00e9rj\u00fck, hogy minden dokumentumot id\u0151ben szerezzenek be, k\u00fcldjenek el az adott int\u00e9zm\u00e9ny k\u00e9r\u00e9se szerint \u00e9s els\u0151 napon a megadott id\u0151pontban \u00e9s helyen jelentkezzenek gyakorlatra.<\/p>\n","protected":false},"excerpt":{"rendered":"<p>6 hetes elekt\u00edv gyakorlat (240 \u00f3ra) &#8211; AOKADH1137_SM (2025\/2026-os TAn\u00e9v) <a href=\"https:\/\/semmelweis.hu\/traumatologia\/files\/2024\/09\/6-hetes-elektiv.pdf\">K\u00f6vetelem\u00e9nyrendszer: 6 hetes elekt\u00edv VI. \u00e9v<\/a> Semmelweis Egyetem Traumatol\u00f3giai Klinika (AOKADH1137_SM &#8211; Traumatol\u00f3gia_TRAU) Jelentkez\u00e9s Csak el\u0151zetes int\u00e9zm\u00e9nyi jelentkez\u00e9s alapj\u00e1n A jelentkez\u00e9seket az int\u00e9zm\u00e9ny 2025. 06. 25-ig v\u00e1rja a bodzay.petra@semmelweis.hu email c\u00edmre Jelentkez\u00e9s\u00fcket Bodzay Petr\u00e1nak c\u00edmezz\u00e9k Jelentkez\u00e9s tartalma: R\u00f6vid motiv\u00e1ci\u00f3s lev\u00e9l A traumatol\u00f3gi\u00e1n bel\u00fcli \u00e9rdekl\u0151d\u00e9si szakter\u00fclet megjel\u00f6l\u00e9se Az int\u00e9zm\u00e9ny a jelentkez\u00e9seket szakmai &hellip;<\/p>\n","protected":false},"author":12,"featured_media":0,"parent":3391,"menu_order":5,"comment_status":"closed","ping_status":"closed","template":"","meta":{"_acf_changed":false,"footnotes":""},"categories":[],"tags":[],"class_list":["post-37","page","type-page","status-publish","hentry"],"acf":[],"_links":{"self":[{"href":"https:\/\/semmelweis.hu\/traumatologia\/wp-json\/wp\/v2\/pages\/37","targetHints":{"allow":["GET"]}}],"collection":[{"href":"https:\/\/semmelweis.hu\/traumatologia\/wp-json\/wp\/v2\/pages"}],"about":[{"href":"https:\/\/semmelweis.hu\/traumatologia\/wp-json\/wp\/v2\/types\/page"}],"author":[{"embeddable":true,"href":"https:\/\/semmelweis.hu\/traumatologia\/wp-json\/wp\/v2\/users\/12"}],"replies":[{"embeddable":true,"href":"https:\/\/semmelweis.hu\/traumatologia\/wp-json\/wp\/v2\/comments?post=37"}],"version-history":[{"count":12,"href":"https:\/\/semmelweis.hu\/traumatologia\/wp-json\/wp\/v2\/pages\/37\/revisions"}],"predecessor-version":[{"id":3724,"href":"https:\/\/semmelweis.hu\/traumatologia\/wp-json\/wp\/v2\/pages\/37\/revisions\/3724"}],"up":[{"embeddable":true,"href":"https:\/\/semmelweis.hu\/traumatologia\/wp-json\/wp\/v2\/pages\/3391"}],"wp:attachment":[{"href":"https:\/\/semmelweis.hu\/traumatologia\/wp-json\/wp\/v2\/media?parent=37"}],"wp:term":[{"taxonomy":"category","embeddable":true,"href":"https:\/\/semmelweis.hu\/traumatologia\/wp-json\/wp\/v2\/categories?post=37"},{"taxonomy":"post_tag","embeddable":true,"href":"https:\/\/semmelweis.hu\/traumatologia\/wp-json\/wp\/v2\/tags?post=37"}],"curies":[{"name":"wp","href":"https:\/\/api.w.org\/{rel}","templated":true}]}}