{"id":3523,"date":"2024-09-19T09:41:42","date_gmt":"2024-09-19T07:41:42","guid":{"rendered":"https:\/\/semmelweis.hu\/traumatologia\/?page_id=3523"},"modified":"2026-03-24T13:01:47","modified_gmt":"2026-03-24T12:01:47","slug":"munkatarsaink-oktatas","status":"publish","type":"page","link":"https:\/\/semmelweis.hu\/traumatologia\/oktatas-uj\/munkatarsaink-oktatas\/","title":{"rendered":"Munkat\u00e1rsaink (Oktat\u00e1s)"},"content":{"rendered":"<p><strong>El\u00e9rhet\u0151s\u00e9g:<\/strong><\/p>\n<p><span style=\"color: #ff0000\">Oktat\u00e1si iroda: office.trauma@semmelweis.hu, +36 20 825 8680<\/span><\/p>\n<p><strong>Oktat\u00e1si \u00e9s K\u00e9pz\u00e9si oszt\u00e1ly:<\/strong><\/p>\n<p><strong>Bodzay Petra<\/strong><br \/>\nvezet\u0151 oktat\u00e1sszervez\u00e9si szak\u00e9rt\u0151<br \/>\noktat\u00e1si \u00e9s k\u00e9pz\u00e9si oszt\u00e1lyvezet\u0151\u00a0<\/p>\n<p><strong>Doungsitthi Nelli<\/strong><br \/>\noktat\u00e1si \u00fcgyint\u00e9z\u0151<\/p>\n<p><strong>Hajkus Norbert<\/strong><br \/>\noktat\u00e1si \u00fcgyint\u00e9z\u0151<\/p>\n<p><strong>Oktat\u00f3i st\u00e1tuszon l\u00e9v\u0151 orvosok:<\/strong><\/p>\n<p>Dr. Abonyi Bence<br \/>\nDr. Bodzay Tam\u00e1s &#8211; tansz\u00e9kvezet\u0151 egyetemi docens, klinikaigazgat\u00f3<br \/>\nDr. Hangody L\u00e1szl\u00f3 &#8211; egyetemi tan\u00e1r<br \/>\nDr. Hevesi Adrienn &#8211; magyar tanulm\u00e1nyi felel\u0151s<br \/>\nDr. Kesz\u00e9g Mikl\u00f3s<br \/>\nDr. Kiss D\u00e1niel &#8211; n\u00e9met tanulm\u00e1nyi felel\u0151s<br \/>\nDr. Koczka D\u00e1niel &#8211; angol tanulm\u00e1nyi felel\u0151s<br \/>\nDr. Kocsis Andr\u00e1s<br \/>\nDr. Pap K\u00e1roly<br \/>\nDr. P\u00e1nics Gergely<\/p>\n","protected":false},"excerpt":{"rendered":"<p>El\u00e9rhet\u0151s\u00e9g: Oktat\u00e1si iroda: office.trauma@semmelweis.hu, +36 20 825 8680 Oktat\u00e1si \u00e9s K\u00e9pz\u00e9si oszt\u00e1ly: Bodzay Petra vezet\u0151 oktat\u00e1sszervez\u00e9si szak\u00e9rt\u0151 oktat\u00e1si \u00e9s k\u00e9pz\u00e9si oszt\u00e1lyvezet\u0151\u00a0 Doungsitthi Nelli oktat\u00e1si \u00fcgyint\u00e9z\u0151 Hajkus Norbert oktat\u00e1si \u00fcgyint\u00e9z\u0151 Oktat\u00f3i st\u00e1tuszon l\u00e9v\u0151 orvosok: Dr. Abonyi Bence Dr. Bodzay Tam\u00e1s &#8211; tansz\u00e9kvezet\u0151 egyetemi docens, klinikaigazgat\u00f3 Dr. Hangody L\u00e1szl\u00f3 &#8211; egyetemi tan\u00e1r Dr. Hevesi Adrienn &#8211; magyar &hellip;<\/p>\n","protected":false},"author":101217,"featured_media":0,"parent":3389,"menu_order":0,"comment_status":"closed","ping_status":"closed","template":"","meta":{"_acf_changed":false,"footnotes":""},"categories":[],"tags":[],"class_list":["post-3523","page","type-page","status-publish","hentry"],"acf":[],"_links":{"self":[{"href":"https:\/\/semmelweis.hu\/traumatologia\/wp-json\/wp\/v2\/pages\/3523","targetHints":{"allow":["GET"]}}],"collection":[{"href":"https:\/\/semmelweis.hu\/traumatologia\/wp-json\/wp\/v2\/pages"}],"about":[{"href":"https:\/\/semmelweis.hu\/traumatologia\/wp-json\/wp\/v2\/types\/page"}],"author":[{"embeddable":true,"href":"https:\/\/semmelweis.hu\/traumatologia\/wp-json\/wp\/v2\/users\/101217"}],"replies":[{"embeddable":true,"href":"https:\/\/semmelweis.hu\/traumatologia\/wp-json\/wp\/v2\/comments?post=3523"}],"version-history":[{"count":11,"href":"https:\/\/semmelweis.hu\/traumatologia\/wp-json\/wp\/v2\/pages\/3523\/revisions"}],"predecessor-version":[{"id":3937,"href":"https:\/\/semmelweis.hu\/traumatologia\/wp-json\/wp\/v2\/pages\/3523\/revisions\/3937"}],"up":[{"embeddable":true,"href":"https:\/\/semmelweis.hu\/traumatologia\/wp-json\/wp\/v2\/pages\/3389"}],"wp:attachment":[{"href":"https:\/\/semmelweis.hu\/traumatologia\/wp-json\/wp\/v2\/media?parent=3523"}],"wp:term":[{"taxonomy":"category","embeddable":true,"href":"https:\/\/semmelweis.hu\/traumatologia\/wp-json\/wp\/v2\/categories?post=3523"},{"taxonomy":"post_tag","embeddable":true,"href":"https:\/\/semmelweis.hu\/traumatologia\/wp-json\/wp\/v2\/tags?post=3523"}],"curies":[{"name":"wp","href":"https:\/\/api.w.org\/{rel}","templated":true}]}}