{"id":3430,"date":"2024-09-18T10:02:32","date_gmt":"2024-09-18T08:02:32","guid":{"rendered":"https:\/\/semmelweis.hu\/traumatologia\/?page_id=3430"},"modified":"2025-09-02T09:38:08","modified_gmt":"2025-09-02T07:38:08","slug":"specialkollegiumok-optional-courses","status":"publish","type":"page","link":"https:\/\/semmelweis.hu\/traumatologia\/oktatas-uj\/gradualis-kepzes\/specialkollegiumok-optional-courses\/","title":{"rendered":"Speci\u00e1lkoll\u00e9giumok\/Optional courses"},"content":{"rendered":"<h2>Artificial Intelligence in Diagnostics and Surgery Planning<\/h2>\n<div><strong>Requirements: <a href=\"https:\/\/semmelweis.hu\/traumatologia\/files\/2025\/07\/Requirements-Artificial-Intelligence-25_26.pdf\">Artificial Intelligence in Diagnostics and Surgery Planning 2025\/2026 I. semester<\/a><\/strong><\/div>\n<div>\u00a0<\/div>\n<p><strong>Course leader:<\/strong> P\u00e9ter Szold\u00e1n<br \/>\n<strong>Course place:<\/strong> Semmelweis University Department of Traumatology<br \/>\n<strong>Address:<\/strong>1083 Budapest, Kor\u00e1nyi S\u00e1ndor u. 2. on the ground floor (<strong><span class=\"markg321jdoi3\" data-markjs=\"true\" data-ogac=\"\" data-ogab=\"\" data-ogsc=\"\" data-ogsb=\"\">lecture<\/span>\u00a0<\/strong><span class=\"markv8est7kga\" data-markjs=\"true\" data-ogac=\"\" data-ogab=\"\" data-ogsc=\"\" data-ogsb=\"\"><strong>room<\/strong>)<\/span><br \/>\n<strong>Dates:<\/strong> In block, on every 2nd Tuesday, 17:15-18:45<\/p>\n<p><a href=\"https:\/\/semmelweis.hu\/traumatologia\/oktatas-uj\/gradualis-kepzes\/moodle-linkek\/\">Link: Course material in Moodle<\/a>.<\/p>\n<p><strong>Exact dates:<\/strong><\/p>\n<div>\n<p>September 9 Tuesday 17:15-18:45<\/p>\n<p>September 23 Tuesday 17:15-18:45<\/p>\n<p>October 7 Tuesday 17:15-18:45<\/p>\n<p>October 21 Tuesday 17:15-18:45<\/p>\n<p>November 4 Tuesday 17:15-18:45<\/p>\n<p>November 18 Tuesday 17:15-18:45<\/p>\n<p>December 2 Tuesday 17:15-18:45<\/p>\n<\/div>\n","protected":false},"excerpt":{"rendered":"<p>Artificial Intelligence in Diagnostics and Surgery Planning Requirements: <a href=\"https:\/\/semmelweis.hu\/traumatologia\/files\/2025\/07\/Requirements-Artificial-Intelligence-25_26.pdf\">Artificial Intelligence in Diagnostics and Surgery Planning 2025\/2026 I. semester<\/a> \u00a0 Course leader: P\u00e9ter Szold\u00e1n Course place: Semmelweis University Department of Traumatology Address:1083 Budapest, Kor\u00e1nyi S\u00e1ndor u. 2. on the ground floor (lecture\u00a0room) Dates: In block, on every 2nd Tuesday, 17:15-18:45 <a href=\"https:\/\/semmelweis.hu\/traumatologia\/oktatas-uj\/gradualis-kepzes\/moodle-linkek\/\">Link: Course material in Moodle<\/a> . Exact dates: September 9 Tuesday 17:15-18:45 September 23 Tuesday 17:15-18:45 October 7 Tuesday 17:15-18:45 October &hellip;<\/p>\n","protected":false},"author":101217,"featured_media":0,"parent":3391,"menu_order":4,"comment_status":"closed","ping_status":"closed","template":"","meta":{"_acf_changed":false,"footnotes":""},"categories":[],"tags":[],"class_list":["post-3430","page","type-page","status-publish","hentry"],"acf":[],"_links":{"self":[{"href":"https:\/\/semmelweis.hu\/traumatologia\/wp-json\/wp\/v2\/pages\/3430","targetHints":{"allow":["GET"]}}],"collection":[{"href":"https:\/\/semmelweis.hu\/traumatologia\/wp-json\/wp\/v2\/pages"}],"about":[{"href":"https:\/\/semmelweis.hu\/traumatologia\/wp-json\/wp\/v2\/types\/page"}],"author":[{"embeddable":true,"href":"https:\/\/semmelweis.hu\/traumatologia\/wp-json\/wp\/v2\/users\/101217"}],"replies":[{"embeddable":true,"href":"https:\/\/semmelweis.hu\/traumatologia\/wp-json\/wp\/v2\/comments?post=3430"}],"version-history":[{"count":9,"href":"https:\/\/semmelweis.hu\/traumatologia\/wp-json\/wp\/v2\/pages\/3430\/revisions"}],"predecessor-version":[{"id":3784,"href":"https:\/\/semmelweis.hu\/traumatologia\/wp-json\/wp\/v2\/pages\/3430\/revisions\/3784"}],"up":[{"embeddable":true,"href":"https:\/\/semmelweis.hu\/traumatologia\/wp-json\/wp\/v2\/pages\/3391"}],"wp:attachment":[{"href":"https:\/\/semmelweis.hu\/traumatologia\/wp-json\/wp\/v2\/media?parent=3430"}],"wp:term":[{"taxonomy":"category","embeddable":true,"href":"https:\/\/semmelweis.hu\/traumatologia\/wp-json\/wp\/v2\/categories?post=3430"},{"taxonomy":"post_tag","embeddable":true,"href":"https:\/\/semmelweis.hu\/traumatologia\/wp-json\/wp\/v2\/tags?post=3430"}],"curies":[{"name":"wp","href":"https:\/\/api.w.org\/{rel}","templated":true}]}}