{"id":3413,"date":"2024-09-18T09:13:24","date_gmt":"2024-09-18T07:13:24","guid":{"rendered":"https:\/\/semmelweis.hu\/traumatologia\/?page_id=3413"},"modified":"2024-09-18T14:20:28","modified_gmt":"2024-09-18T12:20:28","slug":"akkreditacios-lista","status":"publish","type":"page","link":"https:\/\/semmelweis.hu\/traumatologia\/oktatas-uj\/postgradualis-kepzes\/akkreditacios-lista\/","title":{"rendered":"Akkredit\u00e1ci\u00f3s lista"},"content":{"rendered":"<p>A Traumatol\u00f3giai Klinika aktu\u00e1lis akkredit\u00e1ci\u00f3ja a <a href=\"https:\/\/reny.hu\/\">reny.hu<\/a> oldalon el\u00e9rhet\u0151, az al\u00e1bbi n\u00e9ven: SE \u00c1OK Traumatol\u00f3giai Klinika.<\/p>\n","protected":false},"excerpt":{"rendered":"<p>A Traumatol\u00f3giai Klinika aktu\u00e1lis akkredit\u00e1ci\u00f3ja a <a href=\"https:\/\/reny.hu\/\">reny.hu<\/a> oldalon el\u00e9rhet\u0151, az al\u00e1bbi n\u00e9ven: SE \u00c1OK Traumatol\u00f3giai Klinika.<\/p>\n","protected":false},"author":101217,"featured_media":0,"parent":3393,"menu_order":0,"comment_status":"closed","ping_status":"closed","template":"","meta":{"_acf_changed":false,"footnotes":""},"categories":[],"tags":[],"class_list":["post-3413","page","type-page","status-publish","hentry"],"acf":[],"_links":{"self":[{"href":"https:\/\/semmelweis.hu\/traumatologia\/wp-json\/wp\/v2\/pages\/3413","targetHints":{"allow":["GET"]}}],"collection":[{"href":"https:\/\/semmelweis.hu\/traumatologia\/wp-json\/wp\/v2\/pages"}],"about":[{"href":"https:\/\/semmelweis.hu\/traumatologia\/wp-json\/wp\/v2\/types\/page"}],"author":[{"embeddable":true,"href":"https:\/\/semmelweis.hu\/traumatologia\/wp-json\/wp\/v2\/users\/101217"}],"replies":[{"embeddable":true,"href":"https:\/\/semmelweis.hu\/traumatologia\/wp-json\/wp\/v2\/comments?post=3413"}],"version-history":[{"count":3,"href":"https:\/\/semmelweis.hu\/traumatologia\/wp-json\/wp\/v2\/pages\/3413\/revisions"}],"predecessor-version":[{"id":3462,"href":"https:\/\/semmelweis.hu\/traumatologia\/wp-json\/wp\/v2\/pages\/3413\/revisions\/3462"}],"up":[{"embeddable":true,"href":"https:\/\/semmelweis.hu\/traumatologia\/wp-json\/wp\/v2\/pages\/3393"}],"wp:attachment":[{"href":"https:\/\/semmelweis.hu\/traumatologia\/wp-json\/wp\/v2\/media?parent=3413"}],"wp:term":[{"taxonomy":"category","embeddable":true,"href":"https:\/\/semmelweis.hu\/traumatologia\/wp-json\/wp\/v2\/categories?post=3413"},{"taxonomy":"post_tag","embeddable":true,"href":"https:\/\/semmelweis.hu\/traumatologia\/wp-json\/wp\/v2\/tags?post=3413"}],"curies":[{"name":"wp","href":"https:\/\/api.w.org\/{rel}","templated":true}]}}