{"id":3407,"date":"2024-09-18T09:05:02","date_gmt":"2024-09-18T07:05:02","guid":{"rendered":"https:\/\/semmelweis.hu\/traumatologia\/?page_id=3407"},"modified":"2025-07-28T09:36:37","modified_gmt":"2025-07-28T07:36:37","slug":"moodle-linkek","status":"publish","type":"page","link":"https:\/\/semmelweis.hu\/traumatologia\/oktatas-uj\/gradualis-kepzes\/moodle-linkek\/","title":{"rendered":"Moodle linkek"},"content":{"rendered":"<p><strong>Magyar<\/strong><\/p>\n<p>IV. \u00e9v: <a href=\"https:\/\/itc.semmelweis.hu\/moodle\/course\/view.php?id=7939\">2024\/25 Traumatol\u00f3gia \u00e9s ortop\u00e9dia (\u00c1OK)<\/a><br \/>\nVI. \u00e9v: <a href=\"https:\/\/itc.semmelweis.hu\/moodle\/course\/view.php?id=9949\">2025\/26 Traumatol\u00f3gia gyakorlat (\u00c1OK)<\/a><\/p>\n<hr \/>\n<p><strong>English<\/strong><\/p>\n<p>4th year: <a href=\"https:\/\/itc.semmelweis.hu\/moodle\/course\/view.php?id=7940\">2024\/25 Traumatology and Orthopedics (EM)<\/a><br \/>\n6th year: <a href=\"https:\/\/itc.semmelweis.hu\/moodle\/course\/view.php?id=9950\">2025\/26 Traumatology (rotation) (EM)<\/a><br \/>\nElective course: <a href=\"https:\/\/itc.semmelweis.hu\/moodle\/course\/view.php?id=8352\">2024\/25 Artificial Intelligence in Diagnostics and Surgery Planning\u00a0<\/a><\/p>\n<hr \/>\n<p><strong>Deutsch<\/strong><\/p>\n<p>IV. Jahr: <a href=\"https:\/\/itc.semmelweis.hu\/moodle\/course\/view.php?id=7941\">2024\/25 Traumatologie und Orthop\u00e4die (DM)<\/a><br \/>\nVI. Jahr: <a href=\"https:\/\/itc.semmelweis.hu\/moodle\/course\/view.php?id=9951\">2025\/26 Traumatologie Praktikum (DM)<\/a><\/p>\n","protected":false},"excerpt":{"rendered":"<p>Magyar<br \/>\nIV. \u00e9v: <a href=\"https:\/\/itc.semmelweis.hu\/moodle\/course\/view.php?id=7939\">2024\/25 Traumatol\u00f3gia \u00e9s ortop\u00e9dia (\u00c1OK)<\/a><br \/>\nVI. \u00e9v: <a href=\"https:\/\/itc.semmelweis.hu\/moodle\/course\/view.php?id=9949\">2025\/26 Traumatol\u00f3gia gyakorlat (\u00c1OK)<\/a><\/p>\n<p>English<br \/>\n4th year: <a href=\"https:\/\/itc.semmelweis.hu\/moodle\/course\/view.php?id=7940\">2024\/25 Traumatology and Orthopedics (EM)<\/a><br \/>\n6th year: <a href=\"https:\/\/itc.semmelweis.hu\/moodle\/course\/view.php?id=9950\">2025\/26 Traumatology (rotation) (EM)<\/a><br \/>\nElective course: <a href=\"https:\/\/itc.semmelweis.hu\/moodle\/course\/view.php?id=8352\">2024\/25 Artificial Intelligence in Diagnostics and Surgery Planning\u00a0<\/a><\/p>\n<p>Deutsch<br \/>\nIV. Jahr: <a href=\"https:\/\/itc.semmelweis.hu\/moodle\/course\/view.php?id=7941\">2024\/25 Traumatologie und Orthop\u00e4die (DM)<\/a><br \/>\nVI. Jahr: <a href=\"https:\/\/itc.semmelweis.hu\/moodle\/course\/view.php?id=9951\">2025\/26 Traumatologie Praktikum (DM)<\/a><\/p>\n","protected":false},"author":101217,"featured_media":0,"parent":3391,"menu_order":8,"comment_status":"closed","ping_status":"closed","template":"","meta":{"_acf_changed":false,"footnotes":""},"categories":[],"tags":[],"class_list":["post-3407","page","type-page","status-publish","hentry"],"acf":[],"_links":{"self":[{"href":"https:\/\/semmelweis.hu\/traumatologia\/wp-json\/wp\/v2\/pages\/3407","targetHints":{"allow":["GET"]}}],"collection":[{"href":"https:\/\/semmelweis.hu\/traumatologia\/wp-json\/wp\/v2\/pages"}],"about":[{"href":"https:\/\/semmelweis.hu\/traumatologia\/wp-json\/wp\/v2\/types\/page"}],"author":[{"embeddable":true,"href":"https:\/\/semmelweis.hu\/traumatologia\/wp-json\/wp\/v2\/users\/101217"}],"replies":[{"embeddable":true,"href":"https:\/\/semmelweis.hu\/traumatologia\/wp-json\/wp\/v2\/comments?post=3407"}],"version-history":[{"count":5,"href":"https:\/\/semmelweis.hu\/traumatologia\/wp-json\/wp\/v2\/pages\/3407\/revisions"}],"predecessor-version":[{"id":3765,"href":"https:\/\/semmelweis.hu\/traumatologia\/wp-json\/wp\/v2\/pages\/3407\/revisions\/3765"}],"up":[{"embeddable":true,"href":"https:\/\/semmelweis.hu\/traumatologia\/wp-json\/wp\/v2\/pages\/3391"}],"wp:attachment":[{"href":"https:\/\/semmelweis.hu\/traumatologia\/wp-json\/wp\/v2\/media?parent=3407"}],"wp:term":[{"taxonomy":"category","embeddable":true,"href":"https:\/\/semmelweis.hu\/traumatologia\/wp-json\/wp\/v2\/categories?post=3407"},{"taxonomy":"post_tag","embeddable":true,"href":"https:\/\/semmelweis.hu\/traumatologia\/wp-json\/wp\/v2\/tags?post=3407"}],"curies":[{"name":"wp","href":"https:\/\/api.w.org\/{rel}","templated":true}]}}