{"id":3403,"date":"2024-09-18T08:42:21","date_gmt":"2024-09-18T06:42:21","guid":{"rendered":"https:\/\/semmelweis.hu\/traumatologia\/?page_id=3403"},"modified":"2024-09-18T14:17:25","modified_gmt":"2024-09-18T12:17:25","slug":"tanfolyamok","status":"publish","type":"page","link":"https:\/\/semmelweis.hu\/traumatologia\/oktatas-uj\/postgradualis-kepzes\/tanfolyamok\/","title":{"rendered":"Tanfolyamok"},"content":{"rendered":"<p style=\"text-align: justify\">A traumatol\u00f3giai tanfolyamok \u00e9s k\u00e9pz\u00e9sek elengedhetetlenek nemcsak a szakemberek folyamatos fejl\u0151d\u00e9s\u00e9hez, hanem tud\u00e1sok megalapoz\u00e1s\u00e1hoz. K\u00fcl\u00f6n\u00f6sen fontos ez egy olyan dinamikus ter\u00fcleten, mint a baleseti seb\u00e9szet, aminek fejl\u0151d\u00e9s\u00e9t nem csak maga a traumatol\u00f3gia, hanem olyan t\u00e1rsszakm\u00e1k fejl\u0151d\u00e9se is befoly\u00e1solja, mint p\u00e9ld\u00e1ul a k\u00e9palkot\u00f3 diagnosztika, rehabilit\u00e1ci\u00f3s medicina. <br \/>\nR\u00e9sztvev\u0151k\u00e9nt ezeken a tanfolyamokon nemcsak a szakmai kompetenci\u00e1k b\u0151v\u00edt\u00e9se a c\u00e9l, hanem a leg\u00fajabb technol\u00f3gi\u00e1k \u00e9s elj\u00e1r\u00e1sok elsaj\u00e1t\u00edt\u00e1sa, valamint a klinikai tapasztalatok megoszt\u00e1sa is. A traumatol\u00f3giai k\u00e9pz\u00e9sek seg\u00edtenek a szakembereinknek abban, hogy naprak\u00e9szek maradjanak a legfrissebb orvosi elj\u00e1r\u00e1sokkal, eszk\u00f6z\u00f6kkel \u00e9s technik\u00e1kkal. A gyakorlati \u00e9s elm\u00e9leti tud\u00e1s gyarap\u00edt\u00e1sa mellett a r\u00e9sztvev\u0151k kapcsolatokat \u00e9p\u00edthetnek ki a m\u00e1s int\u00e9zm\u00e9nyek, nemzetk\u00f6zi tanfolyam eset\u00e9n a vil\u00e1g k\u00fcl\u00f6nb\u00f6z\u0151 r\u00e9szeir\u0151l \u00e9rkez\u0151 traumatol\u00f3gusokkal, megosztva egym\u00e1ssal tapasztalataikat.<br \/>\nKlinik\u00e1nk munkat\u00e1rsai ugyanakkor a hazai \u00e9s nemzetk\u00f6zi tanfolyamoknak nemcsak r\u00e9sztvev\u0151i, hanem rendszeres oktat\u00f3i is. Az oktat\u00f3k sz\u00e1m\u00e1ra rendk\u00edv\u00fcl fontos, hogy tud\u00e1sukat \u00e9s klinikai tapasztalataikat \u00e1tadj\u00e1k a fiatalabb koll\u00e9g\u00e1knak, akik k\u00e9s\u0151bb \u0151k is r\u00e9szt vesznek a gy\u00f3gy\u00edt\u00f3 munk\u00e1ban. Ez nemcsak az \u00faj gener\u00e1ci\u00f3 k\u00e9pz\u00e9s\u00e9t seg\u00edti, hanem az orvosi szakter\u00fclet fejl\u0151d\u00e9s\u00e9t is.<br \/>\nKlinik\u00e1nk munkat\u00e1rsai sz\u00e1mos tanfolyam folyamatos r\u00e9sztvev\u0151i \u00e9s el\u0151ad\u00f3i, amelyek k\u00f6z\u00fcl kiemelend\u0151k a k\u00f6vetkez\u0151k:<\/p>\n<ul style=\"text-align: justify\">\n<li><strong>AO\/ASIF tanfolyamok:<\/strong> az AO (Arbeitsgemeinschaft f\u00fcr Osteosynthesefragen) ASIF (Association for the Study of Internal Fixation) 1958-ban alap\u00edtott sv\u00e1jci szervezet, amelyet seb\u00e9szek \u00e9s m\u00e9rn\u00f6k\u00f6k hoztak l\u00e9tre azzal a c\u00e9llal, hogy fejlessz\u00e9k \u00e9s t\u00f6k\u00e9letes\u00edts\u00e9k a csontt\u00f6r\u00e9sek bels\u0151 r\u00f6gz\u00edt\u00e9s\u00e9nek technik\u00e1it. Az AO ASIF c\u00e9lja az volt, hogy egys\u00e9ges\u00edtse \u00e9s szabv\u00e1nyos\u00edtsa a csontt\u00f6r\u00e9s-seb\u00e9szet m\u00f3dszereit, ezzel jav\u00edtva a betegek gy\u00f3gyul\u00e1si es\u00e9lyeit \u00e9s cs\u00f6kkentve a komplik\u00e1ci\u00f3k kock\u00e1zat\u00e1t. Az AO alapelvei k\u00f6z\u00e9 tartozik a stabil t\u00f6r\u00e9sr\u00f6gz\u00edt\u00e9s, az anat\u00f3miai helyret\u00e9tel, a minim\u00e1l invaz\u00edv seb\u00e9szet, valamint a megfelel\u0151 biol\u00f3giai k\u00f6rnyezet biztos\u00edt\u00e1sa a t\u00f6r\u00e9sgy\u00f3gyul\u00e1s \u00e9s korai rehabilit\u00e1ci\u00f3 \u00e9rdek\u00e9ben. Ezen alapelvek kidolgoz\u00e1sa \u00e9s terjeszt\u00e9se r\u00e9v\u00e9n az AO ASIF meghat\u00e1roz\u00f3 szerepl\u0151v\u00e9 v\u00e1lt a traumatol\u00f3gia ter\u00fclet\u00e9n, \u00e9s napjainkra glob\u00e1lis oktat\u00e1si h\u00e1l\u00f3zatt\u00e1 n\u0151tte ki mag\u00e1t, amely k\u00e9pz\u00e9seket, tov\u00e1bbk\u00e9pz\u00e9seket \u00e9s kutat\u00e1sokat k\u00edn\u00e1l mozg\u00e1sszervi seb\u00e9szek sz\u00e1m\u00e1ra vil\u00e1gszerte. A kezdeti \u201eklasszikus traumatol\u00f3gia\u201d t\u00e1rgyk\u00f6r\u00e9n t\u00fall\u00e9pve oktat\u00e1si \u00e9s protokoll aj\u00e1nl\u00e1si tev\u00e9kenys\u00e9ge jelenleg kiterjed a fej-nyak seb\u00e9szet traumatol\u00f3giai r\u00e9sz\u00e9re, a nagy \u00edz\u00fcleti rekonstrukci\u00f3kra (protetiz\u00e1l\u00e1s), a gerinc s\u00e9r\u00fcl\u00e9sek ell\u00e1t\u00e1s\u00e1ra, valamint az \u00e1llatorvosi szakma baleseti r\u00e9sz\u00e9re.<br \/>\nKlinik\u00e1nk sz\u00e1mos munkat\u00e1rsa az AO ASIF mind alap- mind fels\u0151fok\u00fa azaz mesterk\u00e9pz\u00e9st biztos\u00edt\u00f3 tanfolyamainak rendszeres vezet\u0151i \u00e9s szervez\u0151i, tov\u00e1bb\u00e1 az AO ASIF magyarorsz\u00e1gi szervezet\u00e9nek vezet\u0151s\u00e9gi tagjai.<\/li>\n<\/ul>\n<p style=\"text-align: justify\">\u00a0<\/p>\n<ul style=\"text-align: justify\">\n<li><strong>ATLS tanfolyamok:<\/strong> az ATLS (Advanced Trauma Life Support) nemzetk\u00f6zi k\u00e9pz\u00e9si rendszer, amelyet az Amerikai Seb\u00e9szeti Koll\u00e9gium (American College of Surgeons) fejlesztett ki, \u00e9s az\u00f3ta vil\u00e1gszerte bevezett\u00e9k a s\u00falyos s\u00e9r\u00fcl\u00e9ssel j\u00e1r\u00f3 esetek s\u00fcrg\u0151ss\u00e9gi ell\u00e1t\u00e1s\u00e1ban r\u00e9szt vev\u0151 eg\u00e9szs\u00e9g\u00fcgyi szakemberek (traumatol\u00f3gusok, aneszteziol\u00f3gusok, s\u00fcrg\u0151ss\u00e9gi orvosok, \u00e1pol\u00f3k) oktat\u00e1s\u00e1ra. Az ATLS tanfolyamok c\u00e9lja, hogy egy struktur\u00e1lt, bizony\u00edt\u00e9kokon alapul\u00f3 megk\u00f6zel\u00edt\u00e9st ny\u00fajtsanak a s\u00falyos traum\u00e1t szenvedett betegek kezel\u00e9s\u00e9hez, \u00edgy biztos\u00edtva a gyors \u00e9s hat\u00e9kony els\u0151 ell\u00e1t\u00e1st. Az ATLS egys\u00e9ges\u00edtett, protokollal t\u00e1mogatott megk\u00f6zel\u00edt\u00e9st biztos\u00edt a s\u00falyos traum\u00e1s betegek ell\u00e1t\u00e1s\u00e1hoz, k\u00fcl\u00f6n\u00f6sen olyan k\u00f6rnyezetben, ahol a szakszer\u0171 kezel\u00e9s azonnali elind\u00edt\u00e1sa kulcsfontoss\u00e1g\u00fa lehet a beteg \u00e9let\u00e9nek megment\u00e9se \u00e9rdek\u00e9ben. Az ATLS tanfolyamok r\u00e9sztvev\u0151i olyan \u00e1tfog\u00f3 ismereteket \u00e9s k\u00e9szs\u00e9geket szereznek, amelyek lehet\u0151v\u00e9 teszik a s\u00falyos traum\u00e1s esetek gyors \u00e9s szakszer\u0171 ell\u00e1t\u00e1s\u00e1t, gyakran \u00e9letment\u0151 helyzetekben. A k\u00e9pz\u00e9sek sor\u00e1n a r\u00e9sztvev\u0151k nemcsak elm\u00e9leti ismereteket, hanem gyakorlati k\u00e9szs\u00e9geket is szereznek elm\u00e9leti \u00e9s szimul\u00e1lt gyakorlatokon kereszt\u00fcl. A tanfolyamok sor\u00e1n a k\u00fcl\u00f6nb\u00f6z\u0151 szakemberek \u2013 orvosok, \u00e1pol\u00f3k \u2013 egy\u00fctt dolgoznak, \u00edgy fejlesztve a csapatmunka hat\u00e9konys\u00e1g\u00e1t. Az ATLS hallgat\u00f3i vagy oktat\u00f3i bizony\u00edtv\u00e1ny vil\u00e1gszerte elismert.<br \/>\nKlinik\u00e1nk orvosai az ATLS kurzusoknak rendszeres oktat\u00f3i \u00e9s szervez\u0151i is.<\/li>\n<\/ul>\n<p style=\"text-align: justify\">\u00a0<\/p>\n<ul>\n<li style=\"text-align: justify\"><strong>Skill tr\u00e9ning \u201eOszteoszint\u00e9zis Nap\u201d:<\/strong>A seb\u00e9szeti skill tr\u00e9ning (k\u00e9szs\u00e9gfejleszt\u0151 tr\u00e9ning) a seb\u00e9szek k\u00e9pz\u00e9s\u00e9nek egyik legfontosabb eleme, amely sor\u00e1n elsaj\u00e1t\u00edtj\u00e1k \u00e9s t\u00f6k\u00e9letes\u00edtik azokat a manu\u00e1lis k\u00e9szs\u00e9geket, amelyek elengedhetetlenek a m\u0171t\u00e9ti beavatkoz\u00e1sokhoz. Az ilyen k\u00e9pz\u00e9sek c\u00e9lja, hogy a r\u00e9sztvev\u0151k fejlessz\u00e9k gyakorlati (manu\u00e1lis) tud\u00e1sukat, precizit\u00e1sukat, \u00e9s biztons\u00e1gosan, hat\u00e9konyan v\u00e9gezz\u00e9k a k\u00fcl\u00f6nb\u00f6z\u0151 m\u0171t\u00e9ti elj\u00e1r\u00e1sokat. A skill tr\u00e9ningek lehet\u0151v\u00e9 teszik, hogy a seb\u00e9szek k\u00fcl\u00f6nf\u00e9le szimul\u00e1lt vagy val\u00f3s\u00e1gh\u0171 k\u00f6rnyezetben gyakorolj\u00e1k a seb\u00e9szi technika alapvet\u0151 l\u00e9ps\u00e9eit. A k\u00e9pz\u00e9s sor\u00e1n a r\u00e9szvev\u0151k olyan val\u00f3s (in-vivo) probl\u00e9m\u00e1s helyzetekkel tal\u00e1lkoznak, amelyek felk\u00e9sz\u00edtik \u0151ket a val\u00f3di s\u00fcrg\u0151s \u00e9s komplik\u00e1lt m\u0171t\u00e9ti szitu\u00e1ci\u00f3k kezel\u00e9s\u00e9re. A seb\u00e9szeti skill tr\u00e9ning t\u00f6bbf\u00e9le form\u00e1ban val\u00f3sulhat meg, amelyek mindegyike m\u00e1s \u00e9s m\u00e1s k\u00e9pess\u00e9gekre \u00f6sszpontos\u00edt, a manu\u00e1lis technik\u00e1kt\u00f3l a csapatmunk\u00e1ig. A gyakorlatok egy r\u00e9sze konzerv\u00e1lt sz\u00f6veteken, m\u00edg m\u00e1sik, jelent\u0151s r\u00e9sze \u00e9l\u0151 sz\u00f6veteken t\u00f6rt\u00e9nik.<br \/>\nA Semmelweis Egyetem, K\u00eds\u00e9rletes Kardiol\u00f3giai \u00e9s Seb\u00e9szeti M\u0171t\u00e9ttani Tansz\u00e9k a honi orvosi egyetemek k\u00f6z\u00fcl el\u0151sz\u00f6r vezette be a traumatol\u00f3giai, azaz csontegyes\u00edt\u0151 m\u0171t\u00e9tek gyakorlati oktat\u00e1s\u00e1t. Az \u201eOszteoszint\u00e9zis Nap\u201d keretein bel\u00fcl \u2013 az elm\u00e9leti el\u0151ad\u00e1sok mellett \u2013 a r\u00e9sztvev\u0151k r\u00e9szben m\u0171csonton, r\u00e9szben \u00e9l\u0151 (sert\u00e9s) sz\u00f6veteken tanulj\u00e1k \u00e9s gyakorolj\u00e1k olyan alapvet\u0151 csontegyes\u00edt\u0151 elj\u00e1r\u00e1sok l\u00e9p\u00e9seit, mint a lemezes vagy vel\u0151\u0171rszeges csontegyes\u00edt\u00e9s, vagy h\u00faz\u00f3hurkos \u00e9s k\u00fcls\u0151 r\u00f6gz\u00edt\u0151vel v\u00e9gzett szint\u00e9zis.<\/li>\n<\/ul>\n","protected":false},"excerpt":{"rendered":"<p>A traumatol\u00f3giai tanfolyamok \u00e9s k\u00e9pz\u00e9sek elengedhetetlenek nemcsak a szakemberek folyamatos fejl\u0151d\u00e9s\u00e9hez, hanem tud\u00e1sok megalapoz\u00e1s\u00e1hoz. K\u00fcl\u00f6n\u00f6sen fontos ez egy olyan dinamikus ter\u00fcleten, mint a baleseti seb\u00e9szet, aminek fejl\u0151d\u00e9s\u00e9t nem csak maga a traumatol\u00f3gia, hanem olyan t\u00e1rsszakm\u00e1k fejl\u0151d\u00e9se is befoly\u00e1solja, mint p\u00e9ld\u00e1ul a k\u00e9palkot\u00f3 diagnosztika, rehabilit\u00e1ci\u00f3s medicina. R\u00e9sztvev\u0151k\u00e9nt ezeken a tanfolyamokon nemcsak a szakmai kompetenci\u00e1k b\u0151v\u00edt\u00e9se a &hellip;<\/p>\n","protected":false},"author":101217,"featured_media":0,"parent":3393,"menu_order":0,"comment_status":"closed","ping_status":"closed","template":"","meta":{"_acf_changed":false,"footnotes":""},"categories":[],"tags":[],"class_list":["post-3403","page","type-page","status-publish","hentry"],"acf":[],"_links":{"self":[{"href":"https:\/\/semmelweis.hu\/traumatologia\/wp-json\/wp\/v2\/pages\/3403","targetHints":{"allow":["GET"]}}],"collection":[{"href":"https:\/\/semmelweis.hu\/traumatologia\/wp-json\/wp\/v2\/pages"}],"about":[{"href":"https:\/\/semmelweis.hu\/traumatologia\/wp-json\/wp\/v2\/types\/page"}],"author":[{"embeddable":true,"href":"https:\/\/semmelweis.hu\/traumatologia\/wp-json\/wp\/v2\/users\/101217"}],"replies":[{"embeddable":true,"href":"https:\/\/semmelweis.hu\/traumatologia\/wp-json\/wp\/v2\/comments?post=3403"}],"version-history":[{"count":2,"href":"https:\/\/semmelweis.hu\/traumatologia\/wp-json\/wp\/v2\/pages\/3403\/revisions"}],"predecessor-version":[{"id":3461,"href":"https:\/\/semmelweis.hu\/traumatologia\/wp-json\/wp\/v2\/pages\/3403\/revisions\/3461"}],"up":[{"embeddable":true,"href":"https:\/\/semmelweis.hu\/traumatologia\/wp-json\/wp\/v2\/pages\/3393"}],"wp:attachment":[{"href":"https:\/\/semmelweis.hu\/traumatologia\/wp-json\/wp\/v2\/media?parent=3403"}],"wp:term":[{"taxonomy":"category","embeddable":true,"href":"https:\/\/semmelweis.hu\/traumatologia\/wp-json\/wp\/v2\/categories?post=3403"},{"taxonomy":"post_tag","embeddable":true,"href":"https:\/\/semmelweis.hu\/traumatologia\/wp-json\/wp\/v2\/tags?post=3403"}],"curies":[{"name":"wp","href":"https:\/\/api.w.org\/{rel}","templated":true}]}}